{"id":21548,"date":"2018-01-02T01:02:34","date_gmt":"2018-01-02T01:02:34","guid":{"rendered":"http:\/\/biblian.is\/videy\/jesaja-20-kafli\/"},"modified":"2018-01-02T01:02:34","modified_gmt":"2018-01-02T01:02:34","slug":"jesaja-20-kafli","status":"publish","type":"page","link":"https:\/\/biblian.is\/videy\/jesaja-20-kafli\/","title":{"rendered":"Jesaja 20. kafli"},"content":{"rendered":"<div class=\"fyrirsognVidey\">Sp\u00e1d\u00f3mur um herlei\u00f0ingu Egyptalandsmanna og Bl\u00e1lendinga til Ass\u00fdralands.<\/div>\n<p><a name=\"1\"><span class=\"versanumer\">1<\/span><\/a>\u00c1 \u00fev\u00ed \u00e1ri, sem Tartan, er Sargon Ass\u00fdrakonungur haf\u00f0i sent, kom til Asdodsborgar, herja\u00f0i \u00e1 hana og vann hana,<a name=\"2\"><span class=\"versanumer\">2<\/span><\/a>um \u00fe\u00e6r mundir tala\u00f0i Drottinn til Esajasar Amossonar, og sag\u00f0i: Far og leys af \u00fe\u00e9r h\u00e1rkl\u00e6\u00f0i\u00f0, og drag sk\u00f3 \u00fe\u00edna af f\u00f3tum \u00fe\u00e9r. Hann gj\u00f6r\u00f0i svo, og gekk yfirhafnarlaus og berf\u00e6ttur.<a name=\"3\"><span class=\"versanumer\">3<\/span><\/a>\u00de\u00e1 sag\u00f0i Drottinn: Eins og Esajas, \u00fej\u00f3n minn, gengur yfirhafnarlaus og berf\u00e6ttur, til teikns og fyrirmyndunar <span class='VideyAth'>(um \u00fea\u00f0, sem fram skal koma)<\/span> vi\u00f0 Egyptalandsmenn og Bl\u00e1lendinga a\u00f0 \u00feriggja \u00e1ra fresti,<a name=\"4\"><span class=\"versanumer\">4<\/span><\/a>eins skal Ass\u00fdr\u00edukonungur burtflytja Egyptalandsmenn \u00ed herlei\u00f0ingu, og Bl\u00e1lendinga, unga sem gamla, \u00ed \u00fatleg\u00f0, yfirhafnarlausa og berf\u00e6tta, me\u00f0 berri blyg\u00f0un, Egyptalandsm\u00f6nnum til sm\u00e1nar.<a name=\"5\"><span class=\"versanumer\">5<\/span><\/a>\u00de\u00e1 munu a\u00f0rir skelfast og skammast s\u00edn vegna Bl\u00e1lendinga, sem voru \u00feeirra athvarf, og vegna Egyptalandsmanna, af hv\u00f6rjum \u00feeir st\u00e6r\u00f0u sig.<a name=\"6\"><span class=\"versanumer\">6<\/span><\/a>\u00de\u00e1 munu \u00feeir, sem h\u00e9r b\u00faa \u00e1 \u00feessari str\u00f6nd, taka svo til or\u00f0a: \u201esj\u00e1! \u00feetta er n\u00fa or\u00f0i\u00f0 \u00far athvarfi voru, sem v\u00e9r \u00e6tlu\u00f0um a\u00f0 fl\u00fdja \u00ed oss til hj\u00e1lpar, til \u00feess a\u00f0 frelsast undan Ass\u00fdr\u00edukonungi! Hv\u00f6rsu f\u00e1um v\u00e9r n\u00fa for\u00f0a\u00f0 oss?\u201c<\/p>\n<div class=\"footnoteVidey\"><\/div>\n","protected":false},"excerpt":{"rendered":"<p>Sp\u00e1d\u00f3mur um herlei\u00f0ingu Egyptalandsmanna og Bl\u00e1lendinga til Ass\u00fdralands. 1\u00c1 \u00fev\u00ed \u00e1ri, sem Tartan, er Sargon Ass\u00fdrakonungur haf\u00f0i sent, kom til Asdodsborgar, herja\u00f0i \u00e1 hana og vann hana,2um \u00fe\u00e6r mundir tala\u00f0i Drottinn til Esajasar Amossonar, og sag\u00f0i: Far og leys af \u00fe\u00e9r h\u00e1rkl\u00e6\u00f0i\u00f0, og drag sk\u00f3 \u00fe\u00edna af f\u00f3tum \u00fe\u00e9r. Hann gj\u00f6r\u00f0i svo, og gekk yfirhafnarlaus og berf\u00e6ttur.3\u00de\u00e1 sag\u00f0i Drottinn: Eins og Esajas, \u00fej\u00f3n minn, gengur yfirhafnarlaus og berf\u00e6ttur, til teikns og fyrirmyndunar (um \u00fea\u00f0, sem fram skal koma) vi\u00f0 Egyptalandsmenn og Bl\u00e1lendinga a\u00f0 \u00feriggja \u00e1ra fresti,4eins skal Ass\u00fdr\u00edukonungur burtflytja Egyptalandsmenn \u00ed herlei\u00f0ingu, og Bl\u00e1lendinga, unga sem gamla, \u00ed \u00fatleg\u00f0, yfirhafnarlausa <a href=\"https:\/\/biblian.is\/videy\/jesaja-20-kafli\/\"> [&#8230;]<\/a><\/p>\n","protected":false},"author":1,"featured_media":0,"parent":0,"menu_order":0,"comment_status":"open","ping_status":"open","template":"bibliukaflar.php","meta":{"footnotes":""},"class_list":["post-21548","page","type-page","status-publish","hentry"],"_links":{"self":[{"href":"https:\/\/biblian.is\/videy\/wp-json\/wp\/v2\/pages\/21548","targetHints":{"allow":["GET"]}}],"collection":[{"href":"https:\/\/biblian.is\/videy\/wp-json\/wp\/v2\/pages"}],"about":[{"href":"https:\/\/biblian.is\/videy\/wp-json\/wp\/v2\/types\/page"}],"author":[{"embeddable":true,"href":"https:\/\/biblian.is\/videy\/wp-json\/wp\/v2\/users\/1"}],"replies":[{"embeddable":true,"href":"https:\/\/biblian.is\/videy\/wp-json\/wp\/v2\/comments?post=21548"}],"version-history":[{"count":0,"href":"https:\/\/biblian.is\/videy\/wp-json\/wp\/v2\/pages\/21548\/revisions"}],"wp:attachment":[{"href":"https:\/\/biblian.is\/videy\/wp-json\/wp\/v2\/media?parent=21548"}],"curies":[{"name":"wp","href":"https:\/\/api.w.org\/{rel}","templated":true}]}}