{"id":21547,"date":"2018-01-02T01:02:34","date_gmt":"2018-01-02T01:02:34","guid":{"rendered":"http:\/\/biblian.is\/videy\/jesaja-19-kafli\/"},"modified":"2018-01-02T01:02:34","modified_gmt":"2018-01-02T01:02:34","slug":"jesaja-19-kafli","status":"publish","type":"page","link":"https:\/\/biblian.is\/videy\/jesaja-19-kafli\/","title":{"rendered":"Jesaja 19. kafli"},"content":{"rendered":"<div class=\"fyrirsognVidey\">Sp\u00e1d\u00f3mur um \u00f3farir Egyptalands, og um \u00fea\u00f0, a\u00f0 Egyptar og Assyr\u00edumenn muni \u00e1 s\u00ed\u00f0an sn\u00faa s\u00e9r til Drottins.<\/div>\n<p><a name=\"1\"><span class=\"versanumer\">1<\/span><\/a>Sp\u00e1d\u00f3mur um Egyptaland. Sj\u00e1, Drottinn ekur \u00e1 l\u00e9ttf\u00e6ru sk\u00fdi, og kemur til Egyptalands; hj\u00e1gu\u00f0ir Egyptalands skelfast fyrir hans augliti, og hj\u00f6rtu egypskra manna renna sundur \u00ed brj\u00f3sti \u00feeirra.<a name=\"2\"><span class=\"versanumer\">2<\/span><\/a>Eg vil vopna hv\u00f6rn egypskan mann m\u00f3ti \u00f6\u00f0rum, svo a\u00f0 br\u00f3\u00f0ir skal berjast vi\u00f0 br\u00f3\u00f0ur, vinur vi\u00f0 vin, borg vi\u00f0 borg, og r\u00edki vi\u00f0 r\u00edki.<a name=\"3\"><span class=\"versanumer\">3<\/span><\/a>Hyggindi Egyptalandsmanna skulu a\u00f0 \u00f6ngu ver\u00f0a, eg vil \u00f3n\u00fdta \u00feeirra r\u00e1\u00f0agj\u00f6r\u00f0ir, svo \u00feeir skulu ganga til fr\u00e9tta vi\u00f0 hj\u00e1gu\u00f0i, galdramenn, \u00fatisetukonur og kunn\u00e1ttumenn.<a name=\"4\"><span class=\"versanumer\">4<\/span><\/a>Eg vil selja Egyptalandsmenn har\u00f0r\u00e1\u00f0um drottnum \u00e1 vald, og grimmur konungur skal r\u00edkja yfir \u00feeim, segir hinn Alvaldi, Drottinn allsherjar.<a name=\"5\"><span class=\"versanumer\">5<\/span><\/a>Vatni\u00f0 \u00ed \u00e1nni skal upp\u00feorna, og flj\u00f3ti\u00f0 <span class='VideyAth'>(N\u00edl)<\/span> ver\u00f0a vatnslaust og \u00feurrt.<a name=\"6\"><span class=\"versanumer\">6<\/span><\/a>Vatnsf\u00f6llin skulu grynnast, d\u00edki Egyptalands \u00feverra og \u00feorna, reyrinn og sefi\u00f0 visna.<a name=\"7\"><span class=\"versanumer\">7<\/span><\/a>Engjarnar me\u00f0 flj\u00f3tinu, vi\u00f0 sj\u00e1lfan \u00e1r\u00f3sinn, og \u00f6ll s\u00e1\u00f0l\u00f6nd vi\u00f0 flj\u00f3ti\u00f0 skulu upp\u00feorna, fj\u00faka burt og hverfa.<a name=\"8\"><span class=\"versanumer\">8<\/span><\/a>\u00de\u00e1 munu fiskimennirnir ver\u00f0a hryggvir; allir, sem \u00f6ngli renna \u00ed flj\u00f3ti\u00f0, munu s\u00fdta, og \u00feeir, sem leggja net \u00ed vatni\u00f0, munu blikna.<a name=\"9\"><span class=\"versanumer\">9<\/span><\/a>\u00deeir sem h\u00f6rinn vinna, og vefa l\u00edni\u00f0, ver\u00f0a s\u00e9r til minnkunar.<a name=\"10\"><span class=\"versanumer\">10<\/span><\/a>B\u00fast\u00f3lpi landsins skal bresta \u00ed sundur, og allir verklaunamenn ver\u00f0a hugdaprir.<a name=\"11\"><span class=\"versanumer\">11<\/span><\/a>H\u00f6f\u00f0ingjarnir \u00ed S\u00f3ansborg eru r\u00e1\u00f0lausir; r\u00e1\u00f0leggingar hinna vitru r\u00e1\u00f0gjafa fara\u00f3s eru heimskulegar. Hv\u00f6rsu dirfist \u00fe\u00e9r a\u00f0 segja vi\u00f0 fara\u00f3: eg em sonur vitringanna, og kominn af \u00e6tt fornkonunganna?<a name=\"12\"><span class=\"versanumer\">12<\/span><\/a>Hvar eru n\u00fa vitringar \u00fe\u00ednir? L\u00e1t \u00fe\u00e1 n\u00fa kunngj\u00f6ra \u00fe\u00e9r, svo menn ver\u00f0i v\u00edsari, hv\u00f6rja fyrir\u00e6tlan Drottinn hafi me\u00f0 Egyptaland!<a name=\"13\"><span class=\"versanumer\">13<\/span><\/a>H\u00f6f\u00f0ingjarnir \u00ed S\u00f3ansborg standa eins og afglapar, h\u00f6f\u00f0ingjarnir \u00ed Nofsborg eru \u00e1 t\u00e1lar dregnir; h\u00f6fu\u00f0smenn hinna egypsku \u00e6ttkv\u00edsla lei\u00f0a Egyptaland \u00ed villu.<a name=\"14\"><span class=\"versanumer\">14<\/span><\/a>Drottinn hefir byrla\u00f0 \u00feeim sundlunaranda <span class='VideyAth'>a)<\/span>, svo \u00feeir gj\u00f6ra \u00fea\u00f0, a\u00f0 Egyptaland er \u00e1 reiki \u00ed \u00f6llum \u00feess fyrirt\u00e6kjum, eins og drukkinn ma\u00f0ur reikar \u00fear um, sem hann hefir sp\u00fai\u00f0.<a name=\"15\"><span class=\"versanumer\">15<\/span><\/a>Ekkert skal Egyptalandi heppnast af \u00fev\u00ed, sem \u00e6\u00f0ri menn e\u00f0a l\u00e6gri, meira e\u00f0a minnah\u00e1ttar menn <span class='VideyAth'>b)<\/span> taka s\u00e9r fyrir hendur a\u00f0 gj\u00f6ra.<a name=\"16\"><span class=\"versanumer\">16<\/span><\/a>\u00c1 \u00feeim degi skulu egypskir menn vera sem konur, hr\u00e6ddir og skj\u00e1lfandi fyrir reiddri h\u00f6nd Drottins allsherjar, \u00feegar hann hefir hana \u00e1 lofti uppi yfir \u00feeim.<br \/><a name=\"17\"><span class=\"versanumer\">17<\/span><\/a>\u00de\u00e1 skal Egyptalandi standa s\u00e1 \u00f3tti af J\u00fadalandi, a\u00f0 s\u00e9rhv\u00f6r, sem heyrir \u00feess geti\u00f0, skal skj\u00e1lfa af hr\u00e6\u00f0slu fyrir \u00feeirri r\u00e1\u00f0st\u00f6fun, sem Drottinn allsherjar hefir \u00e1lykta\u00f0 yfir landinu.<a name=\"18\"><span class=\"versanumer\">18<\/span><\/a>\u00c1 \u00feeim t\u00edma munu fimm borgir \u00ed Egyptalandi, tala \u00e1 kanverska tungu, og sverja vi\u00f0 Drottinn allsherjar; ein af \u00feeim borgum skal nefnast Frelsunarborg.<a name=\"19\"><span class=\"versanumer\">19<\/span><\/a>\u00c1 \u00feeim t\u00edma mun altari Drottins standa \u00ed mi\u00f0ju Egyptalandi, og minnisvar\u00f0i Drottni til hei\u00f0urs vi\u00f0 takm\u00f6rk landsins.<a name=\"20\"><span class=\"versanumer\">20<\/span><\/a>\u00dea\u00f0 skal vera til teikns og vitnisbur\u00f0ar \u00ed landi egypskra manna, um Drottin allsherjar; \u00fev\u00ed \u00feegar \u00feeir k\u00f6llu\u00f0u \u00e1 Drottin til hj\u00e1lpar s\u00e9r \u00ed gegn ofr\u00edkism\u00f6nnunum, \u00fe\u00e1 sendi hann \u00feeim hj\u00e1lparmann og fyrirli\u00f0a, og frelsa\u00f0i \u00fe\u00e1.<a name=\"21\"><span class=\"versanumer\">21<\/span><\/a>Drottinn mun kunnur ver\u00f0a Eyptalandsm\u00f6nnum, og egypskir menn munu l\u00e6ra a\u00f0 \u00feekkja Drottin \u00e1 \u00feeim degi; \u00feeir munu f\u00f3rna sl\u00e1tursf\u00f3rnum og matf\u00f3rnum, vinna Drottni heit og gjalda \u00feau.<a name=\"22\"><span class=\"versanumer\">22<\/span><\/a>Drottinn sl\u00e6r Egyptalandsmenn, en eins og hann sl\u00e6r \u00fe\u00e1, eins gr\u00e6\u00f0ir hann \u00fe\u00e1; \u00feegar \u00feeir sn\u00faa s\u00e9r til Drottins, mun hann b\u00e6nheyra \u00fe\u00e1, og l\u00e6kna \u00fe\u00e1.<a name=\"23\"><span class=\"versanumer\">23<\/span><\/a>\u00de\u00e1 skal brautarvegur leggjast fr\u00e1 Egyptalandi til Ass\u00fdralands; Ass\u00fdr\u00edumenn skulu koma til Egyptalands, og Egyptar til Ass\u00fdralands; og Egyptar skulu \u00fej\u00f3na Ass\u00fdr\u00edum\u00f6nnum <span class='VideyAth'>c)<\/span>.<a name=\"24\"><span class=\"versanumer\">24<\/span><\/a>\u00c1 \u00feeim t\u00edma munu Egyptalandsmenn, Ass\u00fdr\u00edumenn, og \u00cdsraelsmenn hinir \u00feri\u00f0ju, vera blessa\u00f0ar \u00fej\u00f3\u00f0ir \u00e1 j\u00f6r\u00f0u;<a name=\"25\"><span class=\"versanumer\">25<\/span><\/a>\u00fev\u00ed Drottinn allsherjar mun blessa \u00fe\u00e1, og segja: \u201eblessa\u00f0 vert\u00fa, mitt f\u00f3lk, \u00fe\u00e9r Egyptalandsmenn! og \u00fe\u00fa, verki\u00f0 minna handa, \u00fe\u00e9r Ass\u00fdr\u00edumenn! og \u00fe\u00fa, m\u00edn arfleif\u00f0, \u00fe\u00e9r \u00cdsraelsmenn\u201c!<\/p>\n<div class=\"footnoteVidey\">V. 14. a. \u00de. e. gj\u00f6rt \u00fe\u00e1 trufla\u00f0a og r\u00e1\u00f0lausa.  V. 15. b. \u00e1 hebr. \u201eh\u00f6fu\u00f0i\u00f0 og halinn, p\u00e1lmakvisturinn og sefreyrinn\u201c, eins og 9,13.  V. 23. c. a\u00f0rir \u00fatleggja: \u201ea\u00f0 Egyptar skulu \u00fej\u00f3na (Gu\u00f0i) \u00e1samt me\u00f0 Assyr\u00edum\u00f6nnum.<\/div>\n","protected":false},"excerpt":{"rendered":"<p>Sp\u00e1d\u00f3mur um \u00f3farir Egyptalands, og um \u00fea\u00f0, a\u00f0 Egyptar og Assyr\u00edumenn muni \u00e1 s\u00ed\u00f0an sn\u00faa s\u00e9r til Drottins. 1Sp\u00e1d\u00f3mur um Egyptaland. Sj\u00e1, Drottinn ekur \u00e1 l\u00e9ttf\u00e6ru sk\u00fdi, og kemur til Egyptalands; hj\u00e1gu\u00f0ir Egyptalands skelfast fyrir hans augliti, og hj\u00f6rtu egypskra manna renna sundur \u00ed brj\u00f3sti \u00feeirra.2Eg vil vopna hv\u00f6rn egypskan mann m\u00f3ti \u00f6\u00f0rum, svo a\u00f0 br\u00f3\u00f0ir skal berjast vi\u00f0 br\u00f3\u00f0ur, vinur vi\u00f0 vin, borg vi\u00f0 borg, og r\u00edki vi\u00f0 r\u00edki.3Hyggindi Egyptalandsmanna skulu a\u00f0 \u00f6ngu ver\u00f0a, eg vil \u00f3n\u00fdta \u00feeirra r\u00e1\u00f0agj\u00f6r\u00f0ir, svo \u00feeir skulu ganga til fr\u00e9tta vi\u00f0 hj\u00e1gu\u00f0i, galdramenn, \u00fatisetukonur og kunn\u00e1ttumenn.4Eg vil selja Egyptalandsmenn har\u00f0r\u00e1\u00f0um drottnum \u00e1 vald, og <a href=\"https:\/\/biblian.is\/videy\/jesaja-19-kafli\/\"> [&#8230;]<\/a><\/p>\n","protected":false},"author":1,"featured_media":0,"parent":0,"menu_order":0,"comment_status":"open","ping_status":"open","template":"bibliukaflar.php","meta":{"footnotes":""},"class_list":["post-21547","page","type-page","status-publish","hentry"],"_links":{"self":[{"href":"https:\/\/biblian.is\/videy\/wp-json\/wp\/v2\/pages\/21547","targetHints":{"allow":["GET"]}}],"collection":[{"href":"https:\/\/biblian.is\/videy\/wp-json\/wp\/v2\/pages"}],"about":[{"href":"https:\/\/biblian.is\/videy\/wp-json\/wp\/v2\/types\/page"}],"author":[{"embeddable":true,"href":"https:\/\/biblian.is\/videy\/wp-json\/wp\/v2\/users\/1"}],"replies":[{"embeddable":true,"href":"https:\/\/biblian.is\/videy\/wp-json\/wp\/v2\/comments?post=21547"}],"version-history":[{"count":0,"href":"https:\/\/biblian.is\/videy\/wp-json\/wp\/v2\/pages\/21547\/revisions"}],"wp:attachment":[{"href":"https:\/\/biblian.is\/videy\/wp-json\/wp\/v2\/media?parent=21547"}],"curies":[{"name":"wp","href":"https:\/\/api.w.org\/{rel}","templated":true}]}}