{"id":21546,"date":"2018-01-02T01:02:34","date_gmt":"2018-01-02T01:02:34","guid":{"rendered":"http:\/\/biblian.is\/videy\/jesaja-18-kafli\/"},"modified":"2018-01-02T01:02:34","modified_gmt":"2018-01-02T01:02:34","slug":"jesaja-18-kafli","status":"publish","type":"page","link":"https:\/\/biblian.is\/videy\/jesaja-18-kafli\/","title":{"rendered":"Jesaja 18. kafli"},"content":{"rendered":"<div class=\"fyrirsognVidey\">Bo\u00f0skapur til Bl\u00e1lendinga.<\/div>\n<p><a name=\"1\"><span class=\"versanumer\">1<\/span><\/a>Heyr, \u00fe\u00fa landi\u00f0 v\u00e6ngjaskuggans, sem ert \u00feessumegin Bl\u00e1landsflj\u00f3ta,<a name=\"2\"><span class=\"versanumer\">2<\/span><\/a>sem gj\u00f6rir \u00fat sendimenn <span class='VideyAth'>(\u00e1 skipum)<\/span> yfir hafi\u00f0, og \u00e1 reyrb\u00e1tum yfir v\u00f6tnin! Fari\u00f0, \u00fe\u00e9r sendibo\u00f0ar, skyndilega til hinnar h\u00e1v\u00f6xnu og \u00e1k\u00f6fu \u00fej\u00f3\u00f0ar, til hinnar \u00f3ttalegu \u00fej\u00f3\u00f0ar, og \u00fea\u00f0an lengra fram til hinnar afarsterku \u00fej\u00f3\u00f0ar, sem tre\u00f0ur allt undir f\u00f3tum s\u00e9r, yfir hv\u00f6rrar land flj\u00f3tin ganga.<a name=\"3\"><span class=\"versanumer\">3<\/span><\/a>Allir \u00fe\u00e9r, sem jar\u00f0arkringluna byggi\u00f0 og \u00ed l\u00f6ndunum b\u00fai\u00f0, g\u00e6ti\u00f0 a\u00f0, \u00feegar merki\u00f0 er reist \u00e1 fj\u00f6llunum! Hlusti\u00f0 eftir, \u00feegar l\u00fa\u00f0urinn kve\u00f0ur vi\u00f0!<a name=\"4\"><span class=\"versanumer\">4<\/span><\/a>\u00dev\u00ed svo hefir Drottinn sagt til m\u00edn: Eg vil halda kyrru fyrir, og l\u00edta ofan fr\u00e1 a\u00f0seturssta\u00f0 m\u00ednum, eins og hei\u00f0bjartur sumarsdagur \u00ed s\u00f3lskini, eins og daggarsk\u00fd \u00e1 haustt\u00edma, \u00feegar heitt er.<a name=\"5\"><span class=\"versanumer\">5<\/span><\/a>En undir uppskeruna, \u00feegar fr\u00e6knapparnir eru or\u00f0nir al\u00feroska og bl\u00f3m v\u00ednberjav\u00edsirsins fullvaxi\u00f0, \u00fe\u00e1 skulu v\u00ednvi\u00f0arkvistirnir ver\u00f0a afh\u00f6ggnir me\u00f0 sig\u00f0um, og angarnir burtsni\u00f0nir.<a name=\"6\"><span class=\"versanumer\">6<\/span><\/a>\u00de\u00e1 skulu \u00feeir allir eftirl\u00e1tnir ver\u00f0a fuglum fjallanna og d\u00fdrum landsins; fuglarnir skulu sitja \u00e1 \u00feeim \u00e1 sumrin, og \u00f6ll d\u00fdr jar\u00f0ar liggja \u00e1 \u00feeim \u00e1 veturna.<a name=\"7\"><span class=\"versanumer\">7<\/span><\/a>\u00c1 \u00feeim t\u00edma munu Drottni allsherjar f\u00e6r\u00f0ar ver\u00f0a gjafir fr\u00e1 hinni h\u00e1v\u00f6xnu og \u00e1k\u00f6fu \u00fej\u00f3\u00f0, fr\u00e1 hinni \u00f3ttalegu \u00fej\u00f3\u00f0, og enn lengra a\u00f0, fr\u00e1 hinni afarsterku \u00fej\u00f3\u00f0, sem f\u00f3ttre\u00f0ur a\u00f0ra, og yfir hv\u00f6rrar land flj\u00f3tin ganga; \u00fe\u00e6r munu f\u00e6r\u00f0ar ver\u00f0a til \u00feess sta\u00f0ar, hvar Drottinn allsherjar er \u00e1kalla\u00f0ur, til S\u00edonsfjalls.<\/p>\n<div class=\"footnoteVidey\"><\/div>\n","protected":false},"excerpt":{"rendered":"<p>Bo\u00f0skapur til Bl\u00e1lendinga. 1Heyr, \u00fe\u00fa landi\u00f0 v\u00e6ngjaskuggans, sem ert \u00feessumegin Bl\u00e1landsflj\u00f3ta,2sem gj\u00f6rir \u00fat sendimenn (\u00e1 skipum) yfir hafi\u00f0, og \u00e1 reyrb\u00e1tum yfir v\u00f6tnin! Fari\u00f0, \u00fe\u00e9r sendibo\u00f0ar, skyndilega til hinnar h\u00e1v\u00f6xnu og \u00e1k\u00f6fu \u00fej\u00f3\u00f0ar, til hinnar \u00f3ttalegu \u00fej\u00f3\u00f0ar, og \u00fea\u00f0an lengra fram til hinnar afarsterku \u00fej\u00f3\u00f0ar, sem tre\u00f0ur allt undir f\u00f3tum s\u00e9r, yfir hv\u00f6rrar land flj\u00f3tin ganga.3Allir \u00fe\u00e9r, sem jar\u00f0arkringluna byggi\u00f0 og \u00ed l\u00f6ndunum b\u00fai\u00f0, g\u00e6ti\u00f0 a\u00f0, \u00feegar merki\u00f0 er reist \u00e1 fj\u00f6llunum! Hlusti\u00f0 eftir, \u00feegar l\u00fa\u00f0urinn kve\u00f0ur vi\u00f0!4\u00dev\u00ed svo hefir Drottinn sagt til m\u00edn: Eg vil halda kyrru fyrir, og l\u00edta ofan fr\u00e1 a\u00f0seturssta\u00f0 m\u00ednum, eins og hei\u00f0bjartur sumarsdagur \u00ed <a href=\"https:\/\/biblian.is\/videy\/jesaja-18-kafli\/\"> [&#8230;]<\/a><\/p>\n","protected":false},"author":1,"featured_media":0,"parent":0,"menu_order":0,"comment_status":"open","ping_status":"open","template":"bibliukaflar.php","meta":{"footnotes":""},"class_list":["post-21546","page","type-page","status-publish","hentry"],"_links":{"self":[{"href":"https:\/\/biblian.is\/videy\/wp-json\/wp\/v2\/pages\/21546","targetHints":{"allow":["GET"]}}],"collection":[{"href":"https:\/\/biblian.is\/videy\/wp-json\/wp\/v2\/pages"}],"about":[{"href":"https:\/\/biblian.is\/videy\/wp-json\/wp\/v2\/types\/page"}],"author":[{"embeddable":true,"href":"https:\/\/biblian.is\/videy\/wp-json\/wp\/v2\/users\/1"}],"replies":[{"embeddable":true,"href":"https:\/\/biblian.is\/videy\/wp-json\/wp\/v2\/comments?post=21546"}],"version-history":[{"count":0,"href":"https:\/\/biblian.is\/videy\/wp-json\/wp\/v2\/pages\/21546\/revisions"}],"wp:attachment":[{"href":"https:\/\/biblian.is\/videy\/wp-json\/wp\/v2\/media?parent=21546"}],"curies":[{"name":"wp","href":"https:\/\/api.w.org\/{rel}","templated":true}]}}