{"id":21543,"date":"2018-01-02T01:02:34","date_gmt":"2018-01-02T01:02:34","guid":{"rendered":"http:\/\/biblian.is\/videy\/jesaja-15-kafli\/"},"modified":"2018-01-02T01:02:34","modified_gmt":"2018-01-02T01:02:34","slug":"jesaja-15-kafli","status":"publish","type":"page","link":"https:\/\/biblian.is\/videy\/jesaja-15-kafli\/","title":{"rendered":"Jesaja 15. kafli"},"content":{"rendered":"<div class=\"fyrirsognVidey\">Sp\u00e1d\u00f3mur gegn M\u00f3abslandi.<\/div>\n<p><a name=\"1\"><span class=\"versanumer\">1<\/span><\/a>Sp\u00e1d\u00f3mur um M\u00f3absland. \u00c1 n\u00e1ttar\u00feeli ver\u00f0ur herja\u00f0 \u00e1 Arborg \u00ed M\u00f3abslandi, og h\u00fan l\u00f6g\u00f0 \u00ed ey\u00f0i; \u00e1 n\u00e1ttar\u00feeli ver\u00f0ur herja\u00f0 \u00e1 K\u00edrborg \u00ed M\u00f3abslandi, og h\u00fan l\u00f6g\u00f0 \u00ed ey\u00f0i.<a name=\"2\"><span class=\"versanumer\">2<\/span><\/a>Baitsborg og D\u00edbonsborg st\u00edga upp \u00e1 h\u00e6\u00f0irnar til a\u00f0 gr\u00e1ta. M\u00f3absland kveinar s\u00e1ran yfir Neb\u00f3borg og Medbaborg; hv\u00f6rt h\u00f6fu\u00f0 \u00ed landinu, er h\u00e1rlaust, og allt skegg afraka\u00f0.<a name=\"3\"><span class=\"versanumer\">3<\/span><\/a>\u00c1 borgarstr\u00e6tunum ganga menn \u00ed sorgarb\u00faningi; uppi \u00e1 \u00fe\u00f6kum og \u00e1 torgum borgarinnar kveinar allur borgarl\u00fd\u00f0urinn, flj\u00f3tandi \u00ed t\u00e1rum.<a name=\"4\"><span class=\"versanumer\">4<\/span><\/a>Hesbonsborg og Elaleborg hlj\u00f3\u00f0a, og \u00f3p \u00feeirra heyrist til Jahasborgar; \u00feess vegna bera hermennirnir \u00ed M\u00f3abslandi sig aumkvunarlega, \u00feeim er horfinn hugur.<a name=\"5\"><span class=\"versanumer\">5<\/span><\/a>M\u00e9r ganga til hjarta raunir M\u00f3absmanna: fl\u00f3ttamenn \u00feeirra fl\u00fdja til S\u00f3arsborgar, til Eglat-Sel\u00edsaborgar, \u00feeir fara upp til L\u00fakitsborgar gr\u00e1tandi, og \u00e1 veginum ofan til H\u00f3r\u00f3na\u00edmsborgar \u00e6pa \u00feeir af angist;<a name=\"6\"><span class=\"versanumer\">6<\/span><\/a>\u00fev\u00ed Nimrimsv\u00f6tn eru or\u00f0in a\u00f0 \u00f6r\u00e6fum, grasi\u00f0 visna\u00f0, ungjurtirnar eyddar, allt gr\u00e6ngresi horfi\u00f0.<a name=\"7\"><span class=\"versanumer\">7<\/span><\/a>\u00deess vegna flytja \u00feeir burt \u00fea\u00f0, sem eftir hefir or\u00f0i\u00f0, og fj\u00e1rmuni s\u00edna til Arabadals;<a name=\"8\"><span class=\"versanumer\">8<\/span><\/a>\u00fev\u00ed ney\u00f0arkveini\u00f0 gengur yfir gj\u00f6rvallt M\u00f3absland, \u00f3pi\u00f0 heyrist allt til Eglaims, hlj\u00f3\u00f0i\u00f0 berst allt til Ber-Elims.<a name=\"9\"><span class=\"versanumer\">9<\/span><\/a>V\u00f6tn D\u00edmonsborgar eru full af bl\u00f3\u00f0i, og enn vil eg leggja D\u00edmonsborg meira til \u00ed vi\u00f0b\u00f3t, <span class='VideyAth'>(og senda)<\/span> lj\u00f3n yfir \u00fe\u00e1, sem undan komast af M\u00f3absm\u00f6nnum, og yfir \u00fe\u00e1, sem eftir ver\u00f0a \u00ed landinu.<\/p>\n<div class=\"footnoteVidey\">V. 1. Arborg, sama sem Rabba, h\u00f6fu\u00f0borg \u00ed M\u00f3abslandi.<\/div>\n","protected":false},"excerpt":{"rendered":"<p>Sp\u00e1d\u00f3mur gegn M\u00f3abslandi. 1Sp\u00e1d\u00f3mur um M\u00f3absland. \u00c1 n\u00e1ttar\u00feeli ver\u00f0ur herja\u00f0 \u00e1 Arborg \u00ed M\u00f3abslandi, og h\u00fan l\u00f6g\u00f0 \u00ed ey\u00f0i; \u00e1 n\u00e1ttar\u00feeli ver\u00f0ur herja\u00f0 \u00e1 K\u00edrborg \u00ed M\u00f3abslandi, og h\u00fan l\u00f6g\u00f0 \u00ed ey\u00f0i.2Baitsborg og D\u00edbonsborg st\u00edga upp \u00e1 h\u00e6\u00f0irnar til a\u00f0 gr\u00e1ta. M\u00f3absland kveinar s\u00e1ran yfir Neb\u00f3borg og Medbaborg; hv\u00f6rt h\u00f6fu\u00f0 \u00ed landinu, er h\u00e1rlaust, og allt skegg afraka\u00f0.3\u00c1 borgarstr\u00e6tunum ganga menn \u00ed sorgarb\u00faningi; uppi \u00e1 \u00fe\u00f6kum og \u00e1 torgum borgarinnar kveinar allur borgarl\u00fd\u00f0urinn, flj\u00f3tandi \u00ed t\u00e1rum.4Hesbonsborg og Elaleborg hlj\u00f3\u00f0a, og \u00f3p \u00feeirra heyrist til Jahasborgar; \u00feess vegna bera hermennirnir \u00ed M\u00f3abslandi sig aumkvunarlega, \u00feeim er horfinn hugur.5M\u00e9r ganga til hjarta <a href=\"https:\/\/biblian.is\/videy\/jesaja-15-kafli\/\"> [&#8230;]<\/a><\/p>\n","protected":false},"author":1,"featured_media":0,"parent":0,"menu_order":0,"comment_status":"open","ping_status":"open","template":"bibliukaflar.php","meta":{"footnotes":""},"class_list":["post-21543","page","type-page","status-publish","hentry"],"_links":{"self":[{"href":"https:\/\/biblian.is\/videy\/wp-json\/wp\/v2\/pages\/21543","targetHints":{"allow":["GET"]}}],"collection":[{"href":"https:\/\/biblian.is\/videy\/wp-json\/wp\/v2\/pages"}],"about":[{"href":"https:\/\/biblian.is\/videy\/wp-json\/wp\/v2\/types\/page"}],"author":[{"embeddable":true,"href":"https:\/\/biblian.is\/videy\/wp-json\/wp\/v2\/users\/1"}],"replies":[{"embeddable":true,"href":"https:\/\/biblian.is\/videy\/wp-json\/wp\/v2\/comments?post=21543"}],"version-history":[{"count":0,"href":"https:\/\/biblian.is\/videy\/wp-json\/wp\/v2\/pages\/21543\/revisions"}],"wp:attachment":[{"href":"https:\/\/biblian.is\/videy\/wp-json\/wp\/v2\/media?parent=21543"}],"curies":[{"name":"wp","href":"https:\/\/api.w.org\/{rel}","templated":true}]}}