{"id":21542,"date":"2018-01-02T01:02:34","date_gmt":"2018-01-02T01:02:34","guid":{"rendered":"http:\/\/biblian.is\/videy\/jesaja-14-kafli\/"},"modified":"2018-01-02T01:02:34","modified_gmt":"2018-01-02T01:02:34","slug":"jesaja-14-kafli","status":"publish","type":"page","link":"https:\/\/biblian.is\/videy\/jesaja-14-kafli\/","title":{"rendered":"Jesaja 14. kafli"},"content":{"rendered":"<div class=\"fyrirsognVidey\">Frelsun Gy\u00f0inga; lofs\u00f6ngur yfir ey\u00f0ileggingu Babelsborgar. Sp\u00e1d\u00f3mur um Ass\u00fdr\u00edukonung (Senakerib). Sp\u00e1d\u00f3mur m\u00f3ti Filisteum.<\/div>\n<p><a name=\"1\"><span class=\"versanumer\">1<\/span><\/a>\u00dev\u00ed Drottinn elskar Jakobsni\u00f0ja, og er enn unnandi \u00cdsraelsm\u00f6nnum. Hann mun flytja \u00fe\u00e1 inn \u00ed land \u00feeirra, og \u00fatlendir menn munu sameinast \u00feeim, og leggjast \u00e1 eitt me\u00f0 Jakobsni\u00f0jum.<a name=\"2\"><span class=\"versanumer\">2<\/span><\/a>\u00dej\u00f3\u00f0irnar munu flytja \u00fe\u00e1, og koma \u00feeim til \u00e1tthaga sinna; en \u00cdsraelsni\u00f0jar munu eignast \u00fe\u00e1 a\u00f0 \u00fer\u00e6lum og amb\u00e1ttum \u00ed landi Drottins, svo a\u00f0 \u00feeir munu hertaka hertakendur s\u00edna og drottna yfir drottnendum s\u00ednum.<br \/><a name=\"3\"><span class=\"versanumer\">3<\/span><\/a>\u00deegar Drottinn hefir veitt \u00fe\u00e9r hv\u00edld af \u00feinni arm\u00e6\u00f0u og \u00f3n\u00e6\u00f0i, og hinni h\u00f6r\u00f0u \u00e1nau\u00f0, sem \u00e1 \u00feig var l\u00f6g\u00f0,<a name=\"4\"><span class=\"versanumer\">4<\/span><\/a>\u00fe\u00e1 muntu kyrja upp \u00feetta kv\u00e6\u00f0i um Babelskonung, og segja: hv\u00f6rnig er k\u00fagarinn ni\u00f0urb\u00e6ldur, og yfirgangurinn sefa\u00f0ur?<a name=\"5\"><span class=\"versanumer\">5<\/span><\/a>Drottinn hefir sundurbroti\u00f0 barefli hinna \u00f3gu\u00f0legu, og stafsprota yfirdrottnaranna,<a name=\"6\"><span class=\"versanumer\">6<\/span><\/a>sem sl\u00f3 \u00fej\u00f3\u00f0irnar \u00ed br\u00e6\u00f0i me\u00f0 \u00feeim sl\u00f6gum, er aldrei linntu, og drottna\u00f0i yfir f\u00f3lkinu \u00ed rei\u00f0i me\u00f0 v\u00e6g\u00f0arlausri ofs\u00f3kn.<a name=\"7\"><span class=\"versanumer\">7<\/span><\/a>N\u00fa hefir \u00f6ll j\u00f6r\u00f0in r\u00f3 og hv\u00edld; allir l\u00e1ta til s\u00edn heyra fagna\u00f0ars\u00f6ng.<a name=\"8\"><span class=\"versanumer\">8<\/span><\/a>Furutr\u00e9n gle\u00f0jast jafnvel yfir \u00fe\u00e9r, og sedrustr\u00e9n \u00ed L\u00edbanonssk\u00f3gi <span class='VideyAth'>(segja)<\/span>: \u201efyrst \u00fe\u00fa er l\u00f6gst fyrir, \u00fe\u00e1 mun enginn st\u00edga upp hinga\u00f0 til a\u00f0 upph\u00f6ggva oss\u201c.<a name=\"9\"><span class=\"versanumer\">9<\/span><\/a>Undirheimur fer \u00e1 kreik til m\u00f3ts vi\u00f0 \u00feig, \u00fe\u00e1 \u00fe\u00fa kemur. Hann heitir \u00e1 vofurnar, \u00e1 alla h\u00f6f\u00f0ingja jar\u00f0arinnar, og b\u00fd\u00f0ur \u00f6llum konungum \u00fej\u00f3\u00f0anna a\u00f0 standa upp af h\u00e1s\u00e6tum s\u00ednum.<a name=\"10\"><span class=\"versanumer\">10<\/span><\/a>\u00deeir taka allir til or\u00f0a, og segja til \u00fe\u00edn: \u00fe\u00fa ert \u00fe\u00e1 einnig or\u00f0inn m\u00e1ttvana, eins og v\u00e9r; \u00fe\u00fa ert or\u00f0inn vor jafningi.<a name=\"11\"><span class=\"versanumer\">11<\/span><\/a>Ofmetna\u00f0ur \u00feinn er ni\u00f0ur varpa\u00f0ur \u00ed undirheima, \u00e1samt me\u00f0 hlj\u00f3minum \u00feinna harpna; ormarnir eru breiddir undir \u00feig, og ma\u00f0karnir ofan \u00e1 \u00feig.<a name=\"12\"><span class=\"versanumer\">12<\/span><\/a>Hv\u00f6rnig ertu af himni ofan fallin, \u00fe\u00fa hin fagra morgunstjarna? Hv\u00f6rnig ertu til jar\u00f0ar ni\u00f0ur hrundinn, \u00fe\u00fa sem varla virtir \u00fej\u00f3\u00f0irnar vi\u00f0lits?<a name=\"13\"><span class=\"versanumer\">13<\/span><\/a>\u00de\u00fa sag\u00f0ir \u00ed \u00fe\u00ednu hjarta: \u201eeg vil upp st\u00edga til himins, upp yfir stj\u00f6rnur Gu\u00f0s vil eg setja h\u00e1s\u00e6ti mitt, eg vil setjast a\u00f0 \u00e1 samkundufjallinu lengst upp \u00ed nor\u00f0ri.<a name=\"14\"><span class=\"versanumer\">14<\/span><\/a>Eg vil upp st\u00edga \u00e1 h\u00e6\u00f0ir sk\u00fdjanna, og l\u00edkur ver\u00f0a hinum allrah\u00e6sta\u201c.<a name=\"15\"><span class=\"versanumer\">15<\/span><\/a>\u00de\u00fa ert \u00fe\u00f3 ni\u00f0ur kasta\u00f0ur \u00ed hin innstu fylgsni \u00ed undirheimi.<a name=\"16\"><span class=\"versanumer\">16<\/span><\/a>\u00deeim, sem sj\u00e1 \u00feig, ver\u00f0ur stars\u00fdnt \u00e1 \u00feig, \u00feeir vir\u00f0a \u00feig fyrir s\u00e9r <span class='VideyAth'>(og segja)<\/span>: er \u00feetta ma\u00f0urinn, sem sk\u00f3k j\u00f6r\u00f0ina og skelfdi konungar\u00edkin?<a name=\"17\"><span class=\"versanumer\">17<\/span><\/a>sem gj\u00f6r\u00f0i jar\u00f0arkringluna a\u00f0 ey\u00f0im\u00f6rk, braut ni\u00f0ur borgir hennar, og gaf ekki heimfararleyfi \u00feeim, er hann haf\u00f0i til banda teki\u00f0?<a name=\"18\"><span class=\"versanumer\">18<\/span><\/a>Allra \u00fej\u00f3\u00f0a konungar liggja \u00fe\u00f3 allir, vir\u00f0ulega grafnir, hv\u00f6r \u00ed s\u00ednum legsta\u00f0;<a name=\"19\"><span class=\"versanumer\">19<\/span><\/a>en \u00fe\u00fa ert burtsnara\u00f0ur \u00f3grafinn, eins og au\u00f0vir\u00f0ilegur kvistur; \u00fe\u00fa ert \u00feakinn dau\u00f0ra manna b\u00fakum, \u00feeirra er me\u00f0 sver\u00f0i hafa veri\u00f0 gegnumstungnir og lag\u00f0ir ni\u00f0ur \u00ed stein\u00fer\u00f3rnar, eins og f\u00f3ttro\u00f0i\u00f0 hr\u00e6.<a name=\"20\"><span class=\"versanumer\">20<\/span><\/a>\u00de\u00fa skalt eigi grafinn ver\u00f0a, eins og a\u00f0rir konungar, \u00fev\u00ed \u00fe\u00fa hefir lagt land \u00feitt \u00ed ey\u00f0i, og drepi\u00f0 ni\u00f0ur f\u00f3lk \u00feitt. Afsprengi \u00f3gu\u00f0legra skal ekki nefnt ver\u00f0a \u00e1 nafn a\u00f0 eil\u00edfu.<a name=\"21\"><span class=\"versanumer\">21<\/span><\/a>Brytji\u00f0 ni\u00f0ur afkomendur hans, fyrir misgj\u00f6r\u00f0a sakir fe\u00f0ra \u00feeirra, svo \u00feeir f\u00e1i ekki \u00e1 legg risi\u00f0 til \u00feess a\u00f0 brj\u00f3ta undir sig j\u00f6r\u00f0ina og fylla yfirbor\u00f0 heimskringlunnar me\u00f0 <span class='VideyAth'>(herteknum)<\/span> borgum!<a name=\"22\"><span class=\"versanumer\">22<\/span><\/a>Eg vil upp r\u00edsa \u00ed gegn \u00feeim, segir Drottinn allsherjar, og afm\u00e1 nafn Babelsborgar, og \u00fea\u00f0 sem eftir er, b\u00e6\u00f0i b\u00f6rn og barnab\u00f6rn, segir Drottinn.<a name=\"23\"><span class=\"versanumer\">23<\/span><\/a>Eg vil gj\u00f6ra hana a\u00f0 \u00edglab\u00e6li og a\u00f0 st\u00f6\u00f0utj\u00f6rn, og s\u00f3pa henni burt me\u00f0 s\u00f3pi ey\u00f0ileggingarinnar, segir Drottinn allsherjar.<br \/><a name=\"24\"><span class=\"versanumer\">24<\/span><\/a>Drottinn allsherjar s\u00f3r, og sag\u00f0i: \u00ed sannleika skal \u00fea\u00f0 ver\u00f0a, sem eg hefi fyrirhuga\u00f0, og \u00fea\u00f0, sem eg hefi r\u00e1\u00f0 fyrir gj\u00f6rt, skal fram koma.<a name=\"25\"><span class=\"versanumer\">25<\/span><\/a>Eg skal sundurbrj\u00f3ta Assyr\u00edukonung \u00ed landi m\u00ednu, og ni\u00f0urtro\u00f0a hann \u00e1 m\u00ednum fj\u00f6llum, og \u00fe\u00e1 skal \u00fea\u00f0 ok, og s\u00fa byr\u00f0i, sem hann hefir \u00feeim <span class='VideyAth'>(\u00cdsraelsm\u00f6nnum)<\/span> \u00e1 her\u00f0ar lagt, ofan falla.<a name=\"26\"><span class=\"versanumer\">26<\/span><\/a>\u00deessi er s\u00fa r\u00e1\u00f0st\u00f6fun, sem \u00e1formu\u00f0 er yfir \u00f6llum l\u00f6ndum, og \u00feessi er s\u00fa h\u00f6nd, sem \u00fatr\u00e9tt er yfir allar \u00fej\u00f3\u00f0ir.<a name=\"27\"><span class=\"versanumer\">27<\/span><\/a>\u00dev\u00ed Drottinn allsherjar hefir \u00feessu r\u00e1\u00f0stafa\u00f0: hv\u00f6r vill \u00f3n\u00fdta \u00fea\u00f0? Hans h\u00f6nd er \u00fatr\u00e9tt: hv\u00f6r vill aftra henni? <br \/><a name=\"28\"><span class=\"versanumer\">28<\/span><\/a>\u00deessi sp\u00e1d\u00f3mur var <span class='VideyAth'>(kunngj\u00f6r\u00f0ur)<\/span> sama \u00e1ri\u00f0, sem Akas konungur anda\u00f0ist:<a name=\"29\"><span class=\"versanumer\">29<\/span><\/a>Gle\u00f0st eigi, \u00fe\u00fa gj\u00f6rvallt Filistealand, yfir \u00fev\u00ed, \u00fe\u00f3 s\u00e1 stafsproti, sem sl\u00f3 \u00feig, s\u00e9 \u00ed sundur brotinn, \u00fev\u00ed \u00fat af r\u00f3t h\u00f6ggormsins mun hornormur koma, og \u00e1v\u00f6xtur hans ver\u00f0a flugdreki.<a name=\"30\"><span class=\"versanumer\">30<\/span><\/a>Hinir allra l\u00edtilm\u00f3tlegustu skulu hafa n\u00f3g vi\u00f0urv\u00e6ri, og f\u00e1t\u00e6klingarnir hv\u00edlast \u00f3ttalausir, me\u00f0an eg l\u00e6t r\u00f3t \u00fe\u00edna deyja \u00fat af hungri, og me\u00f0an hann <span class='VideyAth'>(hornormurinn)<\/span> drepur \u00fea\u00f0, sem eftir ver\u00f0ur af \u00fe\u00e9r.<a name=\"31\"><span class=\"versanumer\">31<\/span><\/a>Kveini\u00f0, \u00fe\u00e9r borgarhli\u00f0! Hlj\u00f3\u00f0a, \u00fe\u00fa borg! Gj\u00f6rvallt Filistealand, \u00fe\u00fa \u00e6\u00f0rast; \u00fev\u00ed mokkur kemur \u00far nor\u00f0ur\u00e1tt: s\u00fa \u00feyrping fer ekki sundurlaus.<a name=\"32\"><span class=\"versanumer\">32<\/span><\/a>Og hv\u00f6rsu skal \u00fe\u00e1 svara sendim\u00f6nnum \u00fej\u00f3\u00f0arinnar?\u2014A\u00f0 Drottinn s\u00e9 grundv\u00f6llur S\u00edonsborgar, og a\u00f0 hans f\u00f3lk leiti s\u00e9r h\u00e6lis \u00ed henni.\u2014<\/p>\n<div class=\"footnoteVidey\">V. 29. Us\u00edas, konungur \u00ed J\u00fadar\u00edki, haf\u00f0i broti\u00f0 undir sig Filistealand, (2 Kron. 26) en Filistear brutust aftur undan Akasi konungi, og gj\u00f6r\u00f0u miklar \u00f3spektir \u00ed J\u00fadar\u00edki, (2 Kron. 28,18); Esek\u00edas konungur vann bug \u00e1 \u00feeim aftur, (2 K\u00f3ng. 18,8). Stafsprotinn og H\u00f6ggormurinn merkir Us\u00edas konung, en hornormurinn og flugdrekinn Esekias konung.  V. 31. Mokkur, \u00fe. e. manngr\u00fai, herli\u00f0.<\/div>\n","protected":false},"excerpt":{"rendered":"<p>Frelsun Gy\u00f0inga; lofs\u00f6ngur yfir ey\u00f0ileggingu Babelsborgar. Sp\u00e1d\u00f3mur um Ass\u00fdr\u00edukonung (Senakerib). Sp\u00e1d\u00f3mur m\u00f3ti Filisteum. 1\u00dev\u00ed Drottinn elskar Jakobsni\u00f0ja, og er enn unnandi \u00cdsraelsm\u00f6nnum. Hann mun flytja \u00fe\u00e1 inn \u00ed land \u00feeirra, og \u00fatlendir menn munu sameinast \u00feeim, og leggjast \u00e1 eitt me\u00f0 Jakobsni\u00f0jum.2\u00dej\u00f3\u00f0irnar munu flytja \u00fe\u00e1, og koma \u00feeim til \u00e1tthaga sinna; en \u00cdsraelsni\u00f0jar munu eignast \u00fe\u00e1 a\u00f0 \u00fer\u00e6lum og amb\u00e1ttum \u00ed landi Drottins, svo a\u00f0 \u00feeir munu hertaka hertakendur s\u00edna og drottna yfir drottnendum s\u00ednum.3\u00deegar Drottinn hefir veitt \u00fe\u00e9r hv\u00edld af \u00feinni arm\u00e6\u00f0u og \u00f3n\u00e6\u00f0i, og hinni h\u00f6r\u00f0u \u00e1nau\u00f0, sem \u00e1 \u00feig var l\u00f6g\u00f0,4\u00fe\u00e1 muntu kyrja upp \u00feetta kv\u00e6\u00f0i um <a href=\"https:\/\/biblian.is\/videy\/jesaja-14-kafli\/\"> [&#8230;]<\/a><\/p>\n","protected":false},"author":1,"featured_media":0,"parent":0,"menu_order":0,"comment_status":"open","ping_status":"open","template":"bibliukaflar.php","meta":{"footnotes":""},"class_list":["post-21542","page","type-page","status-publish","hentry"],"_links":{"self":[{"href":"https:\/\/biblian.is\/videy\/wp-json\/wp\/v2\/pages\/21542","targetHints":{"allow":["GET"]}}],"collection":[{"href":"https:\/\/biblian.is\/videy\/wp-json\/wp\/v2\/pages"}],"about":[{"href":"https:\/\/biblian.is\/videy\/wp-json\/wp\/v2\/types\/page"}],"author":[{"embeddable":true,"href":"https:\/\/biblian.is\/videy\/wp-json\/wp\/v2\/users\/1"}],"replies":[{"embeddable":true,"href":"https:\/\/biblian.is\/videy\/wp-json\/wp\/v2\/comments?post=21542"}],"version-history":[{"count":0,"href":"https:\/\/biblian.is\/videy\/wp-json\/wp\/v2\/pages\/21542\/revisions"}],"wp:attachment":[{"href":"https:\/\/biblian.is\/videy\/wp-json\/wp\/v2\/media?parent=21542"}],"curies":[{"name":"wp","href":"https:\/\/api.w.org\/{rel}","templated":true}]}}