{"id":21541,"date":"2018-01-02T01:02:34","date_gmt":"2018-01-02T01:02:34","guid":{"rendered":"http:\/\/biblian.is\/videy\/jesaja-13-kafli\/"},"modified":"2018-01-02T01:02:34","modified_gmt":"2018-01-02T01:02:34","slug":"jesaja-13-kafli","status":"publish","type":"page","link":"https:\/\/biblian.is\/videy\/jesaja-13-kafli\/","title":{"rendered":"Jesaja 13. kafli"},"content":{"rendered":"<div class=\"fyrirsognVidey\">Sp\u00e1d\u00f3mur um ey\u00f0ileggingu Babelsborgar.<\/div>\n<p><a name=\"1\"><span class=\"versanumer\">1<\/span><\/a>Sp\u00e1d\u00f3mur um Babelsborg, opinbera\u00f0ur Esajasi Amossyni.<br \/><a name=\"2\"><span class=\"versanumer\">2<\/span><\/a>Setji\u00f0 upp merki \u00e1 einhv\u00f6rju h\u00e1vu fjalli! kalli\u00f0 h\u00e1rri r\u00f6ddu til \u00feeirra! bandi\u00f0 \u00feeim me\u00f0 hendinni a\u00f0 ganga inn um hli\u00f0 h\u00f6f\u00f0ingjanna!<a name=\"3\"><span class=\"versanumer\">3<\/span><\/a>Eg hefi gj\u00f6rt bo\u00f0 \u00feeim, sem eg hefi \u00fear til \u00e6tla\u00f0 <span class='VideyAth'>a)<\/span>, eg hefi kalla\u00f0 \u00e1 kappa m\u00edna, hina mikill\u00e1tu gla\u00f0v\u00e6r\u00f0armenn m\u00edna <span class='VideyAth'>b)<\/span>, til a\u00f0 framkv\u00e6ma rei\u00f0id\u00f3m minn.<a name=\"4\"><span class=\"versanumer\">4<\/span><\/a>\u00c1 fj\u00f6llunum heyrist \u00feys af mannmerg\u00f0, eins og einhv\u00f6r fj\u00f6lmenn \u00fej\u00f3\u00f0 komi; \u00fea\u00f0 heyrist h\u00e1r gn\u00fdr konungar\u00edkja og samansafna\u00f0ra \u00fej\u00f3\u00f0a: \u00fea\u00f0 er Drottinn allsherjar, sem er a\u00f0 kanna herli\u00f0 sitt.<a name=\"5\"><span class=\"versanumer\">5<\/span><\/a>\u00deeir koma fr\u00e1 fjarl\u00e6gum lands\u00e1lfum, fr\u00e1 himinsenda, \u00fea\u00f0 er Drottinn og verkf\u00e6ri rei\u00f0i hans, sem \u00e6tlar s\u00e9r a\u00f0 ey\u00f0ileggja gj\u00f6rvallt landi\u00f0.<a name=\"6\"><span class=\"versanumer\">6<\/span><\/a>Kveini\u00f0, \u00fev\u00ed dagur Drottins er n\u00e1l\u00e6gur; hann kemur sem ey\u00f0ilegging fr\u00e1 hinum alm\u00e1ttuga.<a name=\"7\"><span class=\"versanumer\">7<\/span><\/a>\u00deess vegna ver\u00f0a allar hendur l\u00e9magna, og hjarta s\u00e9rhv\u00f6rs manns br\u00e1\u00f0nar.<a name=\"8\"><span class=\"versanumer\">8<\/span><\/a>\u00deeir skelfast, harmkv\u00e6li og p\u00edna gagntekur \u00fe\u00e1; \u00feeir kenna til, eins og j\u00f3\u00f0sj\u00fak kvinna; hv\u00f6r \u00feeirra horfir angistarfullur \u00e1 annan: andlit \u00feeirra eru sem eldslogar.<a name=\"9\"><span class=\"versanumer\">9<\/span><\/a>Sj\u00e1! dagur Drottins kemur, hinn hr\u00e6\u00f0ilegi dagur heiftarinnar og ennar brennandi rei\u00f0i, til a\u00f0 gj\u00f6ra landi\u00f0 a\u00f0 au\u00f0n, og til a\u00f0 afm\u00e1 \u00fe\u00e1 afbrotamenn, sem \u00ed \u00fev\u00ed b\u00faa.<a name=\"10\"><span class=\"versanumer\">10<\/span><\/a>\u00dev\u00ed himintunglin og stj\u00f6rnuflokkarnir missa birtu s\u00edna: s\u00f3lin er myrk \u00ed uppg\u00f6ngu sinni, og tungli\u00f0 l\u00e6tur ei lj\u00f3s sitt sk\u00edna.<a name=\"11\"><span class=\"versanumer\">11<\/span><\/a>Eg vil hegna jar\u00f0arkringlunni s\u00f6kum hennar vonsku, og hinum \u00f3gu\u00f0legu s\u00f6kum misgj\u00f6r\u00f0a \u00feeirra; eg vil ni\u00f0urkefja ofdramb hinna r\u00edkil\u00e1tu, og l\u00e6gja hroka ofbeldismannanna.<a name=\"12\"><span class=\"versanumer\">12<\/span><\/a>Eg vil gj\u00f6ra karlmenn sjaldfengnari en sk\u00edragull, og mannf\u00f3lki\u00f0 torg\u00e6tara en Of\u00edrsgull.<a name=\"13\"><span class=\"versanumer\">13<\/span><\/a>\u00deess vegna vil eg hrista himininn, og j\u00f6r\u00f0in skal hr\u00e6rast \u00far st\u00f6\u00f0vum s\u00ednum fyrir heift Drottins allsherjar, og \u00e1 degi hans brennandi rei\u00f0i.<a name=\"14\"><span class=\"versanumer\">14<\/span><\/a>Eins og f\u00e6ld sk\u00f3gargeit, og eins og smalalaus hj\u00f6r\u00f0, skal hv\u00f6r ma\u00f0ur hverfa aftur til \u00e1tthaga sinna; og hv\u00f6r einn fl\u00fdja heim \u00ed land sitt.<a name=\"15\"><span class=\"versanumer\">15<\/span><\/a>Hv\u00f6r, sem sta\u00f0inn ver\u00f0ur, mun lag\u00f0ur ver\u00f0a \u00ed gegn, og allir, sem handsama\u00f0ir ver\u00f0a, munu fyrir sver\u00f0i falla.<a name=\"16\"><span class=\"versanumer\">16<\/span><\/a>Ungb\u00f6rnum \u00feeirra mun slegi\u00f0 ver\u00f0a ni\u00f0ur vi\u00f0, h\u00fas \u00feeirra ver\u00f0a r\u00e6nd, og konur \u00feeirra sm\u00e1na\u00f0ar.<a name=\"17\"><span class=\"versanumer\">17<\/span><\/a>Sj\u00e1! eg \u00e6si upp Med\u00edumenn \u00ed gegn \u00feeim: \u00feeir hugsa ekki um silfri\u00f0, og \u00fe\u00e1 langar ekki \u00ed gulli\u00f0;<a name=\"18\"><span class=\"versanumer\">18<\/span><\/a>bogar \u00feeirra rota unga menn til dau\u00f0s: \u00feeir v\u00e6gja ekki l\u00edfsafkv\u00e6mum, og l\u00edta ekki miskunnaraugum til ungbarna.<a name=\"19\"><span class=\"versanumer\">19<\/span><\/a>\u00deannig skal Babelsborg, sem hefir veri\u00f0 pr\u00fd\u00f0i konungar\u00edkjanna, og sem Kaldear hafa st\u00e6rt sig og miklast af, ver\u00f0a eins og S\u00f3d\u00f3msborg og G\u00f3morraborg, hv\u00f6rjum Gu\u00f0 umturna\u00f0i.<a name=\"20\"><span class=\"versanumer\">20<\/span><\/a>H\u00fan skal aldrei ver\u00f0a byggileg aftur; mann fram af manni skal \u00fear enginn b\u00faa; enginn arabiskur ma\u00f0ur skal sl\u00e1 \u00fear tj\u00f6ldum s\u00ednum, og \u00f6ngvir hjar\u00f0menn b\u00e6la \u00fear f\u00e9na\u00f0 sinn.<a name=\"21\"><span class=\"versanumer\">21<\/span><\/a>Ur\u00f0arkettir skulu \u00fear liggja; h\u00fasin skulu full vera af uglum; str\u00fatsungar skulu b\u00faa \u00fear, og sk\u00f3gartr\u00f6ll st\u00f6kkva \u00fear.<a name=\"22\"><span class=\"versanumer\">22<\/span><\/a>Gull\u00falfar skulu kallast \u00e1 \u00ed h\u00f6llunum, og refkeilur \u00ed hinum lystilegu herbergjum. Hennar hegningart\u00edmi er a\u00f0eins \u00f3kominn, og \u00f3hamingju dagar hennar munu eigi undan dragast.<\/p>\n<div class=\"footnoteVidey\">V. 3. a. \u00deeim, sem eg hefi \u00e6tla\u00f0, \u00fatvali\u00f0 til a\u00f0 framkv\u00e6ma \u00e1setning minn; \u00e1 hebr. \u201em\u00ednum helgu\u00f0u\u201c. b. Svo kallast hermenn Drottins (Persar), hv\u00f6rjum hann haf\u00f0i gefi\u00f0 \u00f6ruggann hugm\u00f3\u00f0 til a\u00f0 reka sitt erindi.<\/div>\n","protected":false},"excerpt":{"rendered":"<p>Sp\u00e1d\u00f3mur um ey\u00f0ileggingu Babelsborgar. 1Sp\u00e1d\u00f3mur um Babelsborg, opinbera\u00f0ur Esajasi Amossyni.2Setji\u00f0 upp merki \u00e1 einhv\u00f6rju h\u00e1vu fjalli! kalli\u00f0 h\u00e1rri r\u00f6ddu til \u00feeirra! bandi\u00f0 \u00feeim me\u00f0 hendinni a\u00f0 ganga inn um hli\u00f0 h\u00f6f\u00f0ingjanna!3Eg hefi gj\u00f6rt bo\u00f0 \u00feeim, sem eg hefi \u00fear til \u00e6tla\u00f0 a), eg hefi kalla\u00f0 \u00e1 kappa m\u00edna, hina mikill\u00e1tu gla\u00f0v\u00e6r\u00f0armenn m\u00edna b), til a\u00f0 framkv\u00e6ma rei\u00f0id\u00f3m minn.4\u00c1 fj\u00f6llunum heyrist \u00feys af mannmerg\u00f0, eins og einhv\u00f6r fj\u00f6lmenn \u00fej\u00f3\u00f0 komi; \u00fea\u00f0 heyrist h\u00e1r gn\u00fdr konungar\u00edkja og samansafna\u00f0ra \u00fej\u00f3\u00f0a: \u00fea\u00f0 er Drottinn allsherjar, sem er a\u00f0 kanna herli\u00f0 sitt.5\u00deeir koma fr\u00e1 fjarl\u00e6gum lands\u00e1lfum, fr\u00e1 himinsenda, \u00fea\u00f0 er Drottinn og verkf\u00e6ri rei\u00f0i hans, <a href=\"https:\/\/biblian.is\/videy\/jesaja-13-kafli\/\"> [&#8230;]<\/a><\/p>\n","protected":false},"author":1,"featured_media":0,"parent":0,"menu_order":0,"comment_status":"open","ping_status":"open","template":"bibliukaflar.php","meta":{"footnotes":""},"class_list":["post-21541","page","type-page","status-publish","hentry"],"_links":{"self":[{"href":"https:\/\/biblian.is\/videy\/wp-json\/wp\/v2\/pages\/21541","targetHints":{"allow":["GET"]}}],"collection":[{"href":"https:\/\/biblian.is\/videy\/wp-json\/wp\/v2\/pages"}],"about":[{"href":"https:\/\/biblian.is\/videy\/wp-json\/wp\/v2\/types\/page"}],"author":[{"embeddable":true,"href":"https:\/\/biblian.is\/videy\/wp-json\/wp\/v2\/users\/1"}],"replies":[{"embeddable":true,"href":"https:\/\/biblian.is\/videy\/wp-json\/wp\/v2\/comments?post=21541"}],"version-history":[{"count":0,"href":"https:\/\/biblian.is\/videy\/wp-json\/wp\/v2\/pages\/21541\/revisions"}],"wp:attachment":[{"href":"https:\/\/biblian.is\/videy\/wp-json\/wp\/v2\/media?parent=21541"}],"curies":[{"name":"wp","href":"https:\/\/api.w.org\/{rel}","templated":true}]}}