{"id":21537,"date":"2018-01-02T01:02:34","date_gmt":"2018-01-02T01:02:34","guid":{"rendered":"http:\/\/biblian.is\/videy\/jesaja-9-kafli\/"},"modified":"2018-01-02T01:02:34","modified_gmt":"2018-01-02T01:02:34","slug":"jesaja-9-kafli","status":"publish","type":"page","link":"https:\/\/biblian.is\/videy\/jesaja-9-kafli\/","title":{"rendered":"Jesaja 9. kafli"},"content":{"rendered":"<div class=\"fyrirsognVidey\">Vi\u00f0r\u00e9tting \u00e1 hag Gy\u00f0ingal\u00fd\u00f0s; tign og veldi Frelsarans. H\u00f3tunaror\u00f0 til Gy\u00f0inga s\u00f6kum \u00f3hl\u00fd\u00f0ni \u00feeirra vi\u00f0 Gu\u00f0.<\/div>\n<p><a name=\"1\"><span class=\"versanumer\">1<\/span><\/a>S\u00fa \u00fej\u00f3\u00f0, sem \u00ed myrkrinu gengur, s\u00e9r miki\u00f0 lj\u00f3s: yfir \u00feeim, sem b\u00faa \u00ed landi n\u00e1ttmyrkranna, lj\u00f3mar f\u00f6gur birta.<a name=\"2\"><span class=\"versanumer\">2<\/span><\/a>\u00de\u00fa gj\u00f6rir \u00feessa \u00fej\u00f3\u00f0 fj\u00f6lmenna, og eykur st\u00f3rum hennar f\u00f6gnu\u00f0: menn gle\u00f0ja sig fyrir \u00fe\u00ednu augliti, eins og \u00feegar menn gle\u00f0jast \u00e1 kornskerut\u00edmanum, og eins og menn leika af feginleik, \u00feegar herfangi er skipt.<a name=\"3\"><span class=\"versanumer\">3<\/span><\/a>\u00dev\u00ed oki\u00f0, sem h\u00fan bar, stafinn, sem rei\u00f0 a\u00f0 her\u00f0um hennar, barefli verknau\u00f0armannsins hefir \u00fe\u00fa \u00ed sundur broti\u00f0, eins og \u00e1 degi Mid\u00edansmanna <span class='VideyAth'>(10,26)<\/span>,<a name=\"4\"><span class=\"versanumer\">4<\/span><\/a>\u00feegar hv\u00f6r ma\u00f0ur batt \u00e1 sig brynhosu \u00ed ofbo\u00f0i, og kl\u00e6\u00f0in velktust \u00ed bl\u00f3\u00f0i, og allt, sem brenna n\u00e1\u00f0i, var\u00f0 eldsmatur.<a name=\"5\"><span class=\"versanumer\">5<\/span><\/a>\u00dev\u00ed eitt barn er oss f\u00e6tt, sonur er oss gefinn; \u00e1 hans her\u00f0um skal h\u00f6f\u00f0ingjad\u00f3murinn hv\u00edla; hann skal heita \u201ehinn undrunarlegi, r\u00e1\u00f0gjafi, hinn m\u00e1ttugi sterki Gu\u00f0, fa\u00f0ir eil\u00edf\u00f0arinnar, fri\u00f0arh\u00f6f\u00f0ingi.\u201c<a name=\"6\"><span class=\"versanumer\">6<\/span><\/a>Hans veldi skal \u00e6 fara vaxandi, og fri\u00f0urinn skal aldrei enda taka \u00e1 Dav\u00ed\u00f0s h\u00e1s\u00e6ti og \u00ed hans konungsr\u00edki, \u00fev\u00ed er hann mun efla, og styrkja me\u00f0 d\u00f3mi og r\u00e9ttv\u00edsi <span class='VideyAth'>(r\u00e9ttv\u00edsum d\u00f3mi)<\/span> h\u00e9\u00f0an \u00ed fr\u00e1 og til eil\u00edfrar t\u00ed\u00f0ar. \u00c1str\u00edki Drottins allsherjar mun sl\u00edku til vegar koma. <br \/><a name=\"7\"><span class=\"versanumer\">7<\/span><\/a>Hinn Alvaldi hefir sent or\u00f0 Jakobsni\u00f0jum, og \u00fea\u00f0 mun ni\u00f0ur koma \u00e1 \u00cdsraelsm\u00f6nnum.<a name=\"8\"><span class=\"versanumer\">8<\/span><\/a>Allt landsf\u00f3lki\u00f0 skal ver\u00f0a \u00feess \u00e1skynja, Efraims\u00e6tt og innbyggjendur Samar\u00edu, sem af metna\u00f0i og drambl\u00e6ti segja:<a name=\"9\"><span class=\"versanumer\">9<\/span><\/a>\u201et\u00edgulsteinarnir eru ni\u00f0urfallnir, en v\u00e9r viljum byggja upp aftur af h\u00f6ggnu grj\u00f3ti, m\u00f3rberf\u00edkjutr\u00e9n eru uppr\u00e6tt, en v\u00e9r viljum setja sedrustr\u00e9 \u00ed sta\u00f0inn.\u201c<a name=\"10\"><span class=\"versanumer\">10<\/span><\/a>\u00deess vegna mun Drottinn efla m\u00f3tst\u00f6\u00f0umenn Res\u00edns <span class='VideyAth'>a)<\/span> \u00e1 hendur \u00feeim, og vopna \u00f3vini \u00feeirra,<a name=\"11\"><span class=\"versanumer\">11<\/span><\/a>S\u00fdrlendinga a\u00f0 austan og Filistea a\u00f0 vestan, og \u00feeir skulu svelgja \u00cdsraelsl\u00fd\u00f0 opnum munni. Allt fyrir \u00fea\u00f0 linnir ekki rei\u00f0i hans, og hans h\u00f6nd er enn \u00fe\u00e1 \u00fatr\u00e9tt.<a name=\"12\"><span class=\"versanumer\">12<\/span><\/a>\u00dev\u00ed f\u00f3lki\u00f0 sn\u00fdr s\u00e9r ekki til hans, sem tyftar \u00fea\u00f0, \u00fea\u00f0 leitar ekki Drottins allsherjar.<a name=\"13\"><span class=\"versanumer\">13<\/span><\/a>\u00deess vegna mun Drottinn afh\u00f6ggva h\u00f6fu\u00f0 og hala \u00cdsraelsmanna, p\u00e1lmakvistinn og sefreyrinn \u00e1 sama degi.<a name=\"14\"><span class=\"versanumer\">14<\/span><\/a>Valdsmennirnir og vir\u00f0ingamennirnir, \u00feeir eru h\u00f6fu\u00f0i\u00f0, sp\u00e1menn \u00feeir, er kenna lygar, eru halinn.<a name=\"15\"><span class=\"versanumer\">15<\/span><\/a>\u00dev\u00ed lei\u00f0togar \u00feessa f\u00f3lks lei\u00f0a \u00fea\u00f0 afvega, og \u00feeir, sem l\u00e1ta \u00fe\u00e1 lei\u00f0a sig, tort\u00fdnast.<a name=\"16\"><span class=\"versanumer\">16<\/span><\/a>\u00deess vegna getur hinn Alvaldi enga gle\u00f0i haft af \u00e6skum\u00f6nnum \u00feeirra, og ekki veri\u00f0 muna\u00f0arleysingjum og ekkjum \u00feeirra miskunnsamur; \u00fev\u00ed \u00feeir eru allir gu\u00f0lausir og vondir, og hv\u00f6r munnur talar \u00fea\u00f0, sem sv\u00edvir\u00f0ilegt er. Me\u00f0 \u00f6llu \u00feessu r\u00e9nar ekki rei\u00f0i hans, og enn \u00fe\u00e1 er hans h\u00f6nd \u00fatr\u00e9tt.<a name=\"17\"><span class=\"versanumer\">17<\/span><\/a>\u00dev\u00ed hi\u00f0 \u00f3gu\u00f0lega ath\u00e6fi brennur, eins og eldur s\u00e1, er ey\u00f0ir \u00feyrnum og \u00feistlum og kveikir \u00ed \u00feykkum sk\u00f3garrunnum, svo \u00feeir hvirflast upp \u00ed reykm\u00f6kk.<a name=\"18\"><span class=\"versanumer\">18<\/span><\/a>Landi\u00f0 stiknar af rei\u00f0i Drottins allsherjar; f\u00f3lki\u00f0 ver\u00f0ur sem eldsmatur, og enginn v\u00e6gir \u00f6\u00f0rum.<a name=\"19\"><span class=\"versanumer\">19<\/span><\/a>Menn r\u00edfa \u00ed sig til h\u00e6gri handar, og eru \u00fe\u00f3 hungra\u00f0ir: \u00feeir eta um sig til vinstri handar, og ver\u00f0a \u00fe\u00f3 eigi saddir. Hv\u00f6r etur holdi\u00f0 af s\u00ednum eigin armlegg.<a name=\"20\"><span class=\"versanumer\">20<\/span><\/a>Manassis \u00e6ttkv\u00edsl er upp \u00e1 m\u00f3ti Efraims\u00e6tt, og Efraims\u00e6tt m\u00f3ti Manassis\u00e6tt, og \u00fe\u00e6r b\u00e1\u00f0ar saman m\u00f3ti J\u00fada \u00e6ttkv\u00edsl. Me\u00f0 \u00f6llu \u00feessu r\u00e9nar ekki rei\u00f0i hans, og hans h\u00f6nd er enn \u00fe\u00e1 \u00fatr\u00e9tt.<\/p>\n<div class=\"footnoteVidey\">V. 10. a. M\u00f3tst\u00f6\u00f0umenn Res\u00edns, (7,1), \u00fe. e. Ass\u00fdr\u00edumenn.<\/div>\n","protected":false},"excerpt":{"rendered":"<p>Vi\u00f0r\u00e9tting \u00e1 hag Gy\u00f0ingal\u00fd\u00f0s; tign og veldi Frelsarans. H\u00f3tunaror\u00f0 til Gy\u00f0inga s\u00f6kum \u00f3hl\u00fd\u00f0ni \u00feeirra vi\u00f0 Gu\u00f0. 1S\u00fa \u00fej\u00f3\u00f0, sem \u00ed myrkrinu gengur, s\u00e9r miki\u00f0 lj\u00f3s: yfir \u00feeim, sem b\u00faa \u00ed landi n\u00e1ttmyrkranna, lj\u00f3mar f\u00f6gur birta.2\u00de\u00fa gj\u00f6rir \u00feessa \u00fej\u00f3\u00f0 fj\u00f6lmenna, og eykur st\u00f3rum hennar f\u00f6gnu\u00f0: menn gle\u00f0ja sig fyrir \u00fe\u00ednu augliti, eins og \u00feegar menn gle\u00f0jast \u00e1 kornskerut\u00edmanum, og eins og menn leika af feginleik, \u00feegar herfangi er skipt.3\u00dev\u00ed oki\u00f0, sem h\u00fan bar, stafinn, sem rei\u00f0 a\u00f0 her\u00f0um hennar, barefli verknau\u00f0armannsins hefir \u00fe\u00fa \u00ed sundur broti\u00f0, eins og \u00e1 degi Mid\u00edansmanna (10,26),4\u00feegar hv\u00f6r ma\u00f0ur batt \u00e1 sig brynhosu \u00ed ofbo\u00f0i, og <a href=\"https:\/\/biblian.is\/videy\/jesaja-9-kafli\/\"> [&#8230;]<\/a><\/p>\n","protected":false},"author":1,"featured_media":0,"parent":0,"menu_order":0,"comment_status":"open","ping_status":"open","template":"bibliukaflar.php","meta":{"footnotes":""},"class_list":["post-21537","page","type-page","status-publish","hentry"],"_links":{"self":[{"href":"https:\/\/biblian.is\/videy\/wp-json\/wp\/v2\/pages\/21537","targetHints":{"allow":["GET"]}}],"collection":[{"href":"https:\/\/biblian.is\/videy\/wp-json\/wp\/v2\/pages"}],"about":[{"href":"https:\/\/biblian.is\/videy\/wp-json\/wp\/v2\/types\/page"}],"author":[{"embeddable":true,"href":"https:\/\/biblian.is\/videy\/wp-json\/wp\/v2\/users\/1"}],"replies":[{"embeddable":true,"href":"https:\/\/biblian.is\/videy\/wp-json\/wp\/v2\/comments?post=21537"}],"version-history":[{"count":0,"href":"https:\/\/biblian.is\/videy\/wp-json\/wp\/v2\/pages\/21537\/revisions"}],"wp:attachment":[{"href":"https:\/\/biblian.is\/videy\/wp-json\/wp\/v2\/media?parent=21537"}],"curies":[{"name":"wp","href":"https:\/\/api.w.org\/{rel}","templated":true}]}}