{"id":21536,"date":"2018-01-02T01:02:34","date_gmt":"2018-01-02T01:02:34","guid":{"rendered":"http:\/\/biblian.is\/videy\/jesaja-8-kafli\/"},"modified":"2018-01-02T01:02:34","modified_gmt":"2018-01-02T01:02:34","slug":"jesaja-8-kafli","status":"publish","type":"page","link":"https:\/\/biblian.is\/videy\/jesaja-8-kafli\/","title":{"rendered":"Jesaja 8. kafli"},"content":{"rendered":"<div class=\"fyrirsognVidey\">Enn sp\u00e1d\u00f3mur um ey\u00f0ilegging S\u00fdrlands og \u00cdsraelsr\u00edkis; um herna\u00f0 Ass\u00fdr\u00edumanna \u00e1 J\u00fadar\u00edki; traust \u00e1 Drottni.<\/div>\n<p><a name=\"1\"><span class=\"versanumer\">1<\/span><\/a>Drottinn sag\u00f0i til m\u00edn: tak \u00fe\u00e9r st\u00f3rt b\u00f3kfell, og rita \u00fear \u00e1 me\u00f0 algengu letri, \u201elemaher shalal chash baz <span class='VideyAth'>(skj\u00f3tur til r\u00e1ns, flj\u00f3tur til fangs)<\/span> <span class='VideyAth'>c)<\/span>\u201c.<a name=\"2\"><span class=\"versanumer\">2<\/span><\/a>Eg t\u00f3k m\u00e9r gild vitni til \u00feessa, kennimanninn \u00dar\u00edas og Sakar\u00edas Jeberek\u00edasson.<a name=\"3\"><span class=\"versanumer\">3<\/span><\/a>Eg haf\u00f0i komi\u00f0 til sp\u00e1mannskonunnar <span class='VideyAth'>d)<\/span>, og var\u00f0 h\u00fan \u00feungu\u00f0, og \u00f3l son. \u00de\u00e1 sag\u00f0i Drottinn til m\u00edn: l\u00e1t \u00fe\u00fa hann heita \u201eMahershalalchashbaz\u201c <span class='VideyAth'>(\u00fe. e. flj\u00f3tur til r\u00e1ns, flj\u00f3tur til fangs)<\/span>;<a name=\"4\"><span class=\"versanumer\">4<\/span><\/a>\u00fev\u00ed \u00e1\u00f0ur en sveinninn l\u00e6rir a\u00f0 kalla \u201efa\u00f0ir minn\u201c og \u201em\u00f3\u00f0ur m\u00edn\u201c skal au\u00f0ur Dammaskusborgar og herfang Samar\u00edu burtflutt ver\u00f0a \u00e1 undan Ass\u00fdr\u00edukonungi. <br \/><a name=\"5\"><span class=\"versanumer\">5<\/span><\/a>Ennfremur tala\u00f0i Drottinn til m\u00edn, og sag\u00f0i:<a name=\"6\"><span class=\"versanumer\">6<\/span><\/a>Af \u00fev\u00ed a\u00f0 \u00feessi l\u00fd\u00f0ur fyrirl\u00edtur hin straumh\u00e6gu S\u00edl\u00f3av\u00f6tn <span class='VideyAth'>e)<\/span>, en tekur fegsamlega vi\u00f0 Res\u00edn og Remal\u00edusyni,<a name=\"7\"><span class=\"versanumer\">7<\/span><\/a>\u00feess vegna \u00fe\u00e1 mun hinn Alvaldi l\u00e1ta yfir \u00fe\u00e1 koma hin str\u00ed\u00f0u og str\u00f6ngu v\u00f6tn Flj\u00f3tsins <span class='VideyAth'>f)<\/span>, Ass\u00fdr\u00edukonung me\u00f0 \u00f6llu hans einvalali\u00f0i, svo flj\u00f3ti\u00f0 skal ganga upp yfir alla s\u00edna farvegu, og fl\u00f3a yfir alla bakka;<a name=\"8\"><span class=\"versanumer\">8<\/span><\/a>s\u00ed\u00f0an skal \u00fea\u00f0 brj\u00f3tast inn \u00ed J\u00fadar\u00edki, fl\u00e6\u00f0a \u00fear yfir, \u00fear til manni tekur undir h\u00f6ku, og brei\u00f0a skaut s\u00edn yfir allt \u00feitt land, eins v\u00edtt og \u00fea\u00f0 er sig til. Gu\u00f0 er me\u00f0 oss!<a name=\"9\"><span class=\"versanumer\">9<\/span><\/a>Skelfist, \u00fe\u00e9r \u00fej\u00f3\u00f0ir, og \u00e6\u00f0rist! heyri\u00f0 \u00fea\u00f0, allar lands\u00e1lfur jar\u00f0arinnar: herkl\u00e6\u00f0ist og \u00e6\u00f0rist, herkl\u00e6\u00f0ist og \u00e6\u00f0rist!<a name=\"10\"><span class=\"versanumer\">10<\/span><\/a>Taki\u00f0 r\u00e1\u00f0 y\u00f0ar saman! \u00feau skulu a\u00f0 engu ver\u00f0a. M\u00e6li\u00f0 m\u00e1lum y\u00f0ar!\u2014\u00feau skulu engan framgang f\u00e1, \u00fev\u00ed\u2014Gu\u00f0 er me\u00f0 oss!<a name=\"11\"><span class=\"versanumer\">11<\/span><\/a>\u00dev\u00ed svo sag\u00f0i Drottinn til m\u00edn, um lei\u00f0 og hann t\u00f3k \u00ed h\u00f6nd m\u00e9r, og vara\u00f0i mig vi\u00f0 \u00fev\u00ed, a\u00f0 ganga sama veg og \u00feetta f\u00f3lk gengur; hann sag\u00f0i:<a name=\"12\"><span class=\"versanumer\">12<\/span><\/a>\u201e\u00fe\u00e9r skulu\u00f0 ekki kalla samband <span class='VideyAth'>a)<\/span> allt \u00fea\u00f0, sem \u00feetta f\u00f3lk kallar samband, og ekki \u00f3ttast \u00fea\u00f0, sem \u00fea\u00f0 \u00f3ttast, og \u00f6ngvu kv\u00ed\u00f0a.<a name=\"13\"><span class=\"versanumer\">13<\/span><\/a>Drottinn allsherjar, hann veri y\u00f0ur heilagur! \u00f3ttist hann, hr\u00e6\u00f0ist hann!<a name=\"14\"><span class=\"versanumer\">14<\/span><\/a>Hann skal vera y\u00f0ar gri\u00f0asta\u00f0ur, en hann skal l\u00edka ver\u00f0a \u00e1steytingarsteinn og hr\u00f6sunarhella fyrir b\u00e1\u00f0ar \u00e6tt\u00fej\u00f3\u00f0ir \u00cdsraels, og snara og gildra fyrir innbyggjendur Jer\u00fasalemsborgar;<a name=\"15\"><span class=\"versanumer\">15<\/span><\/a>og margir af \u00feeim munu hrasa, falla og mei\u00f0a sig, festast \u00ed sn\u00f6runni og ver\u00f0a teknir. <br \/><a name=\"16\"><span class=\"versanumer\">16<\/span><\/a>\u201eBitt \u00fe\u00fa saman vitnisbur\u00f0inn, og innsigla l\u00e6rd\u00f3minn \u00ed vi\u00f0urvist minna l\u00e6risveina <span class='VideyAth'>(8,2)<\/span>\u201c.<a name=\"17\"><span class=\"versanumer\">17<\/span><\/a>Eg v\u00e6nti Drottins, \u00fe\u00f3 hann byrgi n\u00fa auglit sitt fyrir Jakobsni\u00f0jum; eg b\u00ed\u00f0 eftir honum.<a name=\"18\"><span class=\"versanumer\">18<\/span><\/a>Sj\u00e1 \u00fe\u00fa! h\u00e9r em eg, og \u00feau b\u00f6rn, sem Drottinn hefir gefi\u00f0 m\u00e9r! vi\u00f0 skulum vera \u00cdsraelsm\u00f6nnum teikn og fyrirmyndan fr\u00e1 Drottni allsherjar, honum, sem b\u00fdr \u00e1 S\u00edonsfjalli.<a name=\"19\"><span class=\"versanumer\">19<\/span><\/a>Og ef \u00feeir segja til y\u00f0ar, \u201eleiti\u00f0 fr\u00e9tta hj\u00e1 konum \u00feeim, er upp vekja dau\u00f0a menn \u00far j\u00f6r\u00f0u <span class='VideyAth'>b)<\/span>, og hj\u00e1 fj\u00f6lkynngism\u00f6nnum, \u00feeim er umla <span class='VideyAth'>c)<\/span> og mu\u00f0la fyrir munni s\u00e9r!\u201c \u00fe\u00e1 skulu\u00f0 \u00fe\u00e9r svara: \u00e1 ekki f\u00f3lki\u00f0 a\u00f0 leita fr\u00e9tta hj\u00e1 Gu\u00f0i s\u00ednum? \u00e1 \u00fea\u00f0 a\u00f0 leita fr\u00e9tta hj\u00e1 hinum dau\u00f0u, \u00ed sta\u00f0inn fyrir hj\u00e1 enum lifendu?<a name=\"20\"><span class=\"versanumer\">20<\/span><\/a>G\u00e6ti\u00f0 l\u00e6rd\u00f3msins og vitnisbur\u00f0arins <span class='VideyAth'>(8,16)<\/span>! Ef \u00feeir tala ekki samkv\u00e6mt honum, <span class='VideyAth'>(\u00fe\u00e1 viti\u00f0)<\/span>, a\u00f0 f\u00f3lki\u00f0 hefir enga birtu,<a name=\"21\"><span class=\"versanumer\">21<\/span><\/a>heldur r\u00e1far \u00fea\u00f0 um \u00ed landinu hrj\u00e1\u00f0 og hungra\u00f0; og \u00feegar \u00fea\u00f0 hungrar, mun \u00fea\u00f0 \u00ed br\u00e6\u00f0i sinni form\u00e6la konungi s\u00ednum og Gu\u00f0i s\u00ednum, og m\u00e6na til himins;<a name=\"22\"><span class=\"versanumer\">22<\/span><\/a>en \u00feegar \u00fea\u00f0 rennir augum til jar\u00f0ar, s\u00e9r \u00fea\u00f0 ekki anna\u00f0 en ney\u00f0 og myrkur, \u00ferengingar dimmu og \u00feykkan sorta. <br \/><a name=\"23\"><span class=\"versanumer\">23<\/span><\/a>En \u00ed \u00fev\u00ed landinu, hvar <span class='VideyAth'>(\u00e1\u00f0ur)<\/span> var \u00ferenging, \u00fear skal ekki <span class='VideyAth'>(lengur)<\/span> myrkur vera. Eins og hann <span class='VideyAth'>(Drottinn)<\/span> fyrr meir gj\u00f6r\u00f0i Seb\u00falonsland og Neftal\u00edland fyrirlitlegt, eins mun hann s\u00ed\u00f0ar meir fagran gj\u00f6ra veginn me\u00f0 vatninu fyrir handan J\u00f3rdan, Gal\u00edleu hei\u00f0ingjanna.<\/p>\n<div class=\"footnoteVidey\">V. 1. c. Or\u00f0r\u00e9tt: \u201etil \u00feess a\u00f0 n\u00e1 skj\u00f3tt herfanginu, fl\u00fdtir hann s\u00e9r til r\u00e1na\u201c.  V. 3. d. Sp\u00e1mannskona, kona sj\u00e1lfs sp\u00e1mannsins Esajasar.  V. 6. c. S\u00edl\u00f3a, l\u00e6kur hj\u00e1 Jer\u00fasalemsborg.  V. 7. f. Evfrats.  V. 12. a. Samband, h\u00e9r er tala\u00f0 um samband S\u00fdrlendinga og \u00cdsraelsmanna gegn J\u00fadar\u00edki.  V. 19. b. Sj\u00e1 1 Sam. 28,7\u201319. c. Umla \u00fe. e. hafa galdral\u00e6ti og sei\u00f0l\u00e6ti.<\/div>\n","protected":false},"excerpt":{"rendered":"<p>Enn sp\u00e1d\u00f3mur um ey\u00f0ilegging S\u00fdrlands og \u00cdsraelsr\u00edkis; um herna\u00f0 Ass\u00fdr\u00edumanna \u00e1 J\u00fadar\u00edki; traust \u00e1 Drottni. 1Drottinn sag\u00f0i til m\u00edn: tak \u00fe\u00e9r st\u00f3rt b\u00f3kfell, og rita \u00fear \u00e1 me\u00f0 algengu letri, \u201elemaher shalal chash baz (skj\u00f3tur til r\u00e1ns, flj\u00f3tur til fangs) c)\u201c.2Eg t\u00f3k m\u00e9r gild vitni til \u00feessa, kennimanninn \u00dar\u00edas og Sakar\u00edas Jeberek\u00edasson.3Eg haf\u00f0i komi\u00f0 til sp\u00e1mannskonunnar d), og var\u00f0 h\u00fan \u00feungu\u00f0, og \u00f3l son. \u00de\u00e1 sag\u00f0i Drottinn til m\u00edn: l\u00e1t \u00fe\u00fa hann heita \u201eMahershalalchashbaz\u201c (\u00fe. e. flj\u00f3tur til r\u00e1ns, flj\u00f3tur til fangs);4\u00fev\u00ed \u00e1\u00f0ur en sveinninn l\u00e6rir a\u00f0 kalla \u201efa\u00f0ir minn\u201c og \u201em\u00f3\u00f0ur m\u00edn\u201c skal au\u00f0ur Dammaskusborgar og herfang Samar\u00edu burtflutt <a href=\"https:\/\/biblian.is\/videy\/jesaja-8-kafli\/\"> [&#8230;]<\/a><\/p>\n","protected":false},"author":1,"featured_media":0,"parent":0,"menu_order":0,"comment_status":"open","ping_status":"open","template":"bibliukaflar.php","meta":{"footnotes":""},"class_list":["post-21536","page","type-page","status-publish","hentry"],"_links":{"self":[{"href":"https:\/\/biblian.is\/videy\/wp-json\/wp\/v2\/pages\/21536","targetHints":{"allow":["GET"]}}],"collection":[{"href":"https:\/\/biblian.is\/videy\/wp-json\/wp\/v2\/pages"}],"about":[{"href":"https:\/\/biblian.is\/videy\/wp-json\/wp\/v2\/types\/page"}],"author":[{"embeddable":true,"href":"https:\/\/biblian.is\/videy\/wp-json\/wp\/v2\/users\/1"}],"replies":[{"embeddable":true,"href":"https:\/\/biblian.is\/videy\/wp-json\/wp\/v2\/comments?post=21536"}],"version-history":[{"count":0,"href":"https:\/\/biblian.is\/videy\/wp-json\/wp\/v2\/pages\/21536\/revisions"}],"wp:attachment":[{"href":"https:\/\/biblian.is\/videy\/wp-json\/wp\/v2\/media?parent=21536"}],"curies":[{"name":"wp","href":"https:\/\/api.w.org\/{rel}","templated":true}]}}