{"id":21534,"date":"2018-01-02T01:02:34","date_gmt":"2018-01-02T01:02:34","guid":{"rendered":"http:\/\/biblian.is\/videy\/jesaja-6-kafli\/"},"modified":"2018-01-02T01:02:34","modified_gmt":"2018-01-02T01:02:34","slug":"jesaja-6-kafli","status":"publish","type":"page","link":"https:\/\/biblian.is\/videy\/jesaja-6-kafli\/","title":{"rendered":"Jesaja 6. kafli"},"content":{"rendered":"<div class=\"fyrirsognVidey\">Esajas f\u00e6r vitrun, a\u00f0 bo\u00f0a Gy\u00f0ingum hegningu Gu\u00f0s.<\/div>\n<p><a name=\"1\"><span class=\"versanumer\">1<\/span><\/a>Sama \u00e1r sem Us\u00edas konungur anda\u00f0ist, s\u00e1 eg hinn alvalda, sitjanda \u00e1 h\u00e1reistum og gn\u00e6fanda st\u00f3li, og faldur kl\u00e6\u00f0a hans breiddist um allt musteri\u00f0.<a name=\"2\"><span class=\"versanumer\">2<\/span><\/a>Hj\u00e1 <span class='VideyAth'>a)<\/span> honum st\u00f3\u00f0u seraffar <span class='VideyAth'>(h\u00f6fu\u00f0englar)<\/span>, haf\u00f0i hv\u00f6r \u00feeirra sex v\u00e6ngi; me\u00f0 tveimur huldu \u00feeir \u00e1sj\u00f3nur s\u00ednar, me\u00f0 tveimur f\u00e6tur s\u00edna, og me\u00f0 tveimur flugu \u00feeir.<a name=\"3\"><span class=\"versanumer\">3<\/span><\/a>Hv\u00f6r \u00feeirra kalla\u00f0i til annars, og sag\u00f0i: heilagur, heilagur, heilagur er Drottinn allsherjar, \u00f6ll j\u00f6r\u00f0in er full af hans d\u00fdr\u00f0.<a name=\"4\"><span class=\"versanumer\">4<\/span><\/a>Vi\u00f0 raust \u00feeirra, \u00fe\u00e1 \u00feeir k\u00f6llu\u00f0u, skulfu undirsyllur \u00fer\u00f6skuldanna, og h\u00fasi\u00f0 var\u00f0 fullt af reyk.<a name=\"5\"><span class=\"versanumer\">5<\/span><\/a>\u00de\u00e1 sag\u00f0i eg: vei m\u00e9r, eg er tapa\u00f0ur! \u00fev\u00ed eg em ma\u00f0ur, sem hefi saurugar varir og b\u00fd me\u00f0al \u00feess f\u00f3lks, sem hefir saurugar varir, og m\u00edn augu hafa s\u00e9\u00f0 konunginn, Drottin allsherjar.<a name=\"6\"><span class=\"versanumer\">6<\/span><\/a>Einn seraffanna flaug \u00fe\u00e1 til m\u00edn; hann h\u00e9lt \u00e1 heitum steini, sem hann haf\u00f0i teki\u00f0 af altarinu me\u00f0 t\u00f6ng.<a name=\"7\"><span class=\"versanumer\">7<\/span><\/a>Hann snart munn minn me\u00f0 steininum, og sag\u00f0i: sj\u00e1! \u00feessi <span class='VideyAth'>(steinn)<\/span> hefir snorti\u00f0 varir \u00fe\u00ednar, \u00fe\u00edn misgj\u00f6r\u00f0 er burttekin og synd \u00fe\u00edn fyrirgefin.<a name=\"8\"><span class=\"versanumer\">8<\/span><\/a>Eg heyr\u00f0i raust hins alvalda, hann sag\u00f0i: Hv\u00f6rn skal eg senda? Hv\u00f6r vill vera vor erindsreki? Eg svara\u00f0i: sj\u00e1! h\u00e9r em eg, send \u00fe\u00fa mig!<a name=\"9\"><span class=\"versanumer\">9<\/span><\/a>Hann sag\u00f0i: Far og seg \u00feessu f\u00f3lki: hl\u00fd\u00f0i\u00f0 grandg\u00e6filega til, en taki\u00f0 \u00fe\u00f3 ekki eftir neinu; horfi\u00f0 \u00e1 vandlega, en ver\u00f0i\u00f0 \u00fe\u00f3 einskis v\u00edsir!<a name=\"10\"><span class=\"versanumer\">10<\/span><\/a>Gj\u00f6r \u00fe\u00fa hjarta \u00feessa f\u00f3lks tilfinningarlaust, og eyru \u00feess daufheyr\u00f0, og afturloka eyrum \u00feess, svo \u00feeir sj\u00e1i ekki me\u00f0 augum s\u00ednum, heyri ekki me\u00f0 eyrum s\u00ednum, og skilji ekkert af viti s\u00ednu, a\u00f0 \u00feeir m\u00e6tti sn\u00faast og ver\u00f0a heilbrig\u00f0ir.<a name=\"11\"><span class=\"versanumer\">11<\/span><\/a>Eg sag\u00f0i: hv\u00f6rsu lengi, alvaldi Gu\u00f0? Hann svara\u00f0i: \u00feanga\u00f0 til borgirnar standa \u00ed ey\u00f0i \u00f3bygg\u00f0ar, og h\u00fasin mannlaus, og landi\u00f0 ver\u00f0ur gj\u00f6reytt,<a name=\"12\"><span class=\"versanumer\">12<\/span><\/a>og \u00fear til er Drottinn hefir reki\u00f0 f\u00f3lki\u00f0 langt \u00ed burt \u00fea\u00f0an, og landi\u00f0 er or\u00f0i\u00f0 a\u00f0 st\u00f3rri au\u00f0n.<a name=\"13\"><span class=\"versanumer\">13<\/span><\/a>T\u00edundi hlutur f\u00f3lksins skal \u00fe\u00f3 enn eftir ver\u00f0a \u00ed landinu, og skal \u00fe\u00f3 s\u00e1 hluti aftur \u00fatrekinn ver\u00f0a. En eins og terpent\u00edntr\u00e9\u00f0 og eikin halda stofni s\u00ednum, \u00fe\u00f3 \u00feau s\u00e9u upp h\u00f6ggvin, eins skal af stofni \u00feessa f\u00f3lks fram koma heilagt afsprengi.<\/p>\n<div class=\"footnoteVidey\"><\/div>\n","protected":false},"excerpt":{"rendered":"<p>Esajas f\u00e6r vitrun, a\u00f0 bo\u00f0a Gy\u00f0ingum hegningu Gu\u00f0s. 1Sama \u00e1r sem Us\u00edas konungur anda\u00f0ist, s\u00e1 eg hinn alvalda, sitjanda \u00e1 h\u00e1reistum og gn\u00e6fanda st\u00f3li, og faldur kl\u00e6\u00f0a hans breiddist um allt musteri\u00f0.2Hj\u00e1 a) honum st\u00f3\u00f0u seraffar (h\u00f6fu\u00f0englar), haf\u00f0i hv\u00f6r \u00feeirra sex v\u00e6ngi; me\u00f0 tveimur huldu \u00feeir \u00e1sj\u00f3nur s\u00ednar, me\u00f0 tveimur f\u00e6tur s\u00edna, og me\u00f0 tveimur flugu \u00feeir.3Hv\u00f6r \u00feeirra kalla\u00f0i til annars, og sag\u00f0i: heilagur, heilagur, heilagur er Drottinn allsherjar, \u00f6ll j\u00f6r\u00f0in er full af hans d\u00fdr\u00f0.4Vi\u00f0 raust \u00feeirra, \u00fe\u00e1 \u00feeir k\u00f6llu\u00f0u, skulfu undirsyllur \u00fer\u00f6skuldanna, og h\u00fasi\u00f0 var\u00f0 fullt af reyk.5\u00de\u00e1 sag\u00f0i eg: vei m\u00e9r, eg er tapa\u00f0ur! \u00fev\u00ed eg em <a href=\"https:\/\/biblian.is\/videy\/jesaja-6-kafli\/\"> [&#8230;]<\/a><\/p>\n","protected":false},"author":1,"featured_media":0,"parent":0,"menu_order":0,"comment_status":"open","ping_status":"open","template":"bibliukaflar.php","meta":{"footnotes":""},"class_list":["post-21534","page","type-page","status-publish","hentry"],"_links":{"self":[{"href":"https:\/\/biblian.is\/videy\/wp-json\/wp\/v2\/pages\/21534","targetHints":{"allow":["GET"]}}],"collection":[{"href":"https:\/\/biblian.is\/videy\/wp-json\/wp\/v2\/pages"}],"about":[{"href":"https:\/\/biblian.is\/videy\/wp-json\/wp\/v2\/types\/page"}],"author":[{"embeddable":true,"href":"https:\/\/biblian.is\/videy\/wp-json\/wp\/v2\/users\/1"}],"replies":[{"embeddable":true,"href":"https:\/\/biblian.is\/videy\/wp-json\/wp\/v2\/comments?post=21534"}],"version-history":[{"count":0,"href":"https:\/\/biblian.is\/videy\/wp-json\/wp\/v2\/pages\/21534\/revisions"}],"wp:attachment":[{"href":"https:\/\/biblian.is\/videy\/wp-json\/wp\/v2\/media?parent=21534"}],"curies":[{"name":"wp","href":"https:\/\/api.w.org\/{rel}","templated":true}]}}