{"id":21533,"date":"2018-01-02T01:02:34","date_gmt":"2018-01-02T01:02:34","guid":{"rendered":"http:\/\/biblian.is\/videy\/jesaja-5-kafli\/"},"modified":"2018-01-02T01:02:34","modified_gmt":"2018-01-02T01:02:34","slug":"jesaja-5-kafli","status":"publish","type":"page","link":"https:\/\/biblian.is\/videy\/jesaja-5-kafli\/","title":{"rendered":"Jesaja 5. kafli"},"content":{"rendered":"<div class=\"fyrirsognVidey\">D\u00e6misaga um v\u00edngar\u00f0; lestir og andvaraleysi \u00fej\u00f3\u00f0arinnar; l\u00fdsing Kaldea, sem \u00e1ttu a\u00f0 ey\u00f0ileggja J\u00fadar\u00edki.<\/div>\n<p><a name=\"1\"><span class=\"versanumer\">1<\/span><\/a>Eg vil kve\u00f0a kv\u00e6\u00f0i fyrir vin m\u00ednum, \u00fea\u00f0 er kv\u00e6\u00f0i vinar m\u00edns um v\u00edngar\u00f0 sinn. Vinur minn \u00e1tti v\u00edngar\u00f0 \u00ed felli nokkuru, \u00fear sem var frj\u00f3vsamur jar\u00f0vegur.<a name=\"2\"><span class=\"versanumer\">2<\/span><\/a>Hann stakk upp gar\u00f0inn, og ruddi burt grj\u00f3tinu \u00far honum; \u00fear gr\u00f3\u00f0ursetti hann einn hinn besta v\u00ednvi\u00f0, bygg\u00f0i turn \u00fear \u00ed gar\u00f0inum, og hj\u00f3 \u00fear \u00fat v\u00ednlagar\u00fer\u00f3; og n\u00fa vona\u00f0i hann, a\u00f0 gar\u00f0urinn mundi bera v\u00ednber, en hann bar v\u00ednmu\u00f0linga.<a name=\"3\"><span class=\"versanumer\">3<\/span><\/a>D\u00e6mi\u00f0 n\u00fa, \u00fe\u00e9r innbyggjendur Jer\u00fasalemsborgar, og \u00fe\u00e9r J\u00fadar\u00edkismenn, milli m\u00edn og m\u00edns v\u00edngar\u00f0s.<a name=\"4\"><span class=\"versanumer\">4<\/span><\/a>Var\u00f0 nokku\u00f0 meira a\u00f0 gj\u00f6rt vi\u00f0 v\u00edngar\u00f0 minn, en eg haf\u00f0a gj\u00f6rt vi\u00f0 hann? Hv\u00ed gaf hann \u00fe\u00e1 af s\u00e9r v\u00ednmu\u00f0linga, \u00feegar eg vona\u00f0i, a\u00f0 hann mundi bera v\u00ednber?<a name=\"5\"><span class=\"versanumer\">5<\/span><\/a>Eg vil n\u00fa segja y\u00f0ur, hva\u00f0 eg vil gj\u00f6ra vi\u00f0 minn v\u00edngar\u00f0. Eg vil taka burt \u00feyrniger\u00f0i\u00f0, sem \u00ed kringum hann er, svo \u00fea\u00f0 ver\u00f0i haft fyrir eldivi\u00f0, og r\u00edfa ni\u00f0ur gar\u00f0inn, svo hann ver\u00f0i f\u00f3tum sundurtro\u00f0inn.<a name=\"6\"><span class=\"versanumer\">6<\/span><\/a>Eg vil l\u00e1ta hann liggja \u00ed ey\u00f0i; hann skal ekki ver\u00f0a sni\u00f0la\u00f0ur, og ekki sl\u00f3\u00f0adreginn <span class='VideyAth'>(hreinsa\u00f0ur)<\/span>; \u00fear skulu vaxa \u00feyrnar og \u00feistlar; og sk\u00fdjunum vil eg um bj\u00f3\u00f0a, a\u00f0 \u00feau l\u00e1ti ekki regnsk\u00farir yfir hann drj\u00fapa. <br \/><a name=\"7\"><span class=\"versanumer\">7<\/span><\/a>\u00cdsraelsni\u00f0jar eru v\u00edngar\u00f0ur Drottins, og J\u00fadar\u00edkismenn hans \u00e1stk\u00e6r gr\u00f3\u00f0ursetning. Hann vona\u00f0i eftir r\u00e9tti, en s\u00e1 ekki anna\u00f0 en manndr\u00e1p; hann v\u00e6nti eftir r\u00e9ttv\u00edsi, en heyr\u00f0i ei anna\u00f0 en ney\u00f0arkvein.<a name=\"8\"><span class=\"versanumer\">8<\/span><\/a>Vei \u00feeim, sem b\u00e6ta h\u00fasi vi\u00f0 h\u00fas, og akri vi\u00f0 akur, \u00feanga\u00f0 til ekkert r\u00fam er til <span class='VideyAth'>(handa \u00f6\u00f0rum)<\/span>, af \u00fev\u00ed \u00fe\u00e9r eru\u00f0 or\u00f0nir einbyggjar landsins.<a name=\"9\"><span class=\"versanumer\">9<\/span><\/a>Drottinn allsherjar hefir hv\u00edsla\u00f0 \u00ed eyra m\u00e9r: \u201e\u00ed sannleika skulu \u00feau enu m\u00f6rgu h\u00fasin ver\u00f0a a\u00f0 au\u00f0n, og \u00feau hinu miklu og f\u00f6gru \u00ed ey\u00f0i standa;<a name=\"10\"><span class=\"versanumer\">10<\/span><\/a>\u00fev\u00ed t\u00edu v\u00edngar\u00f0s pl\u00f3gsl\u00f6nd skulu a\u00f0eins af s\u00e9r gefa einn pott, og ein skeppa s\u00e6\u00f0is ekki nema tunnu\u201c.<a name=\"11\"><span class=\"versanumer\">11<\/span><\/a>Vei \u00feeim, sem upp r\u00edsa \u00e1rla morguns til \u00feess a\u00f0 s\u00e6kjast eftir \u00e1fengum drykk; vei \u00feeim, sem sitja fram \u00e1 kv\u00f6ld til \u00feess a\u00f0 gj\u00f6ra sig v\u00edndrukkna,<a name=\"12\"><span class=\"versanumer\">12<\/span><\/a>og hafa h\u00f6rpur, g\u00edgjur, bumbur og hlj\u00f3\u00f0p\u00edpur vi\u00f0 v\u00edndrykkju s\u00edna, en gefa ekki g\u00e6tur a\u00f0 \u00fev\u00ed, sem Drottinn gj\u00f6rir, og sj\u00e1 ekki verki\u00f0 hans handa.<a name=\"13\"><span class=\"versanumer\">13<\/span><\/a>\u00deess vegna ver\u00f0ur minn f\u00e1fr\u00f3\u00f0i l\u00fd\u00f0ur herleiddur; hans besta mannval deyr af hungri, og al\u00fe\u00fd\u00f0an vanmegnast af \u00feorsta.<a name=\"14\"><span class=\"versanumer\">14<\/span><\/a>\u00deess vegna hefir dau\u00f0ans geimur opna\u00f0 sig, og upp spani\u00f0 sitt geysiv\u00ed\u00f0a op, til \u00feess a\u00f0 skrautmenni borgarinnar og alm\u00faginn, h\u00e1va\u00f0amennirnir og gle\u00f0imennirnir fari ni\u00f0ur \u00feanga\u00f0.<a name=\"15\"><span class=\"versanumer\">15<\/span><\/a>S\u00e9rhv\u00f6r ma\u00f0ur skal ni\u00f0urbeygjast, s\u00e9rhv\u00f6r ma\u00f0ur l\u00edtil\u00e6tast, og augu drambl\u00e1tra ni\u00f0url\u00e6gjast.<a name=\"16\"><span class=\"versanumer\">16<\/span><\/a>\u00de\u00e1 skal Drottinn allsherjar au\u00f0s\u00fdna sig d\u00fdr\u00f0legan \u00ed r\u00e9ttl\u00e6ti,<a name=\"17\"><span class=\"versanumer\">17<\/span><\/a>\u00feegar l\u00f6mbin ganga \u00e1 beit, hvar sem \u00feau vilja r\u00e1fa, og \u00fatlendir menn uppeta hinar au\u00f0u lendur r\u00edkismannanna.<a name=\"18\"><span class=\"versanumer\">18<\/span><\/a>Vei \u00feeim, sem draga rangl\u00e6ti\u00f0 \u00ed h\u00f6ndum lyginnar, og syndina eins og \u00ed vagnreipum;<a name=\"19\"><span class=\"versanumer\">19<\/span><\/a>\u00feeim, er segja: \u201efl\u00fdti hann s\u00e9r, og framkv\u00e6mi br\u00e1\u00f0lega s\u00edna fyrir\u00e6tlum, svo v\u00e9r megum sj\u00e1 hana; l\u00e1tum r\u00e1\u00f0agj\u00f6r\u00f0 hins heilaga \u00cdsraels Gu\u00f0s n\u00e1lgast og fram koma, svo v\u00e9r getum vita\u00f0 hana\u201c.<a name=\"20\"><span class=\"versanumer\">20<\/span><\/a>Vei \u00feeim, sem kalla hi\u00f0 vonda gott, og hi\u00f0 g\u00f3\u00f0a vont, sem gj\u00f6ra myrkur a\u00f0 lj\u00f3si, og lj\u00f3s a\u00f0 myrkri, beiskt a\u00f0 s\u00e6tu, og s\u00e6tt a\u00f0 beisku.<a name=\"21\"><span class=\"versanumer\">21<\/span><\/a>Vei \u00feeim, sem eru v\u00edsir \u00ed s\u00ednum eigin augum, og hyggnir \u00ed augs\u00fdn sj\u00e1lfra sinna.<a name=\"22\"><span class=\"versanumer\">22<\/span><\/a>Vei \u00feeim, sem kappar eru v\u00edn a\u00f0 rekka, og \u00f6flugar hetjur til a\u00f0 byrla \u00e1fengan drykk;<a name=\"23\"><span class=\"versanumer\">23<\/span><\/a>\u00feeim, sem taka f\u00e9 til s\u00fdknar hinum \u00f3gu\u00f0lega, en halla r\u00e9tti hinna r\u00e1\u00f0v\u00f6ndu.<a name=\"24\"><span class=\"versanumer\">24<\/span><\/a>\u00deess vegna, eins og eldsloginn ey\u00f0ir h\u00e1lmleggjunum, og sinan hn\u00edgur ni\u00f0ur \u00ed b\u00e1li\u00f0, eins skal r\u00f3t \u00feessara manna ver\u00f0a sem efja, og bl\u00f3m \u00feeirra upp rj\u00faka sem moldarryk, af \u00fev\u00ed \u00feeir h\u00f6fnu\u00f0u l\u00f6gm\u00e1li Drottins allsherjar, og fyrirlitu or\u00f0 hins heilaga \u00cdsraels Gu\u00f0s.<a name=\"25\"><span class=\"versanumer\">25<\/span><\/a>\u00deess vegna er rei\u00f0i Drottins upptendru\u00f0 \u00ed gegn s\u00ednum l\u00fd\u00f0: hann \u00fatr\u00e9ttir h\u00f6nd s\u00edna m\u00f3ti honum, og sl\u00e6r hann, svo fj\u00f6llin skj\u00e1lfa, og l\u00edkin liggja sem saur \u00e1 str\u00e6tum. Allt fyrir \u00fea\u00f0 linnir ekki hans rei\u00f0i, og h\u00f6nd hans er enn \u00fe\u00e1 \u00fatr\u00e9tt. <br \/><a name=\"26\"><span class=\"versanumer\">26<\/span><\/a>Hann mun reisa hermerki fyrir fj\u00e6rl\u00e6gum \u00fej\u00f3\u00f0um, hann mun bl\u00edstra og stefna \u00feeim hinga\u00f0 fr\u00e1 ystu lands\u00e1lfum; og sj\u00e1, \u00feeir munu koma flj\u00f3tt og skyndilega.<a name=\"27\"><span class=\"versanumer\">27<\/span><\/a>\u00c1 me\u00f0al \u00feeirra er engi s\u00e1, a\u00f0 m\u00e6ddur s\u00e9, enginn, sem hrasi, enginn, sem dotti e\u00f0a syfji; engum \u00feeirra losnar belti fr\u00e1 lendum, og ekki slitnar sk\u00f3\u00fevengur nokkurs \u00feeirra.<a name=\"28\"><span class=\"versanumer\">28<\/span><\/a>\u00d6rvar \u00feeirra eru br\u00fdndar, og allir bogar \u00feeirra upp dregnir; h\u00f3far hestanna eru sem steinn og vagnhj\u00f3lin sem vindbylur.<a name=\"29\"><span class=\"versanumer\">29<\/span><\/a>\u00deeir \u00f6skra sem lj\u00f3nsm\u00e6\u00f0ra, og grenja sem lj\u00f3nsk\u00e1lfar; \u00feeir geisa \u00e1fram, gr\u00edpa herfangi\u00f0, og hafa \u00fea\u00f0 \u00e1 burt, \u00e1n \u00feess nokkur f\u00e1i \u00fev\u00ed bjarga\u00f0.<a name=\"30\"><span class=\"versanumer\">30<\/span><\/a>\u00c1 \u00feeim degi munu \u00feeir geisa \u00e1 hendur l\u00fd\u00f0num, eins og sj\u00e1var\u00f3lga. Hann horfir \u00e1 land upp, en s\u00e9r ekki nema myrkur og ney\u00f0, og dagsbirtan ver\u00f0ur myrk \u00ed hruni \u00feess.<\/p>\n<div class=\"footnoteVidey\">V. 2. a. Jer. 36,21.<\/div>\n","protected":false},"excerpt":{"rendered":"<p>D\u00e6misaga um v\u00edngar\u00f0; lestir og andvaraleysi \u00fej\u00f3\u00f0arinnar; l\u00fdsing Kaldea, sem \u00e1ttu a\u00f0 ey\u00f0ileggja J\u00fadar\u00edki. 1Eg vil kve\u00f0a kv\u00e6\u00f0i fyrir vin m\u00ednum, \u00fea\u00f0 er kv\u00e6\u00f0i vinar m\u00edns um v\u00edngar\u00f0 sinn. Vinur minn \u00e1tti v\u00edngar\u00f0 \u00ed felli nokkuru, \u00fear sem var frj\u00f3vsamur jar\u00f0vegur.2Hann stakk upp gar\u00f0inn, og ruddi burt grj\u00f3tinu \u00far honum; \u00fear gr\u00f3\u00f0ursetti hann einn hinn besta v\u00ednvi\u00f0, bygg\u00f0i turn \u00fear \u00ed gar\u00f0inum, og hj\u00f3 \u00fear \u00fat v\u00ednlagar\u00fer\u00f3; og n\u00fa vona\u00f0i hann, a\u00f0 gar\u00f0urinn mundi bera v\u00ednber, en hann bar v\u00ednmu\u00f0linga.3D\u00e6mi\u00f0 n\u00fa, \u00fe\u00e9r innbyggjendur Jer\u00fasalemsborgar, og \u00fe\u00e9r J\u00fadar\u00edkismenn, milli m\u00edn og m\u00edns v\u00edngar\u00f0s.4Var\u00f0 nokku\u00f0 meira a\u00f0 gj\u00f6rt vi\u00f0 v\u00edngar\u00f0 minn, en <a href=\"https:\/\/biblian.is\/videy\/jesaja-5-kafli\/\"> [&#8230;]<\/a><\/p>\n","protected":false},"author":1,"featured_media":0,"parent":0,"menu_order":0,"comment_status":"open","ping_status":"open","template":"bibliukaflar.php","meta":{"footnotes":""},"class_list":["post-21533","page","type-page","status-publish","hentry"],"_links":{"self":[{"href":"https:\/\/biblian.is\/videy\/wp-json\/wp\/v2\/pages\/21533","targetHints":{"allow":["GET"]}}],"collection":[{"href":"https:\/\/biblian.is\/videy\/wp-json\/wp\/v2\/pages"}],"about":[{"href":"https:\/\/biblian.is\/videy\/wp-json\/wp\/v2\/types\/page"}],"author":[{"embeddable":true,"href":"https:\/\/biblian.is\/videy\/wp-json\/wp\/v2\/users\/1"}],"replies":[{"embeddable":true,"href":"https:\/\/biblian.is\/videy\/wp-json\/wp\/v2\/comments?post=21533"}],"version-history":[{"count":0,"href":"https:\/\/biblian.is\/videy\/wp-json\/wp\/v2\/pages\/21533\/revisions"}],"wp:attachment":[{"href":"https:\/\/biblian.is\/videy\/wp-json\/wp\/v2\/media?parent=21533"}],"curies":[{"name":"wp","href":"https:\/\/api.w.org\/{rel}","templated":true}]}}