{"id":21531,"date":"2018-01-02T01:02:34","date_gmt":"2018-01-02T01:02:34","guid":{"rendered":"http:\/\/biblian.is\/videy\/jesaja-3-kafli\/"},"modified":"2018-01-02T01:02:34","modified_gmt":"2018-01-02T01:02:34","slug":"jesaja-3-kafli","status":"publish","type":"page","link":"https:\/\/biblian.is\/videy\/jesaja-3-kafli\/","title":{"rendered":"Jesaja 3. kafli"},"content":{"rendered":"<div class=\"fyrirsognVidey\">Si\u00f0aspilling Gy\u00f0inga; ofr\u00edki hinna voldugu; ofl\u00e6ti og s\u00e6ll\u00edfi kvenna.<\/div>\n<p><a name=\"1\"><span class=\"versanumer\">1<\/span><\/a>\u00dev\u00ed, sj\u00e1 \u00fe\u00fa! hinn alvaldi, Drottinn allsherjar, mun kippa hv\u00f6rri sto\u00f0 og styttu undan Jer\u00fasalemsborg og J\u00fadar\u00edki, og svipta \u00feau \u00f6llum byrg\u00f0um brau\u00f0s og vatns,<a name=\"2\"><span class=\"versanumer\">2<\/span><\/a>hetjum og herm\u00f6nnum, d\u00f3mendum og sp\u00e1m\u00f6nnum, forsp\u00e1um og g\u00f6mlum m\u00f6nnum,<a name=\"3\"><span class=\"versanumer\">3<\/span><\/a>h\u00f6fu\u00f0sm\u00f6nnum, vir\u00f0ingam\u00f6nnum, r\u00e1\u00f0gj\u00f6fum, hugvitsm\u00f6nnum og kunn\u00e1ttum\u00f6nnum.<a name=\"4\"><span class=\"versanumer\">4<\/span><\/a>Eg vil f\u00e1 \u00feeim ungmenni fyrir h\u00f6f\u00f0ingja, og sm\u00e1sveinar skulu drottna yfir \u00feeim.<a name=\"5\"><span class=\"versanumer\">5<\/span><\/a>\u00c1 me\u00f0al f\u00f3lksins skal ma\u00f0ur manni \u00ferengja, og einn \u00f6\u00f0rum b\u00e6gja, unglingurinn skal ofsast vi\u00f0 hinn aldra\u00f0a, og \u00f3tiginn ma\u00f0ur vi\u00f0 tignarmanninn.<a name=\"6\"><span class=\"versanumer\">6<\/span><\/a>\u00de\u00e1 mun hv\u00f6r taka sinn \u00e6ttmann <span class='VideyAth'>(og segja vi\u00f0 hann)<\/span>: \u00fe\u00fa \u00e1tt kl\u00e6\u00f0na\u00f0, \u00fe\u00fa skalt vera vor yfirma\u00f0ur, \u00fe\u00fa skalt r\u00e1\u00f0a b\u00f3t \u00e1 \u00feessum vandr\u00e6\u00f0um.<a name=\"7\"><span class=\"versanumer\">7<\/span><\/a>\u00de\u00e1 mun hinn kalla h\u00e1st\u00f6fum, og segja: eg get ekki l\u00e6kna\u00f0, eg \u00e1 hv\u00f6rki til f\u00f6t n\u00e9 f\u00e6\u00f0i \u00ed h\u00fasi m\u00ednu; gj\u00f6ri\u00f0 mig ekki a\u00f0 yfirmanni f\u00f3lksins!<a name=\"8\"><span class=\"versanumer\">8<\/span><\/a>\u00deannig mun Jer\u00fasalemsborg hrapa, og J\u00fadar\u00edki falla, af \u00fev\u00ed \u00feeir \u00ed or\u00f0i og verki standa \u00ed m\u00f3ti Drottni, og jafnbj\u00f3\u00f0a hans tignarveldi.<a name=\"9\"><span class=\"versanumer\">9<\/span><\/a>\u00d3svifni \u00feeirra vitnar \u00ed gegn \u00feeim; \u00feeir gj\u00f6ra syndir s\u00ednar heyrumkunnar, eins og \u00feeir \u00ed S\u00f3d\u00f3msborg, og leyna \u00feeim ekki. Vei \u00feeim! \u00fev\u00ed \u00feeir baka s\u00e9r sj\u00e1lfum \u00f3g\u00e6fu.<a name=\"10\"><span class=\"versanumer\">10<\/span><\/a>Segi\u00f0 til hinna gu\u00f0hr\u00e6ddu, a\u00f0 \u00feeim muni vel vegna, \u00fev\u00ed \u00feeir munu nj\u00f3ta \u00e1vaxtar verka sinna.<a name=\"11\"><span class=\"versanumer\">11<\/span><\/a>Vei hinum \u00f3gu\u00f0lega! honum mun illa vegna, \u00fev\u00ed honum mun goldi\u00f0 ver\u00f0a eftir tilgj\u00f6r\u00f0um hans. <br \/><a name=\"12\"><span class=\"versanumer\">12<\/span><\/a>\u00c6, minn l\u00fd\u00f0! \u00fea\u00f0 eru b\u00f6rn, sem \u00fej\u00e1 hann, og konur, sem drottna yfir honum. \u00de\u00fa minn l\u00fd\u00f0ur! lei\u00f0togar \u00fe\u00ednir lei\u00f0a \u00feig aflei\u00f0is, og skemma \u00fe\u00e1 brautina, sem \u00fe\u00fa \u00e1ttir a\u00f0 ganga.<a name=\"13\"><span class=\"versanumer\">13<\/span><\/a>Drottinn er framgenginn til a\u00f0 s\u00e6kja s\u00f6kina, hann stendur frammi til a\u00f0 d\u00e6ma \u00fej\u00f3\u00f0irnar.<a name=\"14\"><span class=\"versanumer\">14<\/span><\/a>Drottinn vill fram ganga til d\u00f3ms \u00ed gegn forstj\u00f3rum og yfirm\u00f6nnum s\u00edns l\u00fd\u00f0s: \u201e\u00fe\u00e9r eru\u00f0 \u00fea\u00f0, sem lagt hafi\u00f0 v\u00edngar\u00f0inn \u00ed ey\u00f0i; \u00ed y\u00f0ar h\u00fasum er \u00fea\u00f0 f\u00e9, sem r\u00e6nt hefir veri\u00f0 fr\u00e1 hinum f\u00e1t\u00e6ka.<a name=\"15\"><span class=\"versanumer\">15<\/span><\/a>Hva\u00f0 \u00e6tlist \u00fe\u00e9r fyrir? Vilji\u00f0 \u00fe\u00e9r undirk\u00faga minn l\u00fd\u00f0? vilji\u00f0 \u00fe\u00e9r gj\u00f6ra \u00fat af vi\u00f0 hina f\u00e1t\u00e6ku? segir hinn alvaldi, Drottinn allsherjar. <br \/><a name=\"16\"><span class=\"versanumer\">16<\/span><\/a>Ennfremur segir Drottinn: s\u00f6kum \u00feess a\u00f0 d\u00e6tur S\u00edonsborgar eru drambl\u00e1tar, ganga me\u00f0 reig\u00f0a h\u00e1lsa, depla <span class='VideyAth'>(tildra)<\/span> augunum, tifa \u00ed g\u00f6ngunni og hafa l\u00e1tg\u00e6\u00f0isfullan f\u00f3tabur\u00f0:<a name=\"17\"><span class=\"versanumer\">17<\/span><\/a>\u00fe\u00e1 mun hinn alvaldi h\u00e1rlausan gj\u00f6ra hvirfil S\u00edonsborgard\u00e6tra, og Drottinn mun gj\u00f6ra blyg\u00f0un \u00feeirra opinbera.<a name=\"18\"><span class=\"versanumer\">18<\/span><\/a>\u00c1 sama degi mun hinn alvaldi \u00ed burt taka \u00fe\u00e6r hinar f\u00f6gru \u00f6kklaspennur, h\u00fafurnar, h\u00e1lstinglin,<a name=\"19\"><span class=\"versanumer\">19<\/span><\/a>eyrnaperlurnar, armfestarnar, andlitssk\u00fdlurnar,<a name=\"20\"><span class=\"versanumer\">20<\/span><\/a>motrana, \u00f6kklafestarnar, lindana, ilmbaukana, t\u00f6fra\u00feingin,<a name=\"21\"><span class=\"versanumer\">21<\/span><\/a>fingurgullin, nasanistin,<a name=\"22\"><span class=\"versanumer\">22<\/span><\/a>glitkl\u00e6\u00f0in, k\u00e1purnar, skikkjurnar og pyngjurnar,<a name=\"23\"><span class=\"versanumer\">23<\/span><\/a>bl\u00e6jurnar, l\u00ednserkina, ennid\u00fakana og yfirhafnirnar.<a name=\"24\"><span class=\"versanumer\">24<\/span><\/a>\u00de\u00e6r skulu hafa illan daun fyrir s\u00e6tan ilm, fetil fyrir beltislinda, sk\u00f6ll\u00f3tt h\u00f6fu\u00f0 fyrir sveipa\u00f0 h\u00e1r, h\u00e6ruband fyrir brj\u00f3stgj\u00f6r\u00f0, dapran yfirlit \u00ed sta\u00f0inn fyrir fegur\u00f0.<a name=\"25\"><span class=\"versanumer\">25<\/span><\/a>Menn \u00fe\u00ednir munu fyrir sver\u00f0i falla, og kappar \u00fe\u00ednir \u00ed orrustu.<a name=\"26\"><span class=\"versanumer\">26<\/span><\/a>Hli\u00f0 Jer\u00fasalemsborgar munu s\u00fdta og harma, og h\u00fan sj\u00e1lf mun sitja einmana \u00e1 j\u00f6r\u00f0unni.<\/p>\n<div class=\"footnoteVidey\"><\/div>\n","protected":false},"excerpt":{"rendered":"<p>Si\u00f0aspilling Gy\u00f0inga; ofr\u00edki hinna voldugu; ofl\u00e6ti og s\u00e6ll\u00edfi kvenna. 1\u00dev\u00ed, sj\u00e1 \u00fe\u00fa! hinn alvaldi, Drottinn allsherjar, mun kippa hv\u00f6rri sto\u00f0 og styttu undan Jer\u00fasalemsborg og J\u00fadar\u00edki, og svipta \u00feau \u00f6llum byrg\u00f0um brau\u00f0s og vatns,2hetjum og herm\u00f6nnum, d\u00f3mendum og sp\u00e1m\u00f6nnum, forsp\u00e1um og g\u00f6mlum m\u00f6nnum,3h\u00f6fu\u00f0sm\u00f6nnum, vir\u00f0ingam\u00f6nnum, r\u00e1\u00f0gj\u00f6fum, hugvitsm\u00f6nnum og kunn\u00e1ttum\u00f6nnum.4Eg vil f\u00e1 \u00feeim ungmenni fyrir h\u00f6f\u00f0ingja, og sm\u00e1sveinar skulu drottna yfir \u00feeim.5\u00c1 me\u00f0al f\u00f3lksins skal ma\u00f0ur manni \u00ferengja, og einn \u00f6\u00f0rum b\u00e6gja, unglingurinn skal ofsast vi\u00f0 hinn aldra\u00f0a, og \u00f3tiginn ma\u00f0ur vi\u00f0 tignarmanninn.6\u00de\u00e1 mun hv\u00f6r taka sinn \u00e6ttmann (og segja vi\u00f0 hann): \u00fe\u00fa \u00e1tt kl\u00e6\u00f0na\u00f0, \u00fe\u00fa skalt vera vor yfirma\u00f0ur, \u00fe\u00fa skalt <a href=\"https:\/\/biblian.is\/videy\/jesaja-3-kafli\/\"> [&#8230;]<\/a><\/p>\n","protected":false},"author":1,"featured_media":0,"parent":0,"menu_order":0,"comment_status":"open","ping_status":"open","template":"bibliukaflar.php","meta":{"footnotes":""},"class_list":["post-21531","page","type-page","status-publish","hentry"],"_links":{"self":[{"href":"https:\/\/biblian.is\/videy\/wp-json\/wp\/v2\/pages\/21531","targetHints":{"allow":["GET"]}}],"collection":[{"href":"https:\/\/biblian.is\/videy\/wp-json\/wp\/v2\/pages"}],"about":[{"href":"https:\/\/biblian.is\/videy\/wp-json\/wp\/v2\/types\/page"}],"author":[{"embeddable":true,"href":"https:\/\/biblian.is\/videy\/wp-json\/wp\/v2\/users\/1"}],"replies":[{"embeddable":true,"href":"https:\/\/biblian.is\/videy\/wp-json\/wp\/v2\/comments?post=21531"}],"version-history":[{"count":0,"href":"https:\/\/biblian.is\/videy\/wp-json\/wp\/v2\/pages\/21531\/revisions"}],"wp:attachment":[{"href":"https:\/\/biblian.is\/videy\/wp-json\/wp\/v2\/media?parent=21531"}],"curies":[{"name":"wp","href":"https:\/\/api.w.org\/{rel}","templated":true}]}}