{"id":21530,"date":"2018-01-02T01:02:34","date_gmt":"2018-01-02T01:02:34","guid":{"rendered":"http:\/\/biblian.is\/videy\/jesaja-2-kafli\/"},"modified":"2018-01-02T01:02:34","modified_gmt":"2018-01-02T01:02:34","slug":"jesaja-2-kafli","status":"publish","type":"page","link":"https:\/\/biblian.is\/videy\/jesaja-2-kafli\/","title":{"rendered":"Jesaja 2. kafli"},"content":{"rendered":"<div class=\"fyrirsognVidey\">D\u00fdrkun hins sanna Gu\u00f0s skal \u00fatbrei\u00f0ast me\u00f0al allra \u00fej\u00f3\u00f0a, en ofmetna\u00f0ur og hj\u00e1gu\u00f0ad\u00fdrkun, ni\u00f0urkefjast.<\/div>\n<p><a name=\"1\"><span class=\"versanumer\">1<\/span><\/a>\u00deetta er \u00fea\u00f0, sem Esajasi Amossyni vitra\u00f0ist um J\u00fadar\u00edki og Jer\u00fasalemsborg:<br \/><a name=\"2\"><span class=\"versanumer\">2<\/span><\/a>\u00c1 hinum s\u00ed\u00f0ustu d\u00f6gum mun fjall \u00fea\u00f0, er Drottins h\u00fas stendur \u00e1, grundvalla\u00f0 ver\u00f0a \u00e1 fjallatindi, og gn\u00e6fa upp yfir a\u00f0rar h\u00e6\u00f0ir, og \u00feanga\u00f0 munu allir hei\u00f0ingjar streyma; <br \/><a name=\"3\"><span class=\"versanumer\">3<\/span><\/a>og margar \u00fej\u00f3\u00f0ir munu b\u00faast til fer\u00f0ar, og segja: komi\u00f0, l\u00e1tum oss uppfara \u00e1 Drottins fjall, til h\u00fass Jakobs Gu\u00f0s, a\u00f0 hann v\u00edsi oss s\u00edna vegu, svo v\u00e9r megum ganga \u00e1 hans stigum; \u00fev\u00ed fr\u00e1 S\u00edonsfjalli mun l\u00f6gm\u00e1li\u00f0 \u00fat ganga, og or\u00f0 Drottins fr\u00e1 Jer\u00fasalemsborg. <br \/><a name=\"4\"><span class=\"versanumer\">4<\/span><\/a>Og hann <span class='VideyAth'>(Drottinn)<\/span> skal d\u00e6ma me\u00f0al hei\u00f0ingjanna, og skera \u00far m\u00e1lum margra \u00fej\u00f3\u00f0a, svo \u00fe\u00e6r munu sm\u00ed\u00f0a pl\u00f3gj\u00e1rn \u00far sver\u00f0um s\u00ednum, og kornsig\u00f0ir \u00far spj\u00f3tum s\u00ednum. Engi \u00fej\u00f3\u00f0 skal sver\u00f0 rei\u00f0a a\u00f0 annarri \u00fej\u00f3\u00f0, og ekki l\u00e6ra herna\u00f0ar\u00ed\u00fer\u00f3tt framar. <br \/><a name=\"5\"><span class=\"versanumer\">5<\/span><\/a>\u00de\u00e9r Jakobsni\u00f0jar, komi\u00f0, l\u00e1tum oss ganga \u00ed lj\u00f3si Drottins!<a name=\"6\"><span class=\"versanumer\">6<\/span><\/a>\u00dev\u00ed \u00fe\u00fa <span class='VideyAth'>(Drottinn!)<\/span> hefir yfirgefi\u00f0 \u00feinn l\u00fd\u00f0, Jakobsni\u00f0ja, af \u00fev\u00ed \u00feeir eru enn frekari en austurlendingar, \u00feeir fremja augnasei\u00f0, eins og Filistear, og leggja lag sitt vi\u00f0 \u00fatlenska menn.<a name=\"7\"><span class=\"versanumer\">7<\/span><\/a>Land \u00feeirra er fullt af silfri og gulli, og \u00feeir hafa \u00f3grynni lausafj\u00e1r; land \u00feeirra er fullt af hestum, og vagnar \u00feeirra \u00f3t\u00f6lulegir.<a name=\"8\"><span class=\"versanumer\">8<\/span><\/a>En land \u00feeirra er einnig fullt af hj\u00e1gu\u00f0um; \u00feeir falla fram fyrir eigin handaverkum s\u00ednum, fram fyrir \u00fev\u00ed, sem fingur \u00feeirra hafa tilb\u00fai\u00f0.<a name=\"9\"><span class=\"versanumer\">9<\/span><\/a>\u00deess vegna skal hv\u00f6r ma\u00f0ur ni\u00f0urbeygjast, hv\u00f6r ma\u00f0ur l\u00edtill\u00e6gjast; \u00fe\u00fa munt eigi fyrirgefa \u00feeim sl\u00edkt.<a name=\"10\"><span class=\"versanumer\">10<\/span><\/a>Gakk \u00fe\u00fa inn \u00ed bergi\u00f0, og fel \u00feig ni\u00f0ri \u00ed j\u00f6r\u00f0unni fyrir \u00f3gnum Drottins og lj\u00f3manum hans h\u00e1tignar.<a name=\"11\"><span class=\"versanumer\">11<\/span><\/a>Drambl\u00e6ti mannsins skal l\u00edtill\u00e6kkast, og hroki mannanna ni\u00f0urbeygjast; Drottinn einn skal \u00e1 \u00feeim degi h\u00e1leitur vera.<a name=\"12\"><span class=\"versanumer\">12<\/span><\/a>\u00dev\u00ed dagur Drottins allsherjar kemur yfir allt \u00fea\u00f0, sem er drambl\u00e1tt, ofl\u00e6tisfullt og hrokafullt, og \u00fea\u00f0 skal ni\u00f0url\u00e6gt ver\u00f0a;<a name=\"13\"><span class=\"versanumer\">13<\/span><\/a>hann kemur yfir \u00f6ll h\u00e1reist og gn\u00e6fandi sedrustr\u00e9 \u00e1 L\u00edbanonsfjalli, og yfir allar Basans eikur;<a name=\"14\"><span class=\"versanumer\">14<\/span><\/a>yfir \u00f6ll h\u00e1 fj\u00f6ll og allar gn\u00e6fandi h\u00e6\u00f0ir;<a name=\"15\"><span class=\"versanumer\">15<\/span><\/a>yfir alla h\u00e1a turna, og yfir alla ramgj\u00f6rva m\u00farveggi;<a name=\"16\"><span class=\"versanumer\">16<\/span><\/a>yfir alla Tarsisborgar kn\u00f6ru, og yfir allt \u00fea\u00f0, sem fagurt er \u00e1 a\u00f0 l\u00edta.<a name=\"17\"><span class=\"versanumer\">17<\/span><\/a>Drambl\u00e6ti mannsins skal l\u00edtill\u00e6kkast, og hroki mannanna ni\u00f0urbeygjast; Drottinn einn skal \u00e1 \u00feeim degi h\u00e1leitur vera;<a name=\"18\"><span class=\"versanumer\">18<\/span><\/a>en hj\u00e1gu\u00f0irnir skulu me\u00f0 \u00f6llu undir lok l\u00ed\u00f0a.<a name=\"19\"><span class=\"versanumer\">19<\/span><\/a>\u00de\u00e1 munu menn smj\u00faga inn \u00ed bjarghellra og ni\u00f0ur \u00ed fylgsni jar\u00f0ar fyrir \u00f3gnum Drottins og fyrir lj\u00f3manum hans h\u00e1tignar, \u00feegar hann r\u00eds upp til a\u00f0 skelfa j\u00f6r\u00f0ina.<a name=\"20\"><span class=\"versanumer\">20<\/span><\/a>\u00c1 \u00feeim degi mun hv\u00f6r ma\u00f0ur fyrir moldv\u00f6rpur og le\u00f0urbl\u00f6kur ni\u00f0ur kasta \u00feeim skur\u00f0go\u00f0um og l\u00edkneskjum, sem \u00feeir hafa b\u00fai\u00f0 s\u00e9r til \u00far silfri og gulli til a\u00f0 falla fram fyrir og tilbi\u00f0ja;<a name=\"21\"><span class=\"versanumer\">21<\/span><\/a>en sj\u00e1lfir munu \u00feeir skrei\u00f0ast inn \u00ed bjarghellra og hamarskorur fyrir \u00f3gnum Drottins og fyrir lj\u00f3manum hans h\u00e1tignar, \u00fe\u00e1 hann r\u00eds upp til a\u00f0 skelfa jar\u00f0r\u00edki.<a name=\"22\"><span class=\"versanumer\">22<\/span><\/a>Treysti\u00f0 ekki \u00e1 nokkurn mann, sem l\u00edfsanda dregur; \u00fev\u00ed, hve mikils er hann metinn?<\/p>\n<div class=\"footnoteVidey\"><\/div>\n","protected":false},"excerpt":{"rendered":"<p>D\u00fdrkun hins sanna Gu\u00f0s skal \u00fatbrei\u00f0ast me\u00f0al allra \u00fej\u00f3\u00f0a, en ofmetna\u00f0ur og hj\u00e1gu\u00f0ad\u00fdrkun, ni\u00f0urkefjast. 1\u00deetta er \u00fea\u00f0, sem Esajasi Amossyni vitra\u00f0ist um J\u00fadar\u00edki og Jer\u00fasalemsborg:2\u00c1 hinum s\u00ed\u00f0ustu d\u00f6gum mun fjall \u00fea\u00f0, er Drottins h\u00fas stendur \u00e1, grundvalla\u00f0 ver\u00f0a \u00e1 fjallatindi, og gn\u00e6fa upp yfir a\u00f0rar h\u00e6\u00f0ir, og \u00feanga\u00f0 munu allir hei\u00f0ingjar streyma; 3og margar \u00fej\u00f3\u00f0ir munu b\u00faast til fer\u00f0ar, og segja: komi\u00f0, l\u00e1tum oss uppfara \u00e1 Drottins fjall, til h\u00fass Jakobs Gu\u00f0s, a\u00f0 hann v\u00edsi oss s\u00edna vegu, svo v\u00e9r megum ganga \u00e1 hans stigum; \u00fev\u00ed fr\u00e1 S\u00edonsfjalli mun l\u00f6gm\u00e1li\u00f0 \u00fat ganga, og or\u00f0 Drottins fr\u00e1 Jer\u00fasalemsborg. 4Og hann (Drottinn) <a href=\"https:\/\/biblian.is\/videy\/jesaja-2-kafli\/\"> [&#8230;]<\/a><\/p>\n","protected":false},"author":1,"featured_media":0,"parent":0,"menu_order":0,"comment_status":"open","ping_status":"open","template":"bibliukaflar.php","meta":{"footnotes":""},"class_list":["post-21530","page","type-page","status-publish","hentry"],"_links":{"self":[{"href":"https:\/\/biblian.is\/videy\/wp-json\/wp\/v2\/pages\/21530","targetHints":{"allow":["GET"]}}],"collection":[{"href":"https:\/\/biblian.is\/videy\/wp-json\/wp\/v2\/pages"}],"about":[{"href":"https:\/\/biblian.is\/videy\/wp-json\/wp\/v2\/types\/page"}],"author":[{"embeddable":true,"href":"https:\/\/biblian.is\/videy\/wp-json\/wp\/v2\/users\/1"}],"replies":[{"embeddable":true,"href":"https:\/\/biblian.is\/videy\/wp-json\/wp\/v2\/comments?post=21530"}],"version-history":[{"count":0,"href":"https:\/\/biblian.is\/videy\/wp-json\/wp\/v2\/pages\/21530\/revisions"}],"wp:attachment":[{"href":"https:\/\/biblian.is\/videy\/wp-json\/wp\/v2\/media?parent=21530"}],"curies":[{"name":"wp","href":"https:\/\/api.w.org\/{rel}","templated":true}]}}