{"id":21527,"date":"2018-01-02T01:02:27","date_gmt":"2018-01-02T01:02:27","guid":{"rendered":"http:\/\/biblian.is\/videy\/ljodaljodin-7-kafli\/"},"modified":"2018-01-02T01:02:27","modified_gmt":"2018-01-02T01:02:27","slug":"ljodaljodin-7-kafli","status":"publish","type":"page","link":"https:\/\/biblian.is\/videy\/ljodaljodin-7-kafli\/","title":{"rendered":"Lj\u00f3\u00f0alj\u00f3\u00f0in 7. kafli"},"content":{"rendered":"<div class=\"fyrirsognVidey\">Sama efni.<\/div>\n<p><a name=\"1\"><span class=\"versanumer\">1<\/span><\/a>Hv\u00f6rsu f\u00f6gur eru spor \u00feinna sk\u00f3a, \u00fe\u00fa furstad\u00f3ttir! \u00e1vali \u00feinna mja\u00f0ma er eins og h\u00e1lssp\u00f6ng, gj\u00f6r\u00f0 af meistarah\u00f6nd;<a name=\"2\"><span class=\"versanumer\">2<\/span><\/a>\u00feinn nafli er kringl\u00f3tt sk\u00e1l, sem ekki vantar ilmandi v\u00edn; \u00feinn kvi\u00f0ur er hveitihr\u00faga kringsettur me\u00f0 liljum;<a name=\"3\"><span class=\"versanumer\">3<\/span><\/a>\u00fe\u00edn tv\u00f6 brj\u00f3st eru eins og tveir ungir r\u00e1d\u00fdrstv\u00edburar;<a name=\"4\"><span class=\"versanumer\">4<\/span><\/a>\u00feinn h\u00e1ls eins og f\u00edlabeinsturn; \u00fe\u00edn augu eins og fiskiv\u00f6tnin \u00ed Hesbon, hj\u00e1 hli\u00f0inu Bat-Rabbim; \u00feitt nef eins og Libanons turn <span class='VideyAth'>(tindar)<\/span> sem veit a\u00f0 Damaskus;<a name=\"5\"><span class=\"versanumer\">5<\/span><\/a>\u00feitt h\u00f6fu\u00f0 \u00e1 \u00fe\u00e9r eins og <span class='VideyAth'>(fjalli\u00f0)<\/span> Karmel, og \u00feitt h\u00f6fu\u00f0 h\u00e1r sem purpuri\u2014k\u00f3ngurinn <span class='VideyAth'>(ver\u00f0ur)<\/span> bundinn af lokkunum!<a name=\"6\"><span class=\"versanumer\">6<\/span><\/a>Hv\u00f6rsu f\u00f6gur, hv\u00f6rsu elskuleg ert \u00fe\u00fa, elskan m\u00edn, \u00ed yndislegleikanum!<a name=\"7\"><span class=\"versanumer\">7<\/span><\/a>\u00deessi \u00feinn v\u00f6xtur er l\u00edkur p\u00e1lmavi\u00f0arins, og \u00fe\u00edn brj\u00f3st v\u00ednberjaklasa.<a name=\"8\"><span class=\"versanumer\">8<\/span><\/a>M\u00e9r kemur \u00ed hug: upp \u00ed p\u00e1lmvi\u00f0artr\u00e9\u00f0 vil eg klifrast, og n\u00e1 \u00ed \u00feess greinir! Og l\u00e1t samt \u00fe\u00edn brj\u00f3st vera, sem v\u00ednberjaklasa, og andann \u00far \u00fe\u00ednu nefi sem epli.<a name=\"9\"><span class=\"versanumer\">9<\/span><\/a>Og \u00feinn munn sem \u00e1g\u00e6tasta v\u00edn! sem vini m\u00ednum rennur ni\u00f0ur, l\u00e6\u00f0ist yfir sofandi varir.<a name=\"10\"><span class=\"versanumer\">10<\/span><\/a>Eg tilheyri m\u00ednum vin, og hann hefir l\u00f6ngun til m\u00edn.<a name=\"11\"><span class=\"versanumer\">11<\/span><\/a>Kom, minn vin! vi\u00f0 skulum fara \u00fat \u00e1 landi\u00f0, dvelja \u00ed b\u00e6ndab\u00fdlum!<a name=\"12\"><span class=\"versanumer\">12<\/span><\/a>Svo skulum vi\u00f0 snemma ganga \u00ed v\u00edngar\u00f0ana, sko\u00f0a hv\u00f6rt v\u00edntr\u00e9\u00f0 er fari\u00f0 a\u00f0 skj\u00f3ta \u00f6ngum, bera bl\u00f3mstur, hv\u00f6rt kjarneplin eru \u00ed bl\u00f3ma: \u00fear vil eg gefa \u00fe\u00e9r m\u00edna elsku!<a name=\"13\"><span class=\"versanumer\">13<\/span><\/a>Elskueplin <span class='VideyAth'>(d\u00fadaim)<\/span> lukta, og vi\u00f0 vorar dyr eru allsh\u00e1ttar d\u00fdrir \u00e1vextir, n\u00fdir og gamlir; minn vin! eg geymi \u00fe\u00e9r \u00fe\u00e1!<\/p>\n<div class=\"footnoteVidey\"><\/div>\n","protected":false},"excerpt":{"rendered":"<p>Sama efni. 1Hv\u00f6rsu f\u00f6gur eru spor \u00feinna sk\u00f3a, \u00fe\u00fa furstad\u00f3ttir! \u00e1vali \u00feinna mja\u00f0ma er eins og h\u00e1lssp\u00f6ng, gj\u00f6r\u00f0 af meistarah\u00f6nd;2\u00feinn nafli er kringl\u00f3tt sk\u00e1l, sem ekki vantar ilmandi v\u00edn; \u00feinn kvi\u00f0ur er hveitihr\u00faga kringsettur me\u00f0 liljum;3\u00fe\u00edn tv\u00f6 brj\u00f3st eru eins og tveir ungir r\u00e1d\u00fdrstv\u00edburar;4\u00feinn h\u00e1ls eins og f\u00edlabeinsturn; \u00fe\u00edn augu eins og fiskiv\u00f6tnin \u00ed Hesbon, hj\u00e1 hli\u00f0inu Bat-Rabbim; \u00feitt nef eins og Libanons turn (tindar) sem veit a\u00f0 Damaskus;5\u00feitt h\u00f6fu\u00f0 \u00e1 \u00fe\u00e9r eins og (fjalli\u00f0) Karmel, og \u00feitt h\u00f6fu\u00f0 h\u00e1r sem purpuri\u2014k\u00f3ngurinn (ver\u00f0ur) bundinn af lokkunum!6Hv\u00f6rsu f\u00f6gur, hv\u00f6rsu elskuleg ert \u00fe\u00fa, elskan m\u00edn, \u00ed yndislegleikanum!7\u00deessi \u00feinn v\u00f6xtur er l\u00edkur p\u00e1lmavi\u00f0arins, <a href=\"https:\/\/biblian.is\/videy\/ljodaljodin-7-kafli\/\"> [&#8230;]<\/a><\/p>\n","protected":false},"author":1,"featured_media":0,"parent":0,"menu_order":0,"comment_status":"open","ping_status":"open","template":"bibliukaflar.php","meta":{"footnotes":""},"class_list":["post-21527","page","type-page","status-publish","hentry"],"_links":{"self":[{"href":"https:\/\/biblian.is\/videy\/wp-json\/wp\/v2\/pages\/21527","targetHints":{"allow":["GET"]}}],"collection":[{"href":"https:\/\/biblian.is\/videy\/wp-json\/wp\/v2\/pages"}],"about":[{"href":"https:\/\/biblian.is\/videy\/wp-json\/wp\/v2\/types\/page"}],"author":[{"embeddable":true,"href":"https:\/\/biblian.is\/videy\/wp-json\/wp\/v2\/users\/1"}],"replies":[{"embeddable":true,"href":"https:\/\/biblian.is\/videy\/wp-json\/wp\/v2\/comments?post=21527"}],"version-history":[{"count":0,"href":"https:\/\/biblian.is\/videy\/wp-json\/wp\/v2\/pages\/21527\/revisions"}],"wp:attachment":[{"href":"https:\/\/biblian.is\/videy\/wp-json\/wp\/v2\/media?parent=21527"}],"curies":[{"name":"wp","href":"https:\/\/api.w.org\/{rel}","templated":true}]}}