{"id":21524,"date":"2018-01-02T01:02:27","date_gmt":"2018-01-02T01:02:27","guid":{"rendered":"http:\/\/biblian.is\/videy\/ljodaljodin-4-kafli\/"},"modified":"2018-01-02T01:02:27","modified_gmt":"2018-01-02T01:02:27","slug":"ljodaljodin-4-kafli","status":"publish","type":"page","link":"https:\/\/biblian.is\/videy\/ljodaljodin-4-kafli\/","title":{"rendered":"Lj\u00f3\u00f0alj\u00f3\u00f0in 4. kafli"},"content":{"rendered":"<div class=\"fyrirsognVidey\">L\u00fdsing br\u00fa\u00f0urinnar.<\/div>\n<p><a name=\"1\"><span class=\"versanumer\">1<\/span><\/a>Sj\u00e1! f\u00f6gur ert \u00fe\u00fa, m\u00edn vinkona! sj\u00e1! f\u00f6gur ert \u00fe\u00fa! \u00fe\u00edn augu bak vi\u00f0 sk\u00fdluna eru d\u00fafur; \u00feitt h\u00e1r eins og geitahj\u00f6r\u00f0, sem liggur \u00e1 fjallinu G\u00edlea\u00f0.<a name=\"2\"><span class=\"versanumer\">2<\/span><\/a>\u00de\u00ednar t\u00f6nnur eins og klippt sau\u00f0ahj\u00f6r\u00f0, sem kemur af sundi, hvar m\u00e6\u00f0urnar eru allar tv\u00edlembdar, og engin lamblaus me\u00f0al \u00feeirra;<a name=\"3\"><span class=\"versanumer\">3<\/span><\/a>\u00fe\u00ednar varir sem purpurabor\u00f0i; \u00feinn munnur lystilegur; \u00fe\u00ednar kinnar bak vi\u00f0 \u00fe\u00edna sk\u00fdlu eins og helftin af kjarnepli.<a name=\"4\"><span class=\"versanumer\">4<\/span><\/a>\u00deinn h\u00e1ls eins og Dav\u00ed\u00f0sturn, bygg\u00f0ur fyrir hertygi, \u00ed hv\u00f6rjum a\u00f0 hanga \u00fe\u00fasund buklarar, allir skildir kappanna.<a name=\"5\"><span class=\"versanumer\">5<\/span><\/a>\u00de\u00edn tv\u00f6 brj\u00f3st eins og tveir ungir r\u00e1d\u00fdrstv\u00edburar, sem eru \u00e1 beit me\u00f0al liljanna.<a name=\"6\"><span class=\"versanumer\">6<\/span><\/a>\u00deanga\u00f0 til dagurinn ver\u00f0ur svalur, og skuggarnir fl\u00fdja, vil eg ganga til myrrufjallsins og reykelsish\u00e1lsins.<a name=\"7\"><span class=\"versanumer\">7<\/span><\/a>\u00d6ll ertu f\u00f6gur, m\u00edn vinkona, og engin l\u00fdti eru \u00e1 \u00fe\u00e9r!<a name=\"8\"><span class=\"versanumer\">8<\/span><\/a>Me\u00f0 m\u00e9r fr\u00e1 L\u00edbanon, m\u00edn br\u00fa\u00f0ur, me\u00f0 m\u00e9r skaltu koma, l\u00edta ni\u00f0ur fyrir \u00feig fr\u00e1 Amanatindi, fr\u00e1 Senirs- og Hermonstindi, fr\u00e1 b\u00e6lum lj\u00f3nanna, fr\u00e1 fj\u00f6llum pardusd\u00fdranna!<a name=\"9\"><span class=\"versanumer\">9<\/span><\/a>\u00de\u00fa r\u00e6nir mig m\u00ednu hjarta, m\u00edn systir, <span class='VideyAth'>(m\u00edn)<\/span> br\u00fa\u00f0ur, \u00fe\u00fa r\u00e6nir mig m\u00ednu hjarta me\u00f0 einu tilliti \u00fe\u00edns auga, me\u00f0 einni ke\u00f0ju \u00e1 \u00fe\u00ednum h\u00e1lsi!<a name=\"10\"><span class=\"versanumer\">10<\/span><\/a>Hv\u00f6rsu f\u00f6gur er \u00fe\u00edn elska, m\u00edn systir, <span class='VideyAth'>(m\u00edn)<\/span> br\u00fa\u00f0ur, hv\u00f6rsu miklu d\u00fdrm\u00e6tari eru \u00fe\u00edn \u00e1staratlot, heldur en v\u00edn, og ilmur \u00feinna smyrsla heldur enn allt balsam!<a name=\"11\"><span class=\"versanumer\">11<\/span><\/a>Hunangsseimur dr\u00fdpur af \u00fe\u00ednum v\u00f6rum, <span class='VideyAth'>(m\u00edn)<\/span> br\u00fa\u00f0ur! hunang og mj\u00f3lk er undir \u00feinni tungu, og ilmur \u00feinna kl\u00e6\u00f0a er L\u00edbanons ilmur.<a name=\"12\"><span class=\"versanumer\">12<\/span><\/a>\u00de\u00fa ert loka\u00f0ur aldingar\u00f0ur, m\u00edn systir, <span class='VideyAth'>(m\u00edn)<\/span> br\u00fa\u00f0ur, l\u00e6st lind, innsigla\u00f0ur brunnur;<a name=\"13\"><span class=\"versanumer\">13<\/span><\/a>\u00fe\u00ednar pl\u00f6ntur eru lysti runnur af kjarneplum me\u00f0 d\u00fdrum \u00e1v\u00f6xtum, kofer <span class='VideyAth'>(v\u00ednvi\u00f0ur)<\/span> me\u00f0 nardus,<a name=\"14\"><span class=\"versanumer\">14<\/span><\/a>nardus og safran, kalmus og kanel, me\u00f0 allsh\u00e1ttar reykelsisbuskum, myrru og al\u00f3e, me\u00f0 \u00f6llum bestu ilmjurtum;<a name=\"15\"><span class=\"versanumer\">15<\/span><\/a>uppspretta er \u00ed gar\u00f0inum, lifandi vatnslind, sem buldrar fr\u00e1 L\u00edbanon, <span class='VideyAth'>(buldrandi rennur)<\/span>.<a name=\"16\"><span class=\"versanumer\">16<\/span><\/a>\u201eTaktu \u00feig til, nor\u00f0anvindur, kom sunnanvindur, bl\u00e1s \u00fe\u00fa um minn gar\u00f0, svo a\u00f0 hans b\u00e1s\u00fanujurtir drj\u00fapi! vinur minn komi \u00ed sinn aldingar\u00f0 og eti hans \u00e1g\u00e6tu \u00e1vexti.\u201c<\/p>\n<div class=\"footnoteVidey\"><\/div>\n","protected":false},"excerpt":{"rendered":"<p>L\u00fdsing br\u00fa\u00f0urinnar. 1Sj\u00e1! f\u00f6gur ert \u00fe\u00fa, m\u00edn vinkona! sj\u00e1! f\u00f6gur ert \u00fe\u00fa! \u00fe\u00edn augu bak vi\u00f0 sk\u00fdluna eru d\u00fafur; \u00feitt h\u00e1r eins og geitahj\u00f6r\u00f0, sem liggur \u00e1 fjallinu G\u00edlea\u00f0.2\u00de\u00ednar t\u00f6nnur eins og klippt sau\u00f0ahj\u00f6r\u00f0, sem kemur af sundi, hvar m\u00e6\u00f0urnar eru allar tv\u00edlembdar, og engin lamblaus me\u00f0al \u00feeirra;3\u00fe\u00ednar varir sem purpurabor\u00f0i; \u00feinn munnur lystilegur; \u00fe\u00ednar kinnar bak vi\u00f0 \u00fe\u00edna sk\u00fdlu eins og helftin af kjarnepli.4\u00deinn h\u00e1ls eins og Dav\u00ed\u00f0sturn, bygg\u00f0ur fyrir hertygi, \u00ed hv\u00f6rjum a\u00f0 hanga \u00fe\u00fasund buklarar, allir skildir kappanna.5\u00de\u00edn tv\u00f6 brj\u00f3st eins og tveir ungir r\u00e1d\u00fdrstv\u00edburar, sem eru \u00e1 beit me\u00f0al liljanna.6\u00deanga\u00f0 til dagurinn ver\u00f0ur svalur, og skuggarnir <a href=\"https:\/\/biblian.is\/videy\/ljodaljodin-4-kafli\/\"> [&#8230;]<\/a><\/p>\n","protected":false},"author":1,"featured_media":0,"parent":0,"menu_order":0,"comment_status":"open","ping_status":"open","template":"bibliukaflar.php","meta":{"footnotes":""},"class_list":["post-21524","page","type-page","status-publish","hentry"],"_links":{"self":[{"href":"https:\/\/biblian.is\/videy\/wp-json\/wp\/v2\/pages\/21524","targetHints":{"allow":["GET"]}}],"collection":[{"href":"https:\/\/biblian.is\/videy\/wp-json\/wp\/v2\/pages"}],"about":[{"href":"https:\/\/biblian.is\/videy\/wp-json\/wp\/v2\/types\/page"}],"author":[{"embeddable":true,"href":"https:\/\/biblian.is\/videy\/wp-json\/wp\/v2\/users\/1"}],"replies":[{"embeddable":true,"href":"https:\/\/biblian.is\/videy\/wp-json\/wp\/v2\/comments?post=21524"}],"version-history":[{"count":0,"href":"https:\/\/biblian.is\/videy\/wp-json\/wp\/v2\/pages\/21524\/revisions"}],"wp:attachment":[{"href":"https:\/\/biblian.is\/videy\/wp-json\/wp\/v2\/media?parent=21524"}],"curies":[{"name":"wp","href":"https:\/\/api.w.org\/{rel}","templated":true}]}}