{"id":21523,"date":"2018-01-02T01:02:27","date_gmt":"2018-01-02T01:02:27","guid":{"rendered":"http:\/\/biblian.is\/videy\/ljodaljodin-3-kafli\/"},"modified":"2018-01-02T01:02:27","modified_gmt":"2018-01-02T01:02:27","slug":"ljodaljodin-3-kafli","status":"publish","type":"page","link":"https:\/\/biblian.is\/videy\/ljodaljodin-3-kafli\/","title":{"rendered":"Lj\u00f3\u00f0alj\u00f3\u00f0in 3. kafli"},"content":{"rendered":"<div class=\"fyrirsognVidey\">Elskhuginn leitar unnustunnar. Br\u00fa\u00f0arv\u00edsur Sal\u00f3mons.<\/div>\n<p><a name=\"1\"><span class=\"versanumer\">1<\/span><\/a>\u00cd minni s\u00e6ng um n\u00f3tt leita\u00f0i eg \u00feess, sem m\u00edn s\u00e1l elskar; eg leita\u00f0i hans, en eg fann hann ekki.<a name=\"2\"><span class=\"versanumer\">2<\/span><\/a>Eg skal fara \u00e1 f\u00e6tur, <span class='VideyAth'>(sag\u00f0i eg)<\/span> og ganga um borgina, eg vil leita \u00feess sem m\u00edn s\u00e1l elskar \u00e1 str\u00e6tum og torgum. Eg leita\u00f0i hans en fann hann ekki.<a name=\"3\"><span class=\"versanumer\">3<\/span><\/a>Vaktararnir, sem ganga um sta\u00f0inn, hittu mig. Hafi\u00f0 \u00fe\u00e9r s\u00e9\u00f0, <span class='VideyAth'>(sag\u00f0i eg)<\/span> \u00feann, sem m\u00edn s\u00e1l elskar?<a name=\"4\"><span class=\"versanumer\">4<\/span><\/a>Naumast var eg fr\u00e1 \u00feeim genginn, \u00feegar eg fann \u00feann, sem m\u00edn s\u00e1l elskar. Eg h\u00e9lt honum fast, og sleppti honum ekki, \u00feanga\u00f0 til eg leiddi hann \u00ed h\u00fas minnar m\u00f3\u00f0ur, \u00ed herbergi \u00feeirrar sem \u00f3l mig.<a name=\"5\"><span class=\"versanumer\">5<\/span><\/a>\u201eEg s\u00e6ri y\u00f0ur, \u00fe\u00e9r Jer\u00fasalems d\u00e6tur! vi\u00f0 r\u00e1d\u00fdrin e\u00f0a hindur merkurinnar: veki\u00f0 ekki, veki\u00f0 ekki m\u00edna unnustu, fyrr en henni \u00fe\u00f3knast!\u201c<br \/><a name=\"6\"><span class=\"versanumer\">6<\/span><\/a>Hv\u00f6r er s\u00fa sem kemur \u00far ey\u00f0im\u00f6rkinni eins og reykst\u00f3lpi, ilmandi af myrru og reykelsi og kramarans ilmdufti?<a name=\"7\"><span class=\"versanumer\">7<\/span><\/a>Sj\u00e1! Sal\u00f3mons s\u00e6ng! 60 sterkir af \u00feeim sterku \u00ed \u00cdsrael \u00ed kringum <span class='VideyAth'>(hana)<\/span>.<a name=\"8\"><span class=\"versanumer\">8<\/span><\/a>Allir h\u00e9ldu \u00e1 sver\u00f0um, kunna vel til str\u00ed\u00f0s, hv\u00f6r \u00feeirra hefir sver\u00f0i\u00f0 vi\u00f0 s\u00edna mj\u00f6\u00f0m, gegn n\u00e6turinnar \u00f3tta.<a name=\"9\"><span class=\"versanumer\">9<\/span><\/a>B\u00f6rur\u00fam gj\u00f6r\u00f0i Sal\u00f3mon k\u00f3ngur \u00far vi\u00f0i af L\u00edbanon.<a name=\"10\"><span class=\"versanumer\">10<\/span><\/a>\u00deess f\u00e6tur gj\u00f6r\u00f0i hann \u00far silfri, rj\u00e1fri\u00f0 \u00far gulli, s\u00e6ti\u00f0 af purpura; botninn var lystilega uppb\u00fainn af Jer\u00fasalems d\u00e6trum.<a name=\"11\"><span class=\"versanumer\">11<\/span><\/a>Gangi\u00f0 \u00fat S\u00edonsd\u00e6tur, og sj\u00e1i\u00f0 k\u00f3ng Sal\u00f3mon undir \u00feeirri k\u00f3r\u00f3nu, sem m\u00f3\u00f0ir hans kr\u00fdndi hann me\u00f0 \u00e1 hans br\u00fa\u00f0kaupsdegi, \u00e1 hans hjarta gle\u00f0idegi!<\/p>\n<div class=\"footnoteVidey\"><\/div>\n","protected":false},"excerpt":{"rendered":"<p>Elskhuginn leitar unnustunnar. Br\u00fa\u00f0arv\u00edsur Sal\u00f3mons. 1\u00cd minni s\u00e6ng um n\u00f3tt leita\u00f0i eg \u00feess, sem m\u00edn s\u00e1l elskar; eg leita\u00f0i hans, en eg fann hann ekki.2Eg skal fara \u00e1 f\u00e6tur, (sag\u00f0i eg) og ganga um borgina, eg vil leita \u00feess sem m\u00edn s\u00e1l elskar \u00e1 str\u00e6tum og torgum. Eg leita\u00f0i hans en fann hann ekki.3Vaktararnir, sem ganga um sta\u00f0inn, hittu mig. Hafi\u00f0 \u00fe\u00e9r s\u00e9\u00f0, (sag\u00f0i eg) \u00feann, sem m\u00edn s\u00e1l elskar?4Naumast var eg fr\u00e1 \u00feeim genginn, \u00feegar eg fann \u00feann, sem m\u00edn s\u00e1l elskar. Eg h\u00e9lt honum fast, og sleppti honum ekki, \u00feanga\u00f0 til eg leiddi hann \u00ed h\u00fas minnar m\u00f3\u00f0ur, <a href=\"https:\/\/biblian.is\/videy\/ljodaljodin-3-kafli\/\"> [&#8230;]<\/a><\/p>\n","protected":false},"author":1,"featured_media":0,"parent":0,"menu_order":0,"comment_status":"open","ping_status":"open","template":"bibliukaflar.php","meta":{"footnotes":""},"class_list":["post-21523","page","type-page","status-publish","hentry"],"_links":{"self":[{"href":"https:\/\/biblian.is\/videy\/wp-json\/wp\/v2\/pages\/21523","targetHints":{"allow":["GET"]}}],"collection":[{"href":"https:\/\/biblian.is\/videy\/wp-json\/wp\/v2\/pages"}],"about":[{"href":"https:\/\/biblian.is\/videy\/wp-json\/wp\/v2\/types\/page"}],"author":[{"embeddable":true,"href":"https:\/\/biblian.is\/videy\/wp-json\/wp\/v2\/users\/1"}],"replies":[{"embeddable":true,"href":"https:\/\/biblian.is\/videy\/wp-json\/wp\/v2\/comments?post=21523"}],"version-history":[{"count":0,"href":"https:\/\/biblian.is\/videy\/wp-json\/wp\/v2\/pages\/21523\/revisions"}],"wp:attachment":[{"href":"https:\/\/biblian.is\/videy\/wp-json\/wp\/v2\/media?parent=21523"}],"curies":[{"name":"wp","href":"https:\/\/api.w.org\/{rel}","templated":true}]}}