{"id":21522,"date":"2018-01-02T01:02:27","date_gmt":"2018-01-02T01:02:27","guid":{"rendered":"http:\/\/biblian.is\/videy\/ljodaljodin-2-kafli\/"},"modified":"2018-01-02T01:02:27","modified_gmt":"2018-01-02T01:02:27","slug":"ljodaljodin-2-kafli","status":"publish","type":"page","link":"https:\/\/biblian.is\/videy\/ljodaljodin-2-kafli\/","title":{"rendered":"Lj\u00f3\u00f0alj\u00f3\u00f0in 2. kafli"},"content":{"rendered":"<div class=\"fyrirsognVidey\">Elskhuginn finnur s\u00edna unnustu \u00ed v\u00edngar\u00f0inum<\/div>\n<p><a name=\"1\"><span class=\"versanumer\">1<\/span><\/a>Eg er Sarons bl\u00f3mstur, lilja \u00ed dalnum.\u201c<a name=\"2\"><span class=\"versanumer\">2<\/span><\/a>Eins og lilja me\u00f0al \u00feyrna, svo er m\u00edn vinkona, me\u00f0al d\u00e6tranna.<a name=\"3\"><span class=\"versanumer\">3<\/span><\/a>\u201eEins og apaldur <span class='VideyAth'>(eplatr\u00e9)<\/span> me\u00f0al trj\u00e1nna, svo er minn vinur me\u00f0al sonanna. \u00cd hans skugga langar mig til a\u00f0 sitja, og hans \u00e1v\u00f6xtur er s\u00e6tur m\u00ednum g\u00f3m.<a name=\"4\"><span class=\"versanumer\">4<\/span><\/a>Hann leiddi mig \u00ed v\u00ednh\u00fasi\u00f0, og hans merki yfir m\u00e9r er elskan.<a name=\"5\"><span class=\"versanumer\">5<\/span><\/a>Endurn\u00e6ri\u00f0 mig me\u00f0 r\u00fas\u00ednuk\u00f6kum, hressi\u00f0 mig me\u00f0 eplum! \u00fev\u00ed eg er veik af elsku.<a name=\"6\"><span class=\"versanumer\">6<\/span><\/a>Hans vinstri <span class='VideyAth'>(s\u00e9)<\/span> undir m\u00ednu h\u00f6f\u00f0i, og hans h\u00e6gri umfa\u00f0mi mig.\u201c<a name=\"7\"><span class=\"versanumer\">7<\/span><\/a>Eg s\u00e6ri y\u00f0ur, Jer\u00fasalemsd\u00e6tur! vi\u00f0 r\u00e1d\u00fdrin og hindurnar \u00e1 m\u00f6rkinni: veki\u00f0 ekki, veki\u00f0 ekki m\u00edna unnustu, fyrr en henni \u00fe\u00f3knast!<br \/><a name=\"8\"><span class=\"versanumer\">8<\/span><\/a>\u00deetta er raust vinar m\u00edns! sj\u00e1! hann kemur hlaupandi yfir fj\u00f6llin, st\u00f6kkvandi yfir h\u00e6\u00f0irnar.<a name=\"9\"><span class=\"versanumer\">9<\/span><\/a>Minn vinur er l\u00edkur r\u00e1d\u00fdri, e\u00f0a hindark\u00e1lfi. Sj\u00e1! hann stendur vi\u00f0 vorn vegg, horfir inn um gluggann, g\u00e6gist \u00ed gegnum grindurnar.<a name=\"10\"><span class=\"versanumer\">10<\/span><\/a>Minn vinur tekur til or\u00f0a, og segir vi\u00f0 mig: \u201eupp m\u00edn unnusta! m\u00edn fr\u00ed\u00f0a og kom!<a name=\"11\"><span class=\"versanumer\">11<\/span><\/a>\u00dev\u00ed sj\u00e1! veturinn er li\u00f0inn, regni\u00f0 er \u00fati, fari\u00f0;<a name=\"12\"><span class=\"versanumer\">12<\/span><\/a>bl\u00f3msturin s\u00fdna sig \u00e1 v\u00f6llunum; s\u00f6ngt\u00ed\u00f0in <span class='VideyAth'>(vori\u00f0)<\/span> er komin, og turtild\u00fafunnar raust heyrist \u00e1 vorum v\u00f6llum;<a name=\"13\"><span class=\"versanumer\">13<\/span><\/a>f\u00edkjutr\u00e9\u00f0 kryddar s\u00edna \u00e1vexti, og v\u00edn\u00fer\u00fagurnar ilma \u00ed s\u00ednum bl\u00f3ma. Upp, m\u00edn vinkona, m\u00edn fr\u00ed\u00f0a, og kom!<a name=\"14\"><span class=\"versanumer\">14<\/span><\/a>M\u00edn d\u00fafa \u00ed klettaskorunni, \u00ed fjallsins fylgsnum, l\u00e1t mig sj\u00e1 \u00feitt skapna\u00f0arlag, l\u00e1t mig heyra \u00fe\u00edna raust! \u00dev\u00ed \u00fe\u00edn raust er s\u00e6t, og \u00feinn skapna\u00f0ur lystilegur.\u201c<br \/><a name=\"15\"><span class=\"versanumer\">15<\/span><\/a>N\u00e1i\u00f0 fyrir oss refunum, yr\u00f0lingunum sem skemma v\u00edngar\u00f0ana! \u00fev\u00ed vor v\u00edngar\u00f0ur er \u00ed bl\u00f3ma.<a name=\"16\"><span class=\"versanumer\">16<\/span><\/a>Minn vinur er minn og eg er hans; hann beitir <span class='VideyAth'>(hj\u00f6r\u00f0inni)<\/span> me\u00f0al liljanna.<a name=\"17\"><span class=\"versanumer\">17<\/span><\/a>\u00deanga\u00f0 til dagurinn k\u00f3lnar, og skuggarnir l\u00ed\u00f0a burt, kom \u00fe\u00e1 aftur; vertu, minn vinur, l\u00edkur r\u00e1d\u00fdri e\u00f0ur hindark\u00e1lfi \u00e1 \u00feeim gilj\u00f3ttu fj\u00f6llum.<\/p>\n<div class=\"footnoteVidey\"><\/div>\n","protected":false},"excerpt":{"rendered":"<p>Elskhuginn finnur s\u00edna unnustu \u00ed v\u00edngar\u00f0inum 1Eg er Sarons bl\u00f3mstur, lilja \u00ed dalnum.\u201c2Eins og lilja me\u00f0al \u00feyrna, svo er m\u00edn vinkona, me\u00f0al d\u00e6tranna.3\u201eEins og apaldur (eplatr\u00e9) me\u00f0al trj\u00e1nna, svo er minn vinur me\u00f0al sonanna. \u00cd hans skugga langar mig til a\u00f0 sitja, og hans \u00e1v\u00f6xtur er s\u00e6tur m\u00ednum g\u00f3m.4Hann leiddi mig \u00ed v\u00ednh\u00fasi\u00f0, og hans merki yfir m\u00e9r er elskan.5Endurn\u00e6ri\u00f0 mig me\u00f0 r\u00fas\u00ednuk\u00f6kum, hressi\u00f0 mig me\u00f0 eplum! \u00fev\u00ed eg er veik af elsku.6Hans vinstri (s\u00e9) undir m\u00ednu h\u00f6f\u00f0i, og hans h\u00e6gri umfa\u00f0mi mig.\u201c7Eg s\u00e6ri y\u00f0ur, Jer\u00fasalemsd\u00e6tur! vi\u00f0 r\u00e1d\u00fdrin og hindurnar \u00e1 m\u00f6rkinni: veki\u00f0 ekki, veki\u00f0 ekki m\u00edna unnustu, fyrr en <a href=\"https:\/\/biblian.is\/videy\/ljodaljodin-2-kafli\/\"> [&#8230;]<\/a><\/p>\n","protected":false},"author":1,"featured_media":0,"parent":0,"menu_order":0,"comment_status":"open","ping_status":"open","template":"bibliukaflar.php","meta":{"footnotes":""},"class_list":["post-21522","page","type-page","status-publish","hentry"],"_links":{"self":[{"href":"https:\/\/biblian.is\/videy\/wp-json\/wp\/v2\/pages\/21522","targetHints":{"allow":["GET"]}}],"collection":[{"href":"https:\/\/biblian.is\/videy\/wp-json\/wp\/v2\/pages"}],"about":[{"href":"https:\/\/biblian.is\/videy\/wp-json\/wp\/v2\/types\/page"}],"author":[{"embeddable":true,"href":"https:\/\/biblian.is\/videy\/wp-json\/wp\/v2\/users\/1"}],"replies":[{"embeddable":true,"href":"https:\/\/biblian.is\/videy\/wp-json\/wp\/v2\/comments?post=21522"}],"version-history":[{"count":0,"href":"https:\/\/biblian.is\/videy\/wp-json\/wp\/v2\/pages\/21522\/revisions"}],"wp:attachment":[{"href":"https:\/\/biblian.is\/videy\/wp-json\/wp\/v2\/media?parent=21522"}],"curies":[{"name":"wp","href":"https:\/\/api.w.org\/{rel}","templated":true}]}}