{"id":21521,"date":"2018-01-02T01:02:27","date_gmt":"2018-01-02T01:02:27","guid":{"rendered":"http:\/\/biblian.is\/videy\/ljodaljodin-1-kafli\/"},"modified":"2018-01-02T01:02:27","modified_gmt":"2018-01-02T01:02:27","slug":"ljodaljodin-1-kafli","status":"publish","type":"page","link":"https:\/\/biblian.is\/videy\/ljodaljodin-1-kafli\/","title":{"rendered":"Lj\u00f3\u00f0alj\u00f3\u00f0in 1. kafli"},"content":{"rendered":"<div class=\"fyrirsognVidey\">L\u00f6ngun til unnustans.<\/div>\n<p><a name=\"1\"><span class=\"versanumer\">1<\/span><\/a>Lofkv\u00e6\u00f0i af Sal\u00f3mon.<a name=\"2\"><span class=\"versanumer\">2<\/span><\/a>Hann kyssi mig me\u00f0 kossi s\u00edns munns! \u00fev\u00ed d\u00fdrm\u00e6tari eru \u00fe\u00edn bl\u00ed\u00f0uatlot, heldur en v\u00edn.<a name=\"3\"><span class=\"versanumer\">3<\/span><\/a>Ilmurinn gj\u00f6rir \u00fe\u00edn smyrsli elskuleg; \u00fathellt vi\u00f0smj\u00f6r er \u00feitt nafn: \u00fev\u00ed elska meyjarnar \u00feig.<a name=\"4\"><span class=\"versanumer\">4<\/span><\/a>Tak \u00fe\u00fa mig me\u00f0 \u00fe\u00e9r, \u00feig viljum v\u00e9r elta sem skj\u00f3tast! konungurinn leiddi mig <span class='VideyAth'>a)<\/span> \u00ed sitt herbergi: v\u00e9r viljum hafa fagna\u00f0arl\u00e6ti og gle\u00f0jast af \u00fe\u00e9r, viljum vegsama \u00fe\u00edna elsku meir en v\u00edn; r\u00e1\u00f0vandir elska \u00feig <span class='VideyAth'>b)<\/span>.<a name=\"5\"><span class=\"versanumer\">5<\/span><\/a>Sv\u00f6rt er eg, samt lystileg, Jer\u00fasalemsd\u00e6tur, eins og Kedars tjaldb\u00fa\u00f0ir, eins og Sal\u00f3mons tjaldd\u00fakar;<a name=\"6\"><span class=\"versanumer\">6<\/span><\/a>taki\u00f0 ekki til \u00feess, a\u00f0 eg er svo sv\u00f6rt, a\u00f0 s\u00f3lin hefir svo brennt mig! Synir m\u00f3\u00f0ur minnar <span class='VideyAth'>c)<\/span> reiddust m\u00e9r, l\u00e9tu mig vakta v\u00edngar\u00f0; minn v\u00edngar\u00f0, eigin <span class='VideyAth'>(v\u00edngar\u00f0)<\/span> vakta\u00f0i eg ekki.<a name=\"7\"><span class=\"versanumer\">7<\/span><\/a>Seg \u00fe\u00fa m\u00e9r, \u00fe\u00fa, sem m\u00edn s\u00e1l elskar, hvar heldur \u00fe\u00fa \u00e1 beit <span class='VideyAth'>(\u00feinni hj\u00f6r\u00f0)<\/span>, hvar hv\u00edlist \u00fe\u00fa um mi\u00f0degi\u00f0? svo a\u00f0 eg ekki, \u00f6r\u00fereytt, r\u00e1fi um kring hj\u00e1 hj\u00f6r\u00f0um \u00feinna stallbr\u00e6\u00f0ra.<br \/><a name=\"8\"><span class=\"versanumer\">8<\/span><\/a>\u201eEf \u00fe\u00fa veist \u00fea\u00f0 ekki, \u00fe\u00fa fr\u00ed\u00f0asta af konum, svo far\u00f0u eftir sporum hjar\u00f0arinnar, og haltu til haga \u00fe\u00ednum ki\u00f0um hj\u00e1 b\u00fast\u00f6\u00f0um hir\u00f0anna!\u201c<a name=\"9\"><span class=\"versanumer\">9<\/span><\/a>\u00c9g l\u00edki \u00fe\u00e9r, m\u00edn vinkona! vi\u00f0 hrossin fyrir fara\u00f3s vagni!<a name=\"10\"><span class=\"versanumer\">10<\/span><\/a>Lystilegar eru \u00fe\u00ednar kinnar undir perlusn\u00farunum, \u00feinn h\u00e1ls undir e\u00f0alsteina <span class='VideyAth'>(k\u00f3rhalla)<\/span> ke\u00f0junum.<a name=\"11\"><span class=\"versanumer\">11<\/span><\/a>Gullsn\u00faru viljum v\u00e9r gj\u00f6ra \u00fe\u00e9r, setta silfurhn\u00f6ppum.<br \/><a name=\"12\"><span class=\"versanumer\">12<\/span><\/a>\u201eMe\u00f0an k\u00f3ngurinn situr vi\u00f0 sitt bor\u00f0, gefur m\u00edn nardusol\u00eda sinn ilm. Minn vinur er m\u00e9r myrrubindini, milli minna brj\u00f3sta hv\u00edlir hann. 14. Minn vinur er m\u00e9r koferv\u00ednberjagrein, \u00far v\u00edng\u00f6r\u00f0unum \u00ed Engeddi.\u201c<br \/>15. Sj\u00e1! fr\u00ed\u00f0 ert \u00fe\u00fa, m\u00edn vinkona! sj\u00e1! fr\u00ed\u00f0 ert \u00fe\u00fa! \u00fe\u00edn augu eru d\u00fafur. 16. \u201eSj\u00e1! fr\u00ed\u00f0ur ert \u00fe\u00fa, minn vinur! j\u00e1, lystilegur, og vor s\u00e6ng er gr\u00e6n. 17. Bitarnir \u00ed voru h\u00fasi eru sedrustr\u00e9 og hvelfing vor furutr\u00e9.<\/p>\n<div class=\"footnoteVidey\">V. 4. a. A\u00f0r: \u00fe\u00f3 k\u00f3ngurinn leiddi etc. b. A\u00f0r: einl\u00e6glega elska \u00fe\u00e6r \u00feig.  V. 6. c. M\u00e1ske h\u00e1lfbr\u00e6\u00f0ur.<\/div>\n","protected":false},"excerpt":{"rendered":"<p>L\u00f6ngun til unnustans. 1Lofkv\u00e6\u00f0i af Sal\u00f3mon.2Hann kyssi mig me\u00f0 kossi s\u00edns munns! \u00fev\u00ed d\u00fdrm\u00e6tari eru \u00fe\u00edn bl\u00ed\u00f0uatlot, heldur en v\u00edn.3Ilmurinn gj\u00f6rir \u00fe\u00edn smyrsli elskuleg; \u00fathellt vi\u00f0smj\u00f6r er \u00feitt nafn: \u00fev\u00ed elska meyjarnar \u00feig.4Tak \u00fe\u00fa mig me\u00f0 \u00fe\u00e9r, \u00feig viljum v\u00e9r elta sem skj\u00f3tast! konungurinn leiddi mig a) \u00ed sitt herbergi: v\u00e9r viljum hafa fagna\u00f0arl\u00e6ti og gle\u00f0jast af \u00fe\u00e9r, viljum vegsama \u00fe\u00edna elsku meir en v\u00edn; r\u00e1\u00f0vandir elska \u00feig b).5Sv\u00f6rt er eg, samt lystileg, Jer\u00fasalemsd\u00e6tur, eins og Kedars tjaldb\u00fa\u00f0ir, eins og Sal\u00f3mons tjaldd\u00fakar;6taki\u00f0 ekki til \u00feess, a\u00f0 eg er svo sv\u00f6rt, a\u00f0 s\u00f3lin hefir svo brennt mig! Synir m\u00f3\u00f0ur minnar c) <a href=\"https:\/\/biblian.is\/videy\/ljodaljodin-1-kafli\/\"> [&#8230;]<\/a><\/p>\n","protected":false},"author":1,"featured_media":0,"parent":0,"menu_order":0,"comment_status":"open","ping_status":"open","template":"bibliukaflar.php","meta":{"footnotes":""},"class_list":["post-21521","page","type-page","status-publish","hentry"],"_links":{"self":[{"href":"https:\/\/biblian.is\/videy\/wp-json\/wp\/v2\/pages\/21521","targetHints":{"allow":["GET"]}}],"collection":[{"href":"https:\/\/biblian.is\/videy\/wp-json\/wp\/v2\/pages"}],"about":[{"href":"https:\/\/biblian.is\/videy\/wp-json\/wp\/v2\/types\/page"}],"author":[{"embeddable":true,"href":"https:\/\/biblian.is\/videy\/wp-json\/wp\/v2\/users\/1"}],"replies":[{"embeddable":true,"href":"https:\/\/biblian.is\/videy\/wp-json\/wp\/v2\/comments?post=21521"}],"version-history":[{"count":0,"href":"https:\/\/biblian.is\/videy\/wp-json\/wp\/v2\/pages\/21521\/revisions"}],"wp:attachment":[{"href":"https:\/\/biblian.is\/videy\/wp-json\/wp\/v2\/media?parent=21521"}],"curies":[{"name":"wp","href":"https:\/\/api.w.org\/{rel}","templated":true}]}}