{"id":21520,"date":"2018-01-02T01:02:27","date_gmt":"2018-01-02T01:02:27","guid":{"rendered":"http:\/\/biblian.is\/videy\/predikarinn-12-kafli\/"},"modified":"2018-01-02T01:02:27","modified_gmt":"2018-01-02T01:02:27","slug":"predikarinn-12-kafli","status":"publish","type":"page","link":"https:\/\/biblian.is\/videy\/predikarinn-12-kafli\/","title":{"rendered":"Pr\u00e9dikarinn 12. kafli"},"content":{"rendered":"<div class=\"fyrirsognVidey\">Mundu til Gu\u00f0s \u00ed t\u00edma. Hr\u00f3s \u00feessarar b\u00f3tar. Gu\u00f0s \u00f3tti burtrekur h\u00e9g\u00f3mann.<\/div>\n<p><a name=\"1\"><span class=\"versanumer\">1<\/span><\/a>Hugsa\u00f0u \u00fev\u00ed til Skaparans \u00e1 \u00fe\u00ednum \u00e6sku d\u00f6gum, fyrr en \u00feeir vondu dagar koma, og \u00e1rin n\u00e1lgast, um hv\u00f6r \u00fe\u00fa munt segja: m\u00e9r l\u00edka \u00feau ekki;<a name=\"2\"><span class=\"versanumer\">2<\/span><\/a>\u00e1\u00f0ur en s\u00f3lin og hennar lj\u00f3s og tungli\u00f0 og stj\u00f6rnurnar ver\u00f0a dimmar, og sk\u00fdin koma aftur eftir regni\u00f0.<a name=\"3\"><span class=\"versanumer\">3<\/span><\/a>\u00c1 \u00feeim degi \u00fe\u00e1 vaktararnir \u00ed h\u00fasinu skj\u00e1lfa, og \u00feeir sterku ver\u00f0a bognir, og kvarnarst\u00falkurnar h\u00e6tta a\u00f0 mala, \u00fev\u00ed \u00fe\u00e6r eru or\u00f0nar f\u00e1ar, og dimmt er hj\u00e1 \u00feeim sem l\u00edta \u00fat um gluggana.<a name=\"4\"><span class=\"versanumer\">4<\/span><\/a>\u00de\u00e1 b\u00e1\u00f0ar hur\u00f0ir str\u00e6tisins lokast, og raust kvarnarinnar ver\u00f0ur l\u00e1g, og menn fara \u00e1 f\u00e6tur \u00feegar fuglinn syngur, en allar d\u00e6tur s\u00f6ngsins eru l\u00e1gr\u00f3ma\u00f0ar.<a name=\"5\"><span class=\"versanumer\">5<\/span><\/a>\u00de\u00e1 menn l\u00edka eru hr\u00e6ddir vi\u00f0 allar h\u00e6\u00f0ir og skelfingarnar \u00e1 veginum, \u00feegar mandeltr\u00e9\u00f0 bl\u00f3mstrar <span class='VideyAth'>(\u00ed desember)<\/span>, og grashoppurnar ver\u00f0a a\u00f0 byr\u00f0i, og lystingin deyr. \u00de\u00e1 fer ma\u00f0urinn til \u00feess h\u00fassins hvar hann ver\u00f0ur eil\u00edflega, og \u00feeir sem hann gr\u00e1ta ganga um str\u00e6tin.<a name=\"6\"><span class=\"versanumer\">6<\/span><\/a>Fyrr en skori\u00f0 ver\u00f0ur \u00e1 silfursn\u00faruna og gulllampinn molast, og krukkan brotnar vi\u00f0 uppsprettuna, og hj\u00f3li\u00f0 fer sundur vi\u00f0 brunninn <span class='VideyAth'>*)<\/span>.<a name=\"7\"><span class=\"versanumer\">7<\/span><\/a>\u00de\u00e1 dufti\u00f0 hverfur til jar\u00f0arinnar aftur hvar \u00fea\u00f0 \u00e1\u00f0ur var, og andinn fer til Gu\u00f0s sem gaf hann. <br \/><a name=\"8\"><span class=\"versanumer\">8<\/span><\/a>\u00dea\u00f0 er eint\u00f3mur h\u00e9g\u00f3mi, sag\u00f0i pr\u00e9dikarinn, allt er h\u00e9g\u00f3mi.<a name=\"9\"><span class=\"versanumer\">9<\/span><\/a>En auk \u00feess pr\u00e9dikarinn var spekingur, mi\u00f0la\u00f0i hann f\u00f3lkinu \u00feekkingu; hann rannsaka\u00f0i, grennsla\u00f0ist eftir, og samsetti m\u00f6rg spakm\u00e6li.<a name=\"10\"><span class=\"versanumer\">10<\/span><\/a>Pr\u00e9dikarinn leita\u00f0i eftir a\u00f0 finna \u00fe\u00e6gileg or\u00f0, og \u00fea\u00f0 sem er skrifa\u00f0, \u00fea\u00f0 er r\u00e9tt og sannleikans or\u00f0.<a name=\"11\"><span class=\"versanumer\">11<\/span><\/a>Or\u00f0 spekingsins eru sem broddar og eins og naglar, reknir af safna\u00f0anna forst\u00f6\u00f0um\u00f6nnum, me\u00f0deildir af hir\u00f0irnum;<a name=\"12\"><span class=\"versanumer\">12<\/span><\/a>af \u00feeim muntu, minn son! vera \u00e1n\u00e6gjanlega \u00e1minntur. Margar b\u00e6kur m\u00e6tti gj\u00f6ra, og samt k\u00e6must menn ei a\u00f0 endirnum; mikill lestur \u00f6rmagnar l\u00edkamann. <br \/><a name=\"13\"><span class=\"versanumer\">13<\/span><\/a>H\u00f6fu\u00f0summa efnisins, \u00feegar allt er athuga\u00f0, ver\u00f0ur \u00feetta, \u00f3ttastu Gu\u00f0 og haltu hans bo\u00f0or\u00f0, \u00fev\u00ed \u00fea\u00f0 \u00e1 hv\u00f6r ma\u00f0ur a\u00f0 gj\u00f6ra.<a name=\"14\"><span class=\"versanumer\">14<\/span><\/a>\u00dev\u00ed Gu\u00f0 mun lei\u00f0a alla hluti fyrir d\u00f3minn, yfir \u00f6llu sem er huli\u00f0, hv\u00f6rt sem \u00fea\u00f0 er gott e\u00f0a illt.<\/p>\n<div class=\"footnoteVidey\">V. 3\u20136. *) Fr\u00e1 versinu 3\u00f0ja til 5ta er veri\u00f0 a\u00f0 l\u00fdsa, \u00ed l\u00edkingu, ellinnar annm\u00f6rkum. Vaktarar: \u00fea\u00f0 eru hendur og f\u00e6tur, \u00feeir sterku: f\u00e6turnir. Kvarnarst\u00falkurnar: tennurnar. \u00de\u00e6r sem l\u00edta \u00fat um gluggann: sj\u00f3nin. Hur\u00f0ir str\u00e6tisins: varirnar. Raust kvarnarinnar: m\u00e1lr\u00f3murinn. Hann fer \u00e1 f\u00e6tur: s\u00e1 gamli getur ekki sofi\u00f0. D\u00e6tur s\u00f6ngsins: s\u00f6ngt\u00f3lin; fyrr en, \u00ed upphafi 6ta versins, er \u00edtrekun \u00feess sem st\u00f3\u00f0 \u00ed 1ta versi, fyrr en \u00feeir vondu dagar koma\u2014hugsa\u00f0u til Skaparans fyrr en lampi l\u00edfsins hangir \u00ed gullsn\u00faru, \u00e1 hann er ausi\u00f0 me\u00f0 krukku og hj\u00f3l br\u00faka\u00f0 til a\u00f0 hefja hana.<\/div>\n","protected":false},"excerpt":{"rendered":"<p>Mundu til Gu\u00f0s \u00ed t\u00edma. Hr\u00f3s \u00feessarar b\u00f3tar. Gu\u00f0s \u00f3tti burtrekur h\u00e9g\u00f3mann. 1Hugsa\u00f0u \u00fev\u00ed til Skaparans \u00e1 \u00fe\u00ednum \u00e6sku d\u00f6gum, fyrr en \u00feeir vondu dagar koma, og \u00e1rin n\u00e1lgast, um hv\u00f6r \u00fe\u00fa munt segja: m\u00e9r l\u00edka \u00feau ekki;2\u00e1\u00f0ur en s\u00f3lin og hennar lj\u00f3s og tungli\u00f0 og stj\u00f6rnurnar ver\u00f0a dimmar, og sk\u00fdin koma aftur eftir regni\u00f0.3\u00c1 \u00feeim degi \u00fe\u00e1 vaktararnir \u00ed h\u00fasinu skj\u00e1lfa, og \u00feeir sterku ver\u00f0a bognir, og kvarnarst\u00falkurnar h\u00e6tta a\u00f0 mala, \u00fev\u00ed \u00fe\u00e6r eru or\u00f0nar f\u00e1ar, og dimmt er hj\u00e1 \u00feeim sem l\u00edta \u00fat um gluggana.4\u00de\u00e1 b\u00e1\u00f0ar hur\u00f0ir str\u00e6tisins lokast, og raust kvarnarinnar ver\u00f0ur l\u00e1g, og menn fara \u00e1 <a href=\"https:\/\/biblian.is\/videy\/predikarinn-12-kafli\/\"> [&#8230;]<\/a><\/p>\n","protected":false},"author":1,"featured_media":0,"parent":0,"menu_order":0,"comment_status":"open","ping_status":"open","template":"bibliukaflar.php","meta":{"footnotes":""},"class_list":["post-21520","page","type-page","status-publish","hentry"],"_links":{"self":[{"href":"https:\/\/biblian.is\/videy\/wp-json\/wp\/v2\/pages\/21520","targetHints":{"allow":["GET"]}}],"collection":[{"href":"https:\/\/biblian.is\/videy\/wp-json\/wp\/v2\/pages"}],"about":[{"href":"https:\/\/biblian.is\/videy\/wp-json\/wp\/v2\/types\/page"}],"author":[{"embeddable":true,"href":"https:\/\/biblian.is\/videy\/wp-json\/wp\/v2\/users\/1"}],"replies":[{"embeddable":true,"href":"https:\/\/biblian.is\/videy\/wp-json\/wp\/v2\/comments?post=21520"}],"version-history":[{"count":0,"href":"https:\/\/biblian.is\/videy\/wp-json\/wp\/v2\/pages\/21520\/revisions"}],"wp:attachment":[{"href":"https:\/\/biblian.is\/videy\/wp-json\/wp\/v2\/media?parent=21520"}],"curies":[{"name":"wp","href":"https:\/\/api.w.org\/{rel}","templated":true}]}}