{"id":21518,"date":"2018-01-02T01:02:27","date_gmt":"2018-01-02T01:02:27","guid":{"rendered":"http:\/\/biblian.is\/videy\/predikarinn-10-kafli\/"},"modified":"2018-01-02T01:02:27","modified_gmt":"2018-01-02T01:02:27","slug":"predikarinn-10-kafli","status":"publish","type":"page","link":"https:\/\/biblian.is\/videy\/predikarinn-10-kafli\/","title":{"rendered":"Pr\u00e9dikarinn 10. kafli"},"content":{"rendered":"<div class=\"fyrirsognVidey\">Um v\u00edsd\u00f3m og heimsku. Svall. Leti. Peningar. Lotning fyrir k\u00f3nginum.<\/div>\n<p><a name=\"1\"><span class=\"versanumer\">1<\/span><\/a>Eins og dau\u00f0ar flugur me\u00f0 s\u00ednum \u00feef skemma ap\u00f3tekarans salve, svolei\u00f0is getur l\u00edti\u00f0 heimskupar or\u00f0i\u00f0 \u00feyngra en v\u00edsd\u00f3mur og hei\u00f0ur.<a name=\"2\"><span class=\"versanumer\">2<\/span><\/a>Hyggins manns hjarta er honum til h\u00e6gri handar; en d\u00e1rans hjarta er honum vi\u00f0 vinstri hli\u00f0.<a name=\"3\"><span class=\"versanumer\">3<\/span><\/a>Hv\u00f6rja lei\u00f0 sem d\u00e1rinn fer, vantar hann vit, og upplj\u00f3strar \u00fev\u00ed vi\u00f0 hv\u00f6rn mann, a\u00f0 hann s\u00e9 d\u00e1ri.<a name=\"4\"><span class=\"versanumer\">4<\/span><\/a>\u00de\u00f3 drottnarans sinni \u00e6sist gegn \u00fe\u00e9r, \u00fe\u00e1 v\u00edk ekki \u00far \u00fe\u00ednum sporum, \u00fev\u00ed \u00feolg\u00e6\u00f0i er me\u00f0al til a\u00f0 hindra st\u00f3rsyndir.<a name=\"5\"><span class=\"versanumer\">5<\/span><\/a>\u00dea\u00f0 er ein \u00f3lukka sem eg s\u00e1 undir s\u00f3lunni, \u00fea\u00f0 er s\u00fa villa sem kemur fr\u00e1 \u00feeim volduga;<a name=\"6\"><span class=\"versanumer\">6<\/span><\/a>\u00feegar d\u00e1ri er settur \u00ed h\u00e1a tign, og \u00feeir \u00e1litlegu menn sitja l\u00e1gt.<a name=\"7\"><span class=\"versanumer\">7<\/span><\/a>Eg s\u00e1 \u00fe\u00e9nara r\u00ed\u00f0andi, og fursta f\u00f3tgangandi sem \u00fe\u00e9nara.<a name=\"8\"><span class=\"versanumer\">8<\/span><\/a>Hv\u00f6r sem grefur gr\u00f6f, mun sj\u00e1lfur \u00ed hana falla, og hv\u00f6r sem gir\u00f0ingu ni\u00f0urr\u00edfur mun af h\u00f6ggormi bitinn ver\u00f0a.<a name=\"9\"><span class=\"versanumer\">9<\/span><\/a>Hv\u00f6r sem burtflytur steina, getur meitt sig \u00e1 \u00feeim; s\u00e1 sem kl\u00fdfur vi\u00f0, getur af \u00fev\u00ed komist \u00ed h\u00e6ttu.<a name=\"10\"><span class=\"versanumer\">10<\/span><\/a>\u00deegar \u00f6xin ver\u00f0ur slj\u00f3v og eggin er ekki br\u00fdnd, svo ver\u00f0a menn \u00fev\u00ed meir a\u00f0 neyta orku. Hagr\u00e6\u00f0i heppninnar er hyggindi.<a name=\"11\"><span class=\"versanumer\">11<\/span><\/a>Ef a\u00f0 h\u00f6ggormurinn b\u00edtur \u00e1n s\u00e6ringa, \u00fe\u00e1 er s\u00e6ringama\u00f0urinn \u00e1n gagns.<a name=\"12\"><span class=\"versanumer\">12<\/span><\/a>Or\u00f0 af vitrum munni eru yndi; en varir hins f\u00e1v\u00edsa skemma hann sj\u00e1lfan.<a name=\"13\"><span class=\"versanumer\">13<\/span><\/a>Byrjun or\u00f0a hans munns eru d\u00e1raskapur, og endirinn heimska og vitleysa.<a name=\"14\"><span class=\"versanumer\">14<\/span><\/a>D\u00e1rinn talar a\u00f0 s\u00f6nnu m\u00f6rg or\u00f0; \u00fe\u00f3 veit enginn hva\u00f0 ske skal, \u00fev\u00ed hv\u00f6r getur kunngj\u00f6rt honum \u00fea\u00f0, sem mun ske eftir hann.<a name=\"15\"><span class=\"versanumer\">15<\/span><\/a>Erfi\u00f0i heimskingjans \u00f6r\u00fereytir hann; \u00fev\u00ed hann veit ei a\u00f0 ganga \u00ed borgina <span class='VideyAth'>(til a\u00f0 leita s\u00e9r endurhressingar)<\/span>.<a name=\"16\"><span class=\"versanumer\">16<\/span><\/a>Vei \u00fe\u00e9r land! hv\u00f6rs k\u00f3ngur er barn, og hv\u00f6rs furstar setjast a\u00f0 veislu snemma dags.<a name=\"17\"><span class=\"versanumer\">17<\/span><\/a>Heppi\u00f0 ert\u00fa land! hv\u00f6rs k\u00f3ngur er f\u00e6ddur af \u00feeim yppurstu, og hv\u00f6rs h\u00f6f\u00f0ingjar eta \u00e1 r\u00e9ttum t\u00edma, til a\u00f0 styrkja sig, en ei sakir ofneyslu.<a name=\"18\"><span class=\"versanumer\">18<\/span><\/a>Fyrir letisakir ni\u00f0urs\u00edga bj\u00e1lkarnir, og vegna hir\u00f0ulausra handa lekur h\u00fasi\u00f0.<a name=\"19\"><span class=\"versanumer\">19<\/span><\/a>Til a\u00f0 hl\u00e6ja, halda menn veislur, og v\u00edni\u00f0 gle\u00f0ur \u00fe\u00e1, sem lifa, og gulli\u00f0 <span class='VideyAth'>(peningar)<\/span> veitir allt.<a name=\"20\"><span class=\"versanumer\">20<\/span><\/a>Form\u00e6l \u00fe\u00fa ekki k\u00f3nginum, jafnvel ei \u00ed huga \u00fe\u00ednum; of form\u00e6l \u00fe\u00fa ei \u00feeim r\u00edka, jafnvel \u00ed \u00fe\u00ednu innsta svefnherbergi, \u00fev\u00ed fugl undir himninum getur bori\u00f0 \u00fe\u00edna raust, og s\u00e1 v\u00e6ngja\u00f0i kunngj\u00f6rt \u00feitt or\u00f0.<\/p>\n<div class=\"footnoteVidey\"><\/div>\n","protected":false},"excerpt":{"rendered":"<p>Um v\u00edsd\u00f3m og heimsku. Svall. Leti. Peningar. Lotning fyrir k\u00f3nginum. 1Eins og dau\u00f0ar flugur me\u00f0 s\u00ednum \u00feef skemma ap\u00f3tekarans salve, svolei\u00f0is getur l\u00edti\u00f0 heimskupar or\u00f0i\u00f0 \u00feyngra en v\u00edsd\u00f3mur og hei\u00f0ur.2Hyggins manns hjarta er honum til h\u00e6gri handar; en d\u00e1rans hjarta er honum vi\u00f0 vinstri hli\u00f0.3Hv\u00f6rja lei\u00f0 sem d\u00e1rinn fer, vantar hann vit, og upplj\u00f3strar \u00fev\u00ed vi\u00f0 hv\u00f6rn mann, a\u00f0 hann s\u00e9 d\u00e1ri.4\u00de\u00f3 drottnarans sinni \u00e6sist gegn \u00fe\u00e9r, \u00fe\u00e1 v\u00edk ekki \u00far \u00fe\u00ednum sporum, \u00fev\u00ed \u00feolg\u00e6\u00f0i er me\u00f0al til a\u00f0 hindra st\u00f3rsyndir.5\u00dea\u00f0 er ein \u00f3lukka sem eg s\u00e1 undir s\u00f3lunni, \u00fea\u00f0 er s\u00fa villa sem kemur fr\u00e1 \u00feeim volduga;6\u00feegar d\u00e1ri er <a href=\"https:\/\/biblian.is\/videy\/predikarinn-10-kafli\/\"> [&#8230;]<\/a><\/p>\n","protected":false},"author":1,"featured_media":0,"parent":0,"menu_order":0,"comment_status":"open","ping_status":"open","template":"bibliukaflar.php","meta":{"footnotes":""},"class_list":["post-21518","page","type-page","status-publish","hentry"],"_links":{"self":[{"href":"https:\/\/biblian.is\/videy\/wp-json\/wp\/v2\/pages\/21518","targetHints":{"allow":["GET"]}}],"collection":[{"href":"https:\/\/biblian.is\/videy\/wp-json\/wp\/v2\/pages"}],"about":[{"href":"https:\/\/biblian.is\/videy\/wp-json\/wp\/v2\/types\/page"}],"author":[{"embeddable":true,"href":"https:\/\/biblian.is\/videy\/wp-json\/wp\/v2\/users\/1"}],"replies":[{"embeddable":true,"href":"https:\/\/biblian.is\/videy\/wp-json\/wp\/v2\/comments?post=21518"}],"version-history":[{"count":0,"href":"https:\/\/biblian.is\/videy\/wp-json\/wp\/v2\/pages\/21518\/revisions"}],"wp:attachment":[{"href":"https:\/\/biblian.is\/videy\/wp-json\/wp\/v2\/media?parent=21518"}],"curies":[{"name":"wp","href":"https:\/\/api.w.org\/{rel}","templated":true}]}}