{"id":21517,"date":"2018-01-02T01:02:27","date_gmt":"2018-01-02T01:02:27","guid":{"rendered":"http:\/\/biblian.is\/videy\/predikarinn-9-kafli\/"},"modified":"2018-01-02T01:02:27","modified_gmt":"2018-01-02T01:02:27","slug":"predikarinn-9-kafli","status":"publish","type":"page","link":"https:\/\/biblian.is\/videy\/predikarinn-9-kafli\/","title":{"rendered":"Pr\u00e9dikarinn 9. kafli"},"content":{"rendered":"<div class=\"fyrirsognVidey\">L\u00edkt m\u00e6tir vondum og g\u00f3\u00f0um. Allir hlj\u00f3ta a\u00f0 deyja. S\u00e6ll\u00edfi. Gu\u00f0s forsj\u00f3n r\u00e6\u00f0ur \u00f6llu. Viska betri en kraftur.<\/div>\n<p><a name=\"1\"><span class=\"versanumer\">1<\/span><\/a>Allt \u00feetta hefi eg lagt upp \u00e1 hjarta\u00f0 og eg grennsla\u00f0ist eftir \u00fev\u00ed \u00f6llu saman; \u00feeir r\u00e9ttl\u00e1tu og v\u00edsu og \u00feeirra verk eru \u00ed Gu\u00f0s hendi. Um elsku e\u00f0a hatur veit enginn ma\u00f0ur, allt liggur framundan \u00feeirra augs\u00fdn.<a name=\"2\"><span class=\"versanumer\">2<\/span><\/a>Allt m\u00e6tir \u00f6llum; \u00fea\u00f0 sem til vill, er hi\u00f0 sama fyrir hinn r\u00e9ttl\u00e1ta og \u00feann \u00f3gu\u00f0lega, fyrir \u00feann g\u00f3\u00f0a, \u00feann hreina og \u00f3hreina, fyrir \u00feann sem f\u00f3rnf\u00e6rir og \u00feann sem ekki f\u00f3rnf\u00e6rir; eins og g\u00f3\u00f0um gengur, svo syndugum, \u00feeim sem sver <span class='VideyAth'>(g\u00e1lauslega)<\/span> eins og \u00feeim sem \u00f3ttast ei\u00f0inn.<a name=\"3\"><span class=\"versanumer\">3<\/span><\/a>\u00deetta er \u00fea\u00f0 vesta, vi\u00f0v\u00edkjandi \u00f6llu \u00fev\u00ed sem ske\u00f0ur undir s\u00f3lunni, a\u00f0 \u00f6llum m\u00e6tir sama; og a\u00f0 hj\u00f6rtu mannanna barna eru full af vonsku, og a\u00f0 heimska er \u00ed \u00feeirra hj\u00f6rtum, svo lengi sem \u00feau lifa, og eftir \u00fea\u00f0 fara \u00feau til hinna dau\u00f0u.<a name=\"4\"><span class=\"versanumer\">4<\/span><\/a>\u00dev\u00ed hv\u00f6r ver\u00f0ur undantekinn? fyrir alla sem lifa er \u00fe\u00f3 von; \u00fev\u00ed lifandi hundur er betri en dautt lj\u00f3n.<a name=\"5\"><span class=\"versanumer\">5<\/span><\/a>\u00deeir sem lifa, vita \u00fe\u00f3 a\u00f0 \u00feeir eiga a\u00f0 deyja; en \u00feeir dau\u00f0u vita ekkert, og \u00feeir eiga engin laun framar, heldur er \u00feeirra endurminning gleymd.<a name=\"6\"><span class=\"versanumer\">6<\/span><\/a>B\u00e6\u00f0i \u00feeirra elska og hatur og \u00f6fund er allt fari\u00f0; og \u00feeir hafa enga hlutdeild meir \u00ed heiminum, \u00ed \u00f6llu \u00fev\u00ed sem ske\u00f0ur undir s\u00f3lunni. <br \/><a name=\"7\"><span class=\"versanumer\">7<\/span><\/a>Svo far \u00fe\u00fa og et \u00feitt brau\u00f0 me\u00f0 gle\u00f0i og drekk \u00feitt v\u00edn me\u00f0 g\u00f3\u00f0u ge\u00f0i, \u00fev\u00ed Gu\u00f0 hefir vel\u00fe\u00f3knan \u00e1 \u00fe\u00ednum verkum.<a name=\"8\"><span class=\"versanumer\">8<\/span><\/a>L\u00e1ttu \u00fe\u00edn kl\u00e6\u00f0i \u00e6t\u00ed\u00f0 vera hv\u00edt, og l\u00e1ttu ekki \u00feitt h\u00f6fu\u00f0 vanta salve.<a name=\"9\"><span class=\"versanumer\">9<\/span><\/a>Nj\u00f3ttu l\u00edfsins me\u00f0 konu sem \u00fe\u00fa elskar, alla daga \u00feessa f\u00e1n\u00fdta l\u00edfs, sem \u00fe\u00e9r gefast undir s\u00f3lunni, alla daga \u00fe\u00edns f\u00e1n\u00fdta l\u00edfs! \u00dea\u00f0 er \u00fe\u00edn hlutdeild \u00ed l\u00edfinu, me\u00f0an \u00fe\u00fa erfi\u00f0ar undir s\u00f3lunni.<a name=\"10\"><span class=\"versanumer\">10<\/span><\/a>Allt hva\u00f0 \u00fe\u00edn h\u00f6nd finnur a\u00f0 gj\u00f6ra, \u00fe\u00e1 gj\u00f6r \u00fea\u00f0 me\u00f0 krafti, \u00fev\u00ed hv\u00f6rki er starf n\u00e9 konst n\u00e9 \u00feekking n\u00e9 v\u00edsd\u00f3mur \u00ed gr\u00f6finni, hvar \u00fe\u00fa lendir.<a name=\"11\"><span class=\"versanumer\">11<\/span><\/a>Eg sneri m\u00e9r enn einu sinni, og s\u00e1 hv\u00f6rnig tilgengur undir s\u00f3lunni. Skei\u00f0i\u00f0 er ekki \u00ed valdi \u00feess flj\u00f3ta, og bardaginn ekki \u00ed valdi hinna sterku; ei heldur brau\u00f0i\u00f0 \u00ed valdi hinna v\u00edsu, n\u00e9 au\u00f0ur \u00ed hendi \u00feeirra frams\u00fdnu, e\u00f0a vins\u00e6ld rei\u00f0ub\u00fainn \u00feeim fr\u00f3\u00f0u. Allt \u00feetta er komi\u00f0 undir t\u00edma og tilviljun.<a name=\"12\"><span class=\"versanumer\">12<\/span><\/a>\u00dev\u00ed jafnvel ma\u00f0urinn \u00feekkir ekki sinn t\u00edma, heldur eins og fiskarnir festast \u00ed \u00fev\u00ed h\u00e1skalega neti, og eins og fuglinn ver\u00f0ur fanga\u00f0ur \u00ed sn\u00f6rum, svo fl\u00e6kjast mannanna b\u00f6rn \u00ed \u00feeirri vondu t\u00ed\u00f0, \u00feegar h\u00fan kemur sn\u00f6gglega yfir \u00feau. <br \/><a name=\"13\"><span class=\"versanumer\">13<\/span><\/a>L\u00edka hefi eg s\u00e9\u00f0 \u00feessar v\u00edsd\u00f3msmenjar undir s\u00f3lunni, og m\u00e9r s\u00fdndust \u00fe\u00e6r miklar.<a name=\"14\"><span class=\"versanumer\">14<\/span><\/a>\u00dear var l\u00edtil borg og f\u00e1ir menn \u00ed henni; og \u00fear kom voldugur k\u00f3ngur sviplega a\u00f0 henni, settist um hana, og bygg\u00f0i miki\u00f0 hervirki \u00ed kringum hana;<a name=\"15\"><span class=\"versanumer\">15<\/span><\/a>og \u00fear fannst \u00ed henni f\u00e1t\u00e6kur, en hygginn ma\u00f0ur, og hann bjarga\u00f0i borginni me\u00f0 s\u00ednum v\u00edsd\u00f3mi, en enginn ma\u00f0ur mundi til \u00feess f\u00e1t\u00e6ka manns.<a name=\"16\"><span class=\"versanumer\">16<\/span><\/a>\u00de\u00e1 sag\u00f0i eg: viskan er betri en krafturinn. Samt var v\u00edsd\u00f3mur hins f\u00e1t\u00e6ka manns fyrirlitinn, og hans or\u00f0um var ei gegnt.<a name=\"17\"><span class=\"versanumer\">17<\/span><\/a>\u00de\u00f3 heyrast or\u00f0 hinna v\u00edsu af \u00feeim h\u00f3gv\u00e6ru betur, heldur en drottnarans hr\u00f3p me\u00f0al d\u00e1ra.<a name=\"18\"><span class=\"versanumer\">18<\/span><\/a>Betri er v\u00edsd\u00f3mur heldur en vopn; en syndarinn spillir m\u00f6rgu g\u00f3\u00f0u.<\/p>\n<div class=\"footnoteVidey\"><\/div>\n","protected":false},"excerpt":{"rendered":"<p>L\u00edkt m\u00e6tir vondum og g\u00f3\u00f0um. Allir hlj\u00f3ta a\u00f0 deyja. S\u00e6ll\u00edfi. Gu\u00f0s forsj\u00f3n r\u00e6\u00f0ur \u00f6llu. Viska betri en kraftur. 1Allt \u00feetta hefi eg lagt upp \u00e1 hjarta\u00f0 og eg grennsla\u00f0ist eftir \u00fev\u00ed \u00f6llu saman; \u00feeir r\u00e9ttl\u00e1tu og v\u00edsu og \u00feeirra verk eru \u00ed Gu\u00f0s hendi. Um elsku e\u00f0a hatur veit enginn ma\u00f0ur, allt liggur framundan \u00feeirra augs\u00fdn.2Allt m\u00e6tir \u00f6llum; \u00fea\u00f0 sem til vill, er hi\u00f0 sama fyrir hinn r\u00e9ttl\u00e1ta og \u00feann \u00f3gu\u00f0lega, fyrir \u00feann g\u00f3\u00f0a, \u00feann hreina og \u00f3hreina, fyrir \u00feann sem f\u00f3rnf\u00e6rir og \u00feann sem ekki f\u00f3rnf\u00e6rir; eins og g\u00f3\u00f0um gengur, svo syndugum, \u00feeim sem sver (g\u00e1lauslega) eins og \u00feeim <a href=\"https:\/\/biblian.is\/videy\/predikarinn-9-kafli\/\"> [&#8230;]<\/a><\/p>\n","protected":false},"author":1,"featured_media":0,"parent":0,"menu_order":0,"comment_status":"open","ping_status":"open","template":"bibliukaflar.php","meta":{"footnotes":""},"class_list":["post-21517","page","type-page","status-publish","hentry"],"_links":{"self":[{"href":"https:\/\/biblian.is\/videy\/wp-json\/wp\/v2\/pages\/21517","targetHints":{"allow":["GET"]}}],"collection":[{"href":"https:\/\/biblian.is\/videy\/wp-json\/wp\/v2\/pages"}],"about":[{"href":"https:\/\/biblian.is\/videy\/wp-json\/wp\/v2\/types\/page"}],"author":[{"embeddable":true,"href":"https:\/\/biblian.is\/videy\/wp-json\/wp\/v2\/users\/1"}],"replies":[{"embeddable":true,"href":"https:\/\/biblian.is\/videy\/wp-json\/wp\/v2\/comments?post=21517"}],"version-history":[{"count":0,"href":"https:\/\/biblian.is\/videy\/wp-json\/wp\/v2\/pages\/21517\/revisions"}],"wp:attachment":[{"href":"https:\/\/biblian.is\/videy\/wp-json\/wp\/v2\/media?parent=21517"}],"curies":[{"name":"wp","href":"https:\/\/api.w.org\/{rel}","templated":true}]}}