{"id":21516,"date":"2018-01-02T01:02:27","date_gmt":"2018-01-02T01:02:27","guid":{"rendered":"http:\/\/biblian.is\/videy\/predikarinn-8-kafli\/"},"modified":"2018-01-02T01:02:27","modified_gmt":"2018-01-02T01:02:27","slug":"predikarinn-8-kafli","status":"publish","type":"page","link":"https:\/\/biblian.is\/videy\/predikarinn-8-kafli\/","title":{"rendered":"Pr\u00e9dikarinn 8. kafli"},"content":{"rendered":"<div class=\"fyrirsognVidey\">A\u00f0 hei\u00f0ra k\u00f3nginn. Taka eftir forsj\u00f3narinnar vegum. Betra a\u00f0 vera me\u00f0 g\u00f3\u00f0um \u00ed m\u00f3tgangi en vondum \u00ed lukku. Gu\u00f0s verk \u00f3rannsakanleg.<\/div>\n<p><a name=\"1\"><span class=\"versanumer\">1<\/span><\/a>Hv\u00f6r er sem s\u00e1 vitri, og hv\u00f6r skilur hlutanna \u00fe\u00fd\u00f0ingu? Mannsins v\u00edsd\u00f3mur uppl\u00fdsir <span class='VideyAth'>(h\u00fdrgar)<\/span> hans andlit, og hans andlitisfrekja umbreytist.<a name=\"2\"><span class=\"versanumer\">2<\/span><\/a>Eg segi \u00fe\u00e9r: gef \u00fe\u00fa gaum k\u00f3ngsins bo\u00f0i, einkum vegna ei\u00f0sins fyrir Gu\u00f0i.<a name=\"3\"><span class=\"versanumer\">3<\/span><\/a>Vertu ei flj\u00f3tur a\u00f0 ganga fr\u00e1 hans augs\u00fdn, nem \u00fe\u00fa ekki sta\u00f0ar vi\u00f0 illt fyrirt\u00e6ki, \u00fev\u00ed hann m\u00e1 gj\u00f6ra allt hva\u00f0 hann vill.<a name=\"4\"><span class=\"versanumer\">4<\/span><\/a>\u00dear sem k\u00f3ngsins or\u00f0 er, \u00fear er makt, og hv\u00f6r \u00feorir a\u00f0 segja vi\u00f0 hann, hva\u00f0 gj\u00f6rir \u00fe\u00fa?<a name=\"5\"><span class=\"versanumer\">5<\/span><\/a>Hv\u00f6r sem bo\u00f0or\u00f0i\u00f0 heldur, hann skal ei var ver\u00f0a vi\u00f0 nokku\u00f0 illt, hyggins manns hjarta \u00feekkir b\u00e6\u00f0i t\u00edmann og a\u00f0fer\u00f0ina.<a name=\"6\"><span class=\"versanumer\">6<\/span><\/a>\u00dev\u00ed hv\u00f6rt fyrirt\u00e6ki hefir sinn t\u00edma og s\u00edna a\u00f0fer\u00f0; en manninn hittir m\u00f6rg \u00f3lukka.<a name=\"7\"><span class=\"versanumer\">7<\/span><\/a>\u00dev\u00ed enginn veit hva\u00f0 ske skal, \u00fev\u00ed hv\u00f6r getur sagt honum, hv\u00f6rnig \u00fea\u00f0 skuli vera. <br \/><a name=\"8\"><span class=\"versanumer\">8<\/span><\/a>Enginn ma\u00f0ur hefir vald yfir andardr\u00e6ttinum, svo a\u00f0 hann geti andardr\u00e6ttinum hj\u00e1 s\u00e9r haldi\u00f0; og enginn hefir vald yfir dau\u00f0ans degi; og enginn f\u00e6r sig lausan \u00far bardaganum; og gu\u00f0leysi\u00f0 bjargar ekki s\u00ednum.<a name=\"9\"><span class=\"versanumer\">9<\/span><\/a>Allt \u00feetta hefi eg s\u00e9\u00f0, \u00feegar eg sneri m\u00ednu hjarta a\u00f0 \u00f6llu \u00fev\u00ed sem gj\u00f6rist undir s\u00f3lunni; \u00feeir t\u00edmar gefast, a\u00f0 einn r\u00edkir yfir \u00f6\u00f0rum, \u00feeim til \u00f3g\u00e6fu.<a name=\"10\"><span class=\"versanumer\">10<\/span><\/a>\u00deannig hefi eg s\u00e9\u00f0 \u00f3gu\u00f0lega menn jar\u00f0a\u00f0a; og \u00fear komu og ur\u00f0u burt a\u00f0 fara fr\u00e1 \u00feeim heilaga sta\u00f0, og gleymdust \u00ed borginni, \u00feeir sem h\u00f6f\u00f0u breytt r\u00e1\u00f0vandlega; l\u00edka er \u00feetta h\u00e9g\u00f3mi.<a name=\"11\"><span class=\"versanumer\">11<\/span><\/a>Af \u00fev\u00ed a\u00f0 d\u00f3mi yfir vondum verkum er ekki strax fulln\u00e6gt, af \u00fev\u00ed fyllast hj\u00f6rtu mannanna barna me\u00f0 lyst til a\u00f0 a\u00f0hafast illt.<a name=\"12\"><span class=\"versanumer\">12<\/span><\/a>\u00de\u00f3 a\u00f0 syndarinn a\u00f0hafist illt hundra\u00f0 sinnum og lifi lengi, veit eg samt a\u00f0 \u00feeim mun vel vegna sem \u00f3ttast Gu\u00f0 og hafa lotningu fyrir hans augliti.<a name=\"13\"><span class=\"versanumer\">13<\/span><\/a>En \u00feeim \u00f3gu\u00f0lega skal ekki vel vegna og lengi skal hann ekki lifa. Eins og skuggi burt l\u00ed\u00f0a l\u00edfdagar \u00feess, sem ei hefir lotningu fyrir Gu\u00f0s augliti. <br \/><a name=\"14\"><span class=\"versanumer\">14<\/span><\/a>\u00dea\u00f0 er einn h\u00e9g\u00f3minn sem s\u00e9st \u00e1 j\u00f6r\u00f0unni: \u00fear eru r\u00e9ttl\u00e1tir, sem vegnar eftir verkum \u00f3gu\u00f0legra; og \u00fear eru \u00f3gu\u00f0legir, sem vegnar eftir verkum r\u00e9ttl\u00e1tra. Eg sag\u00f0i: \u00fea\u00f0 er l\u00edka h\u00e9g\u00f3mi.<a name=\"15\"><span class=\"versanumer\">15<\/span><\/a>\u00dear fyrir pr\u00edsa\u00f0i eg gle\u00f0ina, \u00fev\u00ed ma\u00f0urinn hefir ekkert betra undir s\u00f3lunni, en a\u00f0 eta og drekka og vera gla\u00f0ur. \u00dev\u00ed \u00feetta skal hann hafa fyrir sitt erfi\u00f0i, daga s\u00edns l\u00edfs, sem Gu\u00f0 hefir gefi\u00f0 honum undir s\u00f3lunni. <br \/><a name=\"16\"><span class=\"versanumer\">16<\/span><\/a>\u00deegar eg lag\u00f0i allan hug \u00e1 a\u00f0 grennslast eftir v\u00edsd\u00f3mi, og sj\u00e1 \u00fe\u00e1 hluti sem ske \u00e1 j\u00f6r\u00f0unni, <span class='VideyAth'>(\u00fev\u00ed s\u00e1 er til sem hv\u00f6rki dag n\u00e9 n\u00f3tt s\u00e9r svefn \u00ed s\u00ednum augum)<\/span>.<a name=\"17\"><span class=\"versanumer\">17<\/span><\/a>\u00de\u00e1 s\u00e1 eg allt Gu\u00f0s verk, og <span class='VideyAth'>(s\u00e1)<\/span> a\u00f0 menn geta ekki \u00fatgrunda\u00f0 \u00fea\u00f0 verk sem ske\u00f0ur undir s\u00f3lunni, \u00feess vegna \u00fe\u00f3 menn gj\u00f6ri s\u00e9r annt um a\u00f0 \u00fatgrunda, geta \u00feeir ekki skili\u00f0 \u00fea\u00f0. \u00de\u00f3 a\u00f0 s\u00e1 v\u00edsi hugsa\u00f0i s\u00e9r a\u00f0 \u00feekkja \u00fea\u00f0, getur hann samt ekki skili\u00f0 \u00fea\u00f0.<\/p>\n<div class=\"footnoteVidey\"><\/div>\n","protected":false},"excerpt":{"rendered":"<p>A\u00f0 hei\u00f0ra k\u00f3nginn. Taka eftir forsj\u00f3narinnar vegum. Betra a\u00f0 vera me\u00f0 g\u00f3\u00f0um \u00ed m\u00f3tgangi en vondum \u00ed lukku. Gu\u00f0s verk \u00f3rannsakanleg. 1Hv\u00f6r er sem s\u00e1 vitri, og hv\u00f6r skilur hlutanna \u00fe\u00fd\u00f0ingu? Mannsins v\u00edsd\u00f3mur uppl\u00fdsir (h\u00fdrgar) hans andlit, og hans andlitisfrekja umbreytist.2Eg segi \u00fe\u00e9r: gef \u00fe\u00fa gaum k\u00f3ngsins bo\u00f0i, einkum vegna ei\u00f0sins fyrir Gu\u00f0i.3Vertu ei flj\u00f3tur a\u00f0 ganga fr\u00e1 hans augs\u00fdn, nem \u00fe\u00fa ekki sta\u00f0ar vi\u00f0 illt fyrirt\u00e6ki, \u00fev\u00ed hann m\u00e1 gj\u00f6ra allt hva\u00f0 hann vill.4\u00dear sem k\u00f3ngsins or\u00f0 er, \u00fear er makt, og hv\u00f6r \u00feorir a\u00f0 segja vi\u00f0 hann, hva\u00f0 gj\u00f6rir \u00fe\u00fa?5Hv\u00f6r sem bo\u00f0or\u00f0i\u00f0 heldur, hann skal ei var ver\u00f0a <a href=\"https:\/\/biblian.is\/videy\/predikarinn-8-kafli\/\"> [&#8230;]<\/a><\/p>\n","protected":false},"author":1,"featured_media":0,"parent":0,"menu_order":0,"comment_status":"open","ping_status":"open","template":"bibliukaflar.php","meta":{"footnotes":""},"class_list":["post-21516","page","type-page","status-publish","hentry"],"_links":{"self":[{"href":"https:\/\/biblian.is\/videy\/wp-json\/wp\/v2\/pages\/21516","targetHints":{"allow":["GET"]}}],"collection":[{"href":"https:\/\/biblian.is\/videy\/wp-json\/wp\/v2\/pages"}],"about":[{"href":"https:\/\/biblian.is\/videy\/wp-json\/wp\/v2\/types\/page"}],"author":[{"embeddable":true,"href":"https:\/\/biblian.is\/videy\/wp-json\/wp\/v2\/users\/1"}],"replies":[{"embeddable":true,"href":"https:\/\/biblian.is\/videy\/wp-json\/wp\/v2\/comments?post=21516"}],"version-history":[{"count":0,"href":"https:\/\/biblian.is\/videy\/wp-json\/wp\/v2\/pages\/21516\/revisions"}],"wp:attachment":[{"href":"https:\/\/biblian.is\/videy\/wp-json\/wp\/v2\/media?parent=21516"}],"curies":[{"name":"wp","href":"https:\/\/api.w.org\/{rel}","templated":true}]}}