{"id":21515,"date":"2018-01-02T01:02:27","date_gmt":"2018-01-02T01:02:27","guid":{"rendered":"http:\/\/biblian.is\/videy\/predikarinn-7-kafli\/"},"modified":"2018-01-02T01:02:27","modified_gmt":"2018-01-02T01:02:27","slug":"predikarinn-7-kafli","status":"publish","type":"page","link":"https:\/\/biblian.is\/videy\/predikarinn-7-kafli\/","title":{"rendered":"Pr\u00e9dikarinn 7. kafli"},"content":{"rendered":"<div class=\"fyrirsognVidey\">R\u00e1\u00f0 vi\u00f0 h\u00e9g\u00f3ma \u00feessum er gott mannor\u00f0. Sj\u00e1lfsafneitun. \u00deolinm\u00e6\u00f0i. V\u00edsd\u00f3mur, sem torvelt er a\u00f0 f\u00e1.<\/div>\n<p><a name=\"1\"><span class=\"versanumer\">1<\/span><\/a>Gott mannor\u00f0 er betra enn gott salve, og dau\u00f0adagurinn betri en f\u00e6\u00f0ingardagurinn.<a name=\"2\"><span class=\"versanumer\">2<\/span><\/a>\u00dea\u00f0 er betra a\u00f0 ganga \u00ed sorgarh\u00fasi\u00f0 enn \u00ed veisluh\u00fasi\u00f0; \u00fev\u00ed \u00ed hinu er allra manna endalykt; og s\u00e1 sem lifir, leggur \u00fea\u00f0 upp \u00e1 hjarta\u00f0.<a name=\"3\"><span class=\"versanumer\">3<\/span><\/a>Hrygg\u00f0 er betri en hl\u00e1tur, \u00fev\u00ed dapurt andlit getur betra\u00f0 hjarta\u00f0.<a name=\"4\"><span class=\"versanumer\">4<\/span><\/a>Hugur hinna v\u00edsu er \u00ed sorgarh\u00fasinu, en d\u00e1ranna hjarta er \u00ed gle\u00f0ih\u00fasinu.<a name=\"5\"><span class=\"versanumer\">5<\/span><\/a>\u00dea\u00f0 er betra a\u00f0 heyra \u00e1t\u00f6lur hinna hyggnu, heldur en lofs\u00f6ng d\u00e1ranna,<a name=\"6\"><span class=\"versanumer\">6<\/span><\/a>\u00fev\u00ed hl\u00e1tur hinna heimsku er eins og \u00fe\u00e1 snarkar \u00ed \u00feyrnum undir pottinum; \u00feetta er l\u00edka h\u00e9g\u00f3mi.<a name=\"7\"><span class=\"versanumer\">7<\/span><\/a>\u00dev\u00ed undir\u00ferykking getur sannarlega gj\u00f6rt hygginn mann galinn, og hjarta\u00f0 getur spillst af g\u00e1fum. <br \/><a name=\"8\"><span class=\"versanumer\">8<\/span><\/a>Endir hv\u00f6rs hlutar er betri en upphafi\u00f0, og langlundarge\u00f0, er betra en metna\u00f0ur.<a name=\"9\"><span class=\"versanumer\">9<\/span><\/a>Ver \u00fe\u00fa ekki flj\u00f3tur \u00ed sinni til a\u00f0 rei\u00f0ast, \u00fev\u00ed rei\u00f0igirni hv\u00edlist \u00ed hjarta d\u00e1ranna.<a name=\"10\"><span class=\"versanumer\">10<\/span><\/a>Seg \u00fe\u00fa ekki: hvar af kemur \u00fea\u00f0, a\u00f0 \u00feeir fyrri dagar voru betri en \u00feessir? \u00fev\u00ed \u00feessh\u00e1ttar spurning er ekki skynsamleg.<a name=\"11\"><span class=\"versanumer\">11<\/span><\/a>Vitsmunirnir eru eins g\u00f3\u00f0ir og au\u00f0ur, \u00e1vinningur fyrir \u00fe\u00e1 sem sj\u00e1 s\u00f3lina,<a name=\"12\"><span class=\"versanumer\">12<\/span><\/a>\u00fev\u00ed eins og viskan er verja, svo eru og au\u00f0\u00e6fin, en \u00feekkingin hefir \u00fe\u00f3 yfirbur\u00f0i; og viskan gefur l\u00edfi\u00f0 \u00feeim hana hefir. <br \/><a name=\"13\"><span class=\"versanumer\">13<\/span><\/a>Sko\u00f0a \u00fe\u00fa Gu\u00f0s verk! hv\u00f6r getur gj\u00f6rt \u00fea\u00f0 beint sem hann hefir gj\u00f6rt bogi\u00f0.<a name=\"14\"><span class=\"versanumer\">14<\/span><\/a>Vertu gla\u00f0ur \u00e1 \u00feeim g\u00f3\u00f0u d\u00f6gum, og \u00e1 \u00feeim vonda degi, \u00fe\u00e1 yfirvega \u00fe\u00fa \u00feetta: Gu\u00f0 hefir gj\u00f6rt \u00feennan sem hina, til \u00feess ma\u00f0urinn viti ekki hva\u00f0 eftir \u00e1 kemur.<a name=\"15\"><span class=\"versanumer\">15<\/span><\/a>Allt \u00feetta hefi eg s\u00e9\u00f0 \u00e1 m\u00ednum h\u00e9g\u00f3mad\u00f6gum. \u00dear er einn r\u00e9ttl\u00e1tur sem fyrirferst \u00ed s\u00ednu r\u00e9ttl\u00e6ti, og \u00fear er einn \u00f3gu\u00f0legur sem lifir lengi \u00ed s\u00ednu gu\u00f0leysi.<a name=\"16\"><span class=\"versanumer\">16<\/span><\/a>Vertu ekki allt of r\u00e9ttl\u00e1tur, og gj\u00f6r \u00feig ekki sj\u00e1lfan ofvitran; hvarfyrir viltu ey\u00f0ileggja sj\u00e1lfan \u00feig?<a name=\"17\"><span class=\"versanumer\">17<\/span><\/a>En vertu ekki heldur alltof \u00f3gu\u00f0legur og vertu enginn d\u00e1ri. Hvarfyrir viltu deyja \u00e1\u00f0ur en \u00feinn t\u00edmi er kominn?<a name=\"18\"><span class=\"versanumer\">18<\/span><\/a>\u00dea\u00f0 er gott a\u00f0 \u00fe\u00fa s\u00e9rt fastheldinn \u00e1 \u00fev\u00ed eina; en \u00fe\u00fa skalt ei heldur sleppa hinu \u00f6\u00f0ru \u00fe\u00e9r \u00far hendi, \u00fev\u00ed s\u00e1 sem \u00f3ttast Gu\u00f0, hann kemst hj\u00e1 \u00fev\u00ed \u00f6llu.<a name=\"19\"><span class=\"versanumer\">19<\/span><\/a>V\u00edsd\u00f3mur styrkir \u00feann v\u00edsa, meir en t\u00edu voldugir \u00ed borginni.<a name=\"20\"><span class=\"versanumer\">20<\/span><\/a>\u00de\u00f3 er ekki einn ma\u00f0ur r\u00e9ttl\u00e1tur \u00e1 j\u00f6r\u00f0unni, sem gj\u00f6ri gott og syndgi ekki.<a name=\"21\"><span class=\"versanumer\">21<\/span><\/a>Leg\u00f0u ekki upp \u00e1 hjarta\u00f0 \u00f6ll \u00feau or\u00f0 sem t\u00f6lu\u00f0 eru, svo \u00fe\u00fa heyrir ekki \u00feinn \u00fe\u00e9nara form\u00e6la \u00fe\u00e9r.<a name=\"22\"><span class=\"versanumer\">22<\/span><\/a>\u00dev\u00ed \u00feitt hjarta man, a\u00f0 \u00fe\u00fa hefir og \u00f6\u00f0rum form\u00e6lt.<a name=\"23\"><span class=\"versanumer\">23<\/span><\/a>Allt \u00feetta hefi eg pr\u00f3fa\u00f0 me\u00f0 viskunni. Eg sag\u00f0i: n\u00fa hefi eg v\u00edsd\u00f3minn, en hann v\u00e9k langt fr\u00e1 m\u00e9r.<a name=\"24\"><span class=\"versanumer\">24<\/span><\/a>Fj\u00e6rl\u00e6gt er \u00fea\u00f0 sem hefir veri\u00f0 og <span class='VideyAth'>(\u00fea\u00f0 er)<\/span> dj\u00fapt <span class='VideyAth'>(fali\u00f0)<\/span>, hv\u00f6r getur fundi\u00f0 \u00fea\u00f0?<a name=\"25\"><span class=\"versanumer\">25<\/span><\/a>Eg sneri m\u00ednu hjarta til a\u00f0 skilja, rannsaka, og grennslast eftir v\u00edsd\u00f3mi og skynsemi, d\u00e1raskap, heimsku og vitleysu.<a name=\"26\"><span class=\"versanumer\">26<\/span><\/a>\u00de\u00e1 fann eg einn hlut beiskari en dau\u00f0ann, konu, hv\u00f6rrar hjarta var sem vei\u00f0imannanet og snara, og hv\u00f6rrar hendur voru sem fj\u00f6trar. S\u00e1 sem er g\u00f3\u00f0ur fyrir Gu\u00f0s augs\u00fdn, skal sleppa hj\u00e1 henni, en syndarinn ver\u00f0ur af henni hertekinn <span class='VideyAth'>(fanga\u00f0ur)<\/span>.<a name=\"27\"><span class=\"versanumer\">27<\/span><\/a>Sj\u00e1! \u00feetta hefi eg fundi\u00f0, segir pr\u00e9dikarinn, eitt eftir anna\u00f0, svo eg g\u00e6ti fundi\u00f0 skynsemd.<a name=\"28\"><span class=\"versanumer\">28<\/span><\/a>M\u00edn s\u00e1l leitar enn, og eg hefi ekki fundi\u00f0 hana, einn mann hefi eg fundi\u00f0 me\u00f0al \u00fe\u00fasund manna; en eina konu fann eg ekki me\u00f0al \u00feeirra allra.<a name=\"29\"><span class=\"versanumer\">29<\/span><\/a>Sj\u00e1! einasta \u00feetta, \u00feetta hefi eg fundi\u00f0, Gu\u00f0 gj\u00f6r\u00f0i manninn beinan, en \u00feeir leita margra kr\u00f3ka.<\/p>\n<div class=\"footnoteVidey\"><\/div>\n","protected":false},"excerpt":{"rendered":"<p>R\u00e1\u00f0 vi\u00f0 h\u00e9g\u00f3ma \u00feessum er gott mannor\u00f0. Sj\u00e1lfsafneitun. \u00deolinm\u00e6\u00f0i. V\u00edsd\u00f3mur, sem torvelt er a\u00f0 f\u00e1. 1Gott mannor\u00f0 er betra enn gott salve, og dau\u00f0adagurinn betri en f\u00e6\u00f0ingardagurinn.2\u00dea\u00f0 er betra a\u00f0 ganga \u00ed sorgarh\u00fasi\u00f0 enn \u00ed veisluh\u00fasi\u00f0; \u00fev\u00ed \u00ed hinu er allra manna endalykt; og s\u00e1 sem lifir, leggur \u00fea\u00f0 upp \u00e1 hjarta\u00f0.3Hrygg\u00f0 er betri en hl\u00e1tur, \u00fev\u00ed dapurt andlit getur betra\u00f0 hjarta\u00f0.4Hugur hinna v\u00edsu er \u00ed sorgarh\u00fasinu, en d\u00e1ranna hjarta er \u00ed gle\u00f0ih\u00fasinu.5\u00dea\u00f0 er betra a\u00f0 heyra \u00e1t\u00f6lur hinna hyggnu, heldur en lofs\u00f6ng d\u00e1ranna,6\u00fev\u00ed hl\u00e1tur hinna heimsku er eins og \u00fe\u00e1 snarkar \u00ed \u00feyrnum undir pottinum; \u00feetta er l\u00edka h\u00e9g\u00f3mi.7\u00dev\u00ed <a href=\"https:\/\/biblian.is\/videy\/predikarinn-7-kafli\/\"> [&#8230;]<\/a><\/p>\n","protected":false},"author":1,"featured_media":0,"parent":0,"menu_order":0,"comment_status":"open","ping_status":"open","template":"bibliukaflar.php","meta":{"footnotes":""},"class_list":["post-21515","page","type-page","status-publish","hentry"],"_links":{"self":[{"href":"https:\/\/biblian.is\/videy\/wp-json\/wp\/v2\/pages\/21515","targetHints":{"allow":["GET"]}}],"collection":[{"href":"https:\/\/biblian.is\/videy\/wp-json\/wp\/v2\/pages"}],"about":[{"href":"https:\/\/biblian.is\/videy\/wp-json\/wp\/v2\/types\/page"}],"author":[{"embeddable":true,"href":"https:\/\/biblian.is\/videy\/wp-json\/wp\/v2\/users\/1"}],"replies":[{"embeddable":true,"href":"https:\/\/biblian.is\/videy\/wp-json\/wp\/v2\/comments?post=21515"}],"version-history":[{"count":0,"href":"https:\/\/biblian.is\/videy\/wp-json\/wp\/v2\/pages\/21515\/revisions"}],"wp:attachment":[{"href":"https:\/\/biblian.is\/videy\/wp-json\/wp\/v2\/media?parent=21515"}],"curies":[{"name":"wp","href":"https:\/\/api.w.org\/{rel}","templated":true}]}}