{"id":21514,"date":"2018-01-02T01:02:27","date_gmt":"2018-01-02T01:02:27","guid":{"rendered":"http:\/\/biblian.is\/videy\/predikarinn-6-kafli\/"},"modified":"2018-01-02T01:02:27","modified_gmt":"2018-01-02T01:02:27","slug":"predikarinn-6-kafli","status":"publish","type":"page","link":"https:\/\/biblian.is\/videy\/predikarinn-6-kafli\/","title":{"rendered":"Pr\u00e9dikarinn 6. kafli"},"content":{"rendered":"<div class=\"fyrirsognVidey\">\u00ddmisleg sannm\u00e6li.<\/div>\n<p><a name=\"1\"><span class=\"versanumer\">1<\/span><\/a>\u00dea\u00f0 er ein \u00f3lukkan sem eg s\u00e1 undir s\u00f3lunni, og h\u00fan er mikil me\u00f0al mannanna.<a name=\"2\"><span class=\"versanumer\">2<\/span><\/a>\u00dear er einn, hv\u00f6rjum Gu\u00f0 gefur au\u00f0, g\u00f3ss og hei\u00f0ur, svo hann vantar ekkert af \u00fev\u00ed sem hans hjarta girnist, og Gu\u00f0 gefur honum \u00fe\u00f3 ekki vald <span class='VideyAth'>(skap)<\/span> til a\u00f0 eta \u00fear af; \u00fear \u00e1 m\u00f3ti skal annar nj\u00f3ta \u00feess. \u00deetta er og h\u00e9g\u00f3mi og vond pl\u00e1ga.<a name=\"3\"><span class=\"versanumer\">3<\/span><\/a>\u00de\u00f3tt ma\u00f0ur \u00e6tti hundra\u00f0 b\u00f6rn, og lif\u00f0i m\u00f6rg \u00e1r, svo a\u00f0 dagar hans \u00e1ra yr\u00f0u margir, en s\u00e1l hans metta\u00f0ist \u00fe\u00f3 ekki af hans g\u00f3ssi, og fengi ei heldur greftrun, \u00fe\u00e1 mundi eg segja: \u00f3t\u00edmabur\u00f0ur er s\u00e6lli en hann,<a name=\"4\"><span class=\"versanumer\">4<\/span><\/a>\u00fev\u00ed a\u00f0 s\u00f6nnu kemur hann me\u00f0 h\u00e9g\u00f3ma, og fer burt \u00ed myrkri\u00f0, og hans nafn ver\u00f0ur \u00ed myrkri fali\u00f0,<a name=\"5\"><span class=\"versanumer\">5<\/span><\/a>s\u00e9r ei heldur s\u00f3lina, ver\u00f0ur ei vi\u00f0 hana var, en samt hefir hann meiri r\u00f3 en hinn <span class='VideyAth'>(s\u00e1 r\u00edki)<\/span>.<a name=\"6\"><span class=\"versanumer\">6<\/span><\/a>Og \u00fe\u00f3 hann lif\u00f0i tv\u00f6 \u00fe\u00fasund \u00e1r og nyti ei sinna g\u00e6\u00f0a, lendir \u00fea\u00f0 ekki \u00ed sama sta\u00f0?<a name=\"7\"><span class=\"versanumer\">7<\/span><\/a>Allt mannsins erfi\u00f0i er fyrir mannsins munn, en s\u00e1lin mettast \u00fe\u00f3 ekki.<a name=\"8\"><span class=\"versanumer\">8<\/span><\/a>\u00dev\u00ed hva\u00f0 hefir s\u00e1 v\u00edsi fram yfir d\u00e1rann? hva\u00f0 hefir s\u00e1 snau\u00f0i <span class='VideyAth'>a)<\/span>, a\u00f0 hann veit a\u00f0 ganga me\u00f0al \u00feeirra sem lifa?<a name=\"9\"><span class=\"versanumer\">9<\/span><\/a>Betra er \u00fea\u00f0 sem ma\u00f0ur s\u00e9r fyrir augum s\u00ednum, heldur en \u00fea\u00f0 sem s\u00e1lin girnist. L\u00edka <span class='VideyAth'>b)<\/span> \u00feetta er h\u00e9g\u00f3mi og skapraun.<br \/><a name=\"10\"><span class=\"versanumer\">10<\/span><\/a>\u00dea\u00f0 sem er, fyrir l\u00f6ngu var \u00feess nafn nefnt, og \u00fea\u00f0 er vitanlegt, a\u00f0 hann er ma\u00f0ur; og hann getur ekki deilt vi\u00f0 \u00feann sem er voldugri en hann.<a name=\"11\"><span class=\"versanumer\">11<\/span><\/a>\u00dea\u00f0 eykur h\u00e9g\u00f3mann, a\u00f0 tala h\u00e9r margt um; hva\u00f0 er ma\u00f0urinn a\u00f0 b\u00e6ttari?<a name=\"12\"><span class=\"versanumer\">12<\/span><\/a>\u00dev\u00ed hv\u00f6r veit hva\u00f0 gott er fyrir manninn \u00e1 d\u00f6gum \u00feess f\u00e1n\u00fdta l\u00edfs, sem honum hverfur eins og skuggi? hv\u00f6r getur sagt manninum, hva\u00f0 eftir hann skal ske undir s\u00f3lunni?<\/p>\n<div class=\"footnoteVidey\">V. 8. a. S\u00e1 snau\u00f0i hefir nefnilega ors\u00f6k til a\u00f0 farga s\u00e9r?  V. 9. b. a\u00f0 girnast \u00fea\u00f0 sem ei f\u00e6st.  V. 11. a\u00f0r: \u00dea\u00f0 er margt sem eykur h\u00e9g\u00f3mann. Hv\u00f6rja yfirbur\u00f0i hefir ma\u00f0urinn?<\/div>\n","protected":false},"excerpt":{"rendered":"<p>\u00ddmisleg sannm\u00e6li. 1\u00dea\u00f0 er ein \u00f3lukkan sem eg s\u00e1 undir s\u00f3lunni, og h\u00fan er mikil me\u00f0al mannanna.2\u00dear er einn, hv\u00f6rjum Gu\u00f0 gefur au\u00f0, g\u00f3ss og hei\u00f0ur, svo hann vantar ekkert af \u00fev\u00ed sem hans hjarta girnist, og Gu\u00f0 gefur honum \u00fe\u00f3 ekki vald (skap) til a\u00f0 eta \u00fear af; \u00fear \u00e1 m\u00f3ti skal annar nj\u00f3ta \u00feess. \u00deetta er og h\u00e9g\u00f3mi og vond pl\u00e1ga.3\u00de\u00f3tt ma\u00f0ur \u00e6tti hundra\u00f0 b\u00f6rn, og lif\u00f0i m\u00f6rg \u00e1r, svo a\u00f0 dagar hans \u00e1ra yr\u00f0u margir, en s\u00e1l hans metta\u00f0ist \u00fe\u00f3 ekki af hans g\u00f3ssi, og fengi ei heldur greftrun, \u00fe\u00e1 mundi eg segja: \u00f3t\u00edmabur\u00f0ur er s\u00e6lli en <a href=\"https:\/\/biblian.is\/videy\/predikarinn-6-kafli\/\"> [&#8230;]<\/a><\/p>\n","protected":false},"author":1,"featured_media":0,"parent":0,"menu_order":0,"comment_status":"open","ping_status":"open","template":"bibliukaflar.php","meta":{"footnotes":""},"class_list":["post-21514","page","type-page","status-publish","hentry"],"_links":{"self":[{"href":"https:\/\/biblian.is\/videy\/wp-json\/wp\/v2\/pages\/21514","targetHints":{"allow":["GET"]}}],"collection":[{"href":"https:\/\/biblian.is\/videy\/wp-json\/wp\/v2\/pages"}],"about":[{"href":"https:\/\/biblian.is\/videy\/wp-json\/wp\/v2\/types\/page"}],"author":[{"embeddable":true,"href":"https:\/\/biblian.is\/videy\/wp-json\/wp\/v2\/users\/1"}],"replies":[{"embeddable":true,"href":"https:\/\/biblian.is\/videy\/wp-json\/wp\/v2\/comments?post=21514"}],"version-history":[{"count":0,"href":"https:\/\/biblian.is\/videy\/wp-json\/wp\/v2\/pages\/21514\/revisions"}],"wp:attachment":[{"href":"https:\/\/biblian.is\/videy\/wp-json\/wp\/v2\/media?parent=21514"}],"curies":[{"name":"wp","href":"https:\/\/api.w.org\/{rel}","templated":true}]}}