{"id":21513,"date":"2018-01-02T01:02:27","date_gmt":"2018-01-02T01:02:27","guid":{"rendered":"http:\/\/biblian.is\/videy\/predikarinn-5-kafli\/"},"modified":"2018-01-02T01:02:27","modified_gmt":"2018-01-02T01:02:27","slug":"predikarinn-5-kafli","status":"publish","type":"page","link":"https:\/\/biblian.is\/videy\/predikarinn-5-kafli\/","title":{"rendered":"Pr\u00e9dikarinn 5. kafli"},"content":{"rendered":"<div class=\"fyrirsognVidey\">H\u00e9g\u00f3mi \u00ed gu\u00f0sd\u00fdrkuninni. \u00cd m\u00f6gli. \u00cd au\u00f0leg\u00f0. Gu\u00f0s gj\u00f6f a\u00f0 nj\u00f3ta au\u00f0sins me\u00f0 gle\u00f0i.<\/div>\n<p><a name=\"1\"><span class=\"versanumer\">1<\/span><\/a>Vakta \u00feinn f\u00f3t \u00feegar \u00fe\u00fa gengur \u00ed Drottins h\u00fas, og far \u00feanga\u00f0 heldur til a\u00f0 heyra, en til a\u00f0 f\u00f3rnf\u00e6ra, eins og heimskingjar; \u00fev\u00ed \u00feeir gefa ekki um \u00fea\u00f0, \u00fe\u00f3 \u00feeir a\u00f0hafist illt.<a name=\"2\"><span class=\"versanumer\">2<\/span><\/a>Vertu ekki skj\u00f3tor\u00f0ur og \u00feitt hjarta hlaupi ekki \u00e1 sig a\u00f0 tala or\u00f0 fyrir Gu\u00f0s augliti; \u00fev\u00ed Gu\u00f0 er \u00e1 himnum, en \u00fe\u00fa \u00e1 j\u00f6r\u00f0u; af \u00fev\u00ed skulu or\u00f0 \u00fe\u00edn vera f\u00e1.<a name=\"3\"><span class=\"versanumer\">3<\/span><\/a>\u00dev\u00ed draumar koma af miklum raunum, og heimskingjans raust \u00feekkist af or\u00f0afj\u00f6lda.<a name=\"4\"><span class=\"versanumer\">4<\/span><\/a>\u00deegar \u00fe\u00fa gj\u00f6rir Gu\u00f0i heit, svo freista\u00f0u ekki a\u00f0 efna \u00fea\u00f0, \u00fev\u00ed hann hefir ekki vel\u00fe\u00f3knun \u00e1 d\u00e1rum; \u00fea\u00f0 sem \u00fe\u00fa lofar, \u00fea\u00f0 haltu.<a name=\"5\"><span class=\"versanumer\">5<\/span><\/a>Betra er \u00fe\u00fa lofir engu, en a\u00f0 \u00fe\u00fa lofir og haldir \u00fea\u00f0 ekki.<a name=\"6\"><span class=\"versanumer\">6<\/span><\/a>Leyf ekki \u00fe\u00ednum munni a\u00f0 hann l\u00e1ti \u00feitt hold <span class='VideyAth'>(\u00feig)<\/span> syndga, og seg ekki \u00ed engilsins <span class='VideyAth'>(prestsins)<\/span> \u00e1heyrn: \u00fea\u00f0 var yfirsj\u00f3n! Hv\u00ed skyldi Gu\u00f0 rei\u00f0ast af \u00feinni raust, og ford\u00e6ma verk \u00feinna handa?<a name=\"7\"><span class=\"versanumer\">7<\/span><\/a>\u00dev\u00ed eins og \u00fear er mikill h\u00e9g\u00f3maskapur, \u00fear sem margir draumar eru, eins er \u00fev\u00ed vari\u00f0 me\u00f0 \u00feau m\u00f6rgu or\u00f0. En \u00f3ttastu Gu\u00f0!<a name=\"8\"><span class=\"versanumer\">8<\/span><\/a>Sj\u00e1ir \u00fe\u00fa \u00feann f\u00e1t\u00e6ka undir\u00ferykktan, og a\u00f0 r\u00e9tti og r\u00e9ttv\u00edsi er r\u00e6nt \u00far landinu, \u00fe\u00e1 fur\u00f0a \u00fe\u00fa \u00feig ekki \u00e1 \u00fev\u00ed ath\u00e6fi, \u00fev\u00ed yfir h\u00e1um vakir h\u00e1r, og s\u00e1 h\u00e6sti yfir \u00feeim.<a name=\"9\"><span class=\"versanumer\">9<\/span><\/a>\u00cd allan m\u00e1ta er landinu hagur a\u00f0 \u00feeim k\u00f3ngi sem landi\u00f0 hei\u00f0rar.<a name=\"10\"><span class=\"versanumer\">10<\/span><\/a>Hv\u00f6r sem elskar peninga, ver\u00f0ur aldrei mettur af peningum, og hv\u00f6r sem elskar au\u00f0\u00e6fi, hefir ekki gagn af \u00fev\u00ed. \u00deetta er l\u00edka h\u00e9g\u00f3mi.<a name=\"11\"><span class=\"versanumer\">11<\/span><\/a>\u00dear sem au\u00f0ur safnast, \u00fear safnast margur til a\u00f0 ey\u00f0a honum; og hv\u00f6rt gagn er \u00fea\u00f0 fyrir \u00feann sem \u00e1, nema a\u00f0 hans augu horfa \u00fear \u00e1.<a name=\"12\"><span class=\"versanumer\">12<\/span><\/a>\u00deeim sem erfi\u00f0ar, er svefninn s\u00e6tur, hv\u00f6rt sem hann etur l\u00edti\u00f0 e\u00f0a miki\u00f0; en mettun hins r\u00edka, leyfir honum eigi a\u00f0 sofa.<a name=\"13\"><span class=\"versanumer\">13<\/span><\/a>\u00dea\u00f0 er \u00f3lukka, \u00fea\u00f0 er sj\u00fakd\u00f3mur, sem eg s\u00e1 undir s\u00f3lunni, a\u00f0 au\u00f0urinn geymist af eigandanum, til hans eigin \u00f3lukku.<a name=\"14\"><span class=\"versanumer\">14<\/span><\/a>\u00dev\u00ed missist \u00feessi au\u00f0ur af \u00f3heppni, og hafi hann eignast son, ver\u00f0ur ekkert \u00ed hans hendi.<a name=\"15\"><span class=\"versanumer\">15<\/span><\/a>Eins og hann kom af m\u00f3\u00f0url\u00edfi, svo skal hann nakinn burt aftur fara, fara eins og hann kom, og af \u00fev\u00ed sem hann afla\u00f0i me\u00f0 s\u00ednu erfi\u00f0i, mun hann ekkert taka me\u00f0 s\u00e9r \u00ed s\u00edna h\u00f6nd.<a name=\"16\"><span class=\"versanumer\">16<\/span><\/a>Sannarlega er og svo \u00feetta \u00f3lukka og sj\u00fakleiki, a\u00f0 hann skal \u00ed allan m\u00e1ta fara sem hann kom; hv\u00f6rt gagn hefir hann \u00fe\u00e1 af a\u00f0 hann hefir erfi\u00f0a\u00f0 <span class='VideyAth'>(unni\u00f0)<\/span> fyrir g\u00fdg?<a name=\"17\"><span class=\"versanumer\">17<\/span><\/a>og a\u00f0 hann alla s\u00edna daga \u00e1t \u00ed myrkri, haf\u00f0i marga raun og sj\u00fakd\u00f3m og arm\u00e6\u00f0u.<a name=\"18\"><span class=\"versanumer\">18<\/span><\/a>Sj\u00e1! svo hefur m\u00e9r litist: gott, j\u00e1, \u00e1g\u00e6tt er \u00fea\u00f0, \u00feegar ma\u00f0urinn etur og drekkur og n\u00fdtur gle\u00f0i \u00ed \u00f6llu s\u00ednu erfi\u00f0i, sem hann hefir undir s\u00f3lunni, \u00e1 \u00feeirri litlu l\u00edfdagat\u00f6lu, sem Gu\u00f0 gefur honum, \u00fev\u00ed \u00fea\u00f0 er hans hlutdeild.<a name=\"19\"><span class=\"versanumer\">19<\/span><\/a>Og hv\u00f6r s\u00e1 ma\u00f0ur, sem Gu\u00f0 gefur au\u00f0 og g\u00f3ss og efni, og leyfir a\u00f0 nj\u00f3ta \u00feess, a\u00f0 taka s\u00edna hlutdeild \u00fear af, og a\u00f0 gle\u00f0jast \u00ed s\u00ednu erfi\u00f0i, <span class='VideyAth'>(vi\u00f0urkenni)<\/span> a\u00f0 \u00feetta s\u00e9 Gu\u00f0s g\u00e1fa.<a name=\"20\"><span class=\"versanumer\">20<\/span><\/a>\u00dev\u00ed hann mun ekki miki\u00f0 hugsa til sinna l\u00edfdaga, me\u00f0an Gu\u00f0 l\u00e6tur hann hafa n\u00f3g a\u00f0 s\u00fdsla vi\u00f0 f\u00f6gnu\u00f0 s\u00edns hjarta.<\/p>\n<div class=\"footnoteVidey\"><\/div>\n","protected":false},"excerpt":{"rendered":"<p>H\u00e9g\u00f3mi \u00ed gu\u00f0sd\u00fdrkuninni. \u00cd m\u00f6gli. \u00cd au\u00f0leg\u00f0. Gu\u00f0s gj\u00f6f a\u00f0 nj\u00f3ta au\u00f0sins me\u00f0 gle\u00f0i. 1Vakta \u00feinn f\u00f3t \u00feegar \u00fe\u00fa gengur \u00ed Drottins h\u00fas, og far \u00feanga\u00f0 heldur til a\u00f0 heyra, en til a\u00f0 f\u00f3rnf\u00e6ra, eins og heimskingjar; \u00fev\u00ed \u00feeir gefa ekki um \u00fea\u00f0, \u00fe\u00f3 \u00feeir a\u00f0hafist illt.2Vertu ekki skj\u00f3tor\u00f0ur og \u00feitt hjarta hlaupi ekki \u00e1 sig a\u00f0 tala or\u00f0 fyrir Gu\u00f0s augliti; \u00fev\u00ed Gu\u00f0 er \u00e1 himnum, en \u00fe\u00fa \u00e1 j\u00f6r\u00f0u; af \u00fev\u00ed skulu or\u00f0 \u00fe\u00edn vera f\u00e1.3\u00dev\u00ed draumar koma af miklum raunum, og heimskingjans raust \u00feekkist af or\u00f0afj\u00f6lda.4\u00deegar \u00fe\u00fa gj\u00f6rir Gu\u00f0i heit, svo freista\u00f0u ekki a\u00f0 efna \u00fea\u00f0, \u00fev\u00ed <a href=\"https:\/\/biblian.is\/videy\/predikarinn-5-kafli\/\"> [&#8230;]<\/a><\/p>\n","protected":false},"author":1,"featured_media":0,"parent":0,"menu_order":0,"comment_status":"open","ping_status":"open","template":"bibliukaflar.php","meta":{"footnotes":""},"class_list":["post-21513","page","type-page","status-publish","hentry"],"_links":{"self":[{"href":"https:\/\/biblian.is\/videy\/wp-json\/wp\/v2\/pages\/21513","targetHints":{"allow":["GET"]}}],"collection":[{"href":"https:\/\/biblian.is\/videy\/wp-json\/wp\/v2\/pages"}],"about":[{"href":"https:\/\/biblian.is\/videy\/wp-json\/wp\/v2\/types\/page"}],"author":[{"embeddable":true,"href":"https:\/\/biblian.is\/videy\/wp-json\/wp\/v2\/users\/1"}],"replies":[{"embeddable":true,"href":"https:\/\/biblian.is\/videy\/wp-json\/wp\/v2\/comments?post=21513"}],"version-history":[{"count":0,"href":"https:\/\/biblian.is\/videy\/wp-json\/wp\/v2\/pages\/21513\/revisions"}],"wp:attachment":[{"href":"https:\/\/biblian.is\/videy\/wp-json\/wp\/v2\/media?parent=21513"}],"curies":[{"name":"wp","href":"https:\/\/api.w.org\/{rel}","templated":true}]}}