{"id":21511,"date":"2018-01-02T01:02:27","date_gmt":"2018-01-02T01:02:27","guid":{"rendered":"http:\/\/biblian.is\/videy\/predikarinn-3-kafli\/"},"modified":"2018-01-02T01:02:27","modified_gmt":"2018-01-02T01:02:27","slug":"predikarinn-3-kafli","status":"publish","type":"page","link":"https:\/\/biblian.is\/videy\/predikarinn-3-kafli\/","title":{"rendered":"Pr\u00e9dikarinn 3. kafli"},"content":{"rendered":"<div class=\"fyrirsognVidey\">Allt hefir sinn t\u00edma. Best er a\u00f0 nj\u00f3ta l\u00edfsins g\u00e6\u00f0a me\u00f0 \u00feakkl\u00e6ti vi\u00f0 gjafarann. Umkv\u00f6rtun yfir l\u00edfsins arm\u00e6\u00f0u.<\/div>\n<p><a name=\"1\"><span class=\"versanumer\">1<\/span><\/a>Allt hefir sinn \u00e1kvar\u00f0a\u00f0a t\u00edma, og stund er til alls \u00e1forms undir himninum.<a name=\"2\"><span class=\"versanumer\">2<\/span><\/a>T\u00edmi er til a\u00f0 f\u00e6\u00f0ast, og t\u00edmi til a\u00f0 deyja, t\u00edmi til a\u00f0 planta, og t\u00edmi til upp a\u00f0 r\u00e6ta, \u00fea\u00f0 sem planta\u00f0 var,<a name=\"3\"><span class=\"versanumer\">3<\/span><\/a>t\u00edmi er til a\u00f0 s\u00e6ra og t\u00edmi til a\u00f0 gr\u00e6\u00f0a; t\u00edmi til a\u00f0 ni\u00f0urbrj\u00f3ta og t\u00edmi til a\u00f0 uppbyggja,<a name=\"4\"><span class=\"versanumer\">4<\/span><\/a>t\u00edmi til a\u00f0 gr\u00e1ta og t\u00edmi til a\u00f0 hl\u00e6ja, t\u00edmi til a\u00f0 veina og t\u00edmi til a\u00f0 hoppa upp af gle\u00f0i,<a name=\"5\"><span class=\"versanumer\">5<\/span><\/a>t\u00edmi til a\u00f0 sundurdreifa steinum, og t\u00edmi til a\u00f0 safna steinum, t\u00edmi til a\u00f0 fa\u00f0mast, og t\u00edmi til a\u00f0 halda s\u00e9r fr\u00e1 fa\u00f0ml\u00f6gum,<a name=\"6\"><span class=\"versanumer\">6<\/span><\/a>t\u00edmi til a\u00f0 leita og t\u00edmi til a\u00f0 t\u00fdna, t\u00edmi til a\u00f0 geyma og t\u00edmi til a\u00f0 burtkasta,<a name=\"7\"><span class=\"versanumer\">7<\/span><\/a>t\u00edmi til a\u00f0 \u00feegja og t\u00edmi til a\u00f0 tala,<a name=\"8\"><span class=\"versanumer\">8<\/span><\/a>t\u00edmi til a\u00f0 elska og t\u00edmi til a\u00f0 hata, t\u00edmi til str\u00ed\u00f0s og t\u00edmi til fri\u00f0ar.<a name=\"9\"><span class=\"versanumer\">9<\/span><\/a>Hv\u00f6rn hag hefir s\u00e1 sem \u00e1 sig reynir af \u00f6llum s\u00ednum vi\u00f0bur\u00f0um?<a name=\"10\"><span class=\"versanumer\">10<\/span><\/a>Eg hefi s\u00e9\u00f0 \u00fe\u00e1 m\u00e6\u00f0u, sem Gu\u00f0 hefir \u00e6tla\u00f0 mannanna b\u00f6rnum a\u00f0 m\u00e6\u00f0a sig me\u00f0.<a name=\"11\"><span class=\"versanumer\">11<\/span><\/a>Hann gj\u00f6r\u00f0i alla hluti vel \u00e1 s\u00ednum t\u00edma; hann lag\u00f0i l\u00edka \u00f3komnar aldir \u00ed \u00feeirra hj\u00f6rtu, \u00fe\u00f3 a\u00f0 ma\u00f0urinn ekki geti \u00feekkt \u00fea\u00f0 verk, sem Gu\u00f0 hefir gj\u00f6rt, fr\u00e1 byrjuninni til endans.<a name=\"12\"><span class=\"versanumer\">12<\/span><\/a>Eg kanna\u00f0ist vi\u00f0 a\u00f0 ekkert v\u00e6ri betra fyrir manninum en a\u00f0 hann s\u00e9 gla\u00f0ur og gj\u00f6ri s\u00e9r til g\u00f3\u00f0a \u00ed l\u00edfinu,<a name=\"13\"><span class=\"versanumer\">13<\/span><\/a>\u00fe\u00f3 svo, a\u00f0 s\u00e9rhv\u00f6r ma\u00f0ur sem etur og drekkur, og n\u00fdtur hins g\u00f3\u00f0a af \u00f6llu s\u00ednu erfi\u00f0i, vi\u00f0urkenni a\u00f0 \u00fea\u00f0 s\u00e9 Gu\u00f0s gj\u00f6f.<a name=\"14\"><span class=\"versanumer\">14<\/span><\/a>Eg kanna\u00f0ist vi\u00f0 a\u00f0 allt \u00fea\u00f0 sem Gu\u00f0 gj\u00f6rir varir eil\u00edflega; a\u00f0 menn geta engu vi\u00f0b\u00e6tt, og ekkert teki\u00f0 fr\u00e1, og a\u00f0 Gu\u00f0 gj\u00f6rir \u00fea\u00f0 svo, til \u00feess a\u00f0 menn \u00f3ttist fyrir hans augliti.<a name=\"15\"><span class=\"versanumer\">15<\/span><\/a>\u00dea\u00f0 sem ske\u00f0ur, hefir \u00e1\u00f0ur ske\u00f0, og \u00fea\u00f0 sem \u00e1 a\u00f0 ske, hefir \u00e1\u00f0ur ske\u00f0, og Gu\u00f0 leitar aftur \u00feess sem burt var hraki\u00f0. <br \/><a name=\"16\"><span class=\"versanumer\">16<\/span><\/a>Eg s\u00e1 enn framar undir s\u00f3lunni d\u00f3msins sta\u00f0, \u00fear var \u00f3gu\u00f0legleiki; og r\u00e9ttl\u00e6tisins sta\u00f0, \u00fear var gu\u00f0leysi.<a name=\"17\"><span class=\"versanumer\">17<\/span><\/a>\u00de\u00e1 sag\u00f0i eg \u00ed m\u00ednu hjarta: \u00feann r\u00e9ttl\u00e1ta og \u00f3gu\u00f0lega mun Gu\u00f0 d\u00e6ma; \u00fev\u00ed t\u00edmi er til hv\u00f6rs \u00e1forms og hann d\u00e6mir s\u00e9rhv\u00f6rt verk.<a name=\"18\"><span class=\"versanumer\">18<\/span><\/a>Eg sag\u00f0i \u00ed m\u00ednu hjarta: sakir mannanna barna, <span class='VideyAth'>(ske\u00f0ur \u00fea\u00f0)<\/span>, til \u00feess a\u00f0 Gu\u00f0 pr\u00f3fi \u00feau, og sj\u00e1i, a\u00f0 \u00feau eru sem f\u00e9na\u00f0urinn.<a name=\"19\"><span class=\"versanumer\">19<\/span><\/a>\u00dev\u00ed \u00fea\u00f0 sem framkemur vi\u00f0 mannanna b\u00f6rn, \u00fea\u00f0 kemur og fram vi\u00f0 f\u00e9na\u00f0inn, hv\u00f6rttveggja hefir s\u00f6mu forl\u00f6g, eins og f\u00e9na\u00f0urinn deyr, svo deyr og ma\u00f0urinn, og allt hefir eins anda; og ma\u00f0urinn hefir enga yfirbur\u00f0i yfir f\u00e9na\u00f0inn. \u00dev\u00ed \u00fea\u00f0 er allt h\u00e9g\u00f3mi.<a name=\"20\"><span class=\"versanumer\">20<\/span><\/a>\u00dea\u00f0 fer allt til sama sta\u00f0ar, \u00fea\u00f0 er allt saman af dufti, og ver\u00f0ur allt a\u00f0 dufti aftur.<a name=\"21\"><span class=\"versanumer\">21<\/span><\/a>Hv\u00f6r veit, hv\u00f6rt andi mannsins barna fer \u00ed h\u00e6\u00f0irnar, og f\u00e9na\u00f0arins andi ni\u00f0ur \u00e1 vi\u00f0 \u00ed j\u00f6r\u00f0ina?<a name=\"22\"><span class=\"versanumer\">22<\/span><\/a>\u00dev\u00ed s\u00e1 eg, a\u00f0 ekkert er manninum betra en a\u00f0 hann gle\u00f0ji sig vi\u00f0 s\u00edn verk, \u00fea\u00f0 er hans hlutdeild; \u00fev\u00ed hv\u00f6r flytur hann \u00feanga\u00f0, hva\u00f0an hann sj\u00e1i \u00fea\u00f0, sem ske\u00f0ur eftir hans andl\u00e1t?<\/p>\n<div class=\"footnoteVidey\"><\/div>\n","protected":false},"excerpt":{"rendered":"<p>Allt hefir sinn t\u00edma. Best er a\u00f0 nj\u00f3ta l\u00edfsins g\u00e6\u00f0a me\u00f0 \u00feakkl\u00e6ti vi\u00f0 gjafarann. Umkv\u00f6rtun yfir l\u00edfsins arm\u00e6\u00f0u. 1Allt hefir sinn \u00e1kvar\u00f0a\u00f0a t\u00edma, og stund er til alls \u00e1forms undir himninum.2T\u00edmi er til a\u00f0 f\u00e6\u00f0ast, og t\u00edmi til a\u00f0 deyja, t\u00edmi til a\u00f0 planta, og t\u00edmi til upp a\u00f0 r\u00e6ta, \u00fea\u00f0 sem planta\u00f0 var,3t\u00edmi er til a\u00f0 s\u00e6ra og t\u00edmi til a\u00f0 gr\u00e6\u00f0a; t\u00edmi til a\u00f0 ni\u00f0urbrj\u00f3ta og t\u00edmi til a\u00f0 uppbyggja,4t\u00edmi til a\u00f0 gr\u00e1ta og t\u00edmi til a\u00f0 hl\u00e6ja, t\u00edmi til a\u00f0 veina og t\u00edmi til a\u00f0 hoppa upp af gle\u00f0i,5t\u00edmi til a\u00f0 sundurdreifa steinum, og t\u00edmi til a\u00f0 <a href=\"https:\/\/biblian.is\/videy\/predikarinn-3-kafli\/\"> [&#8230;]<\/a><\/p>\n","protected":false},"author":1,"featured_media":0,"parent":0,"menu_order":0,"comment_status":"open","ping_status":"open","template":"bibliukaflar.php","meta":{"footnotes":""},"class_list":["post-21511","page","type-page","status-publish","hentry"],"_links":{"self":[{"href":"https:\/\/biblian.is\/videy\/wp-json\/wp\/v2\/pages\/21511","targetHints":{"allow":["GET"]}}],"collection":[{"href":"https:\/\/biblian.is\/videy\/wp-json\/wp\/v2\/pages"}],"about":[{"href":"https:\/\/biblian.is\/videy\/wp-json\/wp\/v2\/types\/page"}],"author":[{"embeddable":true,"href":"https:\/\/biblian.is\/videy\/wp-json\/wp\/v2\/users\/1"}],"replies":[{"embeddable":true,"href":"https:\/\/biblian.is\/videy\/wp-json\/wp\/v2\/comments?post=21511"}],"version-history":[{"count":0,"href":"https:\/\/biblian.is\/videy\/wp-json\/wp\/v2\/pages\/21511\/revisions"}],"wp:attachment":[{"href":"https:\/\/biblian.is\/videy\/wp-json\/wp\/v2\/media?parent=21511"}],"curies":[{"name":"wp","href":"https:\/\/api.w.org\/{rel}","templated":true}]}}