{"id":21510,"date":"2018-01-02T01:02:27","date_gmt":"2018-01-02T01:02:27","guid":{"rendered":"http:\/\/biblian.is\/videy\/predikarinn-2-kafli\/"},"modified":"2018-01-02T01:02:27","modified_gmt":"2018-01-02T01:02:27","slug":"predikarinn-2-kafli","status":"publish","type":"page","link":"https:\/\/biblian.is\/videy\/predikarinn-2-kafli\/","title":{"rendered":"Pr\u00e9dikarinn 2. kafli"},"content":{"rendered":"<div class=\"fyrirsognVidey\">Pr\u00e9dikarinn leita\u00f0i forgefins s\u00e6lu. S\u00e1 v\u00edsi er \u00fe\u00f3 betur farinn enn hinn f\u00e1v\u00edsi. Ekkert betra en gle\u00f0i \u00ed vorri \u00feraut.<\/div>\n<p><a name=\"1\"><span class=\"versanumer\">1<\/span><\/a>Eg sag\u00f0i \u00ed m\u00ednu hjarta: vel og gott! eg vil l\u00e1ta \u00feig reyna gle\u00f0ina, nj\u00f3ttu una\u00f0semda; en sj\u00e1! og svo \u00feetta var h\u00e9g\u00f3mi.<a name=\"2\"><span class=\"versanumer\">2<\/span><\/a>Vi\u00f0 hl\u00e1turinn sag\u00f0i eg: \u00fe\u00fa ert f\u00e1v\u00edslegur, og vi\u00f0 gle\u00f0ina: hva\u00f0 gj\u00f6rir h\u00fan?<a name=\"3\"><span class=\"versanumer\">3<\/span><\/a>Eg hugsa\u00f0i \u00fe\u00e1 \u00ed m\u00ednu hjarta a\u00f0 styrkja minn l\u00edkama me\u00f0 v\u00edni, me\u00f0an mitt hjarta leita\u00f0i a\u00f0 v\u00edsd\u00f3mi, og n\u00e1 \u00ed heimskuna, \u00feanga\u00f0 til eg g\u00e6ti s\u00e9\u00f0 hva\u00f0 best v\u00e6ri fyrir mannanna b\u00f6rn a\u00f0 gj\u00f6ra, \u00fe\u00e1 f\u00e1u daga me\u00f0an \u00feau lifa undir himninum.<a name=\"4\"><span class=\"versanumer\">4<\/span><\/a>Eg gj\u00f6r\u00f0i st\u00f3rvirki; eg bygg\u00f0i m\u00e9r h\u00fas, eg planta\u00f0i m\u00e9r v\u00edngar\u00f0a.<a name=\"5\"><span class=\"versanumer\">5<\/span><\/a>Eg gj\u00f6r\u00f0i m\u00e9r jurtagar\u00f0a og aldingar\u00f0a, og planta\u00f0i \u00fear \u00ed allsh\u00e1ttar \u00e1vaxtar tr\u00e9.<a name=\"6\"><span class=\"versanumer\">6<\/span><\/a>Eg tilbj\u00f3 vatnsd\u00edki, til a\u00f0 v\u00f6kva af \u00feann vaxandi vi\u00f0arsk\u00f3g.<a name=\"7\"><span class=\"versanumer\">7<\/span><\/a>Eg keypti m\u00e9r \u00fer\u00e6la og \u00feernur. Eg haf\u00f0i hj\u00fa sem voru heima f\u00e6dd, l\u00edka \u00e1tti eg meira af st\u00f3rf\u00e9na\u00f0i og sm\u00e1f\u00e9na\u00f0i, heldur en allir \u00feeir sem \u00e1 undan m\u00e9r h\u00f6f\u00f0u veri\u00f0 \u00ed Jer\u00fasalem.<a name=\"8\"><span class=\"versanumer\">8<\/span><\/a>Eg safna\u00f0i m\u00e9r silfri og gulli og d\u00fdrgripum fr\u00e1 k\u00f3ngum og l\u00f6ndum, eg \u00fatvega\u00f0i m\u00e9r s\u00f6ngmenn og s\u00f6ngkonur, og una\u00f0semd mannanna barna, unnustu, j\u00e1 unnustur.<a name=\"9\"><span class=\"versanumer\">9<\/span><\/a>Eg var\u00f0 mektugur, og voldugri en allir sem \u00e1 undan m\u00e9r h\u00f6f\u00f0u veri\u00f0 \u00ed Jer\u00fasalem, j\u00e1, v\u00edsd\u00f3murinn st\u00f3\u00f0 m\u00e9r til hli\u00f0ar,<a name=\"10\"><span class=\"versanumer\">10<\/span><\/a>og allt sem m\u00edn augu girntust, l\u00e9t eg \u00feau hafa, eg neita\u00f0i m\u00ednu hjarta um \u00f6ngvan f\u00f6gnu\u00f0; \u00fev\u00ed mitt hjarta haf\u00f0i gle\u00f0i \u00ed \u00f6llu m\u00ednu erfi\u00f0i, og \u00feetta var m\u00edn hlutdeild fyrir alla m\u00edna \u00e1reynslu.<a name=\"11\"><span class=\"versanumer\">11<\/span><\/a>En \u00fe\u00e1 eg sko\u00f0a\u00f0i \u00f6ll m\u00edn verk, sem m\u00ednar h\u00f6ndur h\u00f6f\u00f0u gj\u00f6rt; og \u00fea\u00f0 erfi\u00f0i sem eg me\u00f0 m\u00e6\u00f0u haf\u00f0i fullgj\u00f6rt; sj\u00e1! \u00fea\u00f0 var allt h\u00e9g\u00f3mi og skapraun og \u00fea\u00f0 var\u00f0 m\u00e9r enginn hagur undir s\u00f3lunni.<a name=\"12\"><span class=\"versanumer\">12<\/span><\/a>S\u00ed\u00f0an sneri eg m\u00e9r h\u00e9\u00f0an til a\u00f0 vir\u00f0a fyrir m\u00e9r v\u00edsd\u00f3m, og vitleysu og heimsku, <span class='VideyAth'>(\u00fev\u00ed hva\u00f0 mun s\u00e1 ma\u00f0ur gj\u00f6ra sem kemur eftir k\u00f3nginn (mig)?)<\/span> \u00fea\u00f0 sem hinir \u00feegar hafa gj\u00f6rt.<a name=\"13\"><span class=\"versanumer\">13<\/span><\/a>A\u00f0 s\u00f6nnu s\u00e1 eg \u00fe\u00e1 a\u00f0 v\u00edsd\u00f3mur hefir yfirbur\u00f0i yfir heimsku, eins og lj\u00f3si\u00f0 yfir myrkur,<a name=\"14\"><span class=\"versanumer\">14<\/span><\/a>a\u00f0 s\u00e1 v\u00edsi hefir augu \u00ed h\u00f6f\u00f0i, en s\u00e1 heimski gengur \u00ed myrkri; en eg t\u00f3k l\u00edka eftir \u00fev\u00ed, a\u00f0 \u00fea\u00f0 sem framkemur vi\u00f0 einn, \u00fea\u00f0 kemur fram vi\u00f0 \u00fe\u00e1 alla.<a name=\"15\"><span class=\"versanumer\">15<\/span><\/a>\u00de\u00e1 sag\u00f0i eg \u00ed m\u00ednu hjarta: \u00fea\u00f0 sem framkemur vi\u00f0 d\u00e1rann, \u00fea\u00f0 kemur og fram vi\u00f0 mig; hvar fyrir var eg \u00fe\u00e1 vitrari en a\u00f0rir? og eg sag\u00f0i \u00ed m\u00ednu hjarta: \u00fev\u00edl\u00edkt er l\u00edka h\u00e9g\u00f3mi.<a name=\"16\"><span class=\"versanumer\">16<\/span><\/a>\u00dev\u00ed hins vitra endurminning ver\u00f0ur ekki eil\u00edf, heldur en \u00feess heimska; \u00fev\u00ed allt sem n\u00fa er, \u00fea\u00f0 skal gleymast \u00e1 \u00feeim komandi d\u00f6gum, hinn vitri deyr eins og s\u00e1 heimski.<a name=\"17\"><span class=\"versanumer\">17<\/span><\/a>\u00dev\u00ed var\u00f0 m\u00e9r illa vi\u00f0 l\u00edfi\u00f0; af \u00fev\u00ed m\u00e9r s\u00fdndist \u00fea\u00f0 allt sem ske\u00f0ur undir s\u00f3lunni, illt, \u00fev\u00ed \u00fea\u00f0 er allt h\u00e9g\u00f3mi og skapraun.<a name=\"18\"><span class=\"versanumer\">18<\/span><\/a>Og eg hata\u00f0i allt \u00fea\u00f0 starf sem eg haf\u00f0i haft undir s\u00f3lunni, a\u00f0 eg skyldi eftirskilja \u00fea\u00f0, \u00feeim manni, sem k\u00e6mi eftir mig.<a name=\"19\"><span class=\"versanumer\">19<\/span><\/a>\u00dev\u00ed hv\u00f6r veit hv\u00f6rt hann ver\u00f0ur spekingur e\u00f0a d\u00e1ri, og \u00fe\u00f3 skal hann r\u00e1\u00f0a yfir \u00f6llu m\u00ednu starfi, sem eg hefi \u00fereytt mig \u00e1, og viturlega gegnt undir s\u00f3lunni, \u00feetta er l\u00edka h\u00e9g\u00f3mi.<a name=\"20\"><span class=\"versanumer\">20<\/span><\/a>\u00dear fyrir snerist mitt hjarta til angurv\u00e6r\u00f0ar, vegna allrar \u00feeirrar m\u00e6\u00f0u sem eg haf\u00f0i \u00e1 mig lagt undir s\u00f3lunni.<a name=\"21\"><span class=\"versanumer\">21<\/span><\/a>\u00dev\u00ed einneginn s\u00e1 ma\u00f0ur, hv\u00f6rs verk a\u00f0 gj\u00f6rt er me\u00f0 v\u00edsd\u00f3mi og \u00feekkingu og heppni, hann ver\u00f0ur a\u00f0 afhenda \u00fea\u00f0 \u00f6\u00f0rum sem arf, \u00feeim er ekkert hefir fyrirhaft. \u00deetta er l\u00edka h\u00e9g\u00f3mi og mikil \u00f3g\u00e6fa.<a name=\"22\"><span class=\"versanumer\">22<\/span><\/a>\u00dev\u00ed hva\u00f0 hefir \u00fe\u00e1 ma\u00f0urinn fyrir allt sitt erfi\u00f0i og s\u00edna hjartans raun, hvar me\u00f0 hann m\u00e6\u00f0ir sig, undir s\u00f3lunni.<a name=\"23\"><span class=\"versanumer\">23<\/span><\/a>Allir hans dagar eru eint\u00f3m sorg, arm\u00e6\u00f0a er hans s\u00fdslan; jafnvel \u00e1 n\u00f3ttunni hefir hans hjarta enga r\u00f3. \u00deetta er og h\u00e9g\u00f3mi.<br \/><a name=\"24\"><span class=\"versanumer\">24<\/span><\/a>Er \u00fea\u00f0 \u00fe\u00e1 ekki manninum betra a\u00f0 hann eti og drekki, og l\u00e1ti s\u00e1lu sinni smakkast f\u00f6gnu\u00f0inn af s\u00ednu starfi? \u00feetta s\u00e1 eg l\u00edka, a\u00f0 \u00fea\u00f0 kemur af Gu\u00f0s hendi.<a name=\"25\"><span class=\"versanumer\">25<\/span><\/a>\u00dev\u00ed hv\u00f6r gat eti\u00f0, og hv\u00f6r gat noti\u00f0 au\u00f0veldlegar en eg?<a name=\"26\"><span class=\"versanumer\">26<\/span><\/a>\u00dev\u00ed \u00feeim manni sem g\u00f3\u00f0ur er fyrir hans augliti, gefur hann v\u00edsd\u00f3m og \u00feekking og gle\u00f0i; en syndaranum gefur hann \u00fe\u00e1 m\u00e6\u00f0u, a\u00f0 safna og upphr\u00faga, til a\u00f0 afhenda \u00feeim sem er g\u00f3\u00f0ur fyrir Gu\u00f0s augliti. Ogsvo \u00feetta er h\u00e9g\u00f3mi og skapraun.<\/p>\n<div class=\"footnoteVidey\"><\/div>\n","protected":false},"excerpt":{"rendered":"<p>Pr\u00e9dikarinn leita\u00f0i forgefins s\u00e6lu. S\u00e1 v\u00edsi er \u00fe\u00f3 betur farinn enn hinn f\u00e1v\u00edsi. Ekkert betra en gle\u00f0i \u00ed vorri \u00feraut. 1Eg sag\u00f0i \u00ed m\u00ednu hjarta: vel og gott! eg vil l\u00e1ta \u00feig reyna gle\u00f0ina, nj\u00f3ttu una\u00f0semda; en sj\u00e1! og svo \u00feetta var h\u00e9g\u00f3mi.2Vi\u00f0 hl\u00e1turinn sag\u00f0i eg: \u00fe\u00fa ert f\u00e1v\u00edslegur, og vi\u00f0 gle\u00f0ina: hva\u00f0 gj\u00f6rir h\u00fan?3Eg hugsa\u00f0i \u00fe\u00e1 \u00ed m\u00ednu hjarta a\u00f0 styrkja minn l\u00edkama me\u00f0 v\u00edni, me\u00f0an mitt hjarta leita\u00f0i a\u00f0 v\u00edsd\u00f3mi, og n\u00e1 \u00ed heimskuna, \u00feanga\u00f0 til eg g\u00e6ti s\u00e9\u00f0 hva\u00f0 best v\u00e6ri fyrir mannanna b\u00f6rn a\u00f0 gj\u00f6ra, \u00fe\u00e1 f\u00e1u daga me\u00f0an \u00feau lifa undir himninum.4Eg gj\u00f6r\u00f0i st\u00f3rvirki; eg <a href=\"https:\/\/biblian.is\/videy\/predikarinn-2-kafli\/\"> [&#8230;]<\/a><\/p>\n","protected":false},"author":1,"featured_media":0,"parent":0,"menu_order":0,"comment_status":"open","ping_status":"open","template":"bibliukaflar.php","meta":{"footnotes":""},"class_list":["post-21510","page","type-page","status-publish","hentry"],"_links":{"self":[{"href":"https:\/\/biblian.is\/videy\/wp-json\/wp\/v2\/pages\/21510","targetHints":{"allow":["GET"]}}],"collection":[{"href":"https:\/\/biblian.is\/videy\/wp-json\/wp\/v2\/pages"}],"about":[{"href":"https:\/\/biblian.is\/videy\/wp-json\/wp\/v2\/types\/page"}],"author":[{"embeddable":true,"href":"https:\/\/biblian.is\/videy\/wp-json\/wp\/v2\/users\/1"}],"replies":[{"embeddable":true,"href":"https:\/\/biblian.is\/videy\/wp-json\/wp\/v2\/comments?post=21510"}],"version-history":[{"count":0,"href":"https:\/\/biblian.is\/videy\/wp-json\/wp\/v2\/pages\/21510\/revisions"}],"wp:attachment":[{"href":"https:\/\/biblian.is\/videy\/wp-json\/wp\/v2\/media?parent=21510"}],"curies":[{"name":"wp","href":"https:\/\/api.w.org\/{rel}","templated":true}]}}