{"id":21508,"date":"2018-01-02T01:02:20","date_gmt":"2018-01-02T01:02:20","guid":{"rendered":"http:\/\/biblian.is\/videy\/ordskvidirnir-31-kafli\/"},"modified":"2018-01-02T01:02:20","modified_gmt":"2018-01-02T01:02:20","slug":"ordskvidirnir-31-kafli","status":"publish","type":"page","link":"https:\/\/biblian.is\/videy\/ordskvidirnir-31-kafli\/","title":{"rendered":"Or\u00f0skvi\u00f0irnir 31. kafli"},"content":{"rendered":"<div class=\"fyrirsognVidey\">L\u00e6rd\u00f3mur fyrir k\u00f3nga. Hr\u00f3s dygg\u00f0ugrar konu.<\/div>\n<p><a name=\"1\"><span class=\"versanumer\">1<\/span><\/a>Or\u00f0 t\u00f6lu\u00f0 vi\u00f0 Lem\u00fael k\u00f3ng, greinir sem m\u00f3\u00f0ir hans kenndi honum.<a name=\"2\"><span class=\"versanumer\">2<\/span><\/a>Hva\u00f0 \u00fe\u00e1! minn son! hva\u00f0! m\u00edns l\u00edfs son! hva\u00f0! minn \u00e1heita son! <span class='VideyAth'>(hva\u00f0 skal eg segja \u00fe\u00e9r)<\/span>.<a name=\"3\"><span class=\"versanumer\">3<\/span><\/a>Gef \u00fe\u00fa ekki konum \u00feinn kraft, ekki heldur \u00fe\u00edna vegu \u00feeim, sem k\u00f3ngunum spilla.<a name=\"4\"><span class=\"versanumer\">4<\/span><\/a>K\u00f3ngarnir eiga ekki, Lem\u00fael! k\u00f3ngarnir eiga ekki a\u00f0 drekka v\u00edn. Stj\u00f3rnendur eiga ekki heldur a\u00f0 elska sterka drykki,<a name=\"5\"><span class=\"versanumer\">5<\/span><\/a>svo a\u00f0 \u00feeir ekki drekki og gleymi l\u00f6gunum; og rangf\u00e6ri m\u00e1lefni \u00feeirra aumu.<a name=\"6\"><span class=\"versanumer\">6<\/span><\/a>Gef \u00feeim sterkan drykk, sem er \u00ed kr\u00f6ggum og v\u00edn \u00feeim sem eru sorgfullir \u00ed sinni,<a name=\"7\"><span class=\"versanumer\">7<\/span><\/a>hann drekkur og gleymir sinni f\u00e1t\u00e6kt, og man ekki framar til sinnar eymdar.<a name=\"8\"><span class=\"versanumer\">8<\/span><\/a>Tala \u00fe\u00fa fyrir hinn m\u00e1llausa, fyrir m\u00e1lefni allra yfirgefinna barna!<a name=\"9\"><span class=\"versanumer\">9<\/span><\/a>Opna \u00feinn munn, d\u00e6m me\u00f0 r\u00e9ttv\u00edsi, hj\u00e1lpa aumingjanum og \u00feeim f\u00e1t\u00e6ka til s\u00edns r\u00e9ttar!<a name=\"10\"><span class=\"versanumer\">10<\/span><\/a>Dygg\u00f0uga konu, hv\u00f6r finnur hana? h\u00fan er miklu meira ver\u00f0 en perlur.<a name=\"11\"><span class=\"versanumer\">11<\/span><\/a>Hjarta hennar manns m\u00e1 henni treysta, og \u00e1vinning <span class='VideyAth'>(herfang)<\/span> mun hann ekki vanta.<a name=\"12\"><span class=\"versanumer\">12<\/span><\/a>H\u00fan gj\u00f6rir honum gott og aldrei vont alla s\u00edna l\u00edfdaga.<a name=\"13\"><span class=\"versanumer\">13<\/span><\/a>H\u00fan dregur a\u00f0 s\u00e9r ull og h\u00f6r, og vinnur gjarnan me\u00f0 s\u00ednum h\u00f6ndum.<a name=\"14\"><span class=\"versanumer\">14<\/span><\/a>H\u00fan er l\u00edk kaupskipi; h\u00fan l\u00e6tur sitt brau\u00f0 koma langt a\u00f0.<a name=\"15\"><span class=\"versanumer\">15<\/span><\/a>H\u00fan fer \u00e1 f\u00e6tur fyrir dag; gefur s\u00ednu h\u00fasi f\u00e6\u00f0slu, og s\u00ednum \u00feernum vinnu.<a name=\"16\"><span class=\"versanumer\">16<\/span><\/a>H\u00fan girnist akur og f\u00e6r hann; af \u00e1vexti sinna handa plantar h\u00fan v\u00edngar\u00f0,<a name=\"17\"><span class=\"versanumer\">17<\/span><\/a>h\u00fan bindur krafti um s\u00ednar lendar og styrkir s\u00edna arma.<a name=\"18\"><span class=\"versanumer\">18<\/span><\/a>H\u00fan tekur eftir, a\u00f0 sinn \u00e1vinningur s\u00e9 g\u00f3\u00f0ur, hennar lj\u00f3s slokknar ekki \u00e1 n\u00f3ttunni.<a name=\"19\"><span class=\"versanumer\">19<\/span><\/a>H\u00fan r\u00e9ttir s\u00ednar hendur til rokksins, og hennar fingur fara me\u00f0 sn\u00e6lduna.<a name=\"20\"><span class=\"versanumer\">20<\/span><\/a>H\u00fan l\u00fdkur upp sinni hendi fyrir \u00feeim f\u00e1t\u00e6ka, \u00fatr\u00e9ttir s\u00edna arma \u00feeim \u00feurftuga.<a name=\"21\"><span class=\"versanumer\">21<\/span><\/a>H\u00fan er ei hr\u00e6dd um sitt h\u00fas \u00fe\u00f3 snj\u00f3i, \u00fev\u00ed allt hennar heimilisf\u00f3lk er \u00edkl\u00e6tt tvennum kl\u00e6\u00f0um.<a name=\"22\"><span class=\"versanumer\">22<\/span><\/a>H\u00fan gj\u00f6rir s\u00e9r d\u00faka; hv\u00edtt l\u00edn og purpuri er hennar kl\u00e6\u00f0na\u00f0ur.<a name=\"23\"><span class=\"versanumer\">23<\/span><\/a>Hennar ma\u00f0ur er au\u00f0\u00feekktur \u00ed borgarhli\u00f0inu, \u00feegar hann situr hj\u00e1 landsins \u00f6ldungum.<a name=\"24\"><span class=\"versanumer\">24<\/span><\/a>H\u00fan tilb\u00fdr skyrtur og selur \u00fe\u00e6r og Kanan\u00edtum <span class='VideyAth'>(kaupm\u00f6nnunum)<\/span> belti.<a name=\"25\"><span class=\"versanumer\">25<\/span><\/a>Styrkleiki og hei\u00f0ur er hennar fatna\u00f0ur; og h\u00fan hl\u00e6r a\u00f0 \u00feeim komanda degi.<a name=\"26\"><span class=\"versanumer\">26<\/span><\/a>H\u00fan upplykur s\u00ednum munni me\u00f0 v\u00edsd\u00f3mi og \u00e1 hennar tungu eru bl\u00ed\u00f0unnar l\u00e6rd\u00f3mar.<a name=\"27\"><span class=\"versanumer\">27<\/span><\/a>H\u00fan l\u00edtur eftir hv\u00f6rnig framfer \u00ed hennar h\u00fasi, og etur ekki letinnar brau\u00f0.<a name=\"28\"><span class=\"versanumer\">28<\/span><\/a>Hennar synir koma upp og vegsama hana, og hennar ma\u00f0ur hr\u00f3sar henni og segir:<a name=\"29\"><span class=\"versanumer\">29<\/span><\/a>Margar d\u00e6tur hafa s\u00fdnt dugna\u00f0, en \u00fe\u00fa yfirgengur \u00fe\u00e6r allar.<a name=\"30\"><span class=\"versanumer\">30<\/span><\/a>Fr\u00ed\u00f0leiki t\u00e6lir, og fegur\u00f0 er h\u00e9g\u00f3mi; en \u00feeirri konu sem \u00f3ttast Gu\u00f0, skal ver\u00f0a hr\u00f3sa\u00f0.<a name=\"31\"><span class=\"versanumer\">31<\/span><\/a>Hr\u00f3si\u00f0 henni fyrir \u00e1v\u00f6xtinn hennar handa, hennar verk skulu lofa hana \u00ed borgarhli\u00f0unum.<\/p>\n<div class=\"footnoteVidey\"><\/div>\n","protected":false},"excerpt":{"rendered":"<p>L\u00e6rd\u00f3mur fyrir k\u00f3nga. Hr\u00f3s dygg\u00f0ugrar konu. 1Or\u00f0 t\u00f6lu\u00f0 vi\u00f0 Lem\u00fael k\u00f3ng, greinir sem m\u00f3\u00f0ir hans kenndi honum.2Hva\u00f0 \u00fe\u00e1! minn son! hva\u00f0! m\u00edns l\u00edfs son! hva\u00f0! minn \u00e1heita son! (hva\u00f0 skal eg segja \u00fe\u00e9r).3Gef \u00fe\u00fa ekki konum \u00feinn kraft, ekki heldur \u00fe\u00edna vegu \u00feeim, sem k\u00f3ngunum spilla.4K\u00f3ngarnir eiga ekki, Lem\u00fael! k\u00f3ngarnir eiga ekki a\u00f0 drekka v\u00edn. Stj\u00f3rnendur eiga ekki heldur a\u00f0 elska sterka drykki,5svo a\u00f0 \u00feeir ekki drekki og gleymi l\u00f6gunum; og rangf\u00e6ri m\u00e1lefni \u00feeirra aumu.6Gef \u00feeim sterkan drykk, sem er \u00ed kr\u00f6ggum og v\u00edn \u00feeim sem eru sorgfullir \u00ed sinni,7hann drekkur og gleymir sinni f\u00e1t\u00e6kt, og man ekki framar til <a href=\"https:\/\/biblian.is\/videy\/ordskvidirnir-31-kafli\/\"> [&#8230;]<\/a><\/p>\n","protected":false},"author":1,"featured_media":0,"parent":0,"menu_order":0,"comment_status":"open","ping_status":"open","template":"bibliukaflar.php","meta":{"footnotes":""},"class_list":["post-21508","page","type-page","status-publish","hentry"],"_links":{"self":[{"href":"https:\/\/biblian.is\/videy\/wp-json\/wp\/v2\/pages\/21508","targetHints":{"allow":["GET"]}}],"collection":[{"href":"https:\/\/biblian.is\/videy\/wp-json\/wp\/v2\/pages"}],"about":[{"href":"https:\/\/biblian.is\/videy\/wp-json\/wp\/v2\/types\/page"}],"author":[{"embeddable":true,"href":"https:\/\/biblian.is\/videy\/wp-json\/wp\/v2\/users\/1"}],"replies":[{"embeddable":true,"href":"https:\/\/biblian.is\/videy\/wp-json\/wp\/v2\/comments?post=21508"}],"version-history":[{"count":0,"href":"https:\/\/biblian.is\/videy\/wp-json\/wp\/v2\/pages\/21508\/revisions"}],"wp:attachment":[{"href":"https:\/\/biblian.is\/videy\/wp-json\/wp\/v2\/media?parent=21508"}],"curies":[{"name":"wp","href":"https:\/\/api.w.org\/{rel}","templated":true}]}}