{"id":21506,"date":"2018-01-02T01:02:20","date_gmt":"2018-01-02T01:02:20","guid":{"rendered":"http:\/\/biblian.is\/videy\/ordskvidirnir-29-kafli\/"},"modified":"2018-01-02T01:02:20","modified_gmt":"2018-01-02T01:02:20","slug":"ordskvidirnir-29-kafli","status":"publish","type":"page","link":"https:\/\/biblian.is\/videy\/ordskvidirnir-29-kafli\/","title":{"rendered":"Or\u00f0skvi\u00f0irnir 29. kafli"},"content":{"rendered":"<div class=\"fyrirsognVidey\">Enn n\u00fa sundurlaus sannm\u00e6li.<\/div>\n<p><a name=\"1\"><span class=\"versanumer\">1<\/span><\/a>S\u00e1 \u00fer\u00e6tugjarni og har\u00f0sv\u00edra\u00f0i mun hastarlega sundurmerjast, og \u00fear mun engin l\u00e6kning f\u00e1st.<a name=\"2\"><span class=\"versanumer\">2<\/span><\/a>\u00deegar \u00feeir r\u00e9ttl\u00e1tu fj\u00f6lga, gle\u00f0st f\u00f3lki\u00f0, en \u00feegar \u00feeir \u00f3gu\u00f0legu drottna, andvarpar f\u00f3lki\u00f0.<a name=\"3\"><span class=\"versanumer\">3<\/span><\/a>S\u00e1 sem elskar v\u00edsd\u00f3m gle\u00f0ur sinn f\u00f6\u00f0ur; en hv\u00f6r sem sk\u00e6kjur a\u00f0hyllist, ey\u00f0ir s\u00ednu f\u00e9.<a name=\"4\"><span class=\"versanumer\">4<\/span><\/a>K\u00f3ngurinn eflir landi\u00f0 me\u00f0 l\u00f6gum; en s\u00e1 sem tekur m\u00fatur, veikir \u00fea\u00f0.<a name=\"5\"><span class=\"versanumer\">5<\/span><\/a>S\u00e1 ma\u00f0ur, sem smja\u00f0rar fyrir s\u00ednum n\u00e1unga, leggur net fyrir hans f\u00f3t.<a name=\"6\"><span class=\"versanumer\">6<\/span><\/a>\u00cd yfirtro\u00f0slu hins vonda er snara; en s\u00e1 r\u00e9ttl\u00e1ti fagnar og gle\u00f0st.<a name=\"7\"><span class=\"versanumer\">7<\/span><\/a>S\u00e1 r\u00e9ttl\u00e1ti \u00feekkir m\u00e1lefni hins l\u00edtilm\u00f3tlega; s\u00e1 \u00f3gu\u00f0legi hefir ekkert skynbrag\u00f0 \u00e1 \u00feekkingu.<a name=\"8\"><span class=\"versanumer\">8<\/span><\/a>Spottarar kveikja \u00ed borginni; en \u00feeir vitru dempa rei\u00f0ina.<a name=\"9\"><span class=\"versanumer\">9<\/span><\/a>\u00deegar vitur ma\u00f0ur fer \u00ed m\u00e1l vi\u00f0 d\u00e1rann, hv\u00f6rt sem hann rei\u00f0ist e\u00f0a hl\u00e6r, f\u00e6r hann samt enga r\u00f3.<a name=\"10\"><span class=\"versanumer\">10<\/span><\/a>\u00deeir bl\u00f3\u00f0g\u00edrugu hata \u00feann r\u00e1\u00f0vanda; en \u00feeir hreinskilnu verja <span class='VideyAth'>(hans)<\/span> l\u00edf.<a name=\"11\"><span class=\"versanumer\">11<\/span><\/a>D\u00e1rinn \u00fathellir allri sinni heift; en s\u00e1 v\u00edsi stansar hana.<a name=\"12\"><span class=\"versanumer\">12<\/span><\/a>\u00deegar stj\u00f3rnarinn gefur gaum lyginnar or\u00f0um, \u00fe\u00e1 ver\u00f0a allir hans \u00fe\u00e9narar \u00f3gu\u00f0legir.<a name=\"13\"><span class=\"versanumer\">13<\/span><\/a>S\u00e1 f\u00e1t\u00e6ki og ofr\u00edkisma\u00f0urinn m\u00e6tast, Drottinn gefur beggja augum lj\u00f3s.<a name=\"14\"><span class=\"versanumer\">14<\/span><\/a>Konungur s\u00e1 sem d\u00e6mir \u00fe\u00e1 l\u00edtilm\u00f3tlegu me\u00f0 r\u00e9ttv\u00edsi, hans h\u00e1s\u00e6ti skal sta\u00f0festast eil\u00edflega.<a name=\"15\"><span class=\"versanumer\">15<\/span><\/a>V\u00f6ndur og agi gefa v\u00edsd\u00f3m, en s\u00e1 unglingur sem m\u00e1 eiga sig, gj\u00f6rir sk\u00f6mm sinni m\u00f3\u00f0ur.<a name=\"16\"><span class=\"versanumer\">16<\/span><\/a>\u00deegar \u00f3gu\u00f0legir fj\u00f6lga, fj\u00f6lga og yfirtro\u00f0slurnar; en \u00feeir r\u00e9ttl\u00e1tu sj\u00e1 \u00ed \u00feeirra falli, s\u00edna vild.<a name=\"17\"><span class=\"versanumer\">17<\/span><\/a>Aga \u00fe\u00fa son \u00feinn, svo mun hann l\u00e1ta \u00feig hafa r\u00f3, og gefa s\u00e1l \u00feinni mikinn f\u00f6gnu\u00f0.<a name=\"18\"><span class=\"versanumer\">18<\/span><\/a>\u00dear sem engin opinberan er, \u00fear tort\u00ednist f\u00f3lki\u00f0; en s\u00e6ll er s\u00e1 sem l\u00f6gin var\u00f0veitir!<a name=\"19\"><span class=\"versanumer\">19<\/span><\/a>\u00der\u00e6llinn ver\u00f0ur ei me\u00f0 or\u00f0um aga\u00f0ur, \u00fev\u00ed \u00fe\u00f3 hann skilji \u00feau, svo tekur hann \u00feau ekki til s\u00edn.<a name=\"20\"><span class=\"versanumer\">20<\/span><\/a>Sj\u00e1ir \u00fe\u00fa a\u00f0 einhv\u00f6r ma\u00f0ur s\u00e9 flj\u00f3tur til a\u00f0 tala, svo er betri von um heimskingjann, en um hann.<a name=\"21\"><span class=\"versanumer\">21<\/span><\/a>\u00deegar einhv\u00f6r uppelur sinn \u00fer\u00e6l fr\u00e1 barnd\u00f3mi vi\u00f0 s\u00e6ll\u00edfi, \u00fe\u00e1 vill hann seinast vera <span class='VideyAth'>(h\u00f6f\u00f0ingjasonur)<\/span>.<a name=\"22\"><span class=\"versanumer\">22<\/span><\/a>Rei\u00f0igjarn ma\u00f0ur vekur \u00fer\u00e6tur, og br\u00e1\u00f0lyndur ma\u00f0ur hleypur oft \u00e1 sig.<a name=\"23\"><span class=\"versanumer\">23<\/span><\/a>Mannsins drambsemi steypir honum, en s\u00e1 l\u00edtil\u00e1ti mun f\u00e1 hei\u00f0ur.<a name=\"24\"><span class=\"versanumer\">24<\/span><\/a>Hv\u00f6r sem hefir m\u00f6k vi\u00f0 \u00fej\u00f3f, hatar s\u00edna s\u00e1l, hann heyrir ei\u00f0sins \u00fe\u00fd\u00f0ingu <span class='VideyAth'>(b\u00f6lvunina)<\/span> og upplj\u00f3star ekki.<a name=\"25\"><span class=\"versanumer\">25<\/span><\/a>\u00d3tti fyrir m\u00f6nnum lei\u00f0ir \u00ed sn\u00f6rur; en s\u00e1 sem rei\u00f0ir sig \u00e1 Drottin, er vernda\u00f0ur.<a name=\"26\"><span class=\"versanumer\">26<\/span><\/a>Margir leita auglitis stj\u00f3rnarans, en fr\u00e1 Drottni kemur mannsins d\u00f3mur.<a name=\"27\"><span class=\"versanumer\">27<\/span><\/a>Rangl\u00e1tur ma\u00f0ur er r\u00e9ttl\u00e1tum vi\u00f0urstygg\u00f0, og andstygg\u00f0 \u00feeim \u00f3gu\u00f0lega er s\u00e1, sem gengur \u00e1 \u00feeim r\u00e9tta vegi.<\/p>\n<div class=\"footnoteVidey\"><\/div>\n","protected":false},"excerpt":{"rendered":"<p>Enn n\u00fa sundurlaus sannm\u00e6li. 1S\u00e1 \u00fer\u00e6tugjarni og har\u00f0sv\u00edra\u00f0i mun hastarlega sundurmerjast, og \u00fear mun engin l\u00e6kning f\u00e1st.2\u00deegar \u00feeir r\u00e9ttl\u00e1tu fj\u00f6lga, gle\u00f0st f\u00f3lki\u00f0, en \u00feegar \u00feeir \u00f3gu\u00f0legu drottna, andvarpar f\u00f3lki\u00f0.3S\u00e1 sem elskar v\u00edsd\u00f3m gle\u00f0ur sinn f\u00f6\u00f0ur; en hv\u00f6r sem sk\u00e6kjur a\u00f0hyllist, ey\u00f0ir s\u00ednu f\u00e9.4K\u00f3ngurinn eflir landi\u00f0 me\u00f0 l\u00f6gum; en s\u00e1 sem tekur m\u00fatur, veikir \u00fea\u00f0.5S\u00e1 ma\u00f0ur, sem smja\u00f0rar fyrir s\u00ednum n\u00e1unga, leggur net fyrir hans f\u00f3t.6\u00cd yfirtro\u00f0slu hins vonda er snara; en s\u00e1 r\u00e9ttl\u00e1ti fagnar og gle\u00f0st.7S\u00e1 r\u00e9ttl\u00e1ti \u00feekkir m\u00e1lefni hins l\u00edtilm\u00f3tlega; s\u00e1 \u00f3gu\u00f0legi hefir ekkert skynbrag\u00f0 \u00e1 \u00feekkingu.8Spottarar kveikja \u00ed borginni; en \u00feeir vitru dempa rei\u00f0ina.9\u00deegar vitur ma\u00f0ur fer \u00ed <a href=\"https:\/\/biblian.is\/videy\/ordskvidirnir-29-kafli\/\"> [&#8230;]<\/a><\/p>\n","protected":false},"author":1,"featured_media":0,"parent":0,"menu_order":0,"comment_status":"open","ping_status":"open","template":"bibliukaflar.php","meta":{"footnotes":""},"class_list":["post-21506","page","type-page","status-publish","hentry"],"_links":{"self":[{"href":"https:\/\/biblian.is\/videy\/wp-json\/wp\/v2\/pages\/21506","targetHints":{"allow":["GET"]}}],"collection":[{"href":"https:\/\/biblian.is\/videy\/wp-json\/wp\/v2\/pages"}],"about":[{"href":"https:\/\/biblian.is\/videy\/wp-json\/wp\/v2\/types\/page"}],"author":[{"embeddable":true,"href":"https:\/\/biblian.is\/videy\/wp-json\/wp\/v2\/users\/1"}],"replies":[{"embeddable":true,"href":"https:\/\/biblian.is\/videy\/wp-json\/wp\/v2\/comments?post=21506"}],"version-history":[{"count":0,"href":"https:\/\/biblian.is\/videy\/wp-json\/wp\/v2\/pages\/21506\/revisions"}],"wp:attachment":[{"href":"https:\/\/biblian.is\/videy\/wp-json\/wp\/v2\/media?parent=21506"}],"curies":[{"name":"wp","href":"https:\/\/api.w.org\/{rel}","templated":true}]}}