{"id":21504,"date":"2018-01-02T01:02:20","date_gmt":"2018-01-02T01:02:20","guid":{"rendered":"http:\/\/biblian.is\/videy\/ordskvidirnir-27-kafli\/"},"modified":"2018-01-02T01:02:20","modified_gmt":"2018-01-02T01:02:20","slug":"ordskvidirnir-27-kafli","status":"publish","type":"page","link":"https:\/\/biblian.is\/videy\/ordskvidirnir-27-kafli\/","title":{"rendered":"Or\u00f0skvi\u00f0irnir 27. kafli"},"content":{"rendered":"<div class=\"fyrirsognVidey\">Sundurlaus spakm\u00e6li.<\/div>\n<p><a name=\"1\"><span class=\"versanumer\">1<\/span><\/a>Hr\u00f3sa\u00f0u \u00fe\u00e9r ekki af deginum \u00e1 morgun, \u00fev\u00ed \u00fe\u00fa veist eigi hva\u00f0 dagurinn kann a\u00f0 koma me\u00f0.<a name=\"2\"><span class=\"versanumer\">2<\/span><\/a>L\u00e1ttu a\u00f0ra, en ekki \u00feinn eigin munn, hr\u00f3sa \u00fe\u00e9r; annarra, ekki \u00fe\u00ednar eigin varir.<a name=\"3\"><span class=\"versanumer\">3<\/span><\/a>Steinar eru \u00fe\u00e9ttir fyrir, og sandurinn \u00feungur, en rei\u00f0i d\u00e1rans er \u00feyngri enn hv\u00f6rttveggja.<a name=\"4\"><span class=\"versanumer\">4<\/span><\/a>Heiftin er grimm, og rei\u00f0in er sv\u00e6sin, en hv\u00f6rt getur sta\u00f0ist fyrir \u00f6fund?<a name=\"5\"><span class=\"versanumer\">5<\/span><\/a>Betri er opinber h\u00fd\u00f0ing, en leynileg \u00e1st.<a name=\"6\"><span class=\"versanumer\">6<\/span><\/a>S\u00e1r, sem vinurinn f\u00e6rir, er tr\u00fafesti; en kossar hatursmannsins, eru prettir.<a name=\"7\"><span class=\"versanumer\">7<\/span><\/a>S\u00e1 saddi tre\u00f0ur ofan \u00e1 hunangsseim; en \u00feeim hungra\u00f0a er allt hi\u00f0 beiska s\u00e6tt.<a name=\"8\"><span class=\"versanumer\">8<\/span><\/a>Eins og fugl sem fl\u00fdgur langt fr\u00e1 s\u00ednu hrei\u00f0ri, er s\u00e1 ma\u00f0ur sem fl\u00f6grar langt fr\u00e1 s\u00ednum b\u00fasta\u00f0.<a name=\"9\"><span class=\"versanumer\">9<\/span><\/a>Vi\u00f0smj\u00f6r og reykelsi gle\u00f0ja hjarta\u00f0; og ind\u00e6ll er vinurinn sakir hjartans r\u00e1\u00f0a.<a name=\"10\"><span class=\"versanumer\">10<\/span><\/a>Yfirgef ekki \u00feinn vin, n\u00e9 \u00fe\u00edns f\u00f6\u00f0urs vin. \u00cd h\u00fas br\u00f3\u00f0ur \u00fe\u00edns getur \u00fe\u00fa ekki komi\u00f0 \u00e1 \u00fe\u00ednum m\u00f3tgangsdegi, betri er \u00fe\u00e1 n\u00e1b\u00fai \u00ed n\u00e1nd, heldur en br\u00f3\u00f0ir \u00ed fj\u00e6rl\u00e6g\u00f0.<a name=\"11\"><span class=\"versanumer\">11<\/span><\/a>Vertu hygginn, minn son! og gle\u00f0 mitt hjarta, \u00fe\u00e1 get eg svara\u00f0 \u00feeim or\u00f0i sem sm\u00e1na mig.<a name=\"12\"><span class=\"versanumer\">12<\/span><\/a>S\u00e1 hyggni s\u00e9r \u00f3lukkuna og felur sig; en s\u00e1 einfaldi gengur \u00e1fram, og f\u00e6r a\u00f0 kenna \u00e1 \u00fev\u00ed.<a name=\"13\"><span class=\"versanumer\">13<\/span><\/a>Tak hans kl\u00e6\u00f0na\u00f0, \u00fev\u00ed hann gekk \u00ed borgun fyrir annan; og taktu af honum pant fyrir \u00fe\u00e1 framandi.<a name=\"14\"><span class=\"versanumer\">14<\/span><\/a>Hv\u00f6r sem blessar sinn n\u00e1unga me\u00f0 h\u00e1rri raust \u00e1rla \u00e1 morgnana, honum tilreiknast \u00fea\u00f0 sem form\u00e6ling.<a name=\"15\"><span class=\"versanumer\">15<\/span><\/a>I\u00f0uglegur leki af \u00feakinu \u00e1 regndegi og \u00fer\u00e6tugj\u00f6rn kona, er l\u00edkt hva\u00f0 \u00f6\u00f0ru.<a name=\"16\"><span class=\"versanumer\">16<\/span><\/a>Hv\u00f6r sem leitast vi\u00f0 a\u00f0 st\u00f6\u00f0va hana, s\u00e1 st\u00f6\u00f0var vindinn, og vi\u00f0smj\u00f6ri\u00f0 \u00ed hans h\u00e6gri hendi segir til s\u00edn.<a name=\"17\"><span class=\"versanumer\">17<\/span><\/a>Eins og j\u00e1rn hvetur j\u00e1rn, svo hvetur einn ma\u00f0ur annan.<a name=\"18\"><span class=\"versanumer\">18<\/span><\/a>Hv\u00f6r sem var\u00f0veitir sitt f\u00edkjutr\u00e9, mun eta \u00feess \u00e1v\u00f6xt; og hv\u00f6r sem annast sinn herra, mun ver\u00f0a hei\u00f0ra\u00f0ur.<a name=\"19\"><span class=\"versanumer\">19<\/span><\/a>Eins og andlit sn\u00fdr a\u00f0 andliti, \u00fe\u00e1 ma\u00f0ur sko\u00f0ar sig \u00ed vatni; svo sn\u00fdr mannsins hjarta s\u00e9r a\u00f0 manninum.<a name=\"20\"><span class=\"versanumer\">20<\/span><\/a>Undirheimar og afgrunni\u00f0 mettast ekki, svo mettast og ekki mannsins augu.<a name=\"21\"><span class=\"versanumer\">21<\/span><\/a>Deiglan pr\u00f3far silfri\u00f0 og br\u00e6\u00f0slu ofninn gulli\u00f0, eins ma\u00f0urinn af \u00feess munni sem honum hr\u00f3sar.<a name=\"22\"><span class=\"versanumer\">22<\/span><\/a>\u00de\u00f3 \u00fe\u00fa sundursteytir d\u00e1rann \u00ed mort\u00e9li me\u00f0 stauti innanum grj\u00f3n, skal hans heimska ei fr\u00e1 honum v\u00edkja.<a name=\"23\"><span class=\"versanumer\">23<\/span><\/a>Haf\u00f0u g\u00e1t \u00e1 \u00fe\u00ednum sau\u00f0um; annastu hjar\u00f0irnar.<a name=\"24\"><span class=\"versanumer\">24<\/span><\/a>\u00dev\u00ed au\u00f0ur varir ekki \u00e6vinlega; og \u00e6tla a\u00f0 k\u00f3r\u00f3na gangi <span class='VideyAth'>(a\u00f0 erf\u00f0um)<\/span> fr\u00e1 kyni til kyns?<a name=\"25\"><span class=\"versanumer\">25<\/span><\/a>Grasi\u00f0 hverfur og unggresi gr\u00e6nkar aftur og jurtum er safna\u00f0a \u00e1 fj\u00f6llum.<a name=\"26\"><span class=\"versanumer\">26<\/span><\/a>L\u00f6mbin gefa \u00fe\u00e9r fatna\u00f0, og ki\u00f0in eru akurs vir\u00f0i; \u00fe\u00e1 hefir \u00fe\u00fa n\u00f3ga geitamj\u00f3lk, \u00fe\u00e9r til n\u00e6ringar, til f\u00e6\u00f0slu \u00fe\u00ednu heimili, og til vi\u00f0url\u00edfis \u00fe\u00ednum vinnukonum.<\/p>\n<div class=\"footnoteVidey\"><\/div>\n","protected":false},"excerpt":{"rendered":"<p>Sundurlaus spakm\u00e6li. 1Hr\u00f3sa\u00f0u \u00fe\u00e9r ekki af deginum \u00e1 morgun, \u00fev\u00ed \u00fe\u00fa veist eigi hva\u00f0 dagurinn kann a\u00f0 koma me\u00f0.2L\u00e1ttu a\u00f0ra, en ekki \u00feinn eigin munn, hr\u00f3sa \u00fe\u00e9r; annarra, ekki \u00fe\u00ednar eigin varir.3Steinar eru \u00fe\u00e9ttir fyrir, og sandurinn \u00feungur, en rei\u00f0i d\u00e1rans er \u00feyngri enn hv\u00f6rttveggja.4Heiftin er grimm, og rei\u00f0in er sv\u00e6sin, en hv\u00f6rt getur sta\u00f0ist fyrir \u00f6fund?5Betri er opinber h\u00fd\u00f0ing, en leynileg \u00e1st.6S\u00e1r, sem vinurinn f\u00e6rir, er tr\u00fafesti; en kossar hatursmannsins, eru prettir.7S\u00e1 saddi tre\u00f0ur ofan \u00e1 hunangsseim; en \u00feeim hungra\u00f0a er allt hi\u00f0 beiska s\u00e6tt.8Eins og fugl sem fl\u00fdgur langt fr\u00e1 s\u00ednu hrei\u00f0ri, er s\u00e1 ma\u00f0ur sem fl\u00f6grar langt <a href=\"https:\/\/biblian.is\/videy\/ordskvidirnir-27-kafli\/\"> [&#8230;]<\/a><\/p>\n","protected":false},"author":1,"featured_media":0,"parent":0,"menu_order":0,"comment_status":"open","ping_status":"open","template":"bibliukaflar.php","meta":{"footnotes":""},"class_list":["post-21504","page","type-page","status-publish","hentry"],"_links":{"self":[{"href":"https:\/\/biblian.is\/videy\/wp-json\/wp\/v2\/pages\/21504","targetHints":{"allow":["GET"]}}],"collection":[{"href":"https:\/\/biblian.is\/videy\/wp-json\/wp\/v2\/pages"}],"about":[{"href":"https:\/\/biblian.is\/videy\/wp-json\/wp\/v2\/types\/page"}],"author":[{"embeddable":true,"href":"https:\/\/biblian.is\/videy\/wp-json\/wp\/v2\/users\/1"}],"replies":[{"embeddable":true,"href":"https:\/\/biblian.is\/videy\/wp-json\/wp\/v2\/comments?post=21504"}],"version-history":[{"count":0,"href":"https:\/\/biblian.is\/videy\/wp-json\/wp\/v2\/pages\/21504\/revisions"}],"wp:attachment":[{"href":"https:\/\/biblian.is\/videy\/wp-json\/wp\/v2\/media?parent=21504"}],"curies":[{"name":"wp","href":"https:\/\/api.w.org\/{rel}","templated":true}]}}