{"id":21503,"date":"2018-01-02T01:02:20","date_gmt":"2018-01-02T01:02:20","guid":{"rendered":"http:\/\/biblian.is\/videy\/ordskvidirnir-26-kafli\/"},"modified":"2018-01-02T01:02:20","modified_gmt":"2018-01-02T01:02:20","slug":"ordskvidirnir-26-kafli","status":"publish","type":"page","link":"https:\/\/biblian.is\/videy\/ordskvidirnir-26-kafli\/","title":{"rendered":"Or\u00f0skvi\u00f0irnir 26. kafli"},"content":{"rendered":"<div class=\"fyrirsognVidey\">Sundurlaus sannm\u00e6li.<\/div>\n<p><a name=\"1\"><span class=\"versanumer\">1<\/span><\/a>Snj\u00f3r \u00e1 ekki vi\u00f0 sumar, ekki heldur regn vi\u00f0 uppskeru, svo ber ei hei\u00f0ur heimskum manni.<a name=\"2\"><span class=\"versanumer\">2<\/span><\/a>Eins og tittlingurinn fl\u00f6grar um kring og svalan, fl\u00fdgur burt, svo rammar ekki \u00f3ver\u00f0skuldu\u00f0 form\u00e6ling.<a name=\"3\"><span class=\"versanumer\">3<\/span><\/a>Svipan \u00e1 vi\u00f0 hestinn, og taumurinn vi\u00f0 asnann, eins v\u00f6ndurinn vi\u00f0 d\u00e1rans bak.<a name=\"4\"><span class=\"versanumer\">4<\/span><\/a>Svara \u00fe\u00fa ekki heimskum manni eftir hans heimsku, svo \u00fe\u00fa ver\u00f0ir ekki honum l\u00edkur.<a name=\"5\"><span class=\"versanumer\">5<\/span><\/a>Svara\u00f0u \u00fe\u00f3 \u00feeim heimska eftir hans heimsku, svo hann \u00e6tli ekki a\u00f0 hann s\u00e9 hygginn.<a name=\"6\"><span class=\"versanumer\">6<\/span><\/a>S\u00e1 sem sendir or\u00f0 me\u00f0 d\u00e1ra, h\u00f6ggur af s\u00e9r f\u00e6turnar, og l\u00ed\u00f0ur \u00f3r\u00e9tt.<a name=\"7\"><span class=\"versanumer\">7<\/span><\/a>Eins og l\u00e6ri hins halta eru m\u00e1ttlaus, svo eru og snillyr\u00f0i \u00ed d\u00e1rans munni.<a name=\"8\"><span class=\"versanumer\">8<\/span><\/a>Eins og gimsteinn er \u00ed grj\u00f3thr\u00fagu, svo er hv\u00f6r sem gefur d\u00e1ranum hei\u00f0ur.<a name=\"9\"><span class=\"versanumer\">9<\/span><\/a>Eins og \u00feyrnigrein \u00ed hendi drukkins manns, svo eru spakm\u00e6li \u00ed d\u00e1rans munni.<a name=\"10\"><span class=\"versanumer\">10<\/span><\/a>Hv\u00f6r sem semur vi\u00f0 d\u00e1ra, og semur vi\u00f0 mann \u00e1 fer\u00f0, er eins og skytta sem h\u00e6fir allt.<a name=\"11\"><span class=\"versanumer\">11<\/span><\/a>Eins og hundurinn sn\u00fdr aftur til sinnar sp\u00fdju, svo \u00edtrekar d\u00e1rinn s\u00edna heimsku.<a name=\"12\"><span class=\"versanumer\">12<\/span><\/a>Sj\u00e1ir \u00fe\u00fa mann sem \u00feykist vitur, \u00fe\u00e1 er af d\u00e1ranum meira a\u00f0 v\u00e6nta en honum.<a name=\"13\"><span class=\"versanumer\">13<\/span><\/a>S\u00e1 lati segir: \u00fear er grenjandi <span class='VideyAth'>(lj\u00f3n)<\/span> \u00e1 veginum, lj\u00f3n \u00e1 str\u00e6tunum.<a name=\"14\"><span class=\"versanumer\">14<\/span><\/a>Hur\u00f0in sn\u00fdst \u00e1 hj\u00f6runum; s\u00e1 lati \u00ed sinni hv\u00edlu.<a name=\"15\"><span class=\"versanumer\">15<\/span><\/a>S\u00e1 lati hefir s\u00edna h\u00f6nd \u00ed fatinu; \u00fea\u00f0 er honum erfitt a\u00f0 koma henni aftur upp a\u00f0 munninum.<a name=\"16\"><span class=\"versanumer\">16<\/span><\/a>S\u00e1 lati \u00feykist hyggnari en sj\u00f6, sem svara af viti.<a name=\"17\"><span class=\"versanumer\">17<\/span><\/a>S\u00e1 sem fer um veg og blandar s\u00e9r \u00ed deilur er honum ekki koma vi\u00f0, er l\u00edkur \u00feeim er tekur um eyru \u00e1 hundi.<a name=\"18\"><span class=\"versanumer\">18<\/span><\/a>Eins og s\u00e1 \u00f3\u00f0i, sem kastar logbr\u00f6ndum, p\u00edlum og drepandi skeytum,<a name=\"19\"><span class=\"versanumer\">19<\/span><\/a>svo gj\u00f6rir s\u00e1 ma\u00f0ur, sem sv\u00edkur sinn n\u00e1unga, og segir svo: er eg ekki a\u00f0 gj\u00f6ra a\u00f0 gamni m\u00ednu.<a name=\"20\"><span class=\"versanumer\">20<\/span><\/a>\u00deegar <span class='VideyAth'>(eldi)<\/span>vi\u00f0inn \u00fer\u00fdtur, slokknar eldurinn, og \u00feegar enginn er r\u00f3gberinn, st\u00f6\u00f0vast deilurnar.<a name=\"21\"><span class=\"versanumer\">21<\/span><\/a>Eins og kol tilheyra gl\u00e6\u00f0um, og vi\u00f0 \u00fearf til a\u00f0 gj\u00f6ra eld, svolei\u00f0is \u00fer\u00e6tugjarnan mann til a\u00f0 vekja deilur.<a name=\"22\"><span class=\"versanumer\">22<\/span><\/a>R\u00f3gberans or\u00f0, eru eins og kr\u00e1sir, sem \u00ferengja s\u00e9r ni\u00f0ur innst \u00ed magann.<a name=\"23\"><span class=\"versanumer\">23<\/span><\/a>Eins og leirker, yfirstroki\u00f0 me\u00f0 silfurhro\u00f0a, svo eru fj\u00f6rugar varir og vont hjarta.<a name=\"24\"><span class=\"versanumer\">24<\/span><\/a>Hatursma\u00f0urinn talar fagurt, en \u00ed s\u00ednu hjarta elur hann svik.<a name=\"25\"><span class=\"versanumer\">25<\/span><\/a>\u00deegar hann talar \u00fe\u00e6gilega, \u00fe\u00e1 tr\u00fa\u00f0u honum ekki; \u00fev\u00ed sj\u00f6 vi\u00f0urstygg\u00f0ir eru \u00ed hans hjarta.<a name=\"26\"><span class=\"versanumer\">26<\/span><\/a>Hatur m\u00e1 fela me\u00f0 k\u00e6nsku; en vonskan kemst upp \u00e1 \u00feinginu.<a name=\"27\"><span class=\"versanumer\">27<\/span><\/a>S\u00e1 sem grefur gr\u00f6fina fellur \u00fear \u00ed; og \u00e1 \u00feann, sem steininum veltir, veltur steinninn.<a name=\"28\"><span class=\"versanumer\">28<\/span><\/a>F\u00f6lsk tunga hatar \u00fe\u00e1, sem h\u00fan vill sundurr\u00edfa, og h\u00e1ll munnur ollir tj\u00f3ns.<\/p>\n<div class=\"footnoteVidey\"><\/div>\n","protected":false},"excerpt":{"rendered":"<p>Sundurlaus sannm\u00e6li. 1Snj\u00f3r \u00e1 ekki vi\u00f0 sumar, ekki heldur regn vi\u00f0 uppskeru, svo ber ei hei\u00f0ur heimskum manni.2Eins og tittlingurinn fl\u00f6grar um kring og svalan, fl\u00fdgur burt, svo rammar ekki \u00f3ver\u00f0skuldu\u00f0 form\u00e6ling.3Svipan \u00e1 vi\u00f0 hestinn, og taumurinn vi\u00f0 asnann, eins v\u00f6ndurinn vi\u00f0 d\u00e1rans bak.4Svara \u00fe\u00fa ekki heimskum manni eftir hans heimsku, svo \u00fe\u00fa ver\u00f0ir ekki honum l\u00edkur.5Svara\u00f0u \u00fe\u00f3 \u00feeim heimska eftir hans heimsku, svo hann \u00e6tli ekki a\u00f0 hann s\u00e9 hygginn.6S\u00e1 sem sendir or\u00f0 me\u00f0 d\u00e1ra, h\u00f6ggur af s\u00e9r f\u00e6turnar, og l\u00ed\u00f0ur \u00f3r\u00e9tt.7Eins og l\u00e6ri hins halta eru m\u00e1ttlaus, svo eru og snillyr\u00f0i \u00ed d\u00e1rans munni.8Eins og gimsteinn er \u00ed <a href=\"https:\/\/biblian.is\/videy\/ordskvidirnir-26-kafli\/\"> [&#8230;]<\/a><\/p>\n","protected":false},"author":1,"featured_media":0,"parent":0,"menu_order":0,"comment_status":"open","ping_status":"open","template":"bibliukaflar.php","meta":{"footnotes":""},"class_list":["post-21503","page","type-page","status-publish","hentry"],"_links":{"self":[{"href":"https:\/\/biblian.is\/videy\/wp-json\/wp\/v2\/pages\/21503","targetHints":{"allow":["GET"]}}],"collection":[{"href":"https:\/\/biblian.is\/videy\/wp-json\/wp\/v2\/pages"}],"about":[{"href":"https:\/\/biblian.is\/videy\/wp-json\/wp\/v2\/types\/page"}],"author":[{"embeddable":true,"href":"https:\/\/biblian.is\/videy\/wp-json\/wp\/v2\/users\/1"}],"replies":[{"embeddable":true,"href":"https:\/\/biblian.is\/videy\/wp-json\/wp\/v2\/comments?post=21503"}],"version-history":[{"count":0,"href":"https:\/\/biblian.is\/videy\/wp-json\/wp\/v2\/pages\/21503\/revisions"}],"wp:attachment":[{"href":"https:\/\/biblian.is\/videy\/wp-json\/wp\/v2\/media?parent=21503"}],"curies":[{"name":"wp","href":"https:\/\/api.w.org\/{rel}","templated":true}]}}