{"id":21502,"date":"2018-01-02T01:02:20","date_gmt":"2018-01-02T01:02:20","guid":{"rendered":"http:\/\/biblian.is\/videy\/ordskvidirnir-25-kafli\/"},"modified":"2018-01-02T01:02:20","modified_gmt":"2018-01-02T01:02:20","slug":"ordskvidirnir-25-kafli","status":"publish","type":"page","link":"https:\/\/biblian.is\/videy\/ordskvidirnir-25-kafli\/","title":{"rendered":"Or\u00f0skvi\u00f0irnir 25. kafli"},"content":{"rendered":"<div class=\"fyrirsognVidey\">Seinna safn sannm\u00e6la.<\/div>\n<p><a name=\"1\"><span class=\"versanumer\">1<\/span><\/a>\u00deetta eru l\u00edka or\u00f0skvi\u00f0ir Sal\u00f3mons, sem menn Eseki\u00e6 J\u00fadak\u00f3ngs hafa safna\u00f0:<a name=\"2\"><span class=\"versanumer\">2<\/span><\/a>\u00dea\u00f0 er Gu\u00f0s hei\u00f0ur a\u00f0 fela or\u00f0i\u00f0 <span class='VideyAth'>a)<\/span>, en \u00fea\u00f0 er k\u00f3nganna hei\u00f0ur, a\u00f0 rannsaka or\u00f0i\u00f0.<a name=\"3\"><span class=\"versanumer\">3<\/span><\/a>Himinninn er h\u00e1r, og j\u00f6r\u00f0in er dj\u00fap, svo veri og k\u00f3nganna hjarta \u00f3rannsakanlegt.<a name=\"4\"><span class=\"versanumer\">4<\/span><\/a>Taktu hro\u00f0ann fr\u00e1 silfrinu, svo getur gullsmi\u00f0ur gj\u00f6rt \u00far \u00fev\u00ed ker.<a name=\"5\"><span class=\"versanumer\">5<\/span><\/a>Taktu \u00feann \u00f3gu\u00f0lega fr\u00e1 k\u00f3ngsins augliti, svo mun hans h\u00e1s\u00e6ti sta\u00f0festast af r\u00e9ttv\u00edsi.<a name=\"6\"><span class=\"versanumer\">6<\/span><\/a>Hr\u00f3sa \u00fe\u00fa ekki sj\u00e1lfum \u00fe\u00e9r frammi fyrir k\u00f3nginum, og gakk ekki \u00e1 pl\u00e1ss hinna mektugu.<a name=\"7\"><span class=\"versanumer\">7<\/span><\/a>\u00dev\u00ed \u00fea\u00f0 er betra a\u00f0 menn segi vi\u00f0 \u00feig: f\u00e6r\u00f0u \u00feig hinga\u00f0 upp, en a\u00f0 menn skuli gj\u00f6ra \u00fe\u00e9r ni\u00f0urdrep \u00ed furstans augs\u00fdn, sem a\u00f0 \u00fe\u00edn augu sj\u00e1.<a name=\"8\"><span class=\"versanumer\">8<\/span><\/a>Vertu ekki flj\u00f3tur til a\u00f0 deila, svo a\u00f0 \u00fe\u00fa ekki gj\u00f6rir eitthva\u00f0 seinast, \u00feegar \u00ed \u00fatg\u00f6ngunni, \u00feegar \u00feinn m\u00f3tpartur gj\u00f6rir gys a\u00f0 \u00fe\u00e9r.<a name=\"9\"><span class=\"versanumer\">9<\/span><\/a>Framfylg \u00fe\u00fa m\u00e1li \u00fe\u00ednu m\u00f3ti \u00fe\u00ednum m\u00f3tparti, en opinbera \u00fe\u00fa ekki hins annars leyndarm\u00e1l,<a name=\"10\"><span class=\"versanumer\">10<\/span><\/a>a\u00f0 s\u00e1 gj\u00f6ri \u00fe\u00e9r ekki h\u00e1\u00f0ung, hv\u00f6r sem heyrir, og \u00fe\u00fa komist svo ekki hj\u00e1 illu mannor\u00f0i.<a name=\"11\"><span class=\"versanumer\">11<\/span><\/a>Or\u00f0 \u00ed t\u00edma tala\u00f0, er sem gullepli me\u00f0 silfurverki.<a name=\"12\"><span class=\"versanumer\">12<\/span><\/a>Eins og gullhringur og st\u00e1ss af f\u00ednasta gulli, er a\u00f0v\u00f6run hins v\u00edsa fyrir athugasamt eyra.<a name=\"13\"><span class=\"versanumer\">13<\/span><\/a>Eins og kuldi af snj\u00f3 \u00e1 haustyrkjut\u00edmanum, svo er tr\u00far sendibo\u00f0i \u00feeim sem senda hann; hann endurn\u00e6rir s\u00e1l s\u00edns h\u00fassb\u00f3nda.<a name=\"14\"><span class=\"versanumer\">14<\/span><\/a>Eins og sk\u00fd og regnlaus vindur, er s\u00e1 ma\u00f0ur, sem st\u00e6rir sig af g\u00e1fum falsandi, <span class='VideyAth'>(lofar og gefur ekki)<\/span>.<a name=\"15\"><span class=\"versanumer\">15<\/span><\/a>Me\u00f0 langlundarge\u00f0i ver\u00f0ur h\u00f6f\u00f0inginn yfirtala\u00f0ur, mj\u00fak tunga sundurbr\u00fdtur jafnvel beinin.<a name=\"16\"><span class=\"versanumer\">16<\/span><\/a>Finnir \u00fe\u00fa hunang, \u00fe\u00e1 et eftir \u00fe\u00f6rfum, svo \u00fe\u00fa ekki ofmatist og \u00e6lir \u00fev\u00ed upp.<a name=\"17\"><span class=\"versanumer\">17<\/span><\/a>L\u00e1t \u00feinn f\u00f3t skjaldan koma \u00ed \u00fe\u00edns stallbr\u00f3\u00f0urs h\u00fas, svo hann ekki ver\u00f0i lei\u00f0ur \u00e1 \u00fe\u00e9r og hati \u00feig.<a name=\"18\"><span class=\"versanumer\">18<\/span><\/a>Eins og hamar, sver\u00f0 og hv\u00f6rs \u00f6r, er s\u00e1 ma\u00f0ur sem talar falskan vitnisbur\u00f0 \u00e1 m\u00f3ti s\u00ednum n\u00e1unga.<a name=\"19\"><span class=\"versanumer\">19<\/span><\/a>Eins og brotin t\u00f6nn og rasandi f\u00f3tur, er traust \u00e1 \u00feeim svikula \u00e1 ney\u00f0arinnar degi.<a name=\"20\"><span class=\"versanumer\">20<\/span><\/a>S\u00e1 sem syngur v\u00edsur fyrir sorgfullu hjarta, er eins og s\u00e1 sem afkl\u00e6\u00f0ist \u00ed kulda, og eins og edik \u00e1 saltp\u00e9tri.<a name=\"21\"><span class=\"versanumer\">21<\/span><\/a>Ef \u00f3vin \u00feinn hungrar, \u00fe\u00e1 metta hann me\u00f0 brau\u00f0i, og ef hann \u00feyrstir \u00fe\u00e1 gef honum vatn a\u00f0 drekka!<a name=\"22\"><span class=\"versanumer\">22<\/span><\/a>\u00dev\u00ed a\u00f0 \u00fe\u00fa safnar eldsgl\u00f3\u00f0um yfir hans h\u00f6fu\u00f0; og Drottinn mun endurgjalda \u00fe\u00e9r \u00fea\u00f0.<a name=\"23\"><span class=\"versanumer\">23<\/span><\/a>Vindur \u00far dimmu f\u00e6\u00f0ir regn, og tunga \u00far leyni, rei\u00f0uglegt andlit.<a name=\"24\"><span class=\"versanumer\">24<\/span><\/a>\u00dea\u00f0 er betra a\u00f0 b\u00faa \u00ed horni \u00e1 \u00feakinu, heldur en \u00ed heimilismanna f\u00e9lagskap, hj\u00e1 k\u00edfsamri konu.<a name=\"25\"><span class=\"versanumer\">25<\/span><\/a>G\u00f3\u00f0ur bo\u00f0skapur af fj\u00e6rl\u00e6gu landi, er sem kalt vatn \u00feyrstri s\u00e1lu.<a name=\"26\"><span class=\"versanumer\">26<\/span><\/a>R\u00e9ttl\u00e1tur ma\u00f0ur sem fellur fyrir \u00feeim \u00f3gu\u00f0lega, er sem grugga\u00f0ur brunnur, og sem skemmd lind.<a name=\"27\"><span class=\"versanumer\">27<\/span><\/a>A\u00f0 eta miki\u00f0 hunang er ekki gott; og ranns\u00f3kn \u00feungra <span class='VideyAth'>(hluta)<\/span> \u00feung.<a name=\"28\"><span class=\"versanumer\">28<\/span><\/a>S\u00e1 ma\u00f0ur sem ei getur st\u00f6\u00f0va\u00f0 sitt ge\u00f0, er eins og ni\u00f0urrifin borg \u00e1n m\u00farveggja.<\/p>\n<div class=\"footnoteVidey\">V. 2. a) Or\u00f0i\u00f0 e\u00f0a hlutinn.  V. 23. \u00dar dimmu: a\u00f0r: nor\u00f0anvindur.<\/div>\n","protected":false},"excerpt":{"rendered":"<p>Seinna safn sannm\u00e6la. 1\u00deetta eru l\u00edka or\u00f0skvi\u00f0ir Sal\u00f3mons, sem menn Eseki\u00e6 J\u00fadak\u00f3ngs hafa safna\u00f0:2\u00dea\u00f0 er Gu\u00f0s hei\u00f0ur a\u00f0 fela or\u00f0i\u00f0 a), en \u00fea\u00f0 er k\u00f3nganna hei\u00f0ur, a\u00f0 rannsaka or\u00f0i\u00f0.3Himinninn er h\u00e1r, og j\u00f6r\u00f0in er dj\u00fap, svo veri og k\u00f3nganna hjarta \u00f3rannsakanlegt.4Taktu hro\u00f0ann fr\u00e1 silfrinu, svo getur gullsmi\u00f0ur gj\u00f6rt \u00far \u00fev\u00ed ker.5Taktu \u00feann \u00f3gu\u00f0lega fr\u00e1 k\u00f3ngsins augliti, svo mun hans h\u00e1s\u00e6ti sta\u00f0festast af r\u00e9ttv\u00edsi.6Hr\u00f3sa \u00fe\u00fa ekki sj\u00e1lfum \u00fe\u00e9r frammi fyrir k\u00f3nginum, og gakk ekki \u00e1 pl\u00e1ss hinna mektugu.7\u00dev\u00ed \u00fea\u00f0 er betra a\u00f0 menn segi vi\u00f0 \u00feig: f\u00e6r\u00f0u \u00feig hinga\u00f0 upp, en a\u00f0 menn skuli gj\u00f6ra \u00fe\u00e9r ni\u00f0urdrep \u00ed furstans augs\u00fdn, sem <a href=\"https:\/\/biblian.is\/videy\/ordskvidirnir-25-kafli\/\"> [&#8230;]<\/a><\/p>\n","protected":false},"author":1,"featured_media":0,"parent":0,"menu_order":0,"comment_status":"open","ping_status":"open","template":"bibliukaflar.php","meta":{"footnotes":""},"class_list":["post-21502","page","type-page","status-publish","hentry"],"_links":{"self":[{"href":"https:\/\/biblian.is\/videy\/wp-json\/wp\/v2\/pages\/21502","targetHints":{"allow":["GET"]}}],"collection":[{"href":"https:\/\/biblian.is\/videy\/wp-json\/wp\/v2\/pages"}],"about":[{"href":"https:\/\/biblian.is\/videy\/wp-json\/wp\/v2\/types\/page"}],"author":[{"embeddable":true,"href":"https:\/\/biblian.is\/videy\/wp-json\/wp\/v2\/users\/1"}],"replies":[{"embeddable":true,"href":"https:\/\/biblian.is\/videy\/wp-json\/wp\/v2\/comments?post=21502"}],"version-history":[{"count":0,"href":"https:\/\/biblian.is\/videy\/wp-json\/wp\/v2\/pages\/21502\/revisions"}],"wp:attachment":[{"href":"https:\/\/biblian.is\/videy\/wp-json\/wp\/v2\/media?parent=21502"}],"curies":[{"name":"wp","href":"https:\/\/api.w.org\/{rel}","templated":true}]}}