{"id":21500,"date":"2018-01-02T01:02:20","date_gmt":"2018-01-02T01:02:20","guid":{"rendered":"http:\/\/biblian.is\/videy\/ordskvidirnir-23-kafli\/"},"modified":"2018-01-02T01:02:20","modified_gmt":"2018-01-02T01:02:20","slug":"ordskvidirnir-23-kafli","status":"publish","type":"page","link":"https:\/\/biblian.is\/videy\/ordskvidirnir-23-kafli\/","title":{"rendered":"Or\u00f0skvi\u00f0irnir 23. kafli"},"content":{"rendered":"<div class=\"fyrirsognVidey\">Sannm\u00e6li.<\/div>\n<p><a name=\"1\"><span class=\"versanumer\">1<\/span><\/a>\u00deegar \u00fe\u00fa situr til bor\u00f0s me\u00f0 stj\u00f3rnarherra, \u00fe\u00e1 g\u00e1 vel a\u00f0, hv\u00f6rn \u00fe\u00fa hefir fyrir \u00fe\u00ednu augliti.<a name=\"2\"><span class=\"versanumer\">2<\/span><\/a>Og set \u00fe\u00e9r hn\u00edf \u00e1 barka, ef \u00fe\u00fa ert gr\u00e1\u00f0ugur!<a name=\"3\"><span class=\"versanumer\">3<\/span><\/a>L\u00e1t \u00feig ekki langa \u00ed hans kr\u00e6singar, \u00fev\u00ed \u00fe\u00e6r eru t\u00e1lf\u00e6\u00f0a.<a name=\"4\"><span class=\"versanumer\">4<\/span><\/a>M\u00e6\u00f0 \u00feig ekki me\u00f0 eftirs\u00f3kn au\u00f0\u00e6fa; h\u00e6ttu a\u00f0 br\u00faka vit \u00feitt til \u00feess!<a name=\"5\"><span class=\"versanumer\">5<\/span><\/a>Viltu l\u00e1ta augu \u00fe\u00edn flj\u00faga eftir \u00fev\u00ed sem <span class='VideyAth'>(skj\u00f3tt)<\/span> ver\u00f0ur a\u00f0 \u00f6ngvu? \u00fev\u00ed \u00fea\u00f0 er gj\u00f6rir s\u00e9r arnarv\u00e6ngi, og fl\u00fdgur til himins.<a name=\"6\"><span class=\"versanumer\">6<\/span><\/a>Et ekki brau\u00f0 hj\u00e1 \u00feeim sem hefir illt auga, og l\u00e1t \u00feig ei langa \u00ed hans kr\u00e1sir.<a name=\"7\"><span class=\"versanumer\">7<\/span><\/a>\u00dev\u00ed eins og hann hugsar, svo er hann; hann segir vi\u00f0 \u00feig: et og drekk! en hjarta hans er ekki me\u00f0 \u00fe\u00e9r.<a name=\"8\"><span class=\"versanumer\">8<\/span><\/a>\u00deeim munnbita sem \u00fe\u00fa hefir eti\u00f0, ver\u00f0ur \u00fe\u00fa \u00fe\u00f3 a\u00f0 \u00e6la upp; og svo hefir \u00fe\u00fa spillt \u00fe\u00ednum bl\u00ed\u00f0m\u00e6lum.<a name=\"9\"><span class=\"versanumer\">9<\/span><\/a>Tala\u00f0u ekki fyrir d\u00e1rans eyrum, \u00fev\u00ed hann forsm\u00e1ir hyggindi \u00fe\u00edns tals.<a name=\"10\"><span class=\"versanumer\">10<\/span><\/a>Flyt ekki \u00feau fornu landamerki, og gakk ei \u00e1 f\u00f6\u00f0urlausra akra.<a name=\"11\"><span class=\"versanumer\">11<\/span><\/a>\u00dev\u00ed \u00feeirra frelsari er sterkur, hann mun taka a\u00f0 s\u00e9r \u00feeirra m\u00e1lefni m\u00f3ti \u00fe\u00e9r.<a name=\"12\"><span class=\"versanumer\">12<\/span><\/a>Ofurgef hjarta \u00feitt umv\u00f6nduninni, og \u00fe\u00edn eyru v\u00edsd\u00f3msins or\u00f0um. <br \/><a name=\"13\"><span class=\"versanumer\">13<\/span><\/a>Skj\u00f3ttu ekki \u00feeim unga undan aga, \u00fev\u00ed \u00fe\u00f3 \u00fe\u00fa sl\u00e1ir hann me\u00f0 vendi, deyr hann ekki.<a name=\"14\"><span class=\"versanumer\">14<\/span><\/a>\u00de\u00fa sl\u00e6r hann me\u00f0 vendi og frelsar hans s\u00e1lu fr\u00e1 helju.<a name=\"15\"><span class=\"versanumer\">15<\/span><\/a>Minn son! \u00feegar \u00feitt hjarta er hyggi\u00f0, svo gle\u00f0ur mitt hjarta sig j\u00e1, eg gle\u00f0 mig.<a name=\"16\"><span class=\"versanumer\">16<\/span><\/a>Og mitt hjarta fagnar, \u00feegar \u00fe\u00ednar varir tala \u00fea\u00f0 sem beint <span class='VideyAth'>(r\u00e9tt)<\/span> er.<a name=\"17\"><span class=\"versanumer\">17<\/span><\/a>L\u00e1t ei hjarta \u00feitt misunna syndurum, heldur s\u00e6ktu daglega eftir Drottins \u00f3tta.<a name=\"18\"><span class=\"versanumer\">18<\/span><\/a>\u00dev\u00ed \u00feegar kemur a\u00f0 \u00fev\u00ed s\u00ed\u00f0asta, skal \u00fe\u00edn von ekki ver\u00f0a a\u00f0 engu.<a name=\"19\"><span class=\"versanumer\">19<\/span><\/a>Heyr \u00fe\u00fa, minn son! og vertu hygginn, og st\u00fdr \u00fe\u00ednu hjarta mitt \u00e1 veginn.<a name=\"20\"><span class=\"versanumer\">20<\/span><\/a>Vertu ei me\u00f0 drykkjum\u00f6nnum, me\u00f0 \u00feeim sem ey\u00f0ileggja sitt hold!<a name=\"21\"><span class=\"versanumer\">21<\/span><\/a>\u00dev\u00ed drykkjumenn og \u00f3h\u00f3fsmenn ver\u00f0a snau\u00f0ir, og <span class='VideyAth'>(mikill)<\/span> svefn kl\u00e6\u00f0ir \u00ed t\u00f6tra.<a name=\"22\"><span class=\"versanumer\">22<\/span><\/a>Hl\u00fd\u00f0 \u00fe\u00ednum f\u00f6\u00f0ur! hann gat \u00feig, og forsm\u00e1 ekki \u00fe\u00edna m\u00f3\u00f0ur, \u00fe\u00f3 h\u00fan s\u00e9 or\u00f0in g\u00f6mul.<a name=\"23\"><span class=\"versanumer\">23<\/span><\/a>Kaup \u00fe\u00fa sannleika, og sel hann ekki, kauptu v\u00edsd\u00f3m, umv\u00f6ndum og hyggindi!<a name=\"24\"><span class=\"versanumer\">24<\/span><\/a>Fa\u00f0ir hins r\u00e9ttl\u00e1ta fagnar, s\u00e1 sem gat vitran son, gle\u00f0st af honum.<a name=\"25\"><span class=\"versanumer\">25<\/span><\/a>L\u00e1ttu f\u00f6\u00f0ur og m\u00f3\u00f0ur fagna, l\u00e1t hana gle\u00f0jast, sem f\u00e6ddi \u00feig!<a name=\"26\"><span class=\"versanumer\">26<\/span><\/a>Minn son! gef m\u00e9r hjarta \u00feitt, \u00fe\u00edn augu gefi gaum a\u00f0 m\u00ednum vegi!<a name=\"27\"><span class=\"versanumer\">27<\/span><\/a>\u00dev\u00ed sk\u00e6kjan er dj\u00fap gr\u00f6f og s\u00fa annarlega kona \u00fer\u00f6ngur pyttur.<a name=\"28\"><span class=\"versanumer\">28<\/span><\/a>J\u00e1, h\u00fan liggur \u00ed leyni eins og r\u00e6ningi, og safnar a\u00f0 s\u00e9r \u00feeim \u00f3sv\u00edfnu me\u00f0al mannanna.<a name=\"29\"><span class=\"versanumer\">29<\/span><\/a>Hvar er vei? hv\u00f6r ollir s\u00e9r mei\u00f0sla? hvar eru deilur? hvar kl\u00f6gun? hv\u00f6r f\u00e6r s\u00e1r \u00e1n orsaka? hv\u00f6r gl\u00f3\u00f0arauga <span class='VideyAth'>(rau\u00f0 augu)<\/span>?<a name=\"30\"><span class=\"versanumer\">30<\/span><\/a>\u00deeir sem lengi tefja hj\u00e1 v\u00edninu, \u00feeir sem koma saman til a\u00f0 smakka krydda\u00f0a drykk.<a name=\"31\"><span class=\"versanumer\">31<\/span><\/a>Horf \u00fe\u00fa ekki \u00e1 v\u00edni\u00f0 hva\u00f0 rautt \u00fea\u00f0 er, hv\u00f6rsu \u00fea\u00f0 s\u00fdnist eins og perlur \u00ed bikarnum, hv\u00f6rsu \u00fea\u00f0 rennur lj\u00faflega ni\u00f0ur.<a name=\"32\"><span class=\"versanumer\">32<\/span><\/a>Seinast b\u00edtur \u00fea\u00f0 eins og h\u00f6ggormur og stingur sem na\u00f0ra.<a name=\"33\"><span class=\"versanumer\">33<\/span><\/a>\u00de\u00edn augu kynnu \u00fe\u00e1 a\u00f0 l\u00edta eftir annarlegum konum, og \u00feitt hjarta a\u00f0 tala ranghverfa hluti.<a name=\"34\"><span class=\"versanumer\">34<\/span><\/a>\u00de\u00fa kynnir a\u00f0 ver\u00f0a sem s\u00e1 er sefur \u00e1 hafinu, eins og s\u00e1 sem sefur efst \u00ed mastri.<a name=\"35\"><span class=\"versanumer\">35<\/span><\/a>\u00deeir b\u00f6r\u00f0u mig <span class='VideyAth'>(muntu \u00fe\u00e1 segja)<\/span>, eg kenndi ekki til \u00feess; \u00feeir hrintu m\u00e9r, eg var\u00f0 \u00feess ekki var; n\u00e6r mun eg vakna? aftur vil eg leita v\u00ednsins.<\/p>\n<div class=\"footnoteVidey\">V. 2. \u00de\u00e9r er betra a\u00f0 s\u00e1lga \u00fe\u00e9r, en vera \u00f3h\u00e6verskur.  V. 6. Illt auga: \u00f6funds\u00fdki.<\/div>\n","protected":false},"excerpt":{"rendered":"<p>Sannm\u00e6li. 1\u00deegar \u00fe\u00fa situr til bor\u00f0s me\u00f0 stj\u00f3rnarherra, \u00fe\u00e1 g\u00e1 vel a\u00f0, hv\u00f6rn \u00fe\u00fa hefir fyrir \u00fe\u00ednu augliti.2Og set \u00fe\u00e9r hn\u00edf \u00e1 barka, ef \u00fe\u00fa ert gr\u00e1\u00f0ugur!3L\u00e1t \u00feig ekki langa \u00ed hans kr\u00e6singar, \u00fev\u00ed \u00fe\u00e6r eru t\u00e1lf\u00e6\u00f0a.4M\u00e6\u00f0 \u00feig ekki me\u00f0 eftirs\u00f3kn au\u00f0\u00e6fa; h\u00e6ttu a\u00f0 br\u00faka vit \u00feitt til \u00feess!5Viltu l\u00e1ta augu \u00fe\u00edn flj\u00faga eftir \u00fev\u00ed sem (skj\u00f3tt) ver\u00f0ur a\u00f0 \u00f6ngvu? \u00fev\u00ed \u00fea\u00f0 er gj\u00f6rir s\u00e9r arnarv\u00e6ngi, og fl\u00fdgur til himins.6Et ekki brau\u00f0 hj\u00e1 \u00feeim sem hefir illt auga, og l\u00e1t \u00feig ei langa \u00ed hans kr\u00e1sir.7\u00dev\u00ed eins og hann hugsar, svo er hann; hann segir vi\u00f0 \u00feig: et og drekk! <a href=\"https:\/\/biblian.is\/videy\/ordskvidirnir-23-kafli\/\"> [&#8230;]<\/a><\/p>\n","protected":false},"author":1,"featured_media":0,"parent":0,"menu_order":0,"comment_status":"open","ping_status":"open","template":"bibliukaflar.php","meta":{"footnotes":""},"class_list":["post-21500","page","type-page","status-publish","hentry"],"_links":{"self":[{"href":"https:\/\/biblian.is\/videy\/wp-json\/wp\/v2\/pages\/21500","targetHints":{"allow":["GET"]}}],"collection":[{"href":"https:\/\/biblian.is\/videy\/wp-json\/wp\/v2\/pages"}],"about":[{"href":"https:\/\/biblian.is\/videy\/wp-json\/wp\/v2\/types\/page"}],"author":[{"embeddable":true,"href":"https:\/\/biblian.is\/videy\/wp-json\/wp\/v2\/users\/1"}],"replies":[{"embeddable":true,"href":"https:\/\/biblian.is\/videy\/wp-json\/wp\/v2\/comments?post=21500"}],"version-history":[{"count":0,"href":"https:\/\/biblian.is\/videy\/wp-json\/wp\/v2\/pages\/21500\/revisions"}],"wp:attachment":[{"href":"https:\/\/biblian.is\/videy\/wp-json\/wp\/v2\/media?parent=21500"}],"curies":[{"name":"wp","href":"https:\/\/api.w.org\/{rel}","templated":true}]}}