{"id":21499,"date":"2018-01-02T01:02:20","date_gmt":"2018-01-02T01:02:20","guid":{"rendered":"http:\/\/biblian.is\/videy\/ordskvidirnir-22-kafli\/"},"modified":"2018-01-02T01:02:20","modified_gmt":"2018-01-02T01:02:20","slug":"ordskvidirnir-22-kafli","status":"publish","type":"page","link":"https:\/\/biblian.is\/videy\/ordskvidirnir-22-kafli\/","title":{"rendered":"Or\u00f0skvi\u00f0irnir 22. kafli"},"content":{"rendered":"<div class=\"fyrirsognVidey\">Samslags sannm\u00e6li.<\/div>\n<p><a name=\"1\"><span class=\"versanumer\">1<\/span><\/a>Gott mannor\u00f0 skal heldur kj\u00f3sa en mikinn au\u00f0; vins\u00e6ld er betri en silfur og gull.<a name=\"2\"><span class=\"versanumer\">2<\/span><\/a>R\u00edkur og f\u00e1t\u00e6kur hittast, Drottinn skapa\u00f0i b\u00e1\u00f0a.<a name=\"3\"><span class=\"versanumer\">3<\/span><\/a>S\u00e1 hyggni s\u00e9r \u00f3g\u00e6funa og felur sig, en s\u00e1 einfaldi heldur \u00e1fram, og f\u00e6r \u00e1 \u00fev\u00ed a\u00f0 kenna.<a name=\"4\"><span class=\"versanumer\">4<\/span><\/a>Au\u00f0m\u00fdktarinnar \u00e1vextir, Drottins \u00f3tta, eru au\u00f0ur og hei\u00f0ur og l\u00edfi\u00f0.<a name=\"5\"><span class=\"versanumer\">5<\/span><\/a>\u00deyrnar, sn\u00f6rur eru \u00e1 vegi hins falska, s\u00e1 sem vill var\u00f0veita sitt l\u00edf, komi \u00fear ekki n\u00e6rri.<a name=\"6\"><span class=\"versanumer\">6<\/span><\/a>Kenn \u00feeim unga \u00feann veg sem hann \u00e1 a\u00f0 ganga, og \u00feegar hann eldist mun hann ei v\u00edkja \u00fear fr\u00e1.<a name=\"7\"><span class=\"versanumer\">7<\/span><\/a>S\u00e1 r\u00edki drottnar yfir hinum f\u00e1t\u00e6ka, og s\u00e1 sem tekur l\u00e1n, er \u00fer\u00e6ll \u00feess sem l\u00e1nar.<a name=\"8\"><span class=\"versanumer\">8<\/span><\/a>S\u00e1 sem s\u00e1ir rangl\u00e6ti, mun uppskera \u00f3lukku, og hans hegningar hr\u00eds er rei\u00f0ub\u00fai\u00f0.<a name=\"9\"><span class=\"versanumer\">9<\/span><\/a>S\u00e1 sem hefir g\u00f3\u00f0gjarnt auga, ver\u00f0ur blessa\u00f0ur, \u00fev\u00ed hann gefur \u00feeim f\u00e1t\u00e6ka af s\u00ednu brau\u00f0i.<a name=\"10\"><span class=\"versanumer\">10<\/span><\/a>Rek \u00fe\u00fa burt spottarann, svo fer \u00fer\u00e6tnin burt, \u00fe\u00e1 mun linna k\u00edfi og brigslyr\u00f0um.<a name=\"11\"><span class=\"versanumer\">11<\/span><\/a>Hv\u00f6r sem elskar hreint hjarta, og \u00e1 hv\u00f6rs v\u00f6rum \u00fea\u00f0 ge\u00f0fellda er, \u00feess vinur er k\u00f3ngurinn.<a name=\"12\"><span class=\"versanumer\">12<\/span><\/a>Augu Drottins gefa gaum a\u00f0 frams\u00fdni, en hann kollkastar svikarans or\u00f0um.<a name=\"13\"><span class=\"versanumer\">13<\/span><\/a>S\u00e1 lati segir: \u201elj\u00f3n er \u00fati fyrir; kannske eg ver\u00f0i drepinn mitt \u00e1 str\u00e6tinu\u201c.<a name=\"14\"><span class=\"versanumer\">14<\/span><\/a>Dj\u00fap gr\u00f6f er munnur annarlegrar konu, s\u00e1, hv\u00f6rjum Drottinn er rei\u00f0ur, fellur \u00fear \u00ed.<a name=\"15\"><span class=\"versanumer\">15<\/span><\/a>Hv\u00f6rsu sem heimskan situr f\u00f6st \u00ed hjarta hins unga, mun \u00fe\u00f3 agans v\u00f6ndur reka hana langt fr\u00e1 honum.<a name=\"16\"><span class=\"versanumer\">16<\/span><\/a>Menn \u00ferengja a\u00f0 \u00feeim l\u00edtilm\u00f3tlega, og gj\u00f6ra hann me\u00f0 \u00fev\u00ed r\u00edkan; menn gefa \u00feeim r\u00edka, og hann l\u00ed\u00f0ur skort. <br \/><a name=\"17\"><span class=\"versanumer\">17<\/span><\/a>Hneig \u00feitt eyra og heyr or\u00f0 hinna v\u00edsu, og sn\u00fa \u00fe\u00ednu hjarta til minnar uppfr\u00e6\u00f0ingar.<a name=\"18\"><span class=\"versanumer\">18<\/span><\/a>\u00dev\u00ed \u00fea\u00f0 er fallegt, ef \u00fe\u00fa var\u00f0veitir \u00feau \u00ed \u00fe\u00ednu hjarta; ef \u00feau eru \u00f6ll til rei\u00f0u \u00e1 \u00fe\u00ednum v\u00f6rum.<a name=\"19\"><span class=\"versanumer\">19<\/span><\/a>Svo \u00feitt traust geti veri\u00f0 til Drottins, hefi eg \u00feig uppfr\u00e6tt \u00ed dag; j\u00e1, einmitt \u00feig.<a name=\"20\"><span class=\"versanumer\">20<\/span><\/a>Sannarlega skrifa eg \u00fe\u00e9r ypparlegt um \u00e1form og frams\u00fdni.<a name=\"21\"><span class=\"versanumer\">21<\/span><\/a>Til a\u00f0 gj\u00f6ra \u00fe\u00e9r kunnugan r\u00e9tt og sannleiksor\u00f0, svo \u00fe\u00fa getir svara\u00f0 \u00feeim sannleika sem \u00feig sendu.<a name=\"22\"><span class=\"versanumer\">22<\/span><\/a>R\u00e6ndu ekki \u00feann l\u00edtilm\u00f3tlega af \u00fev\u00ed hann er l\u00edtilm\u00f3tlegur, og undir\u00ferykk \u00fe\u00fa ekki \u00feann f\u00e1t\u00e6ka \u00ed borgarhli\u00f0inu.<a name=\"23\"><span class=\"versanumer\">23<\/span><\/a>\u00dev\u00ed Drottinn tekur a\u00f0 s\u00e9r \u00feeirra m\u00e1lefni, og sviptir hv\u00f6rn \u00feann l\u00edfi sem r\u00e6nir \u00fe\u00e1.<a name=\"24\"><span class=\"versanumer\">24<\/span><\/a>Haf \u00fe\u00fa ekki samlag vi\u00f0 \u00feann, sem er rei\u00f0igjarn, og kom \u00fe\u00fa ekki til \u00feess flj\u00f3tlynda,<a name=\"25\"><span class=\"versanumer\">25<\/span><\/a>til \u00feess \u00fe\u00fa l\u00e6rir ekki hans veg, og s\u00e1la \u00fe\u00edn f\u00e1i ekki \u00fear af sn\u00f6ru.<a name=\"26\"><span class=\"versanumer\">26<\/span><\/a>Vertu ekki me\u00f0al \u00feeirra sem handsala, me\u00f0al \u00feeirra sem ganga \u00ed borgun fyrir skuldir.<a name=\"27\"><span class=\"versanumer\">27<\/span><\/a>Hafir \u00fe\u00fa ekkert a\u00f0 betala me\u00f0, hvar fyrir skyldir \u00fe\u00fa l\u00e1ta \u00fe\u00e1 taka \u00fe\u00edna s\u00e6ng undan \u00fe\u00e9r.<a name=\"28\"><span class=\"versanumer\">28<\/span><\/a>F\u00e6r \u00fe\u00fa ekki \u00far sta\u00f0 hin fornu landamerki sem \u00fe\u00ednir fe\u00f0ur hafa sett.<a name=\"29\"><span class=\"versanumer\">29<\/span><\/a>Sj\u00e1ir \u00fe\u00fa mann sem er duglegur \u00ed s\u00ednum verkum, hann mun \u00fej\u00f3na konungnum, og ekki \u00feeim sem eru \u00f3tignir.<\/p>\n<div class=\"footnoteVidey\"><\/div>\n","protected":false},"excerpt":{"rendered":"<p>Samslags sannm\u00e6li. 1Gott mannor\u00f0 skal heldur kj\u00f3sa en mikinn au\u00f0; vins\u00e6ld er betri en silfur og gull.2R\u00edkur og f\u00e1t\u00e6kur hittast, Drottinn skapa\u00f0i b\u00e1\u00f0a.3S\u00e1 hyggni s\u00e9r \u00f3g\u00e6funa og felur sig, en s\u00e1 einfaldi heldur \u00e1fram, og f\u00e6r \u00e1 \u00fev\u00ed a\u00f0 kenna.4Au\u00f0m\u00fdktarinnar \u00e1vextir, Drottins \u00f3tta, eru au\u00f0ur og hei\u00f0ur og l\u00edfi\u00f0.5\u00deyrnar, sn\u00f6rur eru \u00e1 vegi hins falska, s\u00e1 sem vill var\u00f0veita sitt l\u00edf, komi \u00fear ekki n\u00e6rri.6Kenn \u00feeim unga \u00feann veg sem hann \u00e1 a\u00f0 ganga, og \u00feegar hann eldist mun hann ei v\u00edkja \u00fear fr\u00e1.7S\u00e1 r\u00edki drottnar yfir hinum f\u00e1t\u00e6ka, og s\u00e1 sem tekur l\u00e1n, er \u00fer\u00e6ll \u00feess sem l\u00e1nar.8S\u00e1 sem <a href=\"https:\/\/biblian.is\/videy\/ordskvidirnir-22-kafli\/\"> [&#8230;]<\/a><\/p>\n","protected":false},"author":1,"featured_media":0,"parent":0,"menu_order":0,"comment_status":"open","ping_status":"open","template":"bibliukaflar.php","meta":{"footnotes":""},"class_list":["post-21499","page","type-page","status-publish","hentry"],"_links":{"self":[{"href":"https:\/\/biblian.is\/videy\/wp-json\/wp\/v2\/pages\/21499","targetHints":{"allow":["GET"]}}],"collection":[{"href":"https:\/\/biblian.is\/videy\/wp-json\/wp\/v2\/pages"}],"about":[{"href":"https:\/\/biblian.is\/videy\/wp-json\/wp\/v2\/types\/page"}],"author":[{"embeddable":true,"href":"https:\/\/biblian.is\/videy\/wp-json\/wp\/v2\/users\/1"}],"replies":[{"embeddable":true,"href":"https:\/\/biblian.is\/videy\/wp-json\/wp\/v2\/comments?post=21499"}],"version-history":[{"count":0,"href":"https:\/\/biblian.is\/videy\/wp-json\/wp\/v2\/pages\/21499\/revisions"}],"wp:attachment":[{"href":"https:\/\/biblian.is\/videy\/wp-json\/wp\/v2\/media?parent=21499"}],"curies":[{"name":"wp","href":"https:\/\/api.w.org\/{rel}","templated":true}]}}