{"id":21498,"date":"2018-01-02T01:02:20","date_gmt":"2018-01-02T01:02:20","guid":{"rendered":"http:\/\/biblian.is\/videy\/ordskvidirnir-21-kafli\/"},"modified":"2018-01-02T01:02:20","modified_gmt":"2018-01-02T01:02:20","slug":"ordskvidirnir-21-kafli","status":"publish","type":"page","link":"https:\/\/biblian.is\/videy\/ordskvidirnir-21-kafli\/","title":{"rendered":"Or\u00f0skvi\u00f0irnir 21. kafli"},"content":{"rendered":"<div class=\"fyrirsognVidey\">Sundurlaus sannm\u00e6li.<\/div>\n<p><a name=\"1\"><span class=\"versanumer\">1<\/span><\/a>Hjarta k\u00f3ngsins er \u00ed Drottins hendi eins og vatnsl\u00e6kir; hann beygir \u00fea\u00f0 til hv\u00f6rs sem hann vill.<a name=\"2\"><span class=\"versanumer\">2<\/span><\/a>Hv\u00f6rjum manni \u00feykja s\u00ednir eigin vegir r\u00e9ttir, en Drottinn vegur hj\u00f6rtun,<a name=\"3\"><span class=\"versanumer\">3<\/span><\/a>r\u00e9ttv\u00edsi og r\u00e9ttindi er Drottni \u00fe\u00f3knanlegra en f\u00f3rn.<a name=\"4\"><span class=\"versanumer\">4<\/span><\/a>Augnanna \u00fe\u00f3tti, og hjartans dramb, og \u00f3gu\u00f0legra skri\u00f0lj\u00f3s, er synd,<a name=\"5\"><span class=\"versanumer\">5<\/span><\/a>hugsunarsemi hins kostg\u00e6fna lei\u00f0ir til n\u00e6gta, en hv\u00f6r sem hleypur <span class='VideyAth'>(hann hleypur)<\/span> sannarlega til tj\u00f3ns,<a name=\"6\"><span class=\"versanumer\">6<\/span><\/a>f\u00e9sj\u00f3\u00f0ur \u00fatvega\u00f0ur me\u00f0 falskri tungu, er hverfandi h\u00e9g\u00f3mi hj\u00e1 \u00feeim, sem leita dau\u00f0ans.<a name=\"7\"><span class=\"versanumer\">7<\/span><\/a>\u00d3gu\u00f0legra ofbeldi hr\u00edfur \u00fe\u00e1 burt, \u00fev\u00ed \u00feeir f\u00e6rast undan a\u00f0 gj\u00f6ra r\u00e9tt.<a name=\"8\"><span class=\"versanumer\">8<\/span><\/a>Mj\u00f6g boginn er \u00feess manns vegur sem hla\u00f0inn er synd, en verk hins hreina eru bein \u00e1fram.<a name=\"9\"><span class=\"versanumer\">9<\/span><\/a>\u00dea\u00f0 er betra a\u00f0 b\u00faa \u00ed horni \u00e1 \u00feakinu, en \u00ed f\u00e9lagskap vi\u00f0 hj\u00fa me\u00f0 k\u00edfsamri konu.<a name=\"10\"><span class=\"versanumer\">10<\/span><\/a>S\u00e1l hins \u00f3gu\u00f0lega hefir lyst til ills, jafnvel vinurinn finnur ekki n\u00e1\u00f0 fyrir hans augum.<a name=\"11\"><span class=\"versanumer\">11<\/span><\/a>Straffi menn spottarann, \u00fe\u00e1 ver\u00f0ur hinn einfaldi hygginn; og \u00feegar menn uppfr\u00e6\u00f0a hinn vitra, \u00fe\u00e1 eykst honum \u00feekking.<a name=\"12\"><span class=\"versanumer\">12<\/span><\/a>S\u00e1 r\u00e9ttl\u00e1ti g\u00e1ir a\u00f0 h\u00fasi hins \u00f3gu\u00f0lega, \u00fe\u00e1 hann <span class='VideyAth'>(Gu\u00f0)<\/span> steypir \u00feeim \u00f3gu\u00f0legu \u00ed \u00f3lukku.<a name=\"13\"><span class=\"versanumer\">13<\/span><\/a>Hv\u00f6r sem afturbyrgir s\u00edn eyru fyrir hr\u00f3pi hins l\u00edtilm\u00f3tlega, s\u00e1 mun hr\u00f3pa og ei ver\u00f0a b\u00e6nheyr\u00f0ur.<a name=\"14\"><span class=\"versanumer\">14<\/span><\/a>G\u00e1fa \u00ed leyni heftir rei\u00f0i, og skenkur \u00ed skaut lag\u00f0ur \u00e1kaflega grimmd.<a name=\"15\"><span class=\"versanumer\">15<\/span><\/a>\u00dea\u00f0 er \u00feeim r\u00e9ttl\u00e1ta gle\u00f0i a\u00f0 gj\u00f6ra r\u00e9tt, en skelfing illvirkjanum.<a name=\"16\"><span class=\"versanumer\">16<\/span><\/a>S\u00e1 ma\u00f0ur sem villist fr\u00e1 skynseminnar vegi, mun hv\u00edlast \u00ed dau\u00f0ra manna s\u00f6fnu\u00f0i.<a name=\"17\"><span class=\"versanumer\">17<\/span><\/a>S\u00e1 sem elskar gle\u00f0i, mun l\u00ed\u00f0a skort; hv\u00f6r sem elskar s\u00e6lg\u00e6ti, <span class='VideyAth'>(v\u00edn og vi\u00f0smj\u00f6r)<\/span> ver\u00f0ur ekki r\u00edkur.<a name=\"18\"><span class=\"versanumer\">18<\/span><\/a>S\u00e1 \u00f3gu\u00f0legi ver\u00f0ur lausnargjald fyrir hinn r\u00e9ttl\u00e1ta og s\u00e1 lymski kemur fyrir hinn hreinskilna.<a name=\"19\"><span class=\"versanumer\">19<\/span><\/a>\u00dea\u00f0 er betra a\u00f0 b\u00faa \u00e1 ey\u00f0im\u00f6rku en me\u00f0 k\u00edfsamri og lei\u00f0igjarnri konu.<a name=\"20\"><span class=\"versanumer\">20<\/span><\/a>\u00cd b\u00fast\u00f6\u00f0um hins v\u00edsa finnst d\u00fdrm\u00e6tur fj\u00e1rsj\u00f3\u00f0ur og vi\u00f0smj\u00f6r; en d\u00e1rinn uppsvelgir \u00fea\u00f0.<a name=\"21\"><span class=\"versanumer\">21<\/span><\/a>Hv\u00f6r sem s\u00e6kist eftir r\u00e9ttv\u00edsi og miskunn, mun finna l\u00edfi\u00f0, r\u00e9ttl\u00e6ti og hei\u00f0ur.<a name=\"22\"><span class=\"versanumer\">22<\/span><\/a>S\u00e1 v\u00edsi vinnur borg hinna voldugu, og fellir \u00fea\u00f0 v\u00edgi, sem gj\u00f6r\u00f0i \u00fe\u00e1 ugglausa.<a name=\"23\"><span class=\"versanumer\">23<\/span><\/a>Hv\u00f6r sem var\u00f0veitir sinn munn og s\u00edna tungu, s\u00e1 var\u00f0veitir s\u00edna s\u00e1l fyrir margri angist.<a name=\"24\"><span class=\"versanumer\">24<\/span><\/a>S\u00e1 stolti og drambl\u00e1ti, hans nafn er spottari, hann breytir \u00fe\u00f3ttalega og falslega.<a name=\"25\"><span class=\"versanumer\">25<\/span><\/a>L\u00f6ngun hins lata dey\u00f0ir hann, \u00fev\u00ed hans hendur teljast undan a\u00f0 erfi\u00f0a.<a name=\"26\"><span class=\"versanumer\">26<\/span><\/a>S\u00e1 \u00e1gjarni girnist allt, en s\u00e1 gjafmildi gefur og sparar ekki.<a name=\"27\"><span class=\"versanumer\">27<\/span><\/a>F\u00f3rn hinna \u00f3gu\u00f0legu er vi\u00f0urstygg\u00f0, hv\u00f6rsu miklu framar s\u00e9 h\u00fan framborin syndsamlega <span class='VideyAth'>(\u00ed vondum tilgangi)<\/span>.<a name=\"28\"><span class=\"versanumer\">28<\/span><\/a>Lj\u00fagvotturinn mun tort\u00ednast, en s\u00e1 ma\u00f0ur sem gefur gaum <span class='VideyAth'>(sannleika)<\/span>, m\u00e1 alltaf tala.<a name=\"29\"><span class=\"versanumer\">29<\/span><\/a>S\u00e1 falski lagar sitt andlit, en s\u00e1 hreinskilni stefnir s\u00edna lei\u00f0.<a name=\"30\"><span class=\"versanumer\">30<\/span><\/a>Ekki dugir viska, ei heldur frams\u00fdni n\u00e9 r\u00e1\u00f0, \u00e1 m\u00f3ti Drottni.<a name=\"31\"><span class=\"versanumer\">31<\/span><\/a>Hestinn undirb\u00faa menn til orrustudagsins; en sigurinn er hj\u00e1 Drottni.<\/p>\n<div class=\"footnoteVidey\"><\/div>\n","protected":false},"excerpt":{"rendered":"<p>Sundurlaus sannm\u00e6li. 1Hjarta k\u00f3ngsins er \u00ed Drottins hendi eins og vatnsl\u00e6kir; hann beygir \u00fea\u00f0 til hv\u00f6rs sem hann vill.2Hv\u00f6rjum manni \u00feykja s\u00ednir eigin vegir r\u00e9ttir, en Drottinn vegur hj\u00f6rtun,3r\u00e9ttv\u00edsi og r\u00e9ttindi er Drottni \u00fe\u00f3knanlegra en f\u00f3rn.4Augnanna \u00fe\u00f3tti, og hjartans dramb, og \u00f3gu\u00f0legra skri\u00f0lj\u00f3s, er synd,5hugsunarsemi hins kostg\u00e6fna lei\u00f0ir til n\u00e6gta, en hv\u00f6r sem hleypur (hann hleypur) sannarlega til tj\u00f3ns,6f\u00e9sj\u00f3\u00f0ur \u00fatvega\u00f0ur me\u00f0 falskri tungu, er hverfandi h\u00e9g\u00f3mi hj\u00e1 \u00feeim, sem leita dau\u00f0ans.7\u00d3gu\u00f0legra ofbeldi hr\u00edfur \u00fe\u00e1 burt, \u00fev\u00ed \u00feeir f\u00e6rast undan a\u00f0 gj\u00f6ra r\u00e9tt.8Mj\u00f6g boginn er \u00feess manns vegur sem hla\u00f0inn er synd, en verk hins hreina eru bein \u00e1fram.9\u00dea\u00f0 er betra <a href=\"https:\/\/biblian.is\/videy\/ordskvidirnir-21-kafli\/\"> [&#8230;]<\/a><\/p>\n","protected":false},"author":1,"featured_media":0,"parent":0,"menu_order":0,"comment_status":"open","ping_status":"open","template":"bibliukaflar.php","meta":{"footnotes":""},"class_list":["post-21498","page","type-page","status-publish","hentry"],"_links":{"self":[{"href":"https:\/\/biblian.is\/videy\/wp-json\/wp\/v2\/pages\/21498","targetHints":{"allow":["GET"]}}],"collection":[{"href":"https:\/\/biblian.is\/videy\/wp-json\/wp\/v2\/pages"}],"about":[{"href":"https:\/\/biblian.is\/videy\/wp-json\/wp\/v2\/types\/page"}],"author":[{"embeddable":true,"href":"https:\/\/biblian.is\/videy\/wp-json\/wp\/v2\/users\/1"}],"replies":[{"embeddable":true,"href":"https:\/\/biblian.is\/videy\/wp-json\/wp\/v2\/comments?post=21498"}],"version-history":[{"count":0,"href":"https:\/\/biblian.is\/videy\/wp-json\/wp\/v2\/pages\/21498\/revisions"}],"wp:attachment":[{"href":"https:\/\/biblian.is\/videy\/wp-json\/wp\/v2\/media?parent=21498"}],"curies":[{"name":"wp","href":"https:\/\/api.w.org\/{rel}","templated":true}]}}