{"id":21497,"date":"2018-01-02T01:02:20","date_gmt":"2018-01-02T01:02:20","guid":{"rendered":"http:\/\/biblian.is\/videy\/ordskvidirnir-20-kafli\/"},"modified":"2018-01-02T01:02:20","modified_gmt":"2018-01-02T01:02:20","slug":"ordskvidirnir-20-kafli","status":"publish","type":"page","link":"https:\/\/biblian.is\/videy\/ordskvidirnir-20-kafli\/","title":{"rendered":"Or\u00f0skvi\u00f0irnir 20. kafli"},"content":{"rendered":"<div class=\"fyrirsognVidey\">Sundurlausar greinir.<\/div>\n<p><a name=\"1\"><span class=\"versanumer\">1<\/span><\/a>V\u00edni\u00f0 er spottari, sterkur drykkur glamrari; hv\u00f6r s\u00e1 sem h\u00e9r af t\u00e6list, er ekki hygginn.<a name=\"2\"><span class=\"versanumer\">2<\/span><\/a>K\u00f3ngsins \u00f3tti er svo sem grenjan lj\u00f3nsins, hv\u00f6r sem hann egnir til, syndgar \u00e1 m\u00f3ti s\u00ednu l\u00edfi.<a name=\"3\"><span class=\"versanumer\">3<\/span><\/a>\u00dea\u00f0 er manns \u00e6ra a\u00f0 halda s\u00e9r fr\u00e1 \u00fer\u00e6tu, en hv\u00f6r einn d\u00e1ri hleypur \u00e1 sig.<a name=\"4\"><span class=\"versanumer\">4<\/span><\/a>Af \u00fev\u00ed vetur er, vill s\u00e1 lati ekki pl\u00e6gja; hann mun leita <span class='VideyAth'>(sn\u00edkja)<\/span> \u00feegar uppskeran er, en ekkert f\u00e1.<a name=\"5\"><span class=\"versanumer\">5<\/span><\/a>R\u00e1\u00f0 mannsins hjarta er sem \u00ed dj\u00fapu vatni <span class='VideyAth'>(v\u00e6ri)<\/span>, en vitur ma\u00f0ur fiskar \u00fea\u00f0 upp.<a name=\"6\"><span class=\"versanumer\">6<\/span><\/a>Margir menn gj\u00f6ra miki\u00f0, hv\u00f6r af sinni g\u00f3\u00f0semi, en einn mann r\u00e9tt tr\u00fafastan, hv\u00f6r finnur hann?<a name=\"7\"><span class=\"versanumer\">7<\/span><\/a>\u00cd sinni r\u00e1\u00f0vendni gengur s\u00e1 r\u00e9ttl\u00e1ti \u00e1fram. S\u00e6l eru hans b\u00f6rn eftir hann.<a name=\"8\"><span class=\"versanumer\">8<\/span><\/a>\u00deegar k\u00f3ngurinn situr \u00e1 d\u00f3mst\u00f3lnum, tv\u00edstrar hann \u00f6llu illu me\u00f0 s\u00ednum augum.<a name=\"9\"><span class=\"versanumer\">9<\/span><\/a>Hv\u00f6r getur sagt: eg hefi hreinsa\u00f0 mitt hjarta, eg er hreinn af synd.<a name=\"10\"><span class=\"versanumer\">10<\/span><\/a>Breytileg vigt og m\u00e6lir, er hv\u00f6rttveggja Drottni andstygg\u00f0.<a name=\"11\"><span class=\"versanumer\">11<\/span><\/a>Ungmenni\u00f0 m\u00e1 \u00feegar \u00feekkja af \u00feess verkum <span class='VideyAth'>(\u00ed\u00fer\u00f3ttum)<\/span>, hv\u00f6rt \u00fea\u00f0 muni ver\u00f0a hreint, og \u00feess athafnir r\u00e9ttar.<a name=\"12\"><span class=\"versanumer\">12<\/span><\/a>Eyra\u00f0 sem heyrir og auga\u00f0 sem s\u00e9r, hv\u00f6rutveggja hefir Drottinn gj\u00f6rt.<a name=\"13\"><span class=\"versanumer\">13<\/span><\/a>Elska \u00fe\u00fa ekki svefninn, svo \u00fe\u00fa ver\u00f0ir ekki f\u00e1t\u00e6kur; haf \u00fe\u00fa \u00fe\u00edn augu opin, svo skaltu se\u00f0jast af brau\u00f0i.<a name=\"14\"><span class=\"versanumer\">14<\/span><\/a>\u00dea\u00f0 er sl\u00e6mt! \u00fea\u00f0 er sl\u00e6mt! segir kaupandinn, en \u00fe\u00e1 hann gengur burt, hr\u00f3sar hann \u00fev\u00ed sama;<a name=\"15\"><span class=\"versanumer\">15<\/span><\/a>N\u00f3g er til af perlum og gulli, en d\u00fdrari verkf\u00e6ri eru vitrar varir.<a name=\"16\"><span class=\"versanumer\">16<\/span><\/a>Tak \u00fe\u00fa hans f\u00f6t, \u00fev\u00ed hann hefir gengi\u00f0 \u00ed borgun fyrir annan mann, og taktu af honum pant sakir \u00feess \u00f3\u00feekkta.<a name=\"17\"><span class=\"versanumer\">17<\/span><\/a>Vel smakkast m\u00f6rgum falsbrau\u00f0, en eftir\u00e1 fyllist munnurinn af aur,<a name=\"18\"><span class=\"versanumer\">18<\/span><\/a>r\u00e1\u00f0agj\u00f6r\u00f0ir teknar me\u00f0 umhugsan, gilda, heyja \u00fe\u00fa \u00fev\u00ed \u00f6rl\u00f6g me\u00f0 r\u00e1\u00f0deild.<a name=\"19\"><span class=\"versanumer\">19<\/span><\/a>S\u00e1 sem upplj\u00f3star leyndarm\u00e1lum, er sem baktalari; haf \u00fe\u00fa engin m\u00f6k vi\u00f0 \u00feann sem sv\u00edkur me\u00f0 s\u00ednum v\u00f6rum.<a name=\"20\"><span class=\"versanumer\">20<\/span><\/a>Hv\u00f6r sem form\u00e6lir f\u00f6\u00f0ur s\u00ednum e\u00f0a m\u00f3\u00f0ur, \u00feess skri\u00f0lj\u00f3s slokknar \u00ed ni\u00f0amyrkri.<a name=\"21\"><span class=\"versanumer\">21<\/span><\/a>S\u00e1 arfur sem ma\u00f0ur \u00ed upphafi f\u00edkist eftir, mun ekki blessast \u00e1 endanum.<a name=\"22\"><span class=\"versanumer\">22<\/span><\/a>Seig \u00fe\u00fa ekki: eg vil endurgjalda illt! b\u00ed\u00f0 \u00fe\u00fa Drottins og hann mun hj\u00e1lpa \u00fe\u00e9r.<a name=\"23\"><span class=\"versanumer\">23<\/span><\/a>Misj\u00f6fn vigt er vi\u00f0urstygg\u00f0 fyrir Drottni; og sviknar metask\u00e1lir eru ekki g\u00f3\u00f0ar.<a name=\"24\"><span class=\"versanumer\">24<\/span><\/a>Fr\u00e1 Drottni koma mannsins spor, hv\u00f6rnig getur hann skynja\u00f0 sinn veg?<a name=\"25\"><span class=\"versanumer\">25<\/span><\/a>\u00dea\u00f0 er manninum snara a\u00f0 hlaupa \u00e1 sig me\u00f0 \u00fea\u00f0 heilaga; og s\u00ed\u00f0an a\u00f0 rannsaka \u00fea\u00f0 eftir a\u00f0 heiti\u00f0 er gj\u00f6rt.<a name=\"26\"><span class=\"versanumer\">26<\/span><\/a>Hygginn k\u00f3ngur tv\u00edstrar \u00feeim \u00f3gu\u00f0legu, og l\u00e6tur hj\u00f3li\u00f0 yfir \u00fe\u00e1 ganga.<a name=\"27\"><span class=\"versanumer\">27<\/span><\/a>Mannsins andi er lj\u00f3s Drottins, sem rannsakar alla afkima \u00ed hans hjarta.<a name=\"28\"><span class=\"versanumer\">28<\/span><\/a>Miskunnsemi og tr\u00fafesti var\u00f0veita konunginn; og hann sty\u00f0ur sitt h\u00e1s\u00e6ti me\u00f0 k\u00e6rleikanum.<a name=\"29\"><span class=\"versanumer\">29<\/span><\/a>Kraftar hinna ungu er \u00feeirra pr\u00fd\u00f0i, og h\u00e6rur eru hei\u00f0ur hinna g\u00f6mlu.<a name=\"30\"><span class=\"versanumer\">30<\/span><\/a>B\u00f3lga og s\u00e1r eru hreinsun hins vonda, og h\u00f6gg sem ganga n\u00e6st hans l\u00edfi.<\/p>\n<div class=\"footnoteVidey\"><\/div>\n","protected":false},"excerpt":{"rendered":"<p>Sundurlausar greinir. 1V\u00edni\u00f0 er spottari, sterkur drykkur glamrari; hv\u00f6r s\u00e1 sem h\u00e9r af t\u00e6list, er ekki hygginn.2K\u00f3ngsins \u00f3tti er svo sem grenjan lj\u00f3nsins, hv\u00f6r sem hann egnir til, syndgar \u00e1 m\u00f3ti s\u00ednu l\u00edfi.3\u00dea\u00f0 er manns \u00e6ra a\u00f0 halda s\u00e9r fr\u00e1 \u00fer\u00e6tu, en hv\u00f6r einn d\u00e1ri hleypur \u00e1 sig.4Af \u00fev\u00ed vetur er, vill s\u00e1 lati ekki pl\u00e6gja; hann mun leita (sn\u00edkja) \u00feegar uppskeran er, en ekkert f\u00e1.5R\u00e1\u00f0 mannsins hjarta er sem \u00ed dj\u00fapu vatni (v\u00e6ri), en vitur ma\u00f0ur fiskar \u00fea\u00f0 upp.6Margir menn gj\u00f6ra miki\u00f0, hv\u00f6r af sinni g\u00f3\u00f0semi, en einn mann r\u00e9tt tr\u00fafastan, hv\u00f6r finnur hann?7\u00cd sinni r\u00e1\u00f0vendni gengur s\u00e1 r\u00e9ttl\u00e1ti <a href=\"https:\/\/biblian.is\/videy\/ordskvidirnir-20-kafli\/\"> [&#8230;]<\/a><\/p>\n","protected":false},"author":1,"featured_media":0,"parent":0,"menu_order":0,"comment_status":"open","ping_status":"open","template":"bibliukaflar.php","meta":{"footnotes":""},"class_list":["post-21497","page","type-page","status-publish","hentry"],"_links":{"self":[{"href":"https:\/\/biblian.is\/videy\/wp-json\/wp\/v2\/pages\/21497","targetHints":{"allow":["GET"]}}],"collection":[{"href":"https:\/\/biblian.is\/videy\/wp-json\/wp\/v2\/pages"}],"about":[{"href":"https:\/\/biblian.is\/videy\/wp-json\/wp\/v2\/types\/page"}],"author":[{"embeddable":true,"href":"https:\/\/biblian.is\/videy\/wp-json\/wp\/v2\/users\/1"}],"replies":[{"embeddable":true,"href":"https:\/\/biblian.is\/videy\/wp-json\/wp\/v2\/comments?post=21497"}],"version-history":[{"count":0,"href":"https:\/\/biblian.is\/videy\/wp-json\/wp\/v2\/pages\/21497\/revisions"}],"wp:attachment":[{"href":"https:\/\/biblian.is\/videy\/wp-json\/wp\/v2\/media?parent=21497"}],"curies":[{"name":"wp","href":"https:\/\/api.w.org\/{rel}","templated":true}]}}