{"id":21496,"date":"2018-01-02T01:02:20","date_gmt":"2018-01-02T01:02:20","guid":{"rendered":"http:\/\/biblian.is\/videy\/ordskvidirnir-19-kafli\/"},"modified":"2018-01-02T01:02:20","modified_gmt":"2018-01-02T01:02:20","slug":"ordskvidirnir-19-kafli","status":"publish","type":"page","link":"https:\/\/biblian.is\/videy\/ordskvidirnir-19-kafli\/","title":{"rendered":"Or\u00f0skvi\u00f0irnir 19. kafli"},"content":{"rendered":"<div class=\"fyrirsognVidey\">Enn n\u00fa sundurlaus sannm\u00e6li.<\/div>\n<p><a name=\"1\"><span class=\"versanumer\">1<\/span><\/a>Betri er s\u00e1 f\u00e1t\u00e6klingur sem gengur \u00ed sinni hreinskilni, heldur en s\u00e1 ma\u00f0ur sem vondar varir hefir, og er f\u00e1v\u00eds <span class='VideyAth'>*)<\/span>.<a name=\"2\"><span class=\"versanumer\">2<\/span><\/a>J\u00e1, gr\u00e6\u00f0gi \u00e1n \u00feekkingar er ekki g\u00f3\u00f0, s\u00e1 sem flanar \u00e1fram, rekur \u00ed \u00e1 s\u00e9r t\u00e6rnar.<a name=\"3\"><span class=\"versanumer\">3<\/span><\/a>Mannsins heimska gj\u00f6rir hans veg \u00f3grei\u00f0an, en hans hjarta illskast vi\u00f0 Drottin.<a name=\"4\"><span class=\"versanumer\">4<\/span><\/a>Au\u00f0ur \u00fatvegar marga vini, en s\u00e1 f\u00e1t\u00e6ki ver\u00f0ur af s\u00ednum vini yfirgefinn.<a name=\"5\"><span class=\"versanumer\">5<\/span><\/a>Falsvitni ver\u00f0ur ekki \u00f3straffa\u00f0, og s\u00e1 sem \u00fatsp\u00fdr lygi, sleppur ekki undan <span class='VideyAth'>(straffi)<\/span>.<a name=\"6\"><span class=\"versanumer\">6<\/span><\/a>Margir smja\u00f0ra fyrir augliti hins g\u00f6fuga <span class='VideyAth'>(\u00f6rl\u00e1ta)<\/span>; og hv\u00f6r einn er vinur hins gjafmilda.<a name=\"7\"><span class=\"versanumer\">7<\/span><\/a>Allir br\u00e6\u00f0ur hins f\u00e1t\u00e6ka hata hann; hv\u00f6rsu miklu framar firrast hann vinir hans! hann eltir or\u00f0in, en \u00feeir eru \u00fear ekki.<a name=\"8\"><span class=\"versanumer\">8<\/span><\/a>S\u00e1 sem \u00fatvegar s\u00e9r hyggindi, elskar sitt l\u00edf, s\u00e1 sem var\u00f0veitir skynsemi, finnur hi\u00f0 g\u00f3\u00f0a.<a name=\"9\"><span class=\"versanumer\">9<\/span><\/a>Falsvitni ver\u00f0ur ei \u00f3straffa\u00f0, og s\u00e1 sem \u00fatsp\u00fdr lygi tort\u00ednist.<a name=\"10\"><span class=\"versanumer\">10<\/span><\/a>\u00dea\u00f0 h\u00e6fir ei \u00feeim heimska a\u00f0 eiga g\u00f3\u00f0a daga, miklu s\u00ed\u00f0ur \u00fer\u00e6li a\u00f0 drottna yfir furstum.<a name=\"11\"><span class=\"versanumer\">11<\/span><\/a>\u00dea\u00f0 er mannsins hyggni, a\u00f0 hafa langlundarge\u00f0; og hans hei\u00f0ur, a\u00f0 sj\u00e1 ekki m\u00f3tgj\u00f6r\u00f0ir.<a name=\"12\"><span class=\"versanumer\">12<\/span><\/a>K\u00f3ngsins rei\u00f0i er eins og \u00f6skur lj\u00f3nsins; en hans hylli er eins og d\u00f6gg \u00e1 grasi.<a name=\"13\"><span class=\"versanumer\">13<\/span><\/a>F\u00e1v\u00eds sonur er s\u00edns f\u00f6\u00f0urs \u00f3lukka, og n\u00f6ldrandi kona, i\u00f0uglegur leki ni\u00f0ur af \u00feaki.<a name=\"14\"><span class=\"versanumer\">14<\/span><\/a>H\u00fas og au\u00f0ur erfist eftir foreldra, en fr\u00e1 Drottni kemur skyns\u00f6m kona.<a name=\"15\"><span class=\"versanumer\">15<\/span><\/a>Letin sv\u00e6fir, og i\u00f0julaus s\u00e1l mun hungur \u00feola.<a name=\"16\"><span class=\"versanumer\">16<\/span><\/a>S\u00e1 sem var\u00f0veitir bo\u00f0or\u00f0i\u00f0, var\u00f0veitir sitt l\u00edf, en hv\u00f6r sem ekki g\u00e1ir a\u00f0 s\u00ednum vegi, er dau\u00f0ans matur.<a name=\"17\"><span class=\"versanumer\">17<\/span><\/a>Hv\u00f6r sem miskunnar sig yfir f\u00e1t\u00e6kan, s\u00e1 l\u00e1nar Drottni, og hann mun betala honum hans velgj\u00f6rning.<a name=\"18\"><span class=\"versanumer\">18<\/span><\/a>Aga \u00fe\u00fa son \u00feinn me\u00f0an enn n\u00fa er von; \u00fe\u00edn s\u00e1l dirfist samt ekki a\u00f0 s\u00e1lga honum.<a name=\"19\"><span class=\"versanumer\">19<\/span><\/a>S\u00e1 sem er frekur \u00ed br\u00e6\u00f0i, mun l\u00ed\u00f0a straff, ef a\u00f0 \u00fe\u00fa hj\u00e1lpar honum, svo m\u00e1ttu hj\u00e1lpa honum aftur og aftur.<a name=\"20\"><span class=\"versanumer\">20<\/span><\/a>Gegn \u00fe\u00fa r\u00e1\u00f0um og \u00feigg umv\u00f6ndun, a\u00f0 \u00fe\u00fa getir or\u00f0i\u00f0 a\u00f0 s\u00ed\u00f0ustu hygginn.<a name=\"21\"><span class=\"versanumer\">21<\/span><\/a>Margar r\u00e1\u00f0agj\u00f6r\u00f0ir eru \u00ed mannsins hjarta, en r\u00e1\u00f0 Drottins stendur st\u00f6\u00f0ugt.<a name=\"22\"><span class=\"versanumer\">22<\/span><\/a>\u00dea\u00f0 gj\u00f6rir manninn vins\u00e6lan a\u00f0 hann er miskunnsamur, og s\u00e1 f\u00e1t\u00e6ki er s\u00e6lli en <span class='VideyAth'>a)<\/span> lygarinn. <br \/><a name=\"23\"><span class=\"versanumer\">23<\/span><\/a>\u00d3tti Drottins lei\u00f0ir til l\u00edfsins, s\u00e1 <span class='VideyAth'>(sem \u00f3ttast Drottin)<\/span> hv\u00edlir mettur, og ver\u00f0ur ei heims\u00f3ttur af \u00f3lukku.<a name=\"24\"><span class=\"versanumer\">24<\/span><\/a>S\u00e1 lati r\u00e9ttir s\u00edna h\u00f6nd \u00ed fati\u00f0, en nennir ekki a\u00f0 bera hana upp a\u00f0 munni s\u00ednum aftur.<a name=\"25\"><span class=\"versanumer\">25<\/span><\/a>Sl\u00e1ir \u00fe\u00fa hinn h\u00e1\u00f0gjarna, ver\u00f0ur s\u00e1 einfaldi hygginn; a\u00f0 umvanda vi\u00f0 hinn frams\u00fdna, \u00fea\u00f0 lei\u00f0ir hann til \u00feekkingar.<a name=\"26\"><span class=\"versanumer\">26<\/span><\/a>S\u00e1 sem beitir ofbeldi vi\u00f0 f\u00f6\u00f0ur sinn og sl\u00e6r m\u00f3\u00f0ur s\u00edna, er sl\u00e6mur og sv\u00edvir\u00f0ilegur sonur.<a name=\"27\"><span class=\"versanumer\">27<\/span><\/a>L\u00e1t af, minn son! a\u00f0 hl\u00fd\u00f0a \u00e1 \u00fe\u00e1 uppfr\u00e6\u00f0ingu sem lei\u00f0ir \u00feig \u00e1 villuveg fr\u00e1 skyns\u00f6mu tali.<a name=\"28\"><span class=\"versanumer\">28<\/span><\/a>Vonskufullt vitni spottar r\u00e9ttinn, og munnur \u00f3gu\u00f0legra svelgir rangindi.<a name=\"29\"><span class=\"versanumer\">29<\/span><\/a>H\u00e1\u00f0gj\u00f6rnum manni eru hefndir rei\u00f0ub\u00fanar og heimskingjanna baki h\u00f6gg.<\/p>\n<div class=\"footnoteVidey\">V. 1. *) A\u00f0r: \u00fe\u00f3tt hann s\u00e9 r\u00edkur.  V. 22. a. Sem segist ekki vera r\u00edkur, svo hans ver\u00f0i ekki leita\u00f0.<\/div>\n","protected":false},"excerpt":{"rendered":"<p>Enn n\u00fa sundurlaus sannm\u00e6li. 1Betri er s\u00e1 f\u00e1t\u00e6klingur sem gengur \u00ed sinni hreinskilni, heldur en s\u00e1 ma\u00f0ur sem vondar varir hefir, og er f\u00e1v\u00eds *).2J\u00e1, gr\u00e6\u00f0gi \u00e1n \u00feekkingar er ekki g\u00f3\u00f0, s\u00e1 sem flanar \u00e1fram, rekur \u00ed \u00e1 s\u00e9r t\u00e6rnar.3Mannsins heimska gj\u00f6rir hans veg \u00f3grei\u00f0an, en hans hjarta illskast vi\u00f0 Drottin.4Au\u00f0ur \u00fatvegar marga vini, en s\u00e1 f\u00e1t\u00e6ki ver\u00f0ur af s\u00ednum vini yfirgefinn.5Falsvitni ver\u00f0ur ekki \u00f3straffa\u00f0, og s\u00e1 sem \u00fatsp\u00fdr lygi, sleppur ekki undan (straffi).6Margir smja\u00f0ra fyrir augliti hins g\u00f6fuga (\u00f6rl\u00e1ta); og hv\u00f6r einn er vinur hins gjafmilda.7Allir br\u00e6\u00f0ur hins f\u00e1t\u00e6ka hata hann; hv\u00f6rsu miklu framar firrast hann vinir hans! hann <a href=\"https:\/\/biblian.is\/videy\/ordskvidirnir-19-kafli\/\"> [&#8230;]<\/a><\/p>\n","protected":false},"author":1,"featured_media":0,"parent":0,"menu_order":0,"comment_status":"open","ping_status":"open","template":"bibliukaflar.php","meta":{"footnotes":""},"class_list":["post-21496","page","type-page","status-publish","hentry"],"_links":{"self":[{"href":"https:\/\/biblian.is\/videy\/wp-json\/wp\/v2\/pages\/21496","targetHints":{"allow":["GET"]}}],"collection":[{"href":"https:\/\/biblian.is\/videy\/wp-json\/wp\/v2\/pages"}],"about":[{"href":"https:\/\/biblian.is\/videy\/wp-json\/wp\/v2\/types\/page"}],"author":[{"embeddable":true,"href":"https:\/\/biblian.is\/videy\/wp-json\/wp\/v2\/users\/1"}],"replies":[{"embeddable":true,"href":"https:\/\/biblian.is\/videy\/wp-json\/wp\/v2\/comments?post=21496"}],"version-history":[{"count":0,"href":"https:\/\/biblian.is\/videy\/wp-json\/wp\/v2\/pages\/21496\/revisions"}],"wp:attachment":[{"href":"https:\/\/biblian.is\/videy\/wp-json\/wp\/v2\/media?parent=21496"}],"curies":[{"name":"wp","href":"https:\/\/api.w.org\/{rel}","templated":true}]}}