{"id":21494,"date":"2018-01-02T01:02:20","date_gmt":"2018-01-02T01:02:20","guid":{"rendered":"http:\/\/biblian.is\/videy\/ordskvidirnir-17-kafli\/"},"modified":"2018-01-02T01:02:20","modified_gmt":"2018-01-02T01:02:20","slug":"ordskvidirnir-17-kafli","status":"publish","type":"page","link":"https:\/\/biblian.is\/videy\/ordskvidirnir-17-kafli\/","title":{"rendered":"Or\u00f0skvi\u00f0irnir 17. kafli"},"content":{"rendered":"<div class=\"fyrirsognVidey\">Sundurlaus sannm\u00e6li.<\/div>\n<p><a name=\"1\"><span class=\"versanumer\">1<\/span><\/a>Betri er \u00feurr munnbiti me\u00f0 r\u00f3, heldur en fullt h\u00fas af vistum me\u00f0 argi.<a name=\"2\"><span class=\"versanumer\">2<\/span><\/a>Hygginn \u00fer\u00e6ll drottnar yfir sl\u00e6mum syni, og skiptir erf\u00f0inni milli br\u00e6\u00f0ranna.<a name=\"3\"><span class=\"versanumer\">3<\/span><\/a>Deiglan er til a\u00f0 pr\u00f3fa silfri\u00f0, og br\u00e6\u00f0slu ofninn gulli\u00f0; en Drottinn er s\u00e1 sem pr\u00f3far hj\u00f6rtun.<a name=\"4\"><span class=\"versanumer\">4<\/span><\/a>S\u00e1 vondi gefur gaum a\u00f0 rangl\u00e1tum v\u00f6rum, og s\u00e1 lygni hlustar \u00e1 gu\u00f0laust tal.<a name=\"5\"><span class=\"versanumer\">5<\/span><\/a>Hv\u00f6r sem spottar f\u00e1t\u00e6kan, s\u00e1 lastar hans Skapara; hv\u00f6r sem gle\u00f0st af \u00f3lukku, skal ei ver\u00f0a \u00f3hegndur.<a name=\"6\"><span class=\"versanumer\">6<\/span><\/a>Barnab\u00f6rn eru k\u00f3r\u00f3na fyrir \u00fe\u00e1 g\u00f6mlu; og barnanna fe\u00f0ur eru \u00feeirra hei\u00f0ur.<a name=\"7\"><span class=\"versanumer\">7<\/span><\/a>Ekki h\u00e6fir heimskum manni ypparlegt tal; miklu mi\u00f0ur g\u00f6fugum manni a\u00f0 tala lygi.<a name=\"8\"><span class=\"versanumer\">8<\/span><\/a>G\u00e1fa er gimsteinn \u00ed \u00feess augum sem hana f\u00e6r, hv\u00f6rt sem h\u00fan sn\u00fdr s\u00e9r, gj\u00f6rir h\u00fan lukku.<a name=\"9\"><span class=\"versanumer\">9<\/span><\/a>Hv\u00f6r sem dylur yfirtro\u00f0slur, leitar vins\u00e6ldar; en s\u00e1 sem \u00fdfir s\u00f6kum, kemur til lei\u00f0ar sundur\u00feykkju milli vina.<a name=\"10\"><span class=\"versanumer\">10<\/span><\/a>A\u00f0findni f\u00e6r meir \u00e1 \u00feann hyggna, heldur enn hundra\u00f0 h\u00f6gg \u00e1 d\u00e1rann.<a name=\"11\"><span class=\"versanumer\">11<\/span><\/a>Uppreisn leitar vissulega \u00f3lukku. En grimmur engill mun m\u00f3ti henni sendur ver\u00f0a.<a name=\"12\"><span class=\"versanumer\">12<\/span><\/a>\u00dea\u00f0 er betra fyrir mann a\u00f0 m\u00e6ta birnu, sem r\u00e6nd er s\u00ednum h\u00fanum, heldur en d\u00e1ranum \u00ed hans fl\u00f3nsku.<a name=\"13\"><span class=\"versanumer\">13<\/span><\/a>Hv\u00f6r sem launar gott me\u00f0 illu, fr\u00e1 \u00feess manns h\u00fasi mun ekki hi\u00f0 illa v\u00edkja.<a name=\"14\"><span class=\"versanumer\">14<\/span><\/a>A\u00f0 byrja deilu, er sama sem a\u00f0 opna vatnsr\u00e1s; l\u00e1ttu \u00fev\u00ed undan \u00e1\u00f0ur en keppnin ver\u00f0ur \u00e1k\u00f6f.<a name=\"15\"><span class=\"versanumer\">15<\/span><\/a>Hv\u00f6r sem segir \u00feann \u00f3gu\u00f0lega saklausan, og hinn r\u00e9ttl\u00e1ta sekan; \u00feeir b\u00e1\u00f0ir eru Drottni andstygg\u00f0.<a name=\"16\"><span class=\"versanumer\">16<\/span><\/a>Hvar til skulu peningar \u00ed d\u00e1rans hendi? til a\u00f0 kaupa v\u00edsd\u00f3m? Hann hefir ekki vit til \u00feess.<a name=\"17\"><span class=\"versanumer\">17<\/span><\/a>Vinurinn elskar \u00e6t\u00ed\u00f0, en sem br\u00f3\u00f0ir f\u00e6\u00f0ist hann til li\u00f0s \u00ed nau\u00f0um.<a name=\"18\"><span class=\"versanumer\">18<\/span><\/a>\u00deann skortir vit sem strax lofar og gengur \u00ed borgun fyrir sinn n\u00e1unga. 18. Hv\u00f6r sem elskar yfirtro\u00f0slu, s\u00e1 elskar deilu. Hv\u00f6r sem gj\u00f6rir s\u00ednar dyr of h\u00e1ar, s\u00e6kist eftir hruni.<a name=\"20\"><span class=\"versanumer\">20<\/span><\/a>Vanartugt hjarta finnur ekkert gott, og s\u00e1 sem hefir rangsn\u00fana tungu, fellur \u00ed \u00f3g\u00e6fu.<a name=\"21\"><span class=\"versanumer\">21<\/span><\/a>S\u00e1 sem getur af s\u00e9r d\u00e1ra, getur hann s\u00e9r til sorgar, og fa\u00f0ir heimskingjans mun ei gle\u00f0jast.<a name=\"22\"><span class=\"versanumer\">22<\/span><\/a>Glatt hjarta gefur g\u00f3\u00f0a heilsu, en hryggur hugur skr\u00e6lir beinin.<a name=\"23\"><span class=\"versanumer\">23<\/span><\/a>S\u00e1 \u00f3gu\u00f0legi tekur <span class='VideyAth'>(vi\u00f0 g\u00e1fum leynilega)<\/span> til a\u00f0 beygja r\u00e9ttarins veg.<a name=\"24\"><span class=\"versanumer\">24<\/span><\/a>V\u00edsd\u00f3murinn er \u00feeim hyggna fyrir augum, en d\u00e1rans augu eru vi\u00f0 jar\u00f0arinnar enda.<a name=\"25\"><span class=\"versanumer\">25<\/span><\/a>Fl\u00f3nslegur sonur er angur s\u00ednum f\u00f6\u00f0ur, og sorg \u00feeirri sem hann f\u00e6ddi.<a name=\"26\"><span class=\"versanumer\">26<\/span><\/a>\u00dea\u00f0 er ekki gott a\u00f0 sekta \u00feann r\u00e9ttl\u00e1ta, n\u00e9 a\u00f0 berja \u00fe\u00e1 g\u00f6fugu fyrir <span class='VideyAth'>(\u00fea\u00f0 sem gj\u00f6ra)<\/span> r\u00e9tt.<a name=\"27\"><span class=\"versanumer\">27<\/span><\/a>S\u00e1 sem sparar sitt tal, gefur til kynna hyggindi, og s\u00e1 sem ekki er \u00f6rlyndur, hann er vitur.<a name=\"28\"><span class=\"versanumer\">28<\/span><\/a>D\u00e1rinn v\u00e6ri jafnvel haldinn vitur, ef hann \u00feeg\u00f0i, s\u00e1 sem l\u00e6sir s\u00ednum v\u00f6rum er hygginn.<\/p>\n<div class=\"footnoteVidey\"><\/div>\n","protected":false},"excerpt":{"rendered":"<p>Sundurlaus sannm\u00e6li. 1Betri er \u00feurr munnbiti me\u00f0 r\u00f3, heldur en fullt h\u00fas af vistum me\u00f0 argi.2Hygginn \u00fer\u00e6ll drottnar yfir sl\u00e6mum syni, og skiptir erf\u00f0inni milli br\u00e6\u00f0ranna.3Deiglan er til a\u00f0 pr\u00f3fa silfri\u00f0, og br\u00e6\u00f0slu ofninn gulli\u00f0; en Drottinn er s\u00e1 sem pr\u00f3far hj\u00f6rtun.4S\u00e1 vondi gefur gaum a\u00f0 rangl\u00e1tum v\u00f6rum, og s\u00e1 lygni hlustar \u00e1 gu\u00f0laust tal.5Hv\u00f6r sem spottar f\u00e1t\u00e6kan, s\u00e1 lastar hans Skapara; hv\u00f6r sem gle\u00f0st af \u00f3lukku, skal ei ver\u00f0a \u00f3hegndur.6Barnab\u00f6rn eru k\u00f3r\u00f3na fyrir \u00fe\u00e1 g\u00f6mlu; og barnanna fe\u00f0ur eru \u00feeirra hei\u00f0ur.7Ekki h\u00e6fir heimskum manni ypparlegt tal; miklu mi\u00f0ur g\u00f6fugum manni a\u00f0 tala lygi.8G\u00e1fa er gimsteinn \u00ed \u00feess augum sem <a href=\"https:\/\/biblian.is\/videy\/ordskvidirnir-17-kafli\/\"> [&#8230;]<\/a><\/p>\n","protected":false},"author":1,"featured_media":0,"parent":0,"menu_order":0,"comment_status":"open","ping_status":"open","template":"bibliukaflar.php","meta":{"footnotes":""},"class_list":["post-21494","page","type-page","status-publish","hentry"],"_links":{"self":[{"href":"https:\/\/biblian.is\/videy\/wp-json\/wp\/v2\/pages\/21494","targetHints":{"allow":["GET"]}}],"collection":[{"href":"https:\/\/biblian.is\/videy\/wp-json\/wp\/v2\/pages"}],"about":[{"href":"https:\/\/biblian.is\/videy\/wp-json\/wp\/v2\/types\/page"}],"author":[{"embeddable":true,"href":"https:\/\/biblian.is\/videy\/wp-json\/wp\/v2\/users\/1"}],"replies":[{"embeddable":true,"href":"https:\/\/biblian.is\/videy\/wp-json\/wp\/v2\/comments?post=21494"}],"version-history":[{"count":0,"href":"https:\/\/biblian.is\/videy\/wp-json\/wp\/v2\/pages\/21494\/revisions"}],"wp:attachment":[{"href":"https:\/\/biblian.is\/videy\/wp-json\/wp\/v2\/media?parent=21494"}],"curies":[{"name":"wp","href":"https:\/\/api.w.org\/{rel}","templated":true}]}}