{"id":21493,"date":"2018-01-02T01:02:20","date_gmt":"2018-01-02T01:02:20","guid":{"rendered":"http:\/\/biblian.is\/videy\/ordskvidirnir-16-kafli\/"},"modified":"2018-01-02T01:02:20","modified_gmt":"2018-01-02T01:02:20","slug":"ordskvidirnir-16-kafli","status":"publish","type":"page","link":"https:\/\/biblian.is\/videy\/ordskvidirnir-16-kafli\/","title":{"rendered":"Or\u00f0skvi\u00f0irnir 16. kafli"},"content":{"rendered":"<div class=\"fyrirsognVidey\">Enn n\u00fa sundurlausar greinir.<\/div>\n<p><a name=\"1\"><span class=\"versanumer\">1<\/span><\/a>\u00cd mannsins valdi eru \u00e1form hans hjarta, en fr\u00e1 Drottni kemur b\u00e6nheyrsla tungunnar.<a name=\"2\"><span class=\"versanumer\">2<\/span><\/a>Hv\u00f6rjum manni \u00feykja s\u00ednir vegir hreinir, en Drottinn vegur andana, <span class='VideyAth'>(pr\u00f3far hj\u00f6rtun)<\/span>.<a name=\"3\"><span class=\"versanumer\">3<\/span><\/a>Fel \u00fe\u00fa Drottni \u00fe\u00edn verk, \u00fe\u00e1 munu \u00fe\u00ednar \u00e6tlanir framgang f\u00e1.<a name=\"4\"><span class=\"versanumer\">4<\/span><\/a>Drottinn hefir allt gj\u00f6rt eftir s\u00ednum tilgangi, jafnvel hinn \u00f3gu\u00f0lega, til \u00feess illa dags.<a name=\"5\"><span class=\"versanumer\">5<\/span><\/a>Hv\u00f6r sem er drambl\u00e1tur, s\u00e1 er Drottni andstygg\u00f0; eg vil \u00e1byrgjast hann sleppur ekki hj\u00e1 hegningu.<a name=\"6\"><span class=\"versanumer\">6<\/span><\/a>Fyrir miskunn og tr\u00fafesti forl\u00edkast misgj\u00f6r\u00f0, og af \u00f3tta Drottins v\u00edkja menn fr\u00e1 \u00fev\u00ed illa.<a name=\"7\"><span class=\"versanumer\">7<\/span><\/a>\u00deegar Drottinn hefir vel\u00fe\u00f3knan \u00e1 mannsins vegum, svo l\u00e6tur hann og svo hans \u00f3vini hafa fri\u00f0 vi\u00f0 hann.<a name=\"8\"><span class=\"versanumer\">8<\/span><\/a>Betra er l\u00edti\u00f0 me\u00f0 r\u00e9ttu, heldur en mikil inntekt me\u00f0 r\u00f6ngu.<a name=\"9\"><span class=\"versanumer\">9<\/span><\/a>Mannsins hjarta upphugsar sinn veg, en Drottinn st\u00fdrir hans gangi.<a name=\"10\"><span class=\"versanumer\">10<\/span><\/a>Sp\u00e1d\u00f3mur er \u00e1 k\u00f3ngsins v\u00f6rum; \u00ed d\u00f3mi mun hans munni ekki skj\u00e1tla.<a name=\"11\"><span class=\"versanumer\">11<\/span><\/a>R\u00e9tt vog og metask\u00e1lar heyra Drottni til. Hans verk eru \u00f6ll l\u00f3\u00f0in \u00ed pyngjunni. 5 Mb. 25,13.<br \/><a name=\"12\"><span class=\"versanumer\">12<\/span><\/a>\u00dea\u00f0 s\u00e9 k\u00f3nginum vi\u00f0urstygg\u00f0 a\u00f0 gj\u00f6ra rangt, \u00fev\u00ed af r\u00e9ttl\u00e6tinu sta\u00f0festist h\u00e1s\u00e6ti\u00f0.<a name=\"13\"><span class=\"versanumer\">13<\/span><\/a>R\u00e9ttl\u00e6tisins varir s\u00e9u k\u00f3nginum vel\u00fe\u00f3knan, og \u00feann sem talar me\u00f0 hreinskilni, skal hann elska.<a name=\"14\"><span class=\"versanumer\">14<\/span><\/a>Rei\u00f0i k\u00f3ngsins er dau\u00f0ans engill, en hygginn ma\u00f0ur mun sefa hann.<a name=\"15\"><span class=\"versanumer\">15<\/span><\/a>K\u00f3ngsins h\u00fdrlegt andlit er l\u00edfi\u00f0 og hans n\u00e1\u00f0 <span class='VideyAth'>(gunst)<\/span>, er sem regnsk\u00fd fyrir s\u00e1\u00f0i\u00f0.<a name=\"16\"><span class=\"versanumer\">16<\/span><\/a>A\u00f0 afla s\u00e9r v\u00edsd\u00f3ms, hv\u00f6rsu miklu betra er \u00fea\u00f0, enn a\u00f0 afla s\u00e9r gulls! og a\u00f0 \u00fatvega s\u00e9r hyggindi, \u00fea\u00f0 er meir vert en silfur.<a name=\"17\"><span class=\"versanumer\">17<\/span><\/a>Vegur hinna hreinskilnu er, a\u00f0 v\u00edkja fr\u00e1 \u00fev\u00ed illa; hv\u00f6r sem g\u00e1ir a\u00f0 s\u00ednum vegi, s\u00e1 var\u00f0veitir sitt l\u00edf.<a name=\"18\"><span class=\"versanumer\">18<\/span><\/a>Drambsemin fer \u00e1 undan ey\u00f0ileggingu, og stolt \u00e1 undan falli.<a name=\"19\"><span class=\"versanumer\">19<\/span><\/a>\u00dea\u00f0 er betra a\u00f0 vera au\u00f0mj\u00fakur \u00ed anda me\u00f0 \u00feeim l\u00edtilm\u00f3tlegu, en a\u00f0 skipta herfangi me\u00f0 \u00feeim drambl\u00e1tu.<a name=\"20\"><span class=\"versanumer\">20<\/span><\/a>Hv\u00f6r sem er a\u00f0g\u00e6tinn vi\u00f0 s\u00edn verk, s\u00e1 finnur hamingju; og s\u00e1 er s\u00e6ll sem treystir Drottni.<a name=\"21\"><span class=\"versanumer\">21<\/span><\/a>Hv\u00f6r s\u00e1 sem hefir hyggi\u00f0 hjarta, kallast vitur; og varanna s\u00e6tleiki gefur or\u00f0unum kraft.<a name=\"22\"><span class=\"versanumer\">22<\/span><\/a>Hyggindi eru, fyrir \u00feann sem eiga, l\u00edfsins uppspretta, en d\u00e1ranna umv\u00f6ndun er heimska.<a name=\"23\"><span class=\"versanumer\">23<\/span><\/a>Hjarta hins hyggna menntar hans munn, og eykur \u00e1 hans v\u00f6rum l\u00e6rd\u00f3minn.<a name=\"24\"><span class=\"versanumer\">24<\/span><\/a>L\u00edflegt tal er hunangsseimur, s\u00e6tt fyrir s\u00e1lina og l\u00e6kning fyrir beinin.<a name=\"25\"><span class=\"versanumer\">25<\/span><\/a>S\u00e1 vegur er til, sem m\u00f6nnum s\u00fdnist r\u00e9ttur, en hans endir er vegur til dau\u00f0ans.<a name=\"26\"><span class=\"versanumer\">26<\/span><\/a>Erfi\u00f0ismannsins hungur erfi\u00f0ar me\u00f0 honum, \u00fev\u00ed hans munnur krefst \u00feess af honum.<a name=\"27\"><span class=\"versanumer\">27<\/span><\/a>Bel\u00edals<span class='VideyAth'>(\u00f3r\u00e6stis)<\/span>ma\u00f0ur uppgrefur \u00f3lukku; \u00e1 hans v\u00f6rum er logandi eldur.<a name=\"28\"><span class=\"versanumer\">28<\/span><\/a>Falskur ma\u00f0ur vekur upp \u00fer\u00e6tur, og bakm\u00e1lugur ma\u00f0ur kemur til vegar sundurlyndi milli kunningja.<a name=\"29\"><span class=\"versanumer\">29<\/span><\/a>Vonskufullur ma\u00f0ur t\u00e6lir sinn n\u00e1unga, og lei\u00f0ir \u00e1 \u00feann veg sem ekki er g\u00f3\u00f0ur.<a name=\"30\"><span class=\"versanumer\">30<\/span><\/a>Hann afturlokar s\u00ednum augum, til a\u00f0 upphugsa hrekki, hann b\u00edtur sig \u00ed varirnar og framkv\u00e6mir illt.<a name=\"31\"><span class=\"versanumer\">31<\/span><\/a>Gr\u00e1 h\u00e1r <span class='VideyAth'>(h\u00e6rur)<\/span> eru hei\u00f0urskrans, hann finnst \u00e1 r\u00e9ttl\u00e6tisins vegi.<a name=\"32\"><span class=\"versanumer\">32<\/span><\/a>S\u00e1 sem er seinn til rei\u00f0i, er betri en kappi <span class='VideyAth'>(s\u00e1 voldugi)<\/span>, og s\u00e1 sem er herra s\u00edns sinnis, betri en s\u00e1 sem vinnur borgir.<a name=\"33\"><span class=\"versanumer\">33<\/span><\/a>Hlutum er kasta\u00f0 \u00ed skaut, en fr\u00e1 Drottni kemur hlutfalli\u00f0.<\/p>\n<div class=\"footnoteVidey\"><\/div>\n","protected":false},"excerpt":{"rendered":"<p>Enn n\u00fa sundurlausar greinir. 1\u00cd mannsins valdi eru \u00e1form hans hjarta, en fr\u00e1 Drottni kemur b\u00e6nheyrsla tungunnar.2Hv\u00f6rjum manni \u00feykja s\u00ednir vegir hreinir, en Drottinn vegur andana, (pr\u00f3far hj\u00f6rtun).3Fel \u00fe\u00fa Drottni \u00fe\u00edn verk, \u00fe\u00e1 munu \u00fe\u00ednar \u00e6tlanir framgang f\u00e1.4Drottinn hefir allt gj\u00f6rt eftir s\u00ednum tilgangi, jafnvel hinn \u00f3gu\u00f0lega, til \u00feess illa dags.5Hv\u00f6r sem er drambl\u00e1tur, s\u00e1 er Drottni andstygg\u00f0; eg vil \u00e1byrgjast hann sleppur ekki hj\u00e1 hegningu.6Fyrir miskunn og tr\u00fafesti forl\u00edkast misgj\u00f6r\u00f0, og af \u00f3tta Drottins v\u00edkja menn fr\u00e1 \u00fev\u00ed illa.7\u00deegar Drottinn hefir vel\u00fe\u00f3knan \u00e1 mannsins vegum, svo l\u00e6tur hann og svo hans \u00f3vini hafa fri\u00f0 vi\u00f0 hann.8Betra er l\u00edti\u00f0 me\u00f0 <a href=\"https:\/\/biblian.is\/videy\/ordskvidirnir-16-kafli\/\"> [&#8230;]<\/a><\/p>\n","protected":false},"author":1,"featured_media":0,"parent":0,"menu_order":0,"comment_status":"open","ping_status":"open","template":"bibliukaflar.php","meta":{"footnotes":""},"class_list":["post-21493","page","type-page","status-publish","hentry"],"_links":{"self":[{"href":"https:\/\/biblian.is\/videy\/wp-json\/wp\/v2\/pages\/21493","targetHints":{"allow":["GET"]}}],"collection":[{"href":"https:\/\/biblian.is\/videy\/wp-json\/wp\/v2\/pages"}],"about":[{"href":"https:\/\/biblian.is\/videy\/wp-json\/wp\/v2\/types\/page"}],"author":[{"embeddable":true,"href":"https:\/\/biblian.is\/videy\/wp-json\/wp\/v2\/users\/1"}],"replies":[{"embeddable":true,"href":"https:\/\/biblian.is\/videy\/wp-json\/wp\/v2\/comments?post=21493"}],"version-history":[{"count":0,"href":"https:\/\/biblian.is\/videy\/wp-json\/wp\/v2\/pages\/21493\/revisions"}],"wp:attachment":[{"href":"https:\/\/biblian.is\/videy\/wp-json\/wp\/v2\/media?parent=21493"}],"curies":[{"name":"wp","href":"https:\/\/api.w.org\/{rel}","templated":true}]}}