{"id":21492,"date":"2018-01-02T01:02:20","date_gmt":"2018-01-02T01:02:20","guid":{"rendered":"http:\/\/biblian.is\/videy\/ordskvidirnir-15-kafli\/"},"modified":"2018-01-02T01:02:20","modified_gmt":"2018-01-02T01:02:20","slug":"ordskvidirnir-15-kafli","status":"publish","type":"page","link":"https:\/\/biblian.is\/videy\/ordskvidirnir-15-kafli\/","title":{"rendered":"Or\u00f0skvi\u00f0irnir 15. kafli"},"content":{"rendered":"<div class=\"fyrirsognVidey\">Sundurlaus sannm\u00e6li.<\/div>\n<p><a name=\"1\"><span class=\"versanumer\">1<\/span><\/a>Milt svar heftir rei\u00f0i, en m\u00e6\u00f0ulegt or\u00f0 uppvekur \u00feykkju.<a name=\"2\"><span class=\"versanumer\">2<\/span><\/a>Tunga hinna v\u00edsu gj\u00f6rir \u00feekkinguna s\u00e6ta; en munnur hinna f\u00e1v\u00edsu sp\u00fdr heimsku.<a name=\"3\"><span class=\"versanumer\">3<\/span><\/a>Drottins augu eru allssta\u00f0ar, \u00feau sj\u00e1 illa og g\u00f3\u00f0a.<a name=\"4\"><span class=\"versanumer\">4<\/span><\/a>Holl tunga er l\u00edfsins tr\u00e9, en hennar misbr\u00fakun er ey\u00f0ileggjandi stormur.<a name=\"5\"><span class=\"versanumer\">5<\/span><\/a>D\u00e1rinn forsm\u00e1ir umv\u00f6ndun s\u00edns f\u00f6\u00f0urs, en s\u00e1 sem man til refsingarinnar ver\u00f0ur hygginn.<a name=\"6\"><span class=\"versanumer\">6<\/span><\/a>\u00cd h\u00fasi hins r\u00e9ttl\u00e1ta er gn\u00e6g\u00f0 au\u00f0\u00e6fa; en \u00ed inntekt hins \u00f3gu\u00f0lega er \u00f3regla.<a name=\"7\"><span class=\"versanumer\">7<\/span><\/a>Varir hinna v\u00edsu \u00fatstr\u00e1 \u00feekkingu; en d\u00e1ranna hj\u00f6rtu <span class='VideyAth'>(gj\u00f6ra)<\/span> ei svo.<a name=\"8\"><span class=\"versanumer\">8<\/span><\/a>\u00d3gu\u00f0legra f\u00f3rn er Drottni andstygg\u00f0; en b\u00e6n hinna hreinskilnu er hans vel\u00fe\u00f3knan.<a name=\"9\"><span class=\"versanumer\">9<\/span><\/a>Vi\u00f0urstygg\u00f0 fyrir Drottni er vegur hins \u00f3gu\u00f0lega; en hann elskar \u00feann, sem stundar r\u00e9ttv\u00edsi.<a name=\"10\"><span class=\"versanumer\">10<\/span><\/a>\u00c1 str\u00f6ngum aga \u00e1 s\u00e1 von, sem g\u00f6tuna yfirgefur; s\u00e1 sem hatar refsinguna hl\u00fdtur a\u00f0 deyja.<a name=\"11\"><span class=\"versanumer\">11<\/span><\/a>Undirheimar og afgrunni\u00f0 er opi\u00f0 fyrir Drottni; miklu framar hj\u00f6rtu mannanna barna.<a name=\"12\"><span class=\"versanumer\">12<\/span><\/a>Spottarinn elskar ei \u00e1v\u00edtun, til \u00feeirra hyggnu gengur hann ekki.<a name=\"13\"><span class=\"versanumer\">13<\/span><\/a>Glatt hjarta gj\u00f6rir andliti\u00f0 h\u00fdrlegt, en af hjartans hrygg\u00f0 ver\u00f0ur andardr\u00e1tturinn erfi\u00f0ur.<a name=\"14\"><span class=\"versanumer\">14<\/span><\/a>Hyggi\u00f0 hjarta leitar a\u00f0 \u00feekkingu, en munnur f\u00e1v\u00edsra n\u00e6rist \u00e1 heimsku.<a name=\"15\"><span class=\"versanumer\">15<\/span><\/a>Allir dagar hins ves\u00e6la eru sorglegir, en glatt sinni er i\u00f0uglegt gestabo\u00f0,<a name=\"16\"><span class=\"versanumer\">16<\/span><\/a>betra er l\u00edti\u00f0 me\u00f0 Gu\u00f0s \u00f3tta, enn mikill f\u00e9sj\u00f3\u00f0ur og arm\u00e6\u00f0a me\u00f0,<a name=\"17\"><span class=\"versanumer\">17<\/span><\/a>betri er einn r\u00e9ttur af k\u00e1lmeti me\u00f0 k\u00e6rleika, heldur en alinn uxi me\u00f0 hatri,<a name=\"18\"><span class=\"versanumer\">18<\/span><\/a>br\u00e1\u00f0lyndur ma\u00f0ur vekur \u00fer\u00e6tur, en s\u00e1 sem hefir langlundarge\u00f0 stillir k\u00edf.<a name=\"19\"><span class=\"versanumer\">19<\/span><\/a>Vegur hins lata er sem \u00feyrniger\u00f0i, en gata hins hreinskilna er rudd.<a name=\"20\"><span class=\"versanumer\">20<\/span><\/a>Hygginn sonur gle\u00f0ur f\u00f6\u00f0urinn, en f\u00e1v\u00eds ma\u00f0ur fyrirl\u00edtur s\u00edna m\u00f3\u00f0ur,<a name=\"21\"><span class=\"versanumer\">21<\/span><\/a>heimskum manni er heimskan f\u00f6gnu\u00f0ur; en s\u00e1 skynsami ma\u00f0ur gengur beint \u00e1fram.<a name=\"22\"><span class=\"versanumer\">22<\/span><\/a>R\u00e1\u00f0agj\u00f6r\u00f0ir ver\u00f0a til einkis, \u00fe\u00e1 ekki er leita\u00f0 r\u00e1\u00f0a, en sta\u00f0festast \u00fear sem margir eru r\u00e1\u00f0gjafarnir.<a name=\"23\"><span class=\"versanumer\">23<\/span><\/a>V\u00e6nt \u00feykir m\u00f6nnum um \u00feann sem svarar r\u00e9tt, or\u00f0 \u00ed t\u00edma tala\u00f0, hv\u00f6rsu \u00e1g\u00e6tt er \u00fea\u00f0!<a name=\"24\"><span class=\"versanumer\">24<\/span><\/a>L\u00edfsins vegur er upp\u00e1m\u00f3ti \u00feeim hyggna, svo hann snei\u00f0i hj\u00e1 helv\u00edti fyrir ne\u00f0an.<a name=\"25\"><span class=\"versanumer\">25<\/span><\/a>Drottinn ni\u00f0urbr\u00fdtur h\u00fas \u00feeirra drambl\u00e1tu; en setur f\u00f6st landamerki ekkjunnar.<a name=\"26\"><span class=\"versanumer\">26<\/span><\/a>R\u00e1\u00f0agj\u00f6r\u00f0ir vondra eru Drottni andstygg\u00f0; en hreint fyrir honum er \u00e1st\u00fa\u00f0legt tal.<a name=\"27\"><span class=\"versanumer\">27<\/span><\/a>S\u00e1 \u00e1gjarni kemur \u00e1 sta\u00f0 \u00f3or\u00f0u \u00ed s\u00ednu h\u00fasi; en s\u00e1 sem hatar m\u00fatur mun lifa.<a name=\"28\"><span class=\"versanumer\">28<\/span><\/a>Hjarta hins r\u00e9ttl\u00e1ta hugsar sig um svar; en munnur \u00f3gu\u00f0legra sp\u00fdr vonsku.<a name=\"29\"><span class=\"versanumer\">29<\/span><\/a>Drottinn er fj\u00e6rl\u00e6gur \u00feeim \u00f3gu\u00f0legu; en hann heyrir b\u00e6n \u00feeirra r\u00e9ttl\u00e1tu.<a name=\"30\"><span class=\"versanumer\">30<\/span><\/a>H\u00fdrlegt auga gle\u00f0ur hjarta\u00f0; g\u00f3\u00f0ur bo\u00f0skapur feitir beinin.<a name=\"31\"><span class=\"versanumer\">31<\/span><\/a>\u00dea\u00f0 eyra sem l\u00edfsins umv\u00f6ndun heyrir, mun umgangast \u00fe\u00e1 v\u00edsu.<a name=\"32\"><span class=\"versanumer\">32<\/span><\/a>S\u00e1 sem sleppir umv\u00f6ndun, foraktar sig sj\u00e1lfan; en s\u00e1 sem heyrir a\u00f0v\u00f6run, \u00fatvegar s\u00e9r hyggindi.<a name=\"33\"><span class=\"versanumer\">33<\/span><\/a>\u00d3tti Drottins er umv\u00f6ndun til visku, og \u00e1 undan hei\u00f0ri gengur au\u00f0m\u00fdktin.<\/p>\n<div class=\"footnoteVidey\"><\/div>\n","protected":false},"excerpt":{"rendered":"<p>Sundurlaus sannm\u00e6li. 1Milt svar heftir rei\u00f0i, en m\u00e6\u00f0ulegt or\u00f0 uppvekur \u00feykkju.2Tunga hinna v\u00edsu gj\u00f6rir \u00feekkinguna s\u00e6ta; en munnur hinna f\u00e1v\u00edsu sp\u00fdr heimsku.3Drottins augu eru allssta\u00f0ar, \u00feau sj\u00e1 illa og g\u00f3\u00f0a.4Holl tunga er l\u00edfsins tr\u00e9, en hennar misbr\u00fakun er ey\u00f0ileggjandi stormur.5D\u00e1rinn forsm\u00e1ir umv\u00f6ndun s\u00edns f\u00f6\u00f0urs, en s\u00e1 sem man til refsingarinnar ver\u00f0ur hygginn.6\u00cd h\u00fasi hins r\u00e9ttl\u00e1ta er gn\u00e6g\u00f0 au\u00f0\u00e6fa; en \u00ed inntekt hins \u00f3gu\u00f0lega er \u00f3regla.7Varir hinna v\u00edsu \u00fatstr\u00e1 \u00feekkingu; en d\u00e1ranna hj\u00f6rtu (gj\u00f6ra) ei svo.8\u00d3gu\u00f0legra f\u00f3rn er Drottni andstygg\u00f0; en b\u00e6n hinna hreinskilnu er hans vel\u00fe\u00f3knan.9Vi\u00f0urstygg\u00f0 fyrir Drottni er vegur hins \u00f3gu\u00f0lega; en hann elskar \u00feann, sem stundar r\u00e9ttv\u00edsi.10\u00c1 str\u00f6ngum <a href=\"https:\/\/biblian.is\/videy\/ordskvidirnir-15-kafli\/\"> [&#8230;]<\/a><\/p>\n","protected":false},"author":1,"featured_media":0,"parent":0,"menu_order":0,"comment_status":"open","ping_status":"open","template":"bibliukaflar.php","meta":{"footnotes":""},"class_list":["post-21492","page","type-page","status-publish","hentry"],"_links":{"self":[{"href":"https:\/\/biblian.is\/videy\/wp-json\/wp\/v2\/pages\/21492","targetHints":{"allow":["GET"]}}],"collection":[{"href":"https:\/\/biblian.is\/videy\/wp-json\/wp\/v2\/pages"}],"about":[{"href":"https:\/\/biblian.is\/videy\/wp-json\/wp\/v2\/types\/page"}],"author":[{"embeddable":true,"href":"https:\/\/biblian.is\/videy\/wp-json\/wp\/v2\/users\/1"}],"replies":[{"embeddable":true,"href":"https:\/\/biblian.is\/videy\/wp-json\/wp\/v2\/comments?post=21492"}],"version-history":[{"count":0,"href":"https:\/\/biblian.is\/videy\/wp-json\/wp\/v2\/pages\/21492\/revisions"}],"wp:attachment":[{"href":"https:\/\/biblian.is\/videy\/wp-json\/wp\/v2\/media?parent=21492"}],"curies":[{"name":"wp","href":"https:\/\/api.w.org\/{rel}","templated":true}]}}