{"id":21490,"date":"2018-01-02T01:02:20","date_gmt":"2018-01-02T01:02:20","guid":{"rendered":"http:\/\/biblian.is\/videy\/ordskvidirnir-13-kafli\/"},"modified":"2018-01-02T01:02:20","modified_gmt":"2018-01-02T01:02:20","slug":"ordskvidirnir-13-kafli","status":"publish","type":"page","link":"https:\/\/biblian.is\/videy\/ordskvidirnir-13-kafli\/","title":{"rendered":"Or\u00f0skvi\u00f0irnir 13. kafli"},"content":{"rendered":"<div class=\"fyrirsognVidey\">Sundurlausar l\u00edfsreglur.<\/div>\n<p><a name=\"1\"><span class=\"versanumer\">1<\/span><\/a>Hygginn sonur hl\u00fd\u00f0ir \u00e1 umv\u00f6ndun f\u00f6\u00f0ur s\u00edns, en s\u00e1 h\u00e6\u00f0ni gegnir engri a\u00f0finningu.<a name=\"2\"><span class=\"versanumer\">2<\/span><\/a>Ma\u00f0urinn hefir gott af \u00e1vexti s\u00edns munns; en eftirl\u00f6ngun svikarans er ofbeldi.<a name=\"3\"><span class=\"versanumer\">3<\/span><\/a>Hv\u00f6r sem g\u00e1ir a\u00f0 s\u00ednum munni, var\u00f0veitir sitt l\u00edf; en \u00feeim sem l\u00edkur upp s\u00ednum v\u00f6rum, er b\u00fai\u00f0 tj\u00f3n.<a name=\"4\"><span class=\"versanumer\">4<\/span><\/a>S\u00e1 lati girnist og f\u00e6r ekki, en s\u00e1l hins i\u00f0na mettast r\u00edkuglega.<a name=\"5\"><span class=\"versanumer\">5<\/span><\/a>S\u00e1 r\u00e9ttl\u00e1ti hatar lyginnar or\u00f0, en s\u00e1 \u00f3gu\u00f0legi i\u00f0kar skimp og skop.<a name=\"6\"><span class=\"versanumer\">6<\/span><\/a>R\u00e9ttl\u00e6ti\u00f0 var\u00f0veitir \u00fe\u00e1 sem eru \u00e1 \u00feeim r\u00e9tta vegi; en lygin steypir syndurum.<a name=\"7\"><span class=\"versanumer\">7<\/span><\/a>Einn \u00feykist r\u00edkur og hefir \u00fe\u00f3 ekkert; annar l\u00e6st vera f\u00e1t\u00e6kur og hefir mikinn au\u00f0.<a name=\"8\"><span class=\"versanumer\">8<\/span><\/a>Au\u00f0ur er m\u00f6rgum lausnargjald l\u00edfsins, en s\u00e1 f\u00e1t\u00e6ki heyrir enga h\u00f3tan.<a name=\"9\"><span class=\"versanumer\">9<\/span><\/a>Lj\u00f3s hinna r\u00e9ttl\u00e1tu logar glatt, en skri\u00f0lj\u00f3s \u00f3gu\u00f0legra slokknar.<a name=\"10\"><span class=\"versanumer\">10<\/span><\/a>Me\u00f0 drambsemi kemur ma\u00f0ur \u00e1 sta\u00f0 deilum; en hj\u00e1 \u00feeim, sem l\u00e1ta s\u00e9r r\u00e1\u00f0leggja, er v\u00edsd\u00f3mur.<a name=\"11\"><span class=\"versanumer\">11<\/span><\/a>Au\u00f0ur, fenginn me\u00f0 prettum, skal minnka; en hv\u00f6r sem safnar me\u00f0 hendinni, s\u00e1 mun auka hann.<a name=\"12\"><span class=\"versanumer\">12<\/span><\/a>S\u00fa von, sem lengi dregst, s\u00e6rir hjarta\u00f0, en uppfyllt eftirl\u00f6ngun er l\u00edfsins tr\u00e9.<a name=\"13\"><span class=\"versanumer\">13<\/span><\/a>Hv\u00f6r sem forsm\u00e1ir heilr\u00e6\u00f0i, ollir s\u00e9r sj\u00e1lfum fordj\u00f6rfunar; en hv\u00f6r sem \u00f3ttast bo\u00f0or\u00f0i\u00f0, f\u00e6r lausn \u00fear fyrir.<a name=\"14\"><span class=\"versanumer\">14<\/span><\/a>L\u00e6rd\u00f3mur hins v\u00edsa er l\u00edfsins uppspretta til a\u00f0 for\u00f0ast dau\u00f0ans sn\u00f6rur.<a name=\"15\"><span class=\"versanumer\">15<\/span><\/a>Vit og g\u00e6ska veitir hylli, en vegur hinna svikulu er <span class='VideyAth'>(hrj\u00f3strugur)<\/span>.<a name=\"16\"><span class=\"versanumer\">16<\/span><\/a>S\u00e1 hyggni gj\u00f6rir allt me\u00f0 viti, en heimskinginn \u00fatbrei\u00f0ir heimskuna.<a name=\"17\"><span class=\"versanumer\">17<\/span><\/a>\u00d3gu\u00f0legur sendibo\u00f0i ratar \u00ed \u00f3lukku; en tr\u00far sendima\u00f0ur er l\u00e6kning.<a name=\"18\"><span class=\"versanumer\">18<\/span><\/a>F\u00e1t\u00e6kt og sk\u00f6mm hittir \u00feann sem l\u00e6tur umv\u00f6ndun fara; en s\u00e1 sem var\u00f0veitir vi\u00f0v\u00f6runina, kemur til hei\u00f0urs.<a name=\"19\"><span class=\"versanumer\">19<\/span><\/a>Mettu\u00f0 l\u00f6ngun er s\u00e6t fyrir s\u00e1lina, en a\u00f0 for\u00f0ast illt, er heimskingjanum andstygg\u00f0.<a name=\"20\"><span class=\"versanumer\">20<\/span><\/a>S\u00e1 sem umgengst hyggna, ver\u00f0ur hygginn; en d\u00e1ranna stallbr\u00f3\u00f0ir, ver\u00f0ur d\u00e1ri.<a name=\"21\"><span class=\"versanumer\">21<\/span><\/a>\u00d3lukka eltir syndarann, en \u00feeim r\u00e9ttl\u00e1tu umbunar hann <span class='VideyAth'>(Gu\u00f0)<\/span> me\u00f0 g\u00f3\u00f0u.<a name=\"22\"><span class=\"versanumer\">22<\/span><\/a>S\u00e1 g\u00f3\u00f0i \u00fatvegar s\u00ednum barnab\u00f6rnum arf; en syndarans g\u00f3ss geymist \u00feeim r\u00e9ttl\u00e1ta.<a name=\"23\"><span class=\"versanumer\">23<\/span><\/a>N\u00fdr\u00e6kta\u00f0 land hins f\u00e1t\u00e6ka, gefur mikla f\u00e6\u00f0u; en r\u00edkd\u00f3mur hverfur hvar rangl\u00e6ti er.<a name=\"24\"><span class=\"versanumer\">24<\/span><\/a>Hv\u00f6r sem sparar v\u00f6ndinn, hatar sinn son, en hv\u00f6r e\u00f0 elskar hann, s\u00e1 agar \u00ed t\u00edma.<a name=\"25\"><span class=\"versanumer\">25<\/span><\/a>S\u00e1 r\u00e9ttl\u00e1ti etur \u00feanga\u00f0 til hans s\u00e1l ver\u00f0ur mett, en magi hins \u00f3gu\u00f0lega ver\u00f0ur \u00e6 t\u00f3mur.<\/p>\n<div class=\"footnoteVidey\"><\/div>\n","protected":false},"excerpt":{"rendered":"<p>Sundurlausar l\u00edfsreglur. 1Hygginn sonur hl\u00fd\u00f0ir \u00e1 umv\u00f6ndun f\u00f6\u00f0ur s\u00edns, en s\u00e1 h\u00e6\u00f0ni gegnir engri a\u00f0finningu.2Ma\u00f0urinn hefir gott af \u00e1vexti s\u00edns munns; en eftirl\u00f6ngun svikarans er ofbeldi.3Hv\u00f6r sem g\u00e1ir a\u00f0 s\u00ednum munni, var\u00f0veitir sitt l\u00edf; en \u00feeim sem l\u00edkur upp s\u00ednum v\u00f6rum, er b\u00fai\u00f0 tj\u00f3n.4S\u00e1 lati girnist og f\u00e6r ekki, en s\u00e1l hins i\u00f0na mettast r\u00edkuglega.5S\u00e1 r\u00e9ttl\u00e1ti hatar lyginnar or\u00f0, en s\u00e1 \u00f3gu\u00f0legi i\u00f0kar skimp og skop.6R\u00e9ttl\u00e6ti\u00f0 var\u00f0veitir \u00fe\u00e1 sem eru \u00e1 \u00feeim r\u00e9tta vegi; en lygin steypir syndurum.7Einn \u00feykist r\u00edkur og hefir \u00fe\u00f3 ekkert; annar l\u00e6st vera f\u00e1t\u00e6kur og hefir mikinn au\u00f0.8Au\u00f0ur er m\u00f6rgum lausnargjald l\u00edfsins, en s\u00e1 f\u00e1t\u00e6ki heyrir <a href=\"https:\/\/biblian.is\/videy\/ordskvidirnir-13-kafli\/\"> [&#8230;]<\/a><\/p>\n","protected":false},"author":1,"featured_media":0,"parent":0,"menu_order":0,"comment_status":"open","ping_status":"open","template":"bibliukaflar.php","meta":{"footnotes":""},"class_list":["post-21490","page","type-page","status-publish","hentry"],"_links":{"self":[{"href":"https:\/\/biblian.is\/videy\/wp-json\/wp\/v2\/pages\/21490","targetHints":{"allow":["GET"]}}],"collection":[{"href":"https:\/\/biblian.is\/videy\/wp-json\/wp\/v2\/pages"}],"about":[{"href":"https:\/\/biblian.is\/videy\/wp-json\/wp\/v2\/types\/page"}],"author":[{"embeddable":true,"href":"https:\/\/biblian.is\/videy\/wp-json\/wp\/v2\/users\/1"}],"replies":[{"embeddable":true,"href":"https:\/\/biblian.is\/videy\/wp-json\/wp\/v2\/comments?post=21490"}],"version-history":[{"count":0,"href":"https:\/\/biblian.is\/videy\/wp-json\/wp\/v2\/pages\/21490\/revisions"}],"wp:attachment":[{"href":"https:\/\/biblian.is\/videy\/wp-json\/wp\/v2\/media?parent=21490"}],"curies":[{"name":"wp","href":"https:\/\/api.w.org\/{rel}","templated":true}]}}