{"id":21489,"date":"2018-01-02T01:02:14","date_gmt":"2018-01-02T01:02:14","guid":{"rendered":"http:\/\/biblian.is\/videy\/ordskvidirnir-12-kafli\/"},"modified":"2018-01-02T01:02:14","modified_gmt":"2018-01-02T01:02:14","slug":"ordskvidirnir-12-kafli","status":"publish","type":"page","link":"https:\/\/biblian.is\/videy\/ordskvidirnir-12-kafli\/","title":{"rendered":"Or\u00f0skvi\u00f0irnir 12. kafli"},"content":{"rendered":"<div class=\"fyrirsognVidey\">Einst\u00f6k sannm\u00e6li.<\/div>\n<p><a name=\"1\"><span class=\"versanumer\">1<\/span><\/a>Hv\u00f6r sem elskar aga, s\u00e1 elskar \u00feekkingu; en hv\u00f6r sem hatar umv\u00f6ndun, ver\u00f0ur heimskur.<a name=\"2\"><span class=\"versanumer\">2<\/span><\/a>S\u00e1 g\u00f3\u00f0i f\u00e6r vel\u00fe\u00f3knan af Drottni; en Drottinn straffar \u00feann mann, sem br\u00fakar hrekki.<a name=\"3\"><span class=\"versanumer\">3<\/span><\/a>Ma\u00f0urinn stendur ei fastur fyrir \u00f3gu\u00f0legleikann; en r\u00e9ttl\u00e1tra r\u00f3t bifast ekki.<a name=\"4\"><span class=\"versanumer\">4<\/span><\/a>V\u00e6n kona er s\u00edns manns k\u00f3r\u00f3na, en sl\u00e6m kona er rotnan \u00ed hans beinum.<a name=\"5\"><span class=\"versanumer\">5<\/span><\/a>Hugsanir r\u00e9ttl\u00e1tra eru r\u00e9tturinn, en \u00f3gu\u00f0legra r\u00e1\u00f0 eru svik.<a name=\"6\"><span class=\"versanumer\">6<\/span><\/a>Tal hinna \u00f3gu\u00f0legu er a\u00f0 umsitja bl\u00f3\u00f0, en munnur hreinskilinna bjargar.<a name=\"7\"><span class=\"versanumer\">7<\/span><\/a>\u00deeir \u00f3gu\u00f0legu kollkastast, svo \u00feeir eru ei framar til, en h\u00fas hinna r\u00e9ttl\u00e1tu stendur st\u00f6\u00f0ugt.<a name=\"8\"><span class=\"versanumer\">8<\/span><\/a>Manninum ver\u00f0ur hr\u00f3sa\u00f0 eftir hans hyggilega tali; en s\u00e1 sem er \u00ed hjarta s\u00ednu rangsn\u00fainn, ver\u00f0ur fyrirlitinn.<a name=\"9\"><span class=\"versanumer\">9<\/span><\/a>L\u00edtilm\u00f3tlegur ma\u00f0ur, sem er sinn eigin \u00fe\u00e9nari, hann er betri en s\u00e1, sem l\u00e6tur miki\u00f0 yfir s\u00e9r, og vantar brau\u00f0.<a name=\"10\"><span class=\"versanumer\">10<\/span><\/a>S\u00e1 r\u00e9ttl\u00e1ti \u00feekkir sinni sinnar skepnu, en miskunnsemi hinna \u00f3gu\u00f0legu er grimm.<a name=\"11\"><span class=\"versanumer\">11<\/span><\/a>S\u00e1 sem yrkir sitt sitt land, mettast af brau\u00f0i, en s\u00e1 sem fer \u00ed flokk me\u00f0 i\u00f0juleysingjum, er \u00f3frams\u00fdnn.<a name=\"12\"><span class=\"versanumer\">12<\/span><\/a>L\u00f6ngun hinna \u00f3gu\u00f0legu s\u00e6kist eftir \u00fev\u00ed illa; en r\u00f3t hinna r\u00e9ttl\u00e1tu gefur <span class='VideyAth'>(\u00e1v\u00f6xt)<\/span>.<a name=\"13\"><span class=\"versanumer\">13<\/span><\/a>Varanna vonska er sl\u00e6m snara, en s\u00e1 r\u00e9ttl\u00e1ti sleppur \u00far ney\u00f0inni.<a name=\"14\"><span class=\"versanumer\">14<\/span><\/a>Af \u00e1vexti s\u00edns munns mettast ma\u00f0urinn me\u00f0 g\u00e6\u00f0um, og hans handaverk hverfa til hans aftur.<a name=\"15\"><span class=\"versanumer\">15<\/span><\/a>D\u00e1ranum \u00feykir sinn vegur beinn, en s\u00e1 er vitur sem hl\u00fd\u00f0ir \u00e1 g\u00f3\u00f0 r\u00e1\u00f0.<a name=\"16\"><span class=\"versanumer\">16<\/span><\/a>S\u00e1 heimski kunngj\u00f6rir s\u00edna br\u00e6\u00f0i samd\u00e6gurs; en s\u00e1 er frams\u00fdnn, sem dylur vanvir\u00f0una.<a name=\"17\"><span class=\"versanumer\">17<\/span><\/a>S\u00e1 sem kunngj\u00f6rir sannleika, kunngj\u00f6rir \u00fea\u00f0 sem er r\u00e9tt, en falsvitni\u00f0 kunngj\u00f6rir svik.<a name=\"18\"><span class=\"versanumer\">18<\/span><\/a>S\u00e1 sem talar hugsunarlaust, hann er eins og beitt sver\u00f0; en tunga hinna v\u00edsu er l\u00e6kning.<a name=\"19\"><span class=\"versanumer\">19<\/span><\/a>Sanns\u00f6gull munnur ver\u00f0ur \u00e6t\u00ed\u00f0 fastur, en f\u00f6lsk tunga ekki nema eitt augnablik.<a name=\"20\"><span class=\"versanumer\">20<\/span><\/a>Svik eru \u00ed \u00feeirra hjarta sem uppspenna tv\u00eddr\u00e6gni; en hj\u00e1 \u00feeim sem r\u00e1\u00f0a til fri\u00f0ar, er gle\u00f0i.<a name=\"21\"><span class=\"versanumer\">21<\/span><\/a>S\u00e1 r\u00e9ttl\u00e1ti skal enga \u00f3lukku reyna; en \u00feeir \u00f3gu\u00f0legu hla\u00f0ast \u00f3lukku.<a name=\"22\"><span class=\"versanumer\">22<\/span><\/a>Lygavarir eru Drottni andstygg\u00f0; en \u00feeir sem sannleik i\u00f0ka, eru honum vel\u00fe\u00f3knan.<a name=\"23\"><span class=\"versanumer\">23<\/span><\/a>Hygginn ma\u00f0ur dylur s\u00edna \u00feekkingu; en d\u00e1ranna hjarta \u00fathr\u00f3par s\u00edna heimsku.<a name=\"24\"><span class=\"versanumer\">24<\/span><\/a>I\u00f0jus\u00f6m h\u00f6nd mun drottna; en s\u00fa linger\u00f0a ver\u00f0ur skattskyld. <br \/><a name=\"25\"><span class=\"versanumer\">25<\/span><\/a>Hjartasorg mannsins ni\u00f0urbeygir hann, en vingjarnlegt or\u00f0 gle\u00f0ur hann.<a name=\"26\"><span class=\"versanumer\">26<\/span><\/a>R\u00e9ttv\u00eds ma\u00f0ur v\u00edsar veg s\u00ednum n\u00e1unga, en vegur \u00f3gu\u00f0legra lei\u00f0ir \u00fe\u00e1 sj\u00e1lfa \u00ed villu.<a name=\"27\"><span class=\"versanumer\">27<\/span><\/a>S\u00fa lina h\u00f6nd steikir ekki s\u00edna villibr\u00e1\u00f0; mannsins d\u00fdrasti au\u00f0ur er i\u00f0ni.<a name=\"28\"><span class=\"versanumer\">28<\/span><\/a>\u00c1 r\u00e9ttl\u00e6tisins g\u00f6tu er l\u00edfi\u00f0, og \u00e1 l\u00f6g\u00f0um vegi er enginn dau\u00f0i.<\/p>\n<div class=\"footnoteVidey\"><\/div>\n","protected":false},"excerpt":{"rendered":"<p>Einst\u00f6k sannm\u00e6li. 1Hv\u00f6r sem elskar aga, s\u00e1 elskar \u00feekkingu; en hv\u00f6r sem hatar umv\u00f6ndun, ver\u00f0ur heimskur.2S\u00e1 g\u00f3\u00f0i f\u00e6r vel\u00fe\u00f3knan af Drottni; en Drottinn straffar \u00feann mann, sem br\u00fakar hrekki.3Ma\u00f0urinn stendur ei fastur fyrir \u00f3gu\u00f0legleikann; en r\u00e9ttl\u00e1tra r\u00f3t bifast ekki.4V\u00e6n kona er s\u00edns manns k\u00f3r\u00f3na, en sl\u00e6m kona er rotnan \u00ed hans beinum.5Hugsanir r\u00e9ttl\u00e1tra eru r\u00e9tturinn, en \u00f3gu\u00f0legra r\u00e1\u00f0 eru svik.6Tal hinna \u00f3gu\u00f0legu er a\u00f0 umsitja bl\u00f3\u00f0, en munnur hreinskilinna bjargar.7\u00deeir \u00f3gu\u00f0legu kollkastast, svo \u00feeir eru ei framar til, en h\u00fas hinna r\u00e9ttl\u00e1tu stendur st\u00f6\u00f0ugt.8Manninum ver\u00f0ur hr\u00f3sa\u00f0 eftir hans hyggilega tali; en s\u00e1 sem er \u00ed hjarta s\u00ednu rangsn\u00fainn, ver\u00f0ur fyrirlitinn.9L\u00edtilm\u00f3tlegur <a href=\"https:\/\/biblian.is\/videy\/ordskvidirnir-12-kafli\/\"> [&#8230;]<\/a><\/p>\n","protected":false},"author":1,"featured_media":0,"parent":0,"menu_order":0,"comment_status":"open","ping_status":"open","template":"bibliukaflar.php","meta":{"footnotes":""},"class_list":["post-21489","page","type-page","status-publish","hentry"],"_links":{"self":[{"href":"https:\/\/biblian.is\/videy\/wp-json\/wp\/v2\/pages\/21489","targetHints":{"allow":["GET"]}}],"collection":[{"href":"https:\/\/biblian.is\/videy\/wp-json\/wp\/v2\/pages"}],"about":[{"href":"https:\/\/biblian.is\/videy\/wp-json\/wp\/v2\/types\/page"}],"author":[{"embeddable":true,"href":"https:\/\/biblian.is\/videy\/wp-json\/wp\/v2\/users\/1"}],"replies":[{"embeddable":true,"href":"https:\/\/biblian.is\/videy\/wp-json\/wp\/v2\/comments?post=21489"}],"version-history":[{"count":0,"href":"https:\/\/biblian.is\/videy\/wp-json\/wp\/v2\/pages\/21489\/revisions"}],"wp:attachment":[{"href":"https:\/\/biblian.is\/videy\/wp-json\/wp\/v2\/media?parent=21489"}],"curies":[{"name":"wp","href":"https:\/\/api.w.org\/{rel}","templated":true}]}}