{"id":21487,"date":"2018-01-02T01:02:14","date_gmt":"2018-01-02T01:02:14","guid":{"rendered":"http:\/\/biblian.is\/videy\/ordskvidirnir-10-kafli\/"},"modified":"2018-01-02T01:02:14","modified_gmt":"2018-01-02T01:02:14","slug":"ordskvidirnir-10-kafli","status":"publish","type":"page","link":"https:\/\/biblian.is\/videy\/ordskvidirnir-10-kafli\/","title":{"rendered":"Or\u00f0skvi\u00f0irnir 10. kafli"},"content":{"rendered":"<div class=\"fyrirsognVidey\">\u00ddmisleg sannm\u00e6li.<\/div>\n<p><a name=\"1\"><span class=\"versanumer\">1<\/span><\/a>Vitur sonur gle\u00f0ur sinn f\u00f6\u00f0ur, en f\u00e1v\u00eds sonur er raun m\u00f3\u00f0ur sinnar,<a name=\"2\"><span class=\"versanumer\">2<\/span><\/a>rangfengi\u00f0 f\u00e9 sto\u00f0ar ekki, en r\u00e9ttl\u00e6ti frelsar fr\u00e1 dau\u00f0anum.<a name=\"3\"><span class=\"versanumer\">3<\/span><\/a>Drottinn l\u00e6tur ei s\u00e1lu hins r\u00e9ttl\u00e1ta hungra, en hann se\u00f0ur ekki gr\u00e6\u00f0gi hinna \u00f3gu\u00f0legu.<a name=\"4\"><span class=\"versanumer\">4<\/span><\/a>Snau\u00f0ur ver\u00f0ur s\u00e1 sem erfi\u00f0ar me\u00f0 slakri h\u00f6nd; en h\u00f6nd hins i\u00f0jusama gj\u00f6rir hann r\u00edkan.<a name=\"5\"><span class=\"versanumer\">5<\/span><\/a>S\u00e1 sem safnar \u00e1 sumrinu er frams\u00fdnn sonur; en s\u00e1 sem sefur fast \u00e1 uppskerut\u00edmanum er sl\u00e6mur sonur,<a name=\"6\"><span class=\"versanumer\">6<\/span><\/a>blessan er yfir h\u00f6f\u00f0i hins r\u00e9ttl\u00e1ta, en ofbeldi afturbyrgir munn hinna \u00f3gu\u00f0legu.<a name=\"7\"><span class=\"versanumer\">7<\/span><\/a>Minning r\u00e9ttl\u00e1tra er \u00ed blessan, en nafn \u00f3gu\u00f0r\u00e6kinna f\u00fanar.<a name=\"8\"><span class=\"versanumer\">8<\/span><\/a>S\u00e1 sem er hygginn af hjarta, me\u00f0tekur bo\u00f0or\u00f0in; en varanna heimska steypir \u00ed gl\u00f6tun.<a name=\"9\"><span class=\"versanumer\">9<\/span><\/a>S\u00e1 sem r\u00e1\u00f0vandlega gengur, hann gengur \u00f3hult, en s\u00e1 e\u00f0 rangsn\u00fdr s\u00ednum vegum, mun uppv\u00eds ver\u00f0a,<a name=\"10\"><span class=\"versanumer\">10<\/span><\/a>hv\u00f6r sem deplar me\u00f0 augunum, s\u00e1 ollir m\u00e6\u00f0u, og varanna heimska steypir \u00ed \u00f3lukku.<a name=\"11\"><span class=\"versanumer\">11<\/span><\/a>Munnur hins r\u00e9ttl\u00e1ta er l\u00edfsins uppspretta, en ofbeldi afturbyrgir munn hinna \u00f3gu\u00f0legu,<a name=\"12\"><span class=\"versanumer\">12<\/span><\/a>hatur vekur deilur, en k\u00e6rleikurinn dregur fj\u00f6\u00f0ur yfir allar yfirtro\u00f0slur.<a name=\"13\"><span class=\"versanumer\">13<\/span><\/a>\u00c1 v\u00f6rum hins hyggna finnst v\u00edsd\u00f3mur; en baki hins f\u00e1v\u00edsa h\u00e6fir v\u00f6ndurinn.<a name=\"14\"><span class=\"versanumer\">14<\/span><\/a>\u00deeir v\u00edsu fara spart me\u00f0 s\u00edna \u00feekkingu, en heimskingjans munnur getur ei \u00feaga\u00f0.<a name=\"15\"><span class=\"versanumer\">15<\/span><\/a>Au\u00f0ur hins r\u00edka er honum v\u00edgi, en f\u00e1t\u00e6kt hinna snau\u00f0u er \u00feeirra hrun,<a name=\"16\"><span class=\"versanumer\">16<\/span><\/a>erfi\u00f0i r\u00e9ttl\u00e1tra er til l\u00edfsins, inntekt \u00f3gu\u00f0legra er til falls.<a name=\"17\"><span class=\"versanumer\">17<\/span><\/a>A\u00f0 muna til uppfr\u00e6\u00f0ingarinnar er vegurinn til l\u00edfsins, en en s\u00e1 villist sem yfirgefur umv\u00f6ndunina.<a name=\"18\"><span class=\"versanumer\">18<\/span><\/a>S\u00e1 sem dylur hatur, hefir lygavarir, og s\u00e1 sem \u00fatbrei\u00f0ir vont rikti, hann er d\u00e1ri.<a name=\"19\"><span class=\"versanumer\">19<\/span><\/a>Hvar m\u00f6rg or\u00f0 eru t\u00f6lu\u00f0, vantar ekki yfirtro\u00f0slur, en s\u00e1 er hygginn sem fer spart me\u00f0 sinn munn.<a name=\"20\"><span class=\"versanumer\">20<\/span><\/a>Tunga hins r\u00e9ttl\u00e1ta er \u00fatvali\u00f0 silfur, en hjarta hins \u00f3gu\u00f0lega er einkisvert.<a name=\"21\"><span class=\"versanumer\">21<\/span><\/a>Varir r\u00e9ttl\u00e1tra eru margra atvinna, en d\u00e1rarnir deyja af heimsku.<a name=\"22\"><span class=\"versanumer\">22<\/span><\/a>Drottins blessa h\u00fan au\u00f0gar, b\u00e6tir ei m\u00e6\u00f0u \u00fear vi\u00f0.<a name=\"23\"><span class=\"versanumer\">23<\/span><\/a>D\u00e1ranum er \u00fea\u00f0 gaman, a\u00f0 hann gj\u00f6rir skammarlegt verk, en v\u00edsd\u00f3mur, \u00feeim frams\u00fdna manni.<a name=\"24\"><span class=\"versanumer\">24<\/span><\/a>\u00dea\u00f0 sem s\u00e1 \u00f3gu\u00f0legi hr\u00e6\u00f0ist, mun yfir hann koma, Gu\u00f0 mun gefa \u00feeim r\u00e9ttl\u00e1tu \u00fea\u00f0 sem \u00feeir girnast.<a name=\"25\"><span class=\"versanumer\">25<\/span><\/a>Eins og hvirfilvindur, svo er s\u00e1 \u00f3gu\u00f0legi ekki framar, en hinn r\u00e9ttl\u00e1ti hefir eil\u00edfan grundv\u00f6ll.<a name=\"26\"><span class=\"versanumer\">26<\/span><\/a>\u00dea\u00f0 sem edik er fyrir t\u00f6nnurnar, og reykur fyrir augun, \u00fea\u00f0 er hinn lati fyrir \u00fe\u00e1 sem hann senda.<a name=\"27\"><span class=\"versanumer\">27<\/span><\/a>\u00d3tti Drottins lengir l\u00edfdagana, en \u00e1r \u00f3gu\u00f0legra styttast.<a name=\"28\"><span class=\"versanumer\">28<\/span><\/a>Eftirbi\u00f0 r\u00e9ttl\u00e1tra er f\u00f6gnu\u00f0ur, en von \u00f3gu\u00f0legra fyrirferst.<a name=\"29\"><span class=\"versanumer\">29<\/span><\/a>Drottins vegur, <span class='VideyAth'>(tr\u00fain)<\/span> er v\u00edgi hins r\u00e9ttfinnanda, en skelfing fyrir \u00fe\u00e1 sem \u00f3r\u00e9tt a\u00f0hafast.<a name=\"30\"><span class=\"versanumer\">30<\/span><\/a>S\u00e1 r\u00e9ttl\u00e1ti bifast ekki a\u00f0 eil\u00edfu, en \u00feeir \u00f3gu\u00f0legu skulu ekki b\u00faa \u00ed landinu.<a name=\"31\"><span class=\"versanumer\">31<\/span><\/a>Munnur hins r\u00e9ttl\u00e1ta framber v\u00edsd\u00f3m, en falskar tungur skulu uppr\u00e6ttar ver\u00f0a.<a name=\"32\"><span class=\"versanumer\">32<\/span><\/a>Varir hins r\u00e9ttl\u00e1ta \u00feekkja a\u00f0eins \u00fea\u00f0 \u00fe\u00e6gilega; en munnur hinna \u00f3gu\u00f0legu \u00fea\u00f0 fr\u00e1leita.<\/p>\n<div class=\"footnoteVidey\"><\/div>\n","protected":false},"excerpt":{"rendered":"<p>\u00ddmisleg sannm\u00e6li. 1Vitur sonur gle\u00f0ur sinn f\u00f6\u00f0ur, en f\u00e1v\u00eds sonur er raun m\u00f3\u00f0ur sinnar,2rangfengi\u00f0 f\u00e9 sto\u00f0ar ekki, en r\u00e9ttl\u00e6ti frelsar fr\u00e1 dau\u00f0anum.3Drottinn l\u00e6tur ei s\u00e1lu hins r\u00e9ttl\u00e1ta hungra, en hann se\u00f0ur ekki gr\u00e6\u00f0gi hinna \u00f3gu\u00f0legu.4Snau\u00f0ur ver\u00f0ur s\u00e1 sem erfi\u00f0ar me\u00f0 slakri h\u00f6nd; en h\u00f6nd hins i\u00f0jusama gj\u00f6rir hann r\u00edkan.5S\u00e1 sem safnar \u00e1 sumrinu er frams\u00fdnn sonur; en s\u00e1 sem sefur fast \u00e1 uppskerut\u00edmanum er sl\u00e6mur sonur,6blessan er yfir h\u00f6f\u00f0i hins r\u00e9ttl\u00e1ta, en ofbeldi afturbyrgir munn hinna \u00f3gu\u00f0legu.7Minning r\u00e9ttl\u00e1tra er \u00ed blessan, en nafn \u00f3gu\u00f0r\u00e6kinna f\u00fanar.8S\u00e1 sem er hygginn af hjarta, me\u00f0tekur bo\u00f0or\u00f0in; en varanna heimska steypir \u00ed gl\u00f6tun.9S\u00e1 sem r\u00e1\u00f0vandlega <a href=\"https:\/\/biblian.is\/videy\/ordskvidirnir-10-kafli\/\"> [&#8230;]<\/a><\/p>\n","protected":false},"author":1,"featured_media":0,"parent":0,"menu_order":0,"comment_status":"open","ping_status":"open","template":"bibliukaflar.php","meta":{"footnotes":""},"class_list":["post-21487","page","type-page","status-publish","hentry"],"_links":{"self":[{"href":"https:\/\/biblian.is\/videy\/wp-json\/wp\/v2\/pages\/21487","targetHints":{"allow":["GET"]}}],"collection":[{"href":"https:\/\/biblian.is\/videy\/wp-json\/wp\/v2\/pages"}],"about":[{"href":"https:\/\/biblian.is\/videy\/wp-json\/wp\/v2\/types\/page"}],"author":[{"embeddable":true,"href":"https:\/\/biblian.is\/videy\/wp-json\/wp\/v2\/users\/1"}],"replies":[{"embeddable":true,"href":"https:\/\/biblian.is\/videy\/wp-json\/wp\/v2\/comments?post=21487"}],"version-history":[{"count":0,"href":"https:\/\/biblian.is\/videy\/wp-json\/wp\/v2\/pages\/21487\/revisions"}],"wp:attachment":[{"href":"https:\/\/biblian.is\/videy\/wp-json\/wp\/v2\/media?parent=21487"}],"curies":[{"name":"wp","href":"https:\/\/api.w.org\/{rel}","templated":true}]}}