{"id":21485,"date":"2018-01-02T01:02:14","date_gmt":"2018-01-02T01:02:14","guid":{"rendered":"http:\/\/biblian.is\/videy\/ordskvidirnir-8-kafli\/"},"modified":"2018-01-02T01:02:14","modified_gmt":"2018-01-02T01:02:14","slug":"ordskvidirnir-8-kafli","status":"publish","type":"page","link":"https:\/\/biblian.is\/videy\/ordskvidirnir-8-kafli\/","title":{"rendered":"Or\u00f0skvi\u00f0irnir 8. kafli"},"content":{"rendered":"<div class=\"fyrirsognVidey\">Hr\u00f3s spekinnar.<\/div>\n<p><a name=\"1\"><span class=\"versanumer\">1<\/span><\/a>Kallar spekin ekki? l\u00e6tur ei viskan s\u00edna raust heyra?<a name=\"2\"><span class=\"versanumer\">2<\/span><\/a>H\u00fan stendur \u00e1 tindum \u00feeirra h\u00e1u fjalla, hj\u00e1 vegunum, vi\u00f0 h\u00fasin, og \u00e1 krossg\u00f6tum.<a name=\"3\"><span class=\"versanumer\">3<\/span><\/a>H\u00fan kallar h\u00e1tt vi\u00f0 portin, vi\u00f0 innganginn til sta\u00f0arins, hvar menn ganga inn um dyrnar:<a name=\"4\"><span class=\"versanumer\">4<\/span><\/a>Vi\u00f0 y\u00f0ur tala eg, \u00fe\u00e9r menn! og m\u00edn raust hlj\u00f3mar til mannanna barna.<a name=\"5\"><span class=\"versanumer\">5<\/span><\/a>\u00de\u00e9r heimskingjar! l\u00e6ri\u00f0 hyggindi, \u00fe\u00e9r f\u00e1v\u00edsir! l\u00e6ri\u00f0 frams\u00fdni.<a name=\"6\"><span class=\"versanumer\">6<\/span><\/a>Hlusti\u00f0 \u00e1, \u00fev\u00ed skiljanlega hluti vil eg tala, og eg opna m\u00ednar varir til a\u00f0 tala einl\u00e6gni.<a name=\"7\"><span class=\"versanumer\">7<\/span><\/a>\u00dev\u00ed sannleika m\u00e6lir minn munnur, og \u00f3gu\u00f0legleiki er vi\u00f0bj\u00f3\u00f0ur m\u00ednum v\u00f6rum.<a name=\"8\"><span class=\"versanumer\">8<\/span><\/a>Hispurslaus eru \u00f6ll or\u00f0 m\u00edns munns; \u00ed \u00feeim er ekkert aflaga\u00f0 e\u00f0a rangsn\u00fai\u00f0.<a name=\"9\"><span class=\"versanumer\">9<\/span><\/a>\u00deau eru \u00f6ll skiljanleg \u00feeim hyggna, og lj\u00f3s fyrir \u00fe\u00e1 sem komnir eru til \u00feekkingar.<a name=\"10\"><span class=\"versanumer\">10<\/span><\/a>Me\u00f0taki\u00f0 minn l\u00e6rd\u00f3m, og ekki silfur, og meti\u00f0 fr\u00f3\u00f0leik meir en <span class='VideyAth'>(einvala)<\/span> besta gull,<a name=\"11\"><span class=\"versanumer\">11<\/span><\/a>\u00fev\u00ed viskan er betri en perlur og allir d\u00fdrgripir jafnast ei vi\u00f0 hana. <br \/><a name=\"12\"><span class=\"versanumer\">12<\/span><\/a>Eg viska, b\u00fd hj\u00e1 hyggninni, og hugsunarsama \u00feekkingu finn eg.<a name=\"13\"><span class=\"versanumer\">13<\/span><\/a>\u00d3tti Drottins er a\u00f0 hata illt, drambl\u00e6ti, metna\u00f0 og vonda vegi, og \u00feann munn, sem talar rangsn\u00fana hluti hata eg.<a name=\"14\"><span class=\"versanumer\">14<\/span><\/a>Hj\u00e1 m\u00e9r er r\u00e1\u00f0deild og sta\u00f0festa, eg er vit og hyggni, og hefi styrkleika.<a name=\"15\"><span class=\"versanumer\">15<\/span><\/a>K\u00f3ngarnir eiga m\u00e9r a\u00f0 \u00feakka a\u00f0 \u00feeir r\u00edkja, furstarnir, a\u00f0 \u00feeir ni\u00f0urskipa r\u00e9ttinum,<a name=\"16\"><span class=\"versanumer\">16<\/span><\/a>stj\u00f3rnendur a\u00f0 \u00feeir drottna og h\u00f6f\u00f0ingjarnir, og allir d\u00f3marar \u00e1 j\u00f6r\u00f0unni.<a name=\"17\"><span class=\"versanumer\">17<\/span><\/a>Eg elska \u00fe\u00e1 sem mig elska, og \u00feeir finna mig sem leita.<a name=\"18\"><span class=\"versanumer\">18<\/span><\/a>Au\u00f0ur og hei\u00f0ur er hj\u00e1 m\u00e9r, \u00e1litleg velmegan og rausn.<a name=\"19\"><span class=\"versanumer\">19<\/span><\/a>Minn \u00e1v\u00f6xtur er betri en gull, en hi\u00f0 sk\u00edrasta gull, og m\u00edn inntekt betri en \u00fatvali\u00f0 silfur.<a name=\"20\"><span class=\"versanumer\">20<\/span><\/a>Eg geng \u00e1 r\u00e9ttl\u00e6tisins vegi, mitt \u00e1 r\u00e9ttarins g\u00f6tu,<a name=\"21\"><span class=\"versanumer\">21<\/span><\/a>til a\u00f0 \u00fatvega \u00feeim velmegan sem elska mig, og fylla \u00feeirra for\u00f0ab\u00far. <br \/><a name=\"22\"><span class=\"versanumer\">22<\/span><\/a>Drottinn tilreiddi mig sem byrjun sinna vega, \u00e1\u00f0ur en hann byrja\u00f0i sitt verk.<a name=\"23\"><span class=\"versanumer\">23<\/span><\/a>Fr\u00e1 eil\u00edf\u00f0 er eg smur\u00f0 <span class='VideyAth'>(sem drottning)<\/span>, fr\u00e1 byrjun, fyrri en j\u00f6r\u00f0in var til.<a name=\"24\"><span class=\"versanumer\">24<\/span><\/a>Eg em f\u00e6dd, \u00fe\u00e1 undirdj\u00fapin voru enn ekki, \u00fe\u00e1 lindirnar, \u00feunga\u00f0ar af vatni, voru ekki til.<a name=\"25\"><span class=\"versanumer\">25<\/span><\/a>\u00c1\u00f0ur en fj\u00f6llin voru ni\u00f0url\u00e1tin, \u00e1\u00f0ur en h\u00e6\u00f0irnar ur\u00f0u til, er eg f\u00e6dd.<a name=\"26\"><span class=\"versanumer\">26<\/span><\/a>Gu\u00f0 haf\u00f0i enn \u00fe\u00e1 ekki skapa\u00f0 landi\u00f0 e\u00f0a ey\u00f0imerkurnar, e\u00f0a h\u00f6fu\u00f0 jar\u00f0arduftsins <span class='VideyAth'>(manninn)<\/span>.<a name=\"27\"><span class=\"versanumer\">27<\/span><\/a>\u00deegar hann tilbj\u00f3 himininn, var eg hj\u00e1 honum, \u00feegar hann sirkla\u00f0i hring hafsins.<a name=\"28\"><span class=\"versanumer\">28<\/span><\/a>\u00deegar hann festi sk\u00fdin uppi, \u00fe\u00e1 hann gaf uppsprettum afgrunnsins, sinn vissa sta\u00f0.<a name=\"29\"><span class=\"versanumer\">29<\/span><\/a>\u00deegar hann setti hafinu s\u00edn f\u00f6stu takm\u00f6rk, a\u00f0 vatni\u00f0 ei fari yfir \u00feess br\u00fan; \u00feegar hann festi jar\u00f0arinnar grundv\u00f6ll.<a name=\"30\"><span class=\"versanumer\">30<\/span><\/a>\u00de\u00e1 var eg hj\u00e1 honum sem hans f\u00f3sturbarn, og eg var hans yndi dag hv\u00f6rn, og l\u00e9k m\u00e9r \u00e6t\u00ed\u00f0 fyrir hans augliti,<a name=\"31\"><span class=\"versanumer\">31<\/span><\/a>og n\u00fa leik eg \u00e1 hans jar\u00f0arhring, og hefi minn f\u00f6gnu\u00f0 af mannanna b\u00f6rnum.<br \/><a name=\"32\"><span class=\"versanumer\">32<\/span><\/a>Og n\u00fa b\u00f6rn, hl\u00fd\u00f0i\u00f0 m\u00e9r! \u00fev\u00ed s\u00e6lir eru \u00feeir sem g\u00e1 a\u00f0 m\u00ednum vegum,<a name=\"33\"><span class=\"versanumer\">33<\/span><\/a>hl\u00fd\u00f0i\u00f0 \u00e1 a\u00f0findni og ver\u00f0i\u00f0 hyggin, og sleppi\u00f0 henni ekki.<a name=\"34\"><span class=\"versanumer\">34<\/span><\/a>S\u00e6ll er s\u00e1 ma\u00f0ur sem heyrir mig, svo a\u00f0 hann daglega vakir vi\u00f0 m\u00ednar dyr, og gefur gaum a\u00f0 m\u00ednum dyrast\u00f6fum.<a name=\"35\"><span class=\"versanumer\">35<\/span><\/a>\u00dev\u00ed hv\u00f6r sem mig finnur s\u00e1 finnur l\u00edfi\u00f0, og f\u00e6r Drottins vel\u00fe\u00f3knan.<a name=\"36\"><span class=\"versanumer\">36<\/span><\/a>En hv\u00f6r sem missir m\u00edn, s\u00e1 mei\u00f0ir s\u00edna s\u00e1l, allir sem mig hata, elska dau\u00f0ann.<\/p>\n<div class=\"footnoteVidey\"><\/div>\n","protected":false},"excerpt":{"rendered":"<p>Hr\u00f3s spekinnar. 1Kallar spekin ekki? l\u00e6tur ei viskan s\u00edna raust heyra?2H\u00fan stendur \u00e1 tindum \u00feeirra h\u00e1u fjalla, hj\u00e1 vegunum, vi\u00f0 h\u00fasin, og \u00e1 krossg\u00f6tum.3H\u00fan kallar h\u00e1tt vi\u00f0 portin, vi\u00f0 innganginn til sta\u00f0arins, hvar menn ganga inn um dyrnar:4Vi\u00f0 y\u00f0ur tala eg, \u00fe\u00e9r menn! og m\u00edn raust hlj\u00f3mar til mannanna barna.5\u00de\u00e9r heimskingjar! l\u00e6ri\u00f0 hyggindi, \u00fe\u00e9r f\u00e1v\u00edsir! l\u00e6ri\u00f0 frams\u00fdni.6Hlusti\u00f0 \u00e1, \u00fev\u00ed skiljanlega hluti vil eg tala, og eg opna m\u00ednar varir til a\u00f0 tala einl\u00e6gni.7\u00dev\u00ed sannleika m\u00e6lir minn munnur, og \u00f3gu\u00f0legleiki er vi\u00f0bj\u00f3\u00f0ur m\u00ednum v\u00f6rum.8Hispurslaus eru \u00f6ll or\u00f0 m\u00edns munns; \u00ed \u00feeim er ekkert aflaga\u00f0 e\u00f0a rangsn\u00fai\u00f0.9\u00deau eru \u00f6ll skiljanleg \u00feeim hyggna, <a href=\"https:\/\/biblian.is\/videy\/ordskvidirnir-8-kafli\/\"> [&#8230;]<\/a><\/p>\n","protected":false},"author":1,"featured_media":0,"parent":0,"menu_order":0,"comment_status":"open","ping_status":"open","template":"bibliukaflar.php","meta":{"footnotes":""},"class_list":["post-21485","page","type-page","status-publish","hentry"],"_links":{"self":[{"href":"https:\/\/biblian.is\/videy\/wp-json\/wp\/v2\/pages\/21485","targetHints":{"allow":["GET"]}}],"collection":[{"href":"https:\/\/biblian.is\/videy\/wp-json\/wp\/v2\/pages"}],"about":[{"href":"https:\/\/biblian.is\/videy\/wp-json\/wp\/v2\/types\/page"}],"author":[{"embeddable":true,"href":"https:\/\/biblian.is\/videy\/wp-json\/wp\/v2\/users\/1"}],"replies":[{"embeddable":true,"href":"https:\/\/biblian.is\/videy\/wp-json\/wp\/v2\/comments?post=21485"}],"version-history":[{"count":0,"href":"https:\/\/biblian.is\/videy\/wp-json\/wp\/v2\/pages\/21485\/revisions"}],"wp:attachment":[{"href":"https:\/\/biblian.is\/videy\/wp-json\/wp\/v2\/media?parent=21485"}],"curies":[{"name":"wp","href":"https:\/\/api.w.org\/{rel}","templated":true}]}}