{"id":21484,"date":"2018-01-02T01:02:14","date_gmt":"2018-01-02T01:02:14","guid":{"rendered":"http:\/\/biblian.is\/videy\/ordskvidirnir-7-kafli\/"},"modified":"2018-01-02T01:02:14","modified_gmt":"2018-01-02T01:02:14","slug":"ordskvidirnir-7-kafli","status":"publish","type":"page","link":"https:\/\/biblian.is\/videy\/ordskvidirnir-7-kafli\/","title":{"rendered":"Or\u00f0skvi\u00f0irnir 7. kafli"},"content":{"rendered":"<div class=\"fyrirsognVidey\">Vi\u00f0v\u00f6run til unglinga m\u00f3ti lausl\u00e6ti.<\/div>\n<p><a name=\"1\"><span class=\"versanumer\">1<\/span><\/a>Son minn! var\u00f0veit m\u00edn or\u00f0, og geym \u00fe\u00fa hj\u00e1 \u00fe\u00e9r m\u00edn bo\u00f0.<a name=\"2\"><span class=\"versanumer\">2<\/span><\/a>Var\u00f0veittu m\u00edn bo\u00f0or\u00f0 a\u00f0 \u00fe\u00fa lifir, og m\u00edna tils\u00f6gn, sem \u00feinn augnastein.<a name=\"3\"><span class=\"versanumer\">3<\/span><\/a>Bind \u00fe\u00fa \u00feau \u00e1 \u00fe\u00edna fingur, skrifa \u00fe\u00fa \u00feau \u00e1 t\u00f6flu \u00fe\u00edns hjarta.<a name=\"4\"><span class=\"versanumer\">4<\/span><\/a>Seg\u00f0u vi\u00f0 spekina: \u00fe\u00fa ert m\u00edn systir, og kalla \u00fe\u00fa frams\u00fdnina \u00fe\u00edna fr\u00e6ndkonu,<a name=\"5\"><span class=\"versanumer\">5<\/span><\/a>svo a\u00f0 h\u00fan var\u00f0veiti \u00feig fr\u00e1 annarlegri konu, fr\u00e1 \u00feeirri \u00fatlendu, sem er svo sl\u00e9ttor\u00f0. <br \/><a name=\"6\"><span class=\"versanumer\">6<\/span><\/a>Eg leit \u00fat af m\u00ednum glugga, gegnum grindverki\u00f0;<a name=\"7\"><span class=\"versanumer\">7<\/span><\/a>eg leit til \u00feeirra heimsku; eg var\u00f0 var vi\u00f0 ungann mann me\u00f0al sonanna, sem var fr\u00e1 vitinu;<a name=\"8\"><span class=\"versanumer\">8<\/span><\/a>hann gekk um str\u00e6ti\u00f0 a\u00f0 horninu \u00e1 hennar h\u00fasi og \u00e6tla\u00f0i a\u00f0 ganga framhj\u00e1 \u00fev\u00ed,<a name=\"9\"><span class=\"versanumer\">9<\/span><\/a>\u00ed r\u00f6kkrinu um kv\u00f6ldi\u00f0, um mi\u00f0n\u00e6ttisleiti, \u00ed dimmu.<a name=\"10\"><span class=\"versanumer\">10<\/span><\/a>Og sj\u00e1 \u00fe\u00fa, a\u00f0 kona nokkur m\u00e6tti honum, b\u00fain sem sk\u00e6kja og undirf\u00f6rul \u00ed s\u00ednu hjarta.<a name=\"11\"><span class=\"versanumer\">11<\/span><\/a>H\u00fan \u00f3lma\u00f0ist og r\u00e9\u00f0i s\u00e9r ekki; hennar f\u00e6tur tolldu ekki \u00ed hennar h\u00fasi,<a name=\"12\"><span class=\"versanumer\">12<\/span><\/a>stundum er h\u00fan \u00e1 str\u00e6tum, stundum \u00e1 torgum, og umsitur \u00e1 hv\u00f6rju <span class='VideyAth'>(str\u00e6tis)<\/span>horni.<a name=\"13\"><span class=\"versanumer\">13<\/span><\/a>H\u00fan n\u00e1\u00f0i \u00ed hann og kyssti hann, og \u00f3sv\u00edfin <span class='VideyAth'>(\u00ed brag\u00f0i)<\/span> m\u00e6lti h\u00fan vi\u00f0 hann:<a name=\"14\"><span class=\"versanumer\">14<\/span><\/a>eg var skuldug um \u00feakkarf\u00f3rn; \u00ed dag hefi eg goldi\u00f0 mitt heit;<a name=\"15\"><span class=\"versanumer\">15<\/span><\/a>\u00fev\u00ed f\u00f3r eg \u00fat a\u00f0 hitta \u00feig, og eg leita\u00f0i \u00fe\u00edns andlitis og eg hefi fundi\u00f0 \u00feig.<a name=\"16\"><span class=\"versanumer\">16<\/span><\/a>Me\u00f0 \u00e1brei\u00f0um hefi eg pr\u00fdtt m\u00edna s\u00e6ng ,me\u00f0 mislitum tj\u00f6ldum \u00far egypsku l\u00edni.<a name=\"17\"><span class=\"versanumer\">17<\/span><\/a>Eg hefi str\u00e1\u00f0 yfir mitt r\u00fam myrru, aloe og kanel.<a name=\"18\"><span class=\"versanumer\">18<\/span><\/a>Kom \u00fe\u00fa! vi\u00f0 skulum af \u00e1stum drukkin ver\u00f0a allt til morguns, vi\u00f0 skulum gle\u00f0jast af miklum bl\u00ed\u00f0l\u00e1tum,<a name=\"19\"><span class=\"versanumer\">19<\/span><\/a>\u00fev\u00ed ma\u00f0urinn minn er ekki heima, hann er farinn \u00ed langfer\u00f0.<a name=\"20\"><span class=\"versanumer\">20<\/span><\/a>Hann t\u00f3k me\u00f0 s\u00e9r peninga pyngjuna; \u00e1 tunglkomuh\u00e1t\u00ed\u00f0inni mun hann \u00ed fyrsta lagi heim koma.<a name=\"21\"><span class=\"versanumer\">21<\/span><\/a>Me\u00f0 fort\u00f6lum s\u00ednum beyg\u00f0i h\u00fan hann, og lokka\u00f0i hann me\u00f0 s\u00ednum smja\u00f0randi v\u00f6rum.<a name=\"22\"><span class=\"versanumer\">22<\/span><\/a>Hann skunda\u00f0i eftir henni, eins og nauti\u00f0 kemur til sl\u00e1trunarbekksins, og <span class='VideyAth'>(eins og hlekkir koma til hegningar n\u00ed\u00f0ingnum)<\/span>.<a name=\"23\"><span class=\"versanumer\">23<\/span><\/a>\u00deanga\u00f0 til p\u00edlan fer \u00ed gegnum hans lifur, eins og fugl hra\u00f0ar s\u00e9r \u00ed sn\u00f6runa, og veit ei a\u00f0 \u00fea\u00f0 kostar hans l\u00edf. <br \/><a name=\"24\"><span class=\"versanumer\">24<\/span><\/a>Svo heyri\u00f0 mig n\u00fa, m\u00edn b\u00f6rn! og taki\u00f0 eftir or\u00f0um m\u00edns munns.<a name=\"25\"><span class=\"versanumer\">25<\/span><\/a>L\u00e1t \u00feitt hjarta ei teygjast \u00e1 hennar veg, gakk \u00fe\u00fa ekki \u00e1 hennar g\u00f6tum.<a name=\"26\"><span class=\"versanumer\">26<\/span><\/a>\u00dev\u00ed marga hefir h\u00fan s\u00e6rt og fellt, og margir eru \u00feeir sem h\u00fan hefir drepi\u00f0.<a name=\"27\"><span class=\"versanumer\">27<\/span><\/a>Vegur til helju er hennar h\u00fas, \u00fear er lei\u00f0in ni\u00f0ur til dau\u00f0ans herbergja.<\/p>\n<div class=\"footnoteVidey\">V. 22. A\u00f0rir: eins og hj\u00f6rturinn st\u00f6kkur \u00ed neti\u00f0.<\/div>\n","protected":false},"excerpt":{"rendered":"<p>Vi\u00f0v\u00f6run til unglinga m\u00f3ti lausl\u00e6ti. 1Son minn! var\u00f0veit m\u00edn or\u00f0, og geym \u00fe\u00fa hj\u00e1 \u00fe\u00e9r m\u00edn bo\u00f0.2Var\u00f0veittu m\u00edn bo\u00f0or\u00f0 a\u00f0 \u00fe\u00fa lifir, og m\u00edna tils\u00f6gn, sem \u00feinn augnastein.3Bind \u00fe\u00fa \u00feau \u00e1 \u00fe\u00edna fingur, skrifa \u00fe\u00fa \u00feau \u00e1 t\u00f6flu \u00fe\u00edns hjarta.4Seg\u00f0u vi\u00f0 spekina: \u00fe\u00fa ert m\u00edn systir, og kalla \u00fe\u00fa frams\u00fdnina \u00fe\u00edna fr\u00e6ndkonu,5svo a\u00f0 h\u00fan var\u00f0veiti \u00feig fr\u00e1 annarlegri konu, fr\u00e1 \u00feeirri \u00fatlendu, sem er svo sl\u00e9ttor\u00f0. 6Eg leit \u00fat af m\u00ednum glugga, gegnum grindverki\u00f0;7eg leit til \u00feeirra heimsku; eg var\u00f0 var vi\u00f0 ungann mann me\u00f0al sonanna, sem var fr\u00e1 vitinu;8hann gekk um str\u00e6ti\u00f0 a\u00f0 horninu \u00e1 hennar h\u00fasi og \u00e6tla\u00f0i <a href=\"https:\/\/biblian.is\/videy\/ordskvidirnir-7-kafli\/\"> [&#8230;]<\/a><\/p>\n","protected":false},"author":1,"featured_media":0,"parent":0,"menu_order":0,"comment_status":"open","ping_status":"open","template":"bibliukaflar.php","meta":{"footnotes":""},"class_list":["post-21484","page","type-page","status-publish","hentry"],"_links":{"self":[{"href":"https:\/\/biblian.is\/videy\/wp-json\/wp\/v2\/pages\/21484","targetHints":{"allow":["GET"]}}],"collection":[{"href":"https:\/\/biblian.is\/videy\/wp-json\/wp\/v2\/pages"}],"about":[{"href":"https:\/\/biblian.is\/videy\/wp-json\/wp\/v2\/types\/page"}],"author":[{"embeddable":true,"href":"https:\/\/biblian.is\/videy\/wp-json\/wp\/v2\/users\/1"}],"replies":[{"embeddable":true,"href":"https:\/\/biblian.is\/videy\/wp-json\/wp\/v2\/comments?post=21484"}],"version-history":[{"count":0,"href":"https:\/\/biblian.is\/videy\/wp-json\/wp\/v2\/pages\/21484\/revisions"}],"wp:attachment":[{"href":"https:\/\/biblian.is\/videy\/wp-json\/wp\/v2\/media?parent=21484"}],"curies":[{"name":"wp","href":"https:\/\/api.w.org\/{rel}","templated":true}]}}