{"id":21483,"date":"2018-01-02T01:02:14","date_gmt":"2018-01-02T01:02:14","guid":{"rendered":"http:\/\/biblian.is\/videy\/ordskvidirnir-6-kafli\/"},"modified":"2018-01-02T01:02:14","modified_gmt":"2018-01-02T01:02:14","slug":"ordskvidirnir-6-kafli","status":"publish","type":"page","link":"https:\/\/biblian.is\/videy\/ordskvidirnir-6-kafli\/","title":{"rendered":"Or\u00f0skvi\u00f0irnir 6. kafli"},"content":{"rendered":"<div class=\"fyrirsognVidey\">Vi\u00f0v\u00f6run, a\u00f0 ganga \u00ed borgun, vi\u00f0 leti, falsi og fleirum gl\u00e6pum.<\/div>\n<p><a name=\"1\"><span class=\"versanumer\">1<\/span><\/a>Minn son! hafir \u00fe\u00fa gengi\u00f0 \u00ed borgun fyrir \u00feinn n\u00e1unga, hafir \u00fe\u00fa gefi\u00f0 h\u00f6nd fyrir framandi mann,<a name=\"2\"><span class=\"versanumer\">2<\/span><\/a>s\u00e9rtu bundinn af or\u00f0i \u00fe\u00edns munns, fanga\u00f0ur af tali \u00fe\u00edns munns:<a name=\"3\"><span class=\"versanumer\">3<\/span><\/a>svo gj\u00f6r \u00feetta, minn son! og losa \u00feig, \u00fev\u00ed \u00fe\u00fa ert kominn \u00e1 vald \u00fe\u00edns n\u00e1unga; far\u00f0u! r\u00edf\u00f0u \u00feig lausan, og leg\u00f0u a\u00f0 \u00fe\u00ednum n\u00e1unga!<a name=\"4\"><span class=\"versanumer\">4<\/span><\/a>leyf\u00f0u \u00fe\u00ednum augum engan svefn, n\u00e9 \u00fe\u00ednum augnalokum blund!<a name=\"5\"><span class=\"versanumer\">5<\/span><\/a>losa\u00f0u \u00feig eins og r\u00e1d\u00fdr \u00far vei\u00f0imannsins hendi, og sem fugl \u00far fuglafangarans hendi!<a name=\"6\"><span class=\"versanumer\">6<\/span><\/a>\u00de\u00fa letingi! far\u00f0u til maursins, og sj\u00e1\u00f0u hans h\u00e1ttu, og ver\u00f0 hygginn.<a name=\"7\"><span class=\"versanumer\">7<\/span><\/a>\u00de\u00f3 hann hafi engan h\u00f6f\u00f0ingja, yfirbo\u00f0a e\u00f0a herra,<a name=\"8\"><span class=\"versanumer\">8<\/span><\/a>\u00fatvegar hann s\u00e9r samt for\u00f0a \u00e1 sumrum, safnar s\u00e9r atvinnu \u00e1 haustin.<a name=\"9\"><span class=\"versanumer\">9<\/span><\/a>\u00de\u00fa letingi! \u00e6tlar \u00fe\u00fa lengi a\u00f0 liggja? n\u00e6r \u00e6tlar \u00fe\u00fa a\u00f0 vakna?<a name=\"10\"><span class=\"versanumer\">10<\/span><\/a>\u00de\u00fa segir: \u201eeg ver\u00f0 enn n\u00fa a\u00f0 sofa d\u00e1l\u00edti\u00f0, blunda l\u00edti\u00f0, liggja fyrir svol\u00edti\u00f0 me\u00f0 samanl\u00f6g\u00f0um h\u00f6ndum\u201c.<a name=\"11\"><span class=\"versanumer\">11<\/span><\/a>En \u00fe\u00e1 skal l\u00edka f\u00e1t\u00e6ktin koma yfir \u00feig sem r\u00e6ningi, skorturinn yfir \u00feig sem herma\u00f0ur. <br \/><a name=\"12\"><span class=\"versanumer\">12<\/span><\/a>\u00d3r\u00e6stisma\u00f0ur er s\u00e1 falski, sem gengur eftir vanart s\u00edns munns;<a name=\"13\"><span class=\"versanumer\">13<\/span><\/a>hann deplar me\u00f0 augunum, gefur merki me\u00f0 s\u00ednum f\u00f3tum og bendir me\u00f0 s\u00ednum fingri.<a name=\"14\"><span class=\"versanumer\">14<\/span><\/a>\u00d6fugstreymi er \u00ed hans hjarta; hann upphugsar illt \u00e1 hv\u00f6rri stundu; hann kemur \u00e1 sta\u00f0 \u00fer\u00e6tum.<a name=\"15\"><span class=\"versanumer\">15<\/span><\/a>\u00dev\u00ed skal hans \u00f3lukka sn\u00f6gglega koma; \u00e1 augnabliki skal hann sundurmolast, og engin l\u00e6kning f\u00e1st. <br \/><a name=\"16\"><span class=\"versanumer\">16<\/span><\/a>\u00deessa sex hluti hatar Drottinn; \u00feessir sj\u00f6 eru honum andstygg\u00f0:<a name=\"17\"><span class=\"versanumer\">17<\/span><\/a>drambs\u00f6m augu, lygin tunga, hendur sem \u00fathella saklausu bl\u00f3\u00f0i,<a name=\"18\"><span class=\"versanumer\">18<\/span><\/a>hjarta sem sm\u00ed\u00f0ar illar r\u00e1\u00f0agj\u00f6r\u00f0ir, f\u00e6tur sem me\u00f0 hra\u00f0a hlaupa til ens illa,<a name=\"19\"><span class=\"versanumer\">19<\/span><\/a>falsvitni sem talar lygi, og s\u00e1 sem kemur deilu \u00e1 sta\u00f0 me\u00f0al br\u00e6\u00f0ra. <br \/><a name=\"20\"><span class=\"versanumer\">20<\/span><\/a>Var\u00f0veit, minn son! bo\u00f0or\u00f0 f\u00f6\u00f0ur \u00fe\u00edns, og v\u00edk \u00fe\u00fa ekki fr\u00e1 tils\u00f6gn m\u00f3\u00f0ur \u00feinnar.<a name=\"21\"><span class=\"versanumer\">21<\/span><\/a>Bind \u00fe\u00fa \u00feau \u00e1 \u00feitt hjarta, hengdu \u00feau um \u00feinn h\u00e1ls.<a name=\"22\"><span class=\"versanumer\">22<\/span><\/a>\u00deegar \u00fe\u00fa gengur skulu \u00feau lei\u00f0a \u00feig; \u00feegar \u00fe\u00fa leggur \u00feig, skulu \u00feau vakta \u00feig, og \u00feegar \u00fe\u00fa vaknar skulu \u00feau tala vi\u00f0 \u00feig.<a name=\"23\"><span class=\"versanumer\">23<\/span><\/a>\u00dev\u00ed bo\u00f0or\u00f0i\u00f0 er skri\u00f0lj\u00f3s og tils\u00f6gnin lj\u00f3s, og uppfr\u00e6\u00f0ingarinnar umv\u00f6ndun er l\u00edfsins vegur,<a name=\"24\"><span class=\"versanumer\">24<\/span><\/a>svo \u00fe\u00fa ver\u00f0ir var\u00f0veittur fr\u00e1 vondri konu, fr\u00e1 \u00feeirri h\u00e1lu tungu hinnar \u00fatlendu;<a name=\"25\"><span class=\"versanumer\">25<\/span><\/a>haf \u00fe\u00fa ei lyst til hennar fr\u00ed\u00f0leika \u00ed \u00fe\u00ednu hjarta, og l\u00e1ttu hana ekki fanga \u00feig me\u00f0 s\u00ednum augum.<a name=\"26\"><span class=\"versanumer\">26<\/span><\/a>\u00dev\u00ed fyrir sk\u00e6kjunnar sakir, ney\u00f0ist ma\u00f0ur til a\u00f0 sn\u00edkja s\u00e9r brau\u00f0bita, og annars manns kona, s\u00e6kist eftir \u00fev\u00ed d\u00fdra l\u00edfi.<a name=\"27\"><span class=\"versanumer\">27<\/span><\/a>Getur nokkur l\u00e1ti\u00f0 svo eld \u00ed sinn barm, a\u00f0 hans kl\u00e6\u00f0i ekki brenni?<a name=\"28\"><span class=\"versanumer\">28<\/span><\/a>\u00c6tla nokkur geti svo gengi\u00f0 \u00e1 gl\u00f3\u00f0um, a\u00f0 hann brenni sig ekki \u00e1 f\u00f3tunum?<a name=\"29\"><span class=\"versanumer\">29<\/span><\/a>Svo fer og \u00feeim sem hefir m\u00f6k vi\u00f0 konu n\u00e1unga s\u00edns, enginn s\u00e1 ver\u00f0ur \u00f3straffa\u00f0ur sem hana snertir.<a name=\"30\"><span class=\"versanumer\">30<\/span><\/a>Menn v\u00e6gja ekki \u00fej\u00f3fnum, \u00fe\u00e1 hann stelur til a\u00f0 metta s\u00edna s\u00e1lu, af \u00fev\u00ed hann er hungra\u00f0ur.<a name=\"31\"><span class=\"versanumer\">31<\/span><\/a>Ver\u00f0i hann tekinn, betalar hann sj\u00f6falt, og missir allt g\u00f3ss s\u00edns h\u00fass.<a name=\"32\"><span class=\"versanumer\">32<\/span><\/a>S\u00e1 sem dr\u00fdgir h\u00f3r me\u00f0 konu, er fr\u00e1 vitinu, gj\u00f6ri s\u00e1 \u00fea\u00f0 sem vill tort\u00edna sinni s\u00e1lu.<a name=\"33\"><span class=\"versanumer\">33<\/span><\/a>H\u00f6gg og sm\u00e1n mun hann finna, og hans sk\u00f6mm ver\u00f0ur ekki afm\u00e1\u00f0!<a name=\"34\"><span class=\"versanumer\">34<\/span><\/a>\u00dev\u00ed vandl\u00e6ti upptendrar manninn, hann hl\u00edfir ekki \u00e1 hefndarinnar degi.<a name=\"35\"><span class=\"versanumer\">35<\/span><\/a>Hann \u00feiggur enga forl\u00edkun, og ver\u00f0ur ei fri\u00f0stilltur \u00fe\u00f3tt \u00fe\u00fa hr\u00fagir a\u00f0 honum g\u00e1fum.<\/p>\n<div class=\"footnoteVidey\"><\/div>\n","protected":false},"excerpt":{"rendered":"<p>Vi\u00f0v\u00f6run, a\u00f0 ganga \u00ed borgun, vi\u00f0 leti, falsi og fleirum gl\u00e6pum. 1Minn son! hafir \u00fe\u00fa gengi\u00f0 \u00ed borgun fyrir \u00feinn n\u00e1unga, hafir \u00fe\u00fa gefi\u00f0 h\u00f6nd fyrir framandi mann,2s\u00e9rtu bundinn af or\u00f0i \u00fe\u00edns munns, fanga\u00f0ur af tali \u00fe\u00edns munns:3svo gj\u00f6r \u00feetta, minn son! og losa \u00feig, \u00fev\u00ed \u00fe\u00fa ert kominn \u00e1 vald \u00fe\u00edns n\u00e1unga; far\u00f0u! r\u00edf\u00f0u \u00feig lausan, og leg\u00f0u a\u00f0 \u00fe\u00ednum n\u00e1unga!4leyf\u00f0u \u00fe\u00ednum augum engan svefn, n\u00e9 \u00fe\u00ednum augnalokum blund!5losa\u00f0u \u00feig eins og r\u00e1d\u00fdr \u00far vei\u00f0imannsins hendi, og sem fugl \u00far fuglafangarans hendi!6\u00de\u00fa letingi! far\u00f0u til maursins, og sj\u00e1\u00f0u hans h\u00e1ttu, og ver\u00f0 hygginn.7\u00de\u00f3 hann hafi engan h\u00f6f\u00f0ingja, yfirbo\u00f0a e\u00f0a <a href=\"https:\/\/biblian.is\/videy\/ordskvidirnir-6-kafli\/\"> [&#8230;]<\/a><\/p>\n","protected":false},"author":1,"featured_media":0,"parent":0,"menu_order":0,"comment_status":"open","ping_status":"open","template":"bibliukaflar.php","meta":{"footnotes":""},"class_list":["post-21483","page","type-page","status-publish","hentry"],"_links":{"self":[{"href":"https:\/\/biblian.is\/videy\/wp-json\/wp\/v2\/pages\/21483","targetHints":{"allow":["GET"]}}],"collection":[{"href":"https:\/\/biblian.is\/videy\/wp-json\/wp\/v2\/pages"}],"about":[{"href":"https:\/\/biblian.is\/videy\/wp-json\/wp\/v2\/types\/page"}],"author":[{"embeddable":true,"href":"https:\/\/biblian.is\/videy\/wp-json\/wp\/v2\/users\/1"}],"replies":[{"embeddable":true,"href":"https:\/\/biblian.is\/videy\/wp-json\/wp\/v2\/comments?post=21483"}],"version-history":[{"count":0,"href":"https:\/\/biblian.is\/videy\/wp-json\/wp\/v2\/pages\/21483\/revisions"}],"wp:attachment":[{"href":"https:\/\/biblian.is\/videy\/wp-json\/wp\/v2\/media?parent=21483"}],"curies":[{"name":"wp","href":"https:\/\/api.w.org\/{rel}","templated":true}]}}