{"id":21482,"date":"2018-01-02T01:02:14","date_gmt":"2018-01-02T01:02:14","guid":{"rendered":"http:\/\/biblian.is\/videy\/ordskvidirnir-5-kafli\/"},"modified":"2018-01-02T01:02:14","modified_gmt":"2018-01-02T01:02:14","slug":"ordskvidirnir-5-kafli","status":"publish","type":"page","link":"https:\/\/biblian.is\/videy\/ordskvidirnir-5-kafli\/","title":{"rendered":"Or\u00f0skvi\u00f0irnir 5. kafli"},"content":{"rendered":"<div class=\"fyrirsognVidey\">Vi\u00f0v\u00f6run vi\u00f0 h\u00f3rd\u00f3mi.<\/div>\n<p><a name=\"1\"><span class=\"versanumer\">1<\/span><\/a>Minn son! gef \u00fe\u00fa gaum a\u00f0 m\u00ednum v\u00edsd\u00f3mi; hneig \u00fe\u00edn eyru til minna hygginda,<a name=\"2\"><span class=\"versanumer\">2<\/span><\/a>svo a\u00f0 \u00fe\u00fa getir var\u00f0veitt hugsunarsemi, og \u00fe\u00ednar varir geymi \u00feekkingu. <br \/><a name=\"3\"><span class=\"versanumer\">3<\/span><\/a>\u00dev\u00ed a\u00f0 s\u00f6nnu dr\u00fdpur hunang af v\u00f6rum annarlegrar konu, og h\u00e1lli en vi\u00f0smj\u00f6r er hennar barki;<a name=\"4\"><span class=\"versanumer\">4<\/span><\/a>en hennar \u00fatganga er beiskari enn malurt, beitt eins og tv\u00edeggja\u00f0 sver\u00f0.<a name=\"5\"><span class=\"versanumer\">5<\/span><\/a>Hennar f\u00e6tur ganga ni\u00f0ur \u00e1 vi\u00f0 til dau\u00f0ans, hennar spor stefna til helju.<a name=\"6\"><span class=\"versanumer\">6<\/span><\/a>A\u00f0 h\u00fan gangi ei l\u00edfsins g\u00f6tu, reikar h\u00fan til og fr\u00e1; h\u00fan veit ei hv\u00f6rt.<a name=\"7\"><span class=\"versanumer\">7<\/span><\/a>Svo heyri\u00f0 mig n\u00fa, m\u00edn b\u00f6rn! og v\u00edki\u00f0 ekki fr\u00e1 tali m\u00edns munns!<a name=\"8\"><span class=\"versanumer\">8<\/span><\/a>L\u00e1t \u00feinn veg vera langt fr\u00e1 henni, og \u00fe\u00fa skalt ekki koma n\u00e1l\u00e6gt hennar h\u00fasdyrum,<a name=\"9\"><span class=\"versanumer\">9<\/span><\/a>a\u00f0 \u00fe\u00fa gefir ekki annarlegum \u00feinn bl\u00f3ma, og \u00feeirri grimmu \u00fe\u00edn \u00e1r,<a name=\"10\"><span class=\"versanumer\">10<\/span><\/a>a\u00f0 \u00feeir \u00fatlendu mettist ekki af \u00fe\u00ednum eigum, og \u00feitt erfi\u00f0i lendi \u00ed annarlegu h\u00fasi.<a name=\"11\"><span class=\"versanumer\">11<\/span><\/a>A\u00f0 \u00fe\u00fa ekki a\u00f0 lyktum andvarpir, \u00feegar \u00feitt hold og \u00feinn l\u00edkami hverfur \u00fe\u00e9r,<a name=\"12\"><span class=\"versanumer\">12<\/span><\/a>og segir: hvarfyrir hata\u00f0i eg aga, og \u00fev\u00ed forsm\u00e1\u00f0i mitt hjarta a\u00f0v\u00f6run?<a name=\"13\"><span class=\"versanumer\">13<\/span><\/a>eg hl\u00fdddi ei raust minna kennenda, beyg\u00f0i ei mitt eyra til \u00feeirra sem uppfr\u00e6ddu mig,<a name=\"14\"><span class=\"versanumer\">14<\/span><\/a>l\u00e1 vi\u00f0 sj\u00e1lft a\u00f0 eg hef\u00f0i rata\u00f0 \u00ed sk\u00f6mm mitt \u00e1 mannfundi og \u00ed s\u00f6fnu\u00f0inum.<a name=\"15\"><span class=\"versanumer\">15<\/span><\/a>Drekk \u00fe\u00fa vatn \u00far \u00feinni eigin lind, og flj\u00f3tandi v\u00f6kva mitt \u00far \u00fe\u00ednum brunni.<a name=\"16\"><span class=\"versanumer\">16<\/span><\/a>\u00de\u00ednir l\u00e6kir renni \u00fat \u00e1 g\u00f6tuna, og vatnslindir \u00e1 str\u00e6tinu;<a name=\"17\"><span class=\"versanumer\">17<\/span><\/a>l\u00e1ttu \u00fe\u00e1 tilheyra \u00fe\u00e9r einum og ekki \u00feeim framandi me\u00f0 \u00fe\u00e9r.<a name=\"18\"><span class=\"versanumer\">18<\/span><\/a>\u00de\u00edn uppspretta s\u00e9 blessu\u00f0, og gle\u00f0 \u00feig vi\u00f0 unnustu \u00fe\u00edns ungd\u00f3ms.<a name=\"19\"><span class=\"versanumer\">19<\/span><\/a>H\u00fan s\u00e9 \u00fe\u00e9r sem k\u00e6r hind, og yndislegt r\u00e1d\u00fdr. L\u00e1ttu hennar elskusemi \u00e6t\u00ed\u00f0 hressa \u00feig, og hennar \u00e1st s\u00edfellt gj\u00f6ra \u00feig \u00f6lva\u00f0an! <br \/><a name=\"20\"><span class=\"versanumer\">20<\/span><\/a>Minn son! hvarfyrir viltu binda \u00feig vi\u00f0 framandi <span class='VideyAth'>(konu)<\/span> og umfa\u00f0ma brj\u00f3st \u00feeirrar \u00fatlendu?<a name=\"21\"><span class=\"versanumer\">21<\/span><\/a>\u00dev\u00ed fyrir augum Drottins eru hv\u00f6rs manns vegir opnir, og hann m\u00e6lir hv\u00f6rs eins spor.<a name=\"22\"><span class=\"versanumer\">22<\/span><\/a>Misgj\u00f6r\u00f0ir hins \u00f3gu\u00f0lega munu fanga hann; og hann mun bundinn ver\u00f0a me\u00f0 reipum sinna synda.<a name=\"23\"><span class=\"versanumer\">23<\/span><\/a>Hann mun deyja, af \u00fev\u00ed hann vildi ekki l\u00e1ta s\u00e9r segjast, og hann kollvarpast \u00ed sinni f\u00e1sinnu.<\/p>\n<div class=\"footnoteVidey\"><\/div>\n","protected":false},"excerpt":{"rendered":"<p>Vi\u00f0v\u00f6run vi\u00f0 h\u00f3rd\u00f3mi. 1Minn son! gef \u00fe\u00fa gaum a\u00f0 m\u00ednum v\u00edsd\u00f3mi; hneig \u00fe\u00edn eyru til minna hygginda,2svo a\u00f0 \u00fe\u00fa getir var\u00f0veitt hugsunarsemi, og \u00fe\u00ednar varir geymi \u00feekkingu. 3\u00dev\u00ed a\u00f0 s\u00f6nnu dr\u00fdpur hunang af v\u00f6rum annarlegrar konu, og h\u00e1lli en vi\u00f0smj\u00f6r er hennar barki;4en hennar \u00fatganga er beiskari enn malurt, beitt eins og tv\u00edeggja\u00f0 sver\u00f0.5Hennar f\u00e6tur ganga ni\u00f0ur \u00e1 vi\u00f0 til dau\u00f0ans, hennar spor stefna til helju.6A\u00f0 h\u00fan gangi ei l\u00edfsins g\u00f6tu, reikar h\u00fan til og fr\u00e1; h\u00fan veit ei hv\u00f6rt.7Svo heyri\u00f0 mig n\u00fa, m\u00edn b\u00f6rn! og v\u00edki\u00f0 ekki fr\u00e1 tali m\u00edns munns!8L\u00e1t \u00feinn veg vera langt fr\u00e1 henni, og \u00fe\u00fa <a href=\"https:\/\/biblian.is\/videy\/ordskvidirnir-5-kafli\/\"> [&#8230;]<\/a><\/p>\n","protected":false},"author":1,"featured_media":0,"parent":0,"menu_order":0,"comment_status":"open","ping_status":"open","template":"bibliukaflar.php","meta":{"footnotes":""},"class_list":["post-21482","page","type-page","status-publish","hentry"],"_links":{"self":[{"href":"https:\/\/biblian.is\/videy\/wp-json\/wp\/v2\/pages\/21482","targetHints":{"allow":["GET"]}}],"collection":[{"href":"https:\/\/biblian.is\/videy\/wp-json\/wp\/v2\/pages"}],"about":[{"href":"https:\/\/biblian.is\/videy\/wp-json\/wp\/v2\/types\/page"}],"author":[{"embeddable":true,"href":"https:\/\/biblian.is\/videy\/wp-json\/wp\/v2\/users\/1"}],"replies":[{"embeddable":true,"href":"https:\/\/biblian.is\/videy\/wp-json\/wp\/v2\/comments?post=21482"}],"version-history":[{"count":0,"href":"https:\/\/biblian.is\/videy\/wp-json\/wp\/v2\/pages\/21482\/revisions"}],"wp:attachment":[{"href":"https:\/\/biblian.is\/videy\/wp-json\/wp\/v2\/media?parent=21482"}],"curies":[{"name":"wp","href":"https:\/\/api.w.org\/{rel}","templated":true}]}}