{"id":21481,"date":"2018-01-02T01:02:14","date_gmt":"2018-01-02T01:02:14","guid":{"rendered":"http:\/\/biblian.is\/videy\/ordskvidirnir-4-kafli\/"},"modified":"2018-01-02T01:02:14","modified_gmt":"2018-01-02T01:02:14","slug":"ordskvidirnir-4-kafli","status":"publish","type":"page","link":"https:\/\/biblian.is\/videy\/ordskvidirnir-4-kafli\/","title":{"rendered":"Or\u00f0skvi\u00f0irnir 4. kafli"},"content":{"rendered":"<div class=\"fyrirsognVidey\">\u00c1minning a\u00f0 stunda v\u00edsd\u00f3m og sanns\u00f6gli.<\/div>\n<p><a name=\"1\"><span class=\"versanumer\">1<\/span><\/a>Synir! heyri\u00f0 f\u00f6\u00f0ursins \u00e1minningu; og gefi\u00f0 gaum a\u00f0, svo \u00fe\u00e9r l\u00e6ri\u00f0 frams\u00fdni.<a name=\"2\"><span class=\"versanumer\">2<\/span><\/a>\u00dev\u00ed g\u00f3\u00f0an l\u00e6rd\u00f3m gef eg y\u00f0ur, yfirgefi\u00f0 ekki m\u00edn l\u00f6g.<a name=\"3\"><span class=\"versanumer\">3<\/span><\/a>\u00dev\u00ed l\u00edka var eg sonur f\u00f6\u00f0ur m\u00edns, elska\u00f0ur sem s\u00e1 einasti \u00ed augum minnar m\u00f3\u00f0ur.<a name=\"4\"><span class=\"versanumer\">4<\/span><\/a>Hann kenndi m\u00e9r og sag\u00f0i vi\u00f0 mig: l\u00e1t \u00feitt hjarta a\u00f0hyllast mitt or\u00f0; var\u00f0veittu m\u00edn bo\u00f0or\u00f0, svo skaltu lifa.<a name=\"5\"><span class=\"versanumer\">5<\/span><\/a>Kaup \u00fe\u00fa v\u00edsd\u00f3m, kaup \u00fe\u00fa hyggindi; gleymdu ekki og v\u00edk \u00fe\u00fa ekki fr\u00e1 tali m\u00edns munns.<a name=\"6\"><span class=\"versanumer\">6<\/span><\/a>Yfirgef \u00fea\u00f0 ekki, \u00fe\u00e1 mun \u00fea\u00f0 vernda \u00feig; elska \u00fea\u00f0, svo mun \u00fea\u00f0 vakta \u00feig.<a name=\"7\"><span class=\"versanumer\">7<\/span><\/a>V\u00edsd\u00f3msins upphaf er: kaup \u00fe\u00fa v\u00edsd\u00f3m og kaup \u00fe\u00fa hyggindi fyrir allar \u00fe\u00ednar eigur.<a name=\"8\"><span class=\"versanumer\">8<\/span><\/a>Umfa\u00f0ma \u00fe\u00fa hann, svo mun hann upphefja \u00feig, hann mun hei\u00f0ra \u00feig, \u00feegar \u00fe\u00fa umfa\u00f0mar hann.<a name=\"9\"><span class=\"versanumer\">9<\/span><\/a>\u00deitt h\u00f6fu\u00f0 mun hann fagurlega pr\u00fd\u00f0a, hann mun gefa \u00fe\u00e9r d\u00fdrm\u00e6ta k\u00f3r\u00f3nu.<a name=\"10\"><span class=\"versanumer\">10<\/span><\/a>Heyr, minn son! me\u00f0tak \u00fe\u00fa m\u00ednar t\u00f6lur, svo munu \u00fe\u00edn \u00e1r ver\u00f0a m\u00f6rg.<a name=\"11\"><span class=\"versanumer\">11<\/span><\/a>Eg vil lei\u00f0a \u00feig \u00e1 v\u00edsd\u00f3msins veg, og \u00e1 beina g\u00f6tu.<a name=\"12\"><span class=\"versanumer\">12<\/span><\/a>Gangir \u00fe\u00fa \u00fear, skal \u00feinn vegur ei ver\u00f0a \u00fer\u00f6ngur, og \u00fe\u00f3 \u00fe\u00fa hlaupir \u00fear, skaltu ei hrasa.<a name=\"13\"><span class=\"versanumer\">13<\/span><\/a>Haltu \u00e1minningunni fastri; l\u00e1ttu hana ekki fara; var\u00f0veittu hana! \u00fev\u00ed h\u00fan er \u00feitt l\u00edf.<a name=\"14\"><span class=\"versanumer\">14<\/span><\/a>Kom \u00fe\u00fa ekki \u00e1 g\u00f6tu hinna \u00f3gu\u00f0legu og gakktu ekki \u00e1 veg hinna vondu.<a name=\"15\"><span class=\"versanumer\">15<\/span><\/a>Yfirgef\u00f0u hann, gakk \u00fe\u00fa ekki fram \u00e1 honum, v\u00edk fr\u00e1 honum, og far\u00f0u framhj\u00e1 honum!<a name=\"16\"><span class=\"versanumer\">16<\/span><\/a>\u00dev\u00ed \u00feeir sofa ekki, nema \u00feeir hafi gj\u00f6rt illt; og \u00feeir hr\u00f6kkva upp af svefni, hafi \u00feeir ekki fellt einhv\u00f6rn.<a name=\"17\"><span class=\"versanumer\">17<\/span><\/a>\u00dev\u00ed \u00feeir eta \u00f3gu\u00f0legleikabrau\u00f0, og drekka ofbeldisv\u00edn.<a name=\"18\"><span class=\"versanumer\">18<\/span><\/a>En gata r\u00e9ttl\u00e1tra er sem sk\u00ednandi lj\u00f3s s\u00f3larinnar; \u00feess birta eykst allt til h\u00e1degis.<a name=\"19\"><span class=\"versanumer\">19<\/span><\/a>Vegur \u00f3gu\u00f0legra er sem myrkur, \u00feeir vita ekki hvar \u00feeir munu reka sig \u00e1.<a name=\"20\"><span class=\"versanumer\">20<\/span><\/a>Minn son! gef gaum a\u00f0 m\u00ednum or\u00f0um, og hneig \u00feitt eyra a\u00f0 minni r\u00e6\u00f0u.<a name=\"21\"><span class=\"versanumer\">21<\/span><\/a>L\u00e1t hana ekki v\u00edkja fr\u00e1 \u00fe\u00ednum augum; var\u00f0veit \u00fe\u00fa hana innst \u00ed \u00fe\u00ednu hjarta.<a name=\"22\"><span class=\"versanumer\">22<\/span><\/a>\u00dev\u00ed h\u00fan er \u00feeirra l\u00edf sem hana finna, og l\u00e6kning fyrir allan \u00feeirra l\u00edkama.<a name=\"23\"><span class=\"versanumer\">23<\/span><\/a>Framyfir allt sem vakta\u00f0 er, \u00fe\u00e1 var\u00f0veittu \u00feitt hjarta, \u00fev\u00ed \u00fear eru l\u00edfsins uppt\u00f6k.<a name=\"24\"><span class=\"versanumer\">24<\/span><\/a>Sn\u00fa \u00fe\u00fa fr\u00e1 \u00fe\u00e9r munnsins vanart, og l\u00e1t varanna \u00f3h\u00e6fu vera langt fr\u00e1 \u00fe\u00e9r!<a name=\"25\"><span class=\"versanumer\">25<\/span><\/a>Augu \u00fe\u00edn l\u00edti beint \u00e1fram, og \u00fe\u00edn augnalok horfi r\u00e9tt fram undan \u00fe\u00e9r.<a name=\"26\"><span class=\"versanumer\">26<\/span><\/a>Gj\u00f6r \u00fe\u00fa g\u00f6tu \u00feinna f\u00f3ta jafna, og allur \u00feinn gangur s\u00e9 beinn!<a name=\"27\"><span class=\"versanumer\">27<\/span><\/a>Sveig\u00f0u hv\u00f6rki til h\u00e6gri n\u00e9 vinstri handar; sn\u00fa f\u00e6ti \u00fe\u00ednum fr\u00e1 enu illa.<\/p>\n<div class=\"footnoteVidey\"><\/div>\n","protected":false},"excerpt":{"rendered":"<p>\u00c1minning a\u00f0 stunda v\u00edsd\u00f3m og sanns\u00f6gli. 1Synir! heyri\u00f0 f\u00f6\u00f0ursins \u00e1minningu; og gefi\u00f0 gaum a\u00f0, svo \u00fe\u00e9r l\u00e6ri\u00f0 frams\u00fdni.2\u00dev\u00ed g\u00f3\u00f0an l\u00e6rd\u00f3m gef eg y\u00f0ur, yfirgefi\u00f0 ekki m\u00edn l\u00f6g.3\u00dev\u00ed l\u00edka var eg sonur f\u00f6\u00f0ur m\u00edns, elska\u00f0ur sem s\u00e1 einasti \u00ed augum minnar m\u00f3\u00f0ur.4Hann kenndi m\u00e9r og sag\u00f0i vi\u00f0 mig: l\u00e1t \u00feitt hjarta a\u00f0hyllast mitt or\u00f0; var\u00f0veittu m\u00edn bo\u00f0or\u00f0, svo skaltu lifa.5Kaup \u00fe\u00fa v\u00edsd\u00f3m, kaup \u00fe\u00fa hyggindi; gleymdu ekki og v\u00edk \u00fe\u00fa ekki fr\u00e1 tali m\u00edns munns.6Yfirgef \u00fea\u00f0 ekki, \u00fe\u00e1 mun \u00fea\u00f0 vernda \u00feig; elska \u00fea\u00f0, svo mun \u00fea\u00f0 vakta \u00feig.7V\u00edsd\u00f3msins upphaf er: kaup \u00fe\u00fa v\u00edsd\u00f3m og kaup \u00fe\u00fa hyggindi fyrir allar \u00fe\u00ednar <a href=\"https:\/\/biblian.is\/videy\/ordskvidirnir-4-kafli\/\"> [&#8230;]<\/a><\/p>\n","protected":false},"author":1,"featured_media":0,"parent":0,"menu_order":0,"comment_status":"open","ping_status":"open","template":"bibliukaflar.php","meta":{"footnotes":""},"class_list":["post-21481","page","type-page","status-publish","hentry"],"_links":{"self":[{"href":"https:\/\/biblian.is\/videy\/wp-json\/wp\/v2\/pages\/21481","targetHints":{"allow":["GET"]}}],"collection":[{"href":"https:\/\/biblian.is\/videy\/wp-json\/wp\/v2\/pages"}],"about":[{"href":"https:\/\/biblian.is\/videy\/wp-json\/wp\/v2\/types\/page"}],"author":[{"embeddable":true,"href":"https:\/\/biblian.is\/videy\/wp-json\/wp\/v2\/users\/1"}],"replies":[{"embeddable":true,"href":"https:\/\/biblian.is\/videy\/wp-json\/wp\/v2\/comments?post=21481"}],"version-history":[{"count":0,"href":"https:\/\/biblian.is\/videy\/wp-json\/wp\/v2\/pages\/21481\/revisions"}],"wp:attachment":[{"href":"https:\/\/biblian.is\/videy\/wp-json\/wp\/v2\/media?parent=21481"}],"curies":[{"name":"wp","href":"https:\/\/api.w.org\/{rel}","templated":true}]}}