{"id":21480,"date":"2018-01-02T01:02:14","date_gmt":"2018-01-02T01:02:14","guid":{"rendered":"http:\/\/biblian.is\/videy\/ordskvidirnir-3-kafli\/"},"modified":"2018-01-02T01:02:14","modified_gmt":"2018-01-02T01:02:14","slug":"ordskvidirnir-3-kafli","status":"publish","type":"page","link":"https:\/\/biblian.is\/videy\/ordskvidirnir-3-kafli\/","title":{"rendered":"Or\u00f0skvi\u00f0irnir 3. kafli"},"content":{"rendered":"<div class=\"fyrirsognVidey\">Gagnsemi spekinnar.<\/div>\n<p><a name=\"1\"><span class=\"versanumer\">1<\/span><\/a>Son minn! gleym ekki m\u00ednum l\u00e6rd\u00f3mi! \u00feitt hjarta var\u00f0veiti m\u00edn bo\u00f0or\u00f0.<a name=\"2\"><span class=\"versanumer\">2<\/span><\/a>\u00dev\u00ed \u00feau munu auka \u00fe\u00e9r langl\u00edfi, l\u00edfsins \u00e1r og fri\u00f0.<a name=\"3\"><span class=\"versanumer\">3<\/span><\/a>Miskunn og sanns\u00f6gli yfirgefi \u00feig ekki, bind \u00feessar um \u00feinn h\u00e1ls, skrifa \u00fe\u00e6r \u00e1 spj\u00f6ld \u00fe\u00edns hjarta.<a name=\"4\"><span class=\"versanumer\">4<\/span><\/a>Svo muntu finna n\u00e1\u00f0 og heppni fyrir Gu\u00f0s og manna augum.<a name=\"5\"><span class=\"versanumer\">5<\/span><\/a>Reiddu \u00feig upp \u00e1 Drottin af \u00f6llu hjarta, en treystu ekki \u00fe\u00ednu viti!<a name=\"6\"><span class=\"versanumer\">6<\/span><\/a>Mundu til hans \u00e1 \u00f6llum \u00fe\u00ednum vegum, og hann mun l\u00e1ta \u00fe\u00edna lei\u00f0 ver\u00f0a beina.<a name=\"7\"><span class=\"versanumer\">7<\/span><\/a>Eigi skaltu \u00feykjast hygginn; heldur \u00f3ttast Drottin, og for\u00f0astu hi\u00f0 illa!<a name=\"8\"><span class=\"versanumer\">8<\/span><\/a>\u00dea\u00f0 skal ver\u00f0a <span class='VideyAth'>a)<\/span> l\u00edkama \u00fe\u00ednum heilsub\u00f3t, og mergur <span class='VideyAth'>(endurn\u00e6ring)<\/span> \u00fe\u00ednum beinum.<a name=\"9\"><span class=\"versanumer\">9<\/span><\/a>Hei\u00f0ra Drottin me\u00f0 \u00fe\u00ednum au\u00f0\u00e6fum, me\u00f0 frumvexti alls \u00fe\u00edns gr\u00f3\u00f0a.<a name=\"10\"><span class=\"versanumer\">10<\/span><\/a>\u00de\u00e1 munu hl\u00f6\u00f0ur \u00fe\u00ednar ver\u00f0a yfirflj\u00f3tanlega fullar, og v\u00ednberjal\u00f6gur fl\u00f3a \u00fat af \u00fe\u00ednum v\u00ednpressum. <br \/><a name=\"11\"><span class=\"versanumer\">11<\/span><\/a>Minn son! misvir\u00f0 \u00fe\u00fa ekki Drottins aga, og vertu ekki \u00f3\u00feolinm\u00f3\u00f0ur \u00feegar hann straffar.<a name=\"12\"><span class=\"versanumer\">12<\/span><\/a>\u00dev\u00ed hv\u00f6rn sem Drottinn elskar, \u00feann agar hann, og hefir \u00e1 honum vel\u00fe\u00f3knan, sem fa\u00f0ir \u00e1 syni.<br \/><a name=\"13\"><span class=\"versanumer\">13<\/span><\/a>S\u00e6ll er s\u00e1 ma\u00f0ur sem finnur v\u00edsd\u00f3m, s\u00e1 ma\u00f0ur sem \u00fatvegar s\u00e9r hyggindi,<a name=\"14\"><span class=\"versanumer\">14<\/span><\/a>\u00fev\u00ed \u00fea\u00f0 er betra a\u00f0 f\u00e1 \u00feau en silfur, og \u00feau eru betri inntekt en gull.<a name=\"15\"><span class=\"versanumer\">15<\/span><\/a>\u00deau eru d\u00fdrm\u00e6tari en perlur, og allir \u00fe\u00ednir d\u00fdrgripir jafnast ekki vi\u00f0 \u00feau.<a name=\"16\"><span class=\"versanumer\">16<\/span><\/a>\u00cd \u00feeirra h\u00e6gri hendi er langl\u00edfi; og \u00ed vinstri hendi au\u00f0ur og hei\u00f0ur.<a name=\"17\"><span class=\"versanumer\">17<\/span><\/a>\u00deeirra vegur er yndislegur vegur; og allar \u00feeirra g\u00f6tur eru fri\u00f0ur.<a name=\"18\"><span class=\"versanumer\">18<\/span><\/a>\u00deau eru l\u00edfsins tr\u00e9, fyrir \u00fe\u00e1 sem n\u00e1 \u00feeim; og \u00feeir sem halda \u00feeim fast, skulu s\u00e6lir pr\u00edsast.<a name=\"19\"><span class=\"versanumer\">19<\/span><\/a>Drottinn grundvalla\u00f0i j\u00f6r\u00f0ina me\u00f0 v\u00edsd\u00f3mi; og reisti himininn me\u00f0 r\u00e1\u00f0deild.<a name=\"20\"><span class=\"versanumer\">20<\/span><\/a>Undirdj\u00fapin eru opnu\u00f0 af hans kunn\u00e1ttu, og d\u00f6gg dr\u00fdpur \u00far sk\u00fdjunum.<a name=\"21\"><span class=\"versanumer\">21<\/span><\/a>Minn son! l\u00e1t ekki bo\u00f0or\u00f0in v\u00edkja fr\u00e1 \u00fe\u00ednum augum; var\u00f0veit \u00fe\u00fa visku og hugsunarsemi.<a name=\"22\"><span class=\"versanumer\">22<\/span><\/a>\u00dea\u00f0 skal vera l\u00edf fyrir \u00fe\u00edna s\u00e1lu, og pr\u00fd\u00f0i fyrir \u00feinn h\u00e1ls.<a name=\"23\"><span class=\"versanumer\">23<\/span><\/a>\u00de\u00e1 skaltu ganga \u00f3hultur \u00e1 \u00fe\u00ednum vegi, og \u00feinn f\u00f3tur skal ekki reka sig \u00e1.<a name=\"24\"><span class=\"versanumer\">24<\/span><\/a>\u00deegar \u00fe\u00fa leggst fyrir, \u00fe\u00e1 muntu ekki hr\u00e6\u00f0ast, og me\u00f0an \u00fe\u00fa liggur, muntu sofa v\u00e6rt.<a name=\"25\"><span class=\"versanumer\">25<\/span><\/a>\u00de\u00fa munt ekki \u00f3ttast voveiflega skelfingu, ei heldur ey\u00f0ilegging hinna \u00f3gu\u00f0legu, a\u00f0 h\u00fan n\u00e1i til \u00fe\u00edn.<a name=\"26\"><span class=\"versanumer\">26<\/span><\/a>\u00dev\u00ed Drottinn mun vera \u00feitt athvarf, og hann mun var\u00f0veita \u00feinn f\u00f3t, a\u00f0 hann ei ver\u00f0i fanga\u00f0ur. <br \/><a name=\"27\"><span class=\"versanumer\">27<\/span><\/a>Haltu ekki \u00fe\u00ednum g\u00e6\u00f0um, fyrir \u00feeim sem \u00feau tilheyra, hafi \u00fe\u00edn h\u00f6nd efni \u00e1 a\u00f0 gj\u00f6ra \u00fea\u00f0.<a name=\"28\"><span class=\"versanumer\">28<\/span><\/a>Seg\u00f0u ekki vi\u00f0 \u00feinn n\u00e1unga: far\u00f0u n\u00fana og kom \u00fe\u00fa aftur, \u00e1 morgun mun eg gefa \u00fe\u00e9r, \u00feegar \u00fe\u00fa hefir \u00fea\u00f0 til.<a name=\"29\"><span class=\"versanumer\">29<\/span><\/a>Upphugsa \u00fe\u00fa ekki illt m\u00f3ti vini \u00fe\u00ednum; hann b\u00fdr svo \u00f6ruggur hj\u00e1 \u00fe\u00e9r.<a name=\"30\"><span class=\"versanumer\">30<\/span><\/a>\u00der\u00e1tta \u00fe\u00fa ekki vi\u00f0 neinn \u00e1n saka, hafi hann ekkert illt gj\u00f6rt \u00fe\u00e9r.<a name=\"31\"><span class=\"versanumer\">31<\/span><\/a>\u00d6funda ekki ofbeldismanninn, og vel \u00fe\u00e9r engan af hans vegum.<a name=\"32\"><span class=\"versanumer\">32<\/span><\/a>\u00dev\u00ed vi\u00f0urstygg\u00f0 fyrir Drottni er s\u00e1 falski, en hann er vinur \u00feeirra r\u00e1\u00f0v\u00f6ndu.<a name=\"33\"><span class=\"versanumer\">33<\/span><\/a>B\u00f6lvun Drottins er yfir h\u00fasi hinna \u00f3gu\u00f0legu, en hann blessar b\u00fasta\u00f0 hinna r\u00e9ttskikku\u00f0u.<a name=\"34\"><span class=\"versanumer\">34<\/span><\/a>Vissulega gj\u00f6rir hann gys a\u00f0 h\u00e1\u00f0gj\u00f6rnum; en h\u00f3gv\u00e6rum gefur hann n\u00e1\u00f0.<a name=\"35\"><span class=\"versanumer\">35<\/span><\/a>Hinir v\u00edsu munu hei\u00f0urinn erfa; en heimskingjar skulu sk\u00f6mmina me\u00f0taka.<\/p>\n<div class=\"footnoteVidey\">V. 8. a. A\u00f0rir: nafla \u00fe\u00ednum.<\/div>\n","protected":false},"excerpt":{"rendered":"<p>Gagnsemi spekinnar. 1Son minn! gleym ekki m\u00ednum l\u00e6rd\u00f3mi! \u00feitt hjarta var\u00f0veiti m\u00edn bo\u00f0or\u00f0.2\u00dev\u00ed \u00feau munu auka \u00fe\u00e9r langl\u00edfi, l\u00edfsins \u00e1r og fri\u00f0.3Miskunn og sanns\u00f6gli yfirgefi \u00feig ekki, bind \u00feessar um \u00feinn h\u00e1ls, skrifa \u00fe\u00e6r \u00e1 spj\u00f6ld \u00fe\u00edns hjarta.4Svo muntu finna n\u00e1\u00f0 og heppni fyrir Gu\u00f0s og manna augum.5Reiddu \u00feig upp \u00e1 Drottin af \u00f6llu hjarta, en treystu ekki \u00fe\u00ednu viti!6Mundu til hans \u00e1 \u00f6llum \u00fe\u00ednum vegum, og hann mun l\u00e1ta \u00fe\u00edna lei\u00f0 ver\u00f0a beina.7Eigi skaltu \u00feykjast hygginn; heldur \u00f3ttast Drottin, og for\u00f0astu hi\u00f0 illa!8\u00dea\u00f0 skal ver\u00f0a a) l\u00edkama \u00fe\u00ednum heilsub\u00f3t, og mergur (endurn\u00e6ring) \u00fe\u00ednum beinum.9Hei\u00f0ra Drottin me\u00f0 \u00fe\u00ednum au\u00f0\u00e6fum, me\u00f0 <a href=\"https:\/\/biblian.is\/videy\/ordskvidirnir-3-kafli\/\"> [&#8230;]<\/a><\/p>\n","protected":false},"author":1,"featured_media":0,"parent":0,"menu_order":0,"comment_status":"open","ping_status":"open","template":"bibliukaflar.php","meta":{"footnotes":""},"class_list":["post-21480","page","type-page","status-publish","hentry"],"_links":{"self":[{"href":"https:\/\/biblian.is\/videy\/wp-json\/wp\/v2\/pages\/21480","targetHints":{"allow":["GET"]}}],"collection":[{"href":"https:\/\/biblian.is\/videy\/wp-json\/wp\/v2\/pages"}],"about":[{"href":"https:\/\/biblian.is\/videy\/wp-json\/wp\/v2\/types\/page"}],"author":[{"embeddable":true,"href":"https:\/\/biblian.is\/videy\/wp-json\/wp\/v2\/users\/1"}],"replies":[{"embeddable":true,"href":"https:\/\/biblian.is\/videy\/wp-json\/wp\/v2\/comments?post=21480"}],"version-history":[{"count":0,"href":"https:\/\/biblian.is\/videy\/wp-json\/wp\/v2\/pages\/21480\/revisions"}],"wp:attachment":[{"href":"https:\/\/biblian.is\/videy\/wp-json\/wp\/v2\/media?parent=21480"}],"curies":[{"name":"wp","href":"https:\/\/api.w.org\/{rel}","templated":true}]}}