{"id":21479,"date":"2018-01-02T01:02:14","date_gmt":"2018-01-02T01:02:14","guid":{"rendered":"http:\/\/biblian.is\/videy\/ordskvidirnir-2-kafli\/"},"modified":"2018-01-02T01:02:14","modified_gmt":"2018-01-02T01:02:14","slug":"ordskvidirnir-2-kafli","status":"publish","type":"page","link":"https:\/\/biblian.is\/videy\/ordskvidirnir-2-kafli\/","title":{"rendered":"Or\u00f0skvi\u00f0irnir 2. kafli"},"content":{"rendered":"<div class=\"fyrirsognVidey\">Vi\u00f0v\u00f6run vi\u00f0 vonsku, falsi, h\u00f3rd\u00f3mi.<\/div>\n<p><a name=\"1\"><span class=\"versanumer\">1<\/span><\/a>Minn son! viljir \u00fe\u00fa m\u00edn or\u00f0 me\u00f0taka og m\u00edn bo\u00f0or\u00f0 hj\u00e1 \u00fe\u00e9r geyma;<a name=\"2\"><span class=\"versanumer\">2<\/span><\/a>svo a\u00f0 \u00fe\u00fa l\u00e1tir \u00feitt eyra gefa gaum a\u00f0 v\u00edsd\u00f3mi, og beygir \u00feitt hjarta til hygginda;<a name=\"3\"><span class=\"versanumer\">3<\/span><\/a>j\u00e1, ef a\u00f0 \u00fe\u00fa kallar eftir skilningi, og hr\u00f3par <span class='VideyAth'>(\u00e1)<\/span> visku;<a name=\"4\"><span class=\"versanumer\">4<\/span><\/a>efa\u00f0 \u00fe\u00fa leitar hennar eins og silfurs, og grennslast eftir henni sem f\u00f3lgnu f\u00e9;<a name=\"5\"><span class=\"versanumer\">5<\/span><\/a>\u00fe\u00e1 muntu skynja hva\u00f0 Drottins \u00f3tti er, og \u00fe\u00e1 skaltu finna Gu\u00f0s \u00feekkingu.<a name=\"6\"><span class=\"versanumer\">6<\/span><\/a><span class='VideyAth'>(\u00dev\u00ed Drottinn gefur v\u00edsd\u00f3m, fr\u00e1 hans munni kemur \u00feekking og vit.<\/span><a name=\"7\"><span class=\"versanumer\">7<\/span><\/a><span class='VideyAth'>Hann geymir s\u00edna hj\u00e1lp \u00feeim hreinskilnu, hann er skj\u00f6ldur \u00feeirra sem ganga \u00f3straffanlega.<\/span><a name=\"8\"><span class=\"versanumer\">8<\/span><\/a><span class='VideyAth'>Hann var\u00f0veitir r\u00e9ttarins stigu, og g\u00e1ir a\u00f0 vegum sinna heil\u00f6gu.)<\/span><a name=\"9\"><span class=\"versanumer\">9<\/span><\/a>\u00de\u00e1 muntu \u00feekkja r\u00e9ttv\u00edsina og r\u00e9ttinn og sanns\u00fdnina, og s\u00e9rhv\u00f6rn g\u00f3\u00f0an veg.<a name=\"10\"><span class=\"versanumer\">10<\/span><\/a>\u00dev\u00ed v\u00edsd\u00f3mur skal koma \u00ed \u00feitt hjarta, og \u00feekking vera lystileg \u00feinni s\u00e1lu.<a name=\"11\"><span class=\"versanumer\">11<\/span><\/a>Hyggindin skulu vaka yfir \u00fe\u00e9r og viti\u00f0 vernda \u00feig;<a name=\"12\"><span class=\"versanumer\">12<\/span><\/a>svo \u00fe\u00fa frelsast fr\u00e1 vegi hins vonda, fr\u00e1 \u00feeim manni sem talar fals;<a name=\"13\"><span class=\"versanumer\">13<\/span><\/a>fr\u00e1 \u00feeim sem yfirgefa r\u00e9ttarins stig, til a\u00f0 ganga \u00e1 myrkursins vegi;<a name=\"14\"><span class=\"versanumer\">14<\/span><\/a>fr\u00e1 \u00feeim sem hafa gle\u00f0i af a\u00f0 gj\u00f6ra illt, sem fagna yfir s\u00ednum vonsku hrekkjum,<a name=\"15\"><span class=\"versanumer\">15<\/span><\/a>fr\u00e1 \u00feeim hv\u00f6rra vegir eru \u00f6fugir, sem fara kr\u00f3k\u00f3ttar g\u00f6tur.<a name=\"16\"><span class=\"versanumer\">16<\/span><\/a>\u00de\u00fa frelsast fr\u00e1 h\u00f3rkonunni, \u00feeirri \u00fatlendu, hv\u00f6rrar or\u00f0 eru h\u00e1l;<a name=\"17\"><span class=\"versanumer\">17<\/span><\/a>sem yfirgefur unnusta sinnar \u00e6sku, og hefir gleymt s\u00e1ttm\u00e1la s\u00edns Gu\u00f0s.<a name=\"18\"><span class=\"versanumer\">18<\/span><\/a>\u00dev\u00ed h\u00fan hn\u00edgur til dau\u00f0ans me\u00f0 s\u00ednu h\u00fasi, og til helju me\u00f0 s\u00ednum sporum.<a name=\"19\"><span class=\"versanumer\">19<\/span><\/a>Af \u00f6llum sem inn til hennar ganga, kemur enginn aftur, og enginn \u00feeirra kemst \u00e1 l\u00edfsins stig.<a name=\"20\"><span class=\"versanumer\">20<\/span><\/a>\u00dev\u00ed skaltu ganga \u00e1 vegi hinna g\u00f3\u00f0u, og g\u00e1 a\u00f0 lei\u00f0 hinna r\u00e1\u00f0v\u00f6ndu.<a name=\"21\"><span class=\"versanumer\">21<\/span><\/a>\u00dev\u00ed \u00feeir hreinskilnu b\u00faa \u00ed landinu og \u00feeir r\u00e1\u00f0v\u00f6ndu ver\u00f0a eftir \u00ed \u00fev\u00ed.<a name=\"22\"><span class=\"versanumer\">22<\/span><\/a>En hinum \u00f3gu\u00f0legu skal \u00fatrutt ver\u00f0a \u00far landinu, og \u00feeir svikafullu af \u00fev\u00ed afm\u00e1\u00f0ir ver\u00f0a.<\/p>\n<div class=\"footnoteVidey\"><\/div>\n","protected":false},"excerpt":{"rendered":"<p>Vi\u00f0v\u00f6run vi\u00f0 vonsku, falsi, h\u00f3rd\u00f3mi. 1Minn son! viljir \u00fe\u00fa m\u00edn or\u00f0 me\u00f0taka og m\u00edn bo\u00f0or\u00f0 hj\u00e1 \u00fe\u00e9r geyma;2svo a\u00f0 \u00fe\u00fa l\u00e1tir \u00feitt eyra gefa gaum a\u00f0 v\u00edsd\u00f3mi, og beygir \u00feitt hjarta til hygginda;3j\u00e1, ef a\u00f0 \u00fe\u00fa kallar eftir skilningi, og hr\u00f3par (\u00e1) visku;4efa\u00f0 \u00fe\u00fa leitar hennar eins og silfurs, og grennslast eftir henni sem f\u00f3lgnu f\u00e9;5\u00fe\u00e1 muntu skynja hva\u00f0 Drottins \u00f3tti er, og \u00fe\u00e1 skaltu finna Gu\u00f0s \u00feekkingu.6(\u00dev\u00ed Drottinn gefur v\u00edsd\u00f3m, fr\u00e1 hans munni kemur \u00feekking og vit.7Hann geymir s\u00edna hj\u00e1lp \u00feeim hreinskilnu, hann er skj\u00f6ldur \u00feeirra sem ganga \u00f3straffanlega.8Hann var\u00f0veitir r\u00e9ttarins stigu, og g\u00e1ir a\u00f0 vegum sinna heil\u00f6gu.)9\u00de\u00e1 muntu <a href=\"https:\/\/biblian.is\/videy\/ordskvidirnir-2-kafli\/\"> [&#8230;]<\/a><\/p>\n","protected":false},"author":1,"featured_media":0,"parent":0,"menu_order":0,"comment_status":"open","ping_status":"open","template":"bibliukaflar.php","meta":{"footnotes":""},"class_list":["post-21479","page","type-page","status-publish","hentry"],"_links":{"self":[{"href":"https:\/\/biblian.is\/videy\/wp-json\/wp\/v2\/pages\/21479","targetHints":{"allow":["GET"]}}],"collection":[{"href":"https:\/\/biblian.is\/videy\/wp-json\/wp\/v2\/pages"}],"about":[{"href":"https:\/\/biblian.is\/videy\/wp-json\/wp\/v2\/types\/page"}],"author":[{"embeddable":true,"href":"https:\/\/biblian.is\/videy\/wp-json\/wp\/v2\/users\/1"}],"replies":[{"embeddable":true,"href":"https:\/\/biblian.is\/videy\/wp-json\/wp\/v2\/comments?post=21479"}],"version-history":[{"count":0,"href":"https:\/\/biblian.is\/videy\/wp-json\/wp\/v2\/pages\/21479\/revisions"}],"wp:attachment":[{"href":"https:\/\/biblian.is\/videy\/wp-json\/wp\/v2\/media?parent=21479"}],"curies":[{"name":"wp","href":"https:\/\/api.w.org\/{rel}","templated":true}]}}