{"id":21478,"date":"2018-01-02T01:02:14","date_gmt":"2018-01-02T01:02:14","guid":{"rendered":"http:\/\/biblian.is\/videy\/ordskvidirnir-1-kafli\/"},"modified":"2018-01-02T01:02:14","modified_gmt":"2018-01-02T01:02:14","slug":"ordskvidirnir-1-kafli","status":"publish","type":"page","link":"https:\/\/biblian.is\/videy\/ordskvidirnir-1-kafli\/","title":{"rendered":"Or\u00f0skvi\u00f0irnir 1. kafli"},"content":{"rendered":"<div class=\"fyrirsognVidey\">Inngangur. Hr\u00f3s viskunnar. A\u00f0v\u00f6run.<\/div>\n<p><a name=\"1\"><span class=\"versanumer\">1<\/span><\/a>Or\u00f0skvi\u00f0ir Sal\u00f3mons, Dav\u00ed\u00f0s sonar \u00cdsraelskonungs,<a name=\"2\"><span class=\"versanumer\">2<\/span><\/a>til a\u00f0 \u00feekkja v\u00edsd\u00f3m og menntun, til a\u00f0 nema spekinnar or\u00f0,<a name=\"3\"><span class=\"versanumer\">3<\/span><\/a>til a\u00f0 l\u00e6ra undirv\u00edsun \u00ed umhugsunarsemi, r\u00e9ttv\u00edsi, r\u00e9tti og sanns\u00fdni.<a name=\"4\"><span class=\"versanumer\">4<\/span><\/a>Til a\u00f0 gefa \u00feeim einf\u00f6ldu hyggindi, unglingunum \u00feekkingu og frams\u00fdni.<a name=\"5\"><span class=\"versanumer\">5<\/span><\/a><span class='VideyAth'>(S\u00e1 vitri skal og svo hlusta til og auka sinn l\u00e6rd\u00f3m; s\u00e1 frams\u00fdni skal f\u00e1 heilr\u00e6\u00f0i)<\/span>,<a name=\"6\"><span class=\"versanumer\">6<\/span><\/a>til a\u00f0 skilja or\u00f0skvi\u00f0u og g\u00e1tur; or\u00f0 hinna v\u00edsu og \u00feeirra \u00f3lj\u00f3su t\u00f6lur.<a name=\"7\"><span class=\"versanumer\">7<\/span><\/a>\u00d3tti Drottins er upphaf viskunnar, heimskingjar forsm\u00e1 v\u00edsd\u00f3m og menntun.<a name=\"8\"><span class=\"versanumer\">8<\/span><\/a>Minn son! hlusta \u00fe\u00fa \u00e1 \u00e1minning f\u00f6\u00f0ur \u00fe\u00edns, og yfirgef ekki bo\u00f0or\u00f0 \u00feinnar m\u00f3\u00f0ur.<a name=\"9\"><span class=\"versanumer\">9<\/span><\/a>\u00dev\u00ed f\u00f6gur pr\u00fd\u00f0i eru \u00feau \u00e1 \u00fe\u00ednu h\u00f6f\u00f0i og ke\u00f0ja \u00e1 \u00fe\u00ednum h\u00e1lsi.<a name=\"10\"><span class=\"versanumer\">10<\/span><\/a>Minn son! \u00feegar syndarar lokka \u00feig, \u00fe\u00e1 samsinntu ekki.<a name=\"11\"><span class=\"versanumer\">11<\/span><\/a>\u00deegar \u00feeir segja: kom \u00fe\u00fa me\u00f0 oss, v\u00e9r viljum setjast um l\u00edf manna, v\u00e9r viljum fara \u00ed launs\u00e1tur fyrir \u00feann saklausa \u00e1n saka,<a name=\"12\"><span class=\"versanumer\">12<\/span><\/a>v\u00e9r viljum svelgja \u00fe\u00e1 \u00ed oss, sem gr\u00f6fin lifandi <span class='VideyAth'>(menn)<\/span>, og \u00fe\u00e1 hreinskilnu, sem \u00fe\u00e1 er ni\u00f0ur fara \u00ed afgrunnin;<a name=\"13\"><span class=\"versanumer\">13<\/span><\/a>allt \u00feeirra d\u00fdrm\u00e6ta f\u00e9 skulum v\u00e9r finna og fylla vor h\u00fas me\u00f0 herfangi;<a name=\"14\"><span class=\"versanumer\">14<\/span><\/a>\u00feitt hlutskipti skaltu hafa me\u00f0 oss, allir skulum v\u00e9r einn sj\u00f3\u00f0 hafa!<a name=\"15\"><span class=\"versanumer\">15<\/span><\/a>Minn son! far \u00fe\u00fa ekki \u00feann veg me\u00f0 \u00feeim. Aftra \u00fe\u00fa f\u00e6ti \u00fe\u00ednum fr\u00e1 \u00feeirra lei\u00f0.<a name=\"16\"><span class=\"versanumer\">16<\/span><\/a>\u00dev\u00ed f\u00e6tur \u00feeirra hlaupa til ills, og \u00feeir hra\u00f0a s\u00e9r til a\u00f0 \u00fathella bl\u00f3\u00f0i.<a name=\"17\"><span class=\"versanumer\">17<\/span><\/a>Vissulega er \u00fea\u00f0 til einkis a\u00f0 leggja <span class='VideyAth'>(fugla)<\/span>neti\u00f0, \u00feegar allir fuglarnir horfa \u00e1.<a name=\"18\"><span class=\"versanumer\">18<\/span><\/a>En \u00feessir umsitja sitt eigi\u00f0 bl\u00f3\u00f0, \u00feeir fara \u00ed launs\u00e1tur fyrir sitt eigi\u00f0 l\u00edf.<a name=\"19\"><span class=\"versanumer\">19<\/span><\/a>\u00deannig er hv\u00f6rs \u00feess h\u00e1ttur sem hneig\u00f0ur er til gr\u00f3\u00f0a, hann sviptir s\u00edna eigin herra l\u00edfinu.<br \/><a name=\"20\"><span class=\"versanumer\">20<\/span><\/a>Spekin kallar fyrir utan, h\u00fan l\u00e6tur s\u00edna raust heyra \u00e1 g\u00f6tunni.<a name=\"21\"><span class=\"versanumer\">21<\/span><\/a>H\u00fan hr\u00f3par \u00e1 fj\u00f6lmennum st\u00f6\u00f0um hj\u00e1 innganginum \u00ed port sta\u00f0anna:<a name=\"22\"><span class=\"versanumer\">22<\/span><\/a>hv\u00f6rsu lengi vilji\u00f0 \u00fe\u00e9r heimskingjar elska heimskuna? \u00fe\u00e9r h\u00e1\u00f0fuglar hafa lyst til a\u00f0 h\u00e6\u00f0a? \u00fe\u00e9r einfeldningar hata hyggindi?<a name=\"23\"><span class=\"versanumer\">23<\/span><\/a>Sn\u00faist til minnar umv\u00f6ndunar! sj\u00e1i\u00f0! eg vil \u00fathella yfir y\u00f0ur m\u00ednum anda; eg vil kunngj\u00f6ra y\u00f0ur m\u00edn or\u00f0.<a name=\"24\"><span class=\"versanumer\">24<\/span><\/a>Af \u00fev\u00ed eg hr\u00f3pa\u00f0i og \u00fe\u00e9r dr\u00f3gu\u00f0 y\u00f0ur \u00ed hl\u00e9; eg \u00fatr\u00e9tti m\u00ednar hendur, og enginn gaf \u00fev\u00ed gaum;<a name=\"25\"><span class=\"versanumer\">25<\/span><\/a>af \u00fev\u00ed \u00fe\u00e9r l\u00e9tu\u00f0 allt mitt r\u00e1\u00f0 fara, og vildu\u00f0 ekki \u00feola m\u00edna umv\u00f6ndun,<a name=\"26\"><span class=\"versanumer\">26<\/span><\/a>\u00fe\u00e1 vil eg l\u00edka hl\u00e6ja \u00ed y\u00f0ar \u00f3lukku; eg skal gj\u00f6ra m\u00e9r glatt \u00feegar \u00fea\u00f0 kemur sem \u00fe\u00e9r \u00f3ttist.<a name=\"27\"><span class=\"versanumer\">27<\/span><\/a>\u00deegar \u00fea\u00f0, sem \u00fe\u00e9r hr\u00e6\u00f0ist, kemur sem ey\u00f0ilegging; og y\u00f0ar \u00f3lukka kemur sem stormbylur; \u00feegar angist og ney\u00f0 yfirfellur y\u00f0ur.<a name=\"28\"><span class=\"versanumer\">28<\/span><\/a>\u00de\u00e1 munu \u00feeir kalla til m\u00edn, en eg skal ekki ansa; \u00feeir munu \u00e1rla leita m\u00edn, en ekki finna mig.<a name=\"29\"><span class=\"versanumer\">29<\/span><\/a>Af \u00fev\u00ed \u00feeir h\u00f6tu\u00f0u \u00feekkingu, og \u00fatv\u00f6ldu ekki \u00f3tta Drottins,<a name=\"30\"><span class=\"versanumer\">30<\/span><\/a>af \u00fev\u00ed \u00feeir ekki f\u00e9llust \u00e1 m\u00edn r\u00e1\u00f0, og forsm\u00e1\u00f0u alla m\u00edna umv\u00f6ndun.<a name=\"31\"><span class=\"versanumer\">31<\/span><\/a>\u00dev\u00ed skulu \u00feeir neyta af \u00e1v\u00f6xtum sinna vegu, og mettast af s\u00ednum eigin r\u00e1\u00f0um.<a name=\"32\"><span class=\"versanumer\">32<\/span><\/a>\u00dev\u00ed fr\u00e1fall hinna heimsku drepur \u00fe\u00e1, og uggleysi hinna f\u00e1v\u00edsu tort\u00ednir \u00feeim.<a name=\"33\"><span class=\"versanumer\">33<\/span><\/a>En hv\u00f6r sem m\u00e9r hl\u00fd\u00f0ir, s\u00e1 mun \u00f3hultur b\u00faa, og ekki skal hann hr\u00e6\u00f0ast hi\u00f0 illa.<\/p>\n<div class=\"footnoteVidey\"><\/div>\n","protected":false},"excerpt":{"rendered":"<p>Inngangur. Hr\u00f3s viskunnar. A\u00f0v\u00f6run. 1Or\u00f0skvi\u00f0ir Sal\u00f3mons, Dav\u00ed\u00f0s sonar \u00cdsraelskonungs,2til a\u00f0 \u00feekkja v\u00edsd\u00f3m og menntun, til a\u00f0 nema spekinnar or\u00f0,3til a\u00f0 l\u00e6ra undirv\u00edsun \u00ed umhugsunarsemi, r\u00e9ttv\u00edsi, r\u00e9tti og sanns\u00fdni.4Til a\u00f0 gefa \u00feeim einf\u00f6ldu hyggindi, unglingunum \u00feekkingu og frams\u00fdni.5(S\u00e1 vitri skal og svo hlusta til og auka sinn l\u00e6rd\u00f3m; s\u00e1 frams\u00fdni skal f\u00e1 heilr\u00e6\u00f0i),6til a\u00f0 skilja or\u00f0skvi\u00f0u og g\u00e1tur; or\u00f0 hinna v\u00edsu og \u00feeirra \u00f3lj\u00f3su t\u00f6lur.7\u00d3tti Drottins er upphaf viskunnar, heimskingjar forsm\u00e1 v\u00edsd\u00f3m og menntun.8Minn son! hlusta \u00fe\u00fa \u00e1 \u00e1minning f\u00f6\u00f0ur \u00fe\u00edns, og yfirgef ekki bo\u00f0or\u00f0 \u00feinnar m\u00f3\u00f0ur.9\u00dev\u00ed f\u00f6gur pr\u00fd\u00f0i eru \u00feau \u00e1 \u00fe\u00ednu h\u00f6f\u00f0i og ke\u00f0ja \u00e1 \u00fe\u00ednum h\u00e1lsi.10Minn son! \u00feegar <a href=\"https:\/\/biblian.is\/videy\/ordskvidirnir-1-kafli\/\"> [&#8230;]<\/a><\/p>\n","protected":false},"author":1,"featured_media":0,"parent":0,"menu_order":0,"comment_status":"open","ping_status":"open","template":"bibliukaflar.php","meta":{"footnotes":""},"class_list":["post-21478","page","type-page","status-publish","hentry"],"_links":{"self":[{"href":"https:\/\/biblian.is\/videy\/wp-json\/wp\/v2\/pages\/21478","targetHints":{"allow":["GET"]}}],"collection":[{"href":"https:\/\/biblian.is\/videy\/wp-json\/wp\/v2\/pages"}],"about":[{"href":"https:\/\/biblian.is\/videy\/wp-json\/wp\/v2\/types\/page"}],"author":[{"embeddable":true,"href":"https:\/\/biblian.is\/videy\/wp-json\/wp\/v2\/users\/1"}],"replies":[{"embeddable":true,"href":"https:\/\/biblian.is\/videy\/wp-json\/wp\/v2\/comments?post=21478"}],"version-history":[{"count":0,"href":"https:\/\/biblian.is\/videy\/wp-json\/wp\/v2\/pages\/21478\/revisions"}],"wp:attachment":[{"href":"https:\/\/biblian.is\/videy\/wp-json\/wp\/v2\/media?parent=21478"}],"curies":[{"name":"wp","href":"https:\/\/api.w.org\/{rel}","templated":true}]}}